{"id":1492,"date":"2024-02-22T00:31:24","date_gmt":"2024-02-22T00:31:24","guid":{"rendered":"https:\/\/www.donperutours.com\/fr\/?post_type=product&#038;p=1492"},"modified":"2024-02-22T00:31:24","modified_gmt":"2024-02-22T00:31:24","slug":"transfert-prive-de-cusco-a-pisac","status":"publish","type":"product","link":"https:\/\/www.donperutours.com\/fr\/tours\/transfert-prive-de-cusco-a-pisac\/","title":{"rendered":"Transfert priv\u00e9 de Cusco \u00e0 Pisac"},"content":{"rendered":"<p>Transfert priv\u00e9 de l&rsquo;a\u00e9roport de Cusco \/ Cusco \u00e0 Pisac. Notre agence de voyages propose le service de transfert priv\u00e9 de l&rsquo;a\u00e9roport et\/ou de l&rsquo;h\u00f4tel de Cusco \u00e0 Pisac. Notre transport peut vous emmener en toute s\u00e9curit\u00e9 \u00e0 Pisac \/ Ruines de Pisac \/ H\u00f4tel \u00e0 Pisac ou n&rsquo;importe quelle partie de la Vall\u00e9e Sacr\u00e9e, nous disposons de diff\u00e9rents types de mobilit\u00e9 : Voitures, Vans, H1 et Sprinter, id\u00e9aux pour les voyageurs seuls, les familles ou les groupes d&rsquo;amis.<\/p>\n<h2>Transport Cusco \u00e0 Pisac<\/h2>\n<table style=\"height: 86px;\" width=\"240\">\n<tbody>\n<tr>\n<td style=\"background-color: #d52b1e; border-color: #ffffff; text-align: center;\"><a href=\"https:\/\/wa.me\/51936286411\"><span style=\"color: #ffffff;\">R\u00e9server<\/span><\/a><\/td>\n<\/tr>\n<tr>\n<td style=\"border-color: #ffffff;\"><\/td>\n<\/tr>\n<\/tbody>\n<\/table>\n<p>Nos services comprennent:<br \/>\n\u2022 Horaire flexible : Vous pouvez indiquer votre heure de prise en charge.<br \/>\n\u2022 Prise en charge \u00e0 l&rsquo;a\u00e9roport\/h\u00f4tel\/Airbnb\/auberge de jeunesse \u00e0 Cusco<br \/>\n\u2022 Conducteur<br \/>\n\u2022 Mobilit\u00e9 enti\u00e8rement d\u00e9sinfect\u00e9e<br \/>\n\u2022 D\u00e9p\u00f4t \u00e0 Pisac (indiquer l&rsquo;adresse)<\/p>\n<p>Recommandations:<br \/>\n\u2022 Le trajet de Cusco \u00e0 Pisac dure environ 55 minutes.<br \/>\n\u2022 Notre personnel sera surveill\u00e9 quotidiennement pour exclure le Covid-19.<\/p>\n<h2>Pisac<\/h2>\n<p><img loading=\"lazy\" decoding=\"async\" class=\"alignnone size-full wp-image-1495\" src=\"https:\/\/www.donperutours.com\/fr\/wp-content\/uploads\/2024\/02\/pisac-traslados.jpg\" alt=\"Transferts Pisac\" width=\"1440\" height=\"1800\" srcset=\"https:\/\/www.donperutours.com\/fr\/wp-content\/uploads\/2024\/02\/pisac-traslados.jpg 1440w, https:\/\/www.donperutours.com\/fr\/wp-content\/uploads\/2024\/02\/pisac-traslados-240x300.jpg 240w, https:\/\/www.donperutours.com\/fr\/wp-content\/uploads\/2024\/02\/pisac-traslados-819x1024.jpg 819w, https:\/\/www.donperutours.com\/fr\/wp-content\/uploads\/2024\/02\/pisac-traslados-768x960.jpg 768w, https:\/\/www.donperutours.com\/fr\/wp-content\/uploads\/2024\/02\/pisac-traslados-1229x1536.jpg 1229w, https:\/\/www.donperutours.com\/fr\/wp-content\/uploads\/2024\/02\/pisac-traslados-600x750.jpg 600w\" sizes=\"auto, (max-width: 1440px) 100vw, 1440px\" \/><\/p>\n","protected":false},"excerpt":{"rendered":"<div class=\"padding-top text-center\"><a href=\"https:\/\/www.donperutours.com\/fr\/tours\/transfert-prive-de-cusco-a-pisac\/\" class=\"atbtn atbtn--medium atbtn--rounded atbtn--transparent\">Read more<i class=\"atbtn__icon atbtn__icon--right fa fa-long-arrow-right\"><\/i><\/a><\/div>\n","protected":false},"featured_media":1493,"comment_status":"closed","ping_status":"closed","template":"","meta":[],"product_brand":[],"product_cat":[49],"product_tag":[],"class_list":{"0":"post-1492","1":"product","2":"type-product","3":"status-publish","4":"has-post-thumbnail","6":"product_cat-transfert-a-cusco","7":"tour_category-transfert-a-cusco","9":"first","10":"instock","11":"shipping-taxable","12":"product-type-tour"},"aioseo_notices":[],"_links":{"self":[{"href":"https:\/\/www.donperutours.com\/fr\/wp-json\/wp\/v2\/product\/1492","targetHints":{"allow":["GET"]}}],"collection":[{"href":"https:\/\/www.donperutours.com\/fr\/wp-json\/wp\/v2\/product"}],"about":[{"href":"https:\/\/www.donperutours.com\/fr\/wp-json\/wp\/v2\/types\/product"}],"replies":[{"embeddable":true,"href":"https:\/\/www.donperutours.com\/fr\/wp-json\/wp\/v2\/comments?post=1492"}],"wp:featuredmedia":[{"embeddable":true,"href":"https:\/\/www.donperutours.com\/fr\/wp-json\/wp\/v2\/media\/1493"}],"wp:attachment":[{"href":"https:\/\/www.donperutours.com\/fr\/wp-json\/wp\/v2\/media?parent=1492"}],"wp:term":[{"taxonomy":"product_brand","embeddable":true,"href":"https:\/\/www.donperutours.com\/fr\/wp-json\/wp\/v2\/product_brand?post=1492"},{"taxonomy":"product_cat","embeddable":true,"href":"https:\/\/www.donperutours.com\/fr\/wp-json\/wp\/v2\/product_cat?post=1492"},{"taxonomy":"product_tag","embeddable":true,"href":"https:\/\/www.donperutours.com\/fr\/wp-json\/wp\/v2\/product_tag?post=1492"}],"curies":[{"name":"wp","href":"https:\/\/api.w.org\/{rel}","templated":true}]}}