{"id":1446,"date":"2018-08-01T18:15:17","date_gmt":"2018-08-01T18:15:17","guid":{"rendered":"http:\/\/www.donperutours.com\/fr\/?post_type=product&#038;p=1446"},"modified":"2021-07-10T19:36:19","modified_gmt":"2021-07-10T19:36:19","slug":"voyage-organise-machu-picchu-et-wayna-picchu-2-jours","status":"publish","type":"product","link":"https:\/\/www.donperutours.com\/fr\/tours\/voyage-organise-machu-picchu-et-wayna-picchu-2-jours\/","title":{"rendered":"Voyage organis\u00e9 Machu Picchu et Wayna Picchu 2 jours"},"content":{"rendered":"<p>Circuit de 2 jours, o\u00f9 vous apprendrez \u00e0 conna\u00eetre la Vall\u00e9e Sacr\u00e9e des Incas, le Machu Picchu et la Montagne Huayna Picchu, une aventure unique et inoubliable que vous pouvez faire en deux jours. Pour faire ce tour, il est n\u00e9cessaire de r\u00e9server \u00e0 l&rsquo;avance.<\/p>\n<p>La montagne Huayna Picchu n\u00e9cessite une r\u00e9servation pr\u00e9alable car elle a une limite de visiteurs quotidiens et est soumise \u00e0 disponibilit\u00e9. C&rsquo;est pourquoi notre recommandation est de r\u00e9server le plus t\u00f4t possible.<\/p>\n<h2>Tour Machu Picchu et Huayna Picchu 2 jours \/ 1 nuit<\/h2>\n<table style=\"height: 86px;\" width=\"240\">\n<tbody>\n<tr>\n<td style=\"background-color: #d52b1e; border-color: #ffffff; text-align: center;\"><a href=\"http:\/\/www.donperutours.com\/es\/contactanos\/\"><span style=\"color: #ffffff;\">R\u00e9server<\/span><\/a><\/td>\n<\/tr>\n<tr>\n<td style=\"border-color: #ffffff;\"><\/td>\n<\/tr>\n<\/tbody>\n<\/table>\n<p><strong>Prix par personne<\/strong>: US $ 450.<br \/>\n<strong>Dur\u00e9e<\/strong>: 2 jours \/ 1 nuit<br \/>\n<strong>Route Tour<\/strong><br \/>\n<strong>Jour 1<\/strong>: Vall\u00e9e sacr\u00e9e des Incas<br \/>\n<strong>Jour 2<\/strong>: Machu Picchu et Huayna Picchu<\/p>\n<p><strong>D\u00e9but<\/strong>: Jour 1 \u00e0 8h00 \u00e0 votre h\u00f4tel \u00e0 Cusco.<br \/>\n<strong>Fin<\/strong>: Jour 2 vers minuit au centre-ville de Cusco.<br \/>\n<strong>D\u00e9parts quotidiens<\/strong><\/p>\n<p><strong>Inclus<\/strong>:<br \/>\n<i class=\"fa fa-check icon-tick icon-tick--on\"><\/i>Ramassage \u00e0 l&rsquo;h\u00f4tel<br \/>\n<i class=\"fa fa-check icon-tick icon-tick--on\"><\/i>Transport en commun Cusco &#8211; Ollantaytambo &#8211; Cusco<br \/>\n<i class=\"fa fa-check icon-tick icon-tick--on\"><\/i>D\u00eener (Jour 1).<br \/>\n<i class=\"fa fa-check icon-tick icon-tick--on\"><\/i>Snack le matin du deuxi\u00e8me jour.<br \/>\n<i class=\"fa fa-check icon-tick icon-tick--on\"><\/i>Guide bilingue (espagnol et anglais).<br \/>\n<i class=\"fa fa-check icon-tick icon-tick--on\"><\/i>1 nuit \u00e0 Aguas Calientes<br \/>\n<i class=\"fa fa-check icon-tick icon-tick--on\"><\/i>1 d\u00e9jeuner buffet (Jour 1)<br \/>\n<i class=\"fa fa-check icon-tick icon-tick--on\"><\/i>Exp\u00e9dition train: Ollantaytambo &#8211; Machu Picchu &#8211; Ollantaytambo<br \/>\n<i class=\"fa fa-check icon-tick icon-tick--on\"><\/i>Transport aller-retour en bus entre Aguas Calientes et Machu Picchu.<br \/>\n<i class=\"fa fa-check icon-tick icon-tick--on\"><\/i>Billet d&rsquo;entr\u00e9e \u00e0 la citadelle de Machu Picchu (site arch\u00e9ologique) et au mont Huayna Picchu.<\/p>\n<p><strong>Non inclus<\/strong>:<\/p>\n<p><i class=\"fa fa-times icon-tick icon-tick--off\"><\/i>Billet touristique Cusco (partiel: S.\/ 70 par personne, int\u00e9gral: S.\/ 130 par personne).<br \/>\n<i class=\"fa fa-times icon-tick icon-tick--off\"><\/i>Assurance voyage<br \/>\n<i class=\"fa fa-times icon-tick icon-tick--off\"><\/i>Conseils<br \/>\n<i class=\"fa fa-times icon-tick icon-tick--off\"><\/i>Autres d\u00e9penses mentionn\u00e9es dans le programme.<\/p>\n<p><strong>Quoi apporter<\/strong>: v\u00eatements confortables, chaussures confortables, lunettes de soleil, cr\u00e8me solaire, eau, collation, poncho de pluie.<\/p>\n<h2>Itin\u00e9raire Machu Picchu et Huayna Picchu 2 Jours<\/h2>\n<div class=\"panel-group accordion\" id=\"ataccordion1\">\n<div class=\"panel panel-default accordion__item\">\n\t<div class=\"panel-heading accordion__item__title-wrap\">\n\t\t<h4 class=\"panel-title\">\n\t\t\t<a data-toggle=\"collapse\" data-parent=\"#ataccordion1\" href=\"#ataccordion1_1\" class=\"accordion__item__link collapsed\">Jour 1: Cusco - Vall\u00e9e Sacr\u00e9e - Aguas Calientes<\/a>\n\t\t<\/h4>\n\t<\/div>\n\t<div id=\"ataccordion1_1\" class=\"panel-collapse collapse\">\n\t\t<div class=\"panel-body accordion__item__content\"><br \/>\n7h30 nous viendrons vous chercher \u00e0 votre h\u00f4tel, puis nous visiterons la Vall\u00e9e Sacr\u00e9e des Incas, notre premi\u00e8re destination sera les ruines de Pisaq, o\u00f9 nous aurons une visite guid\u00e9e et ensuite visiterons le march\u00e9 de Pisaq, puis nous irons \u00e0 la ville d&rsquo;Urubamba o\u00f9 nous aurons notre d\u00e9jeuner buffet.\n<p>Apr\u00e8s nous irons aux ruines d&rsquo;Ollantaytambo o\u00f9 nous aurons une visite guid\u00e9e, plus tard, nous irons \u00e0 la gare pour monter \u00e0 bord du train \u00e0 la ville d&rsquo;Aguas Calientes.<\/p>\n<p>Pendant la nuit, nous prendrons notre d\u00eener et ensuite les indications de notre guide pour le lendemain.<\/p><\/div>\n\t<\/div>\n<\/div>\n<div class=\"panel panel-default accordion__item\">\n\t<div class=\"panel-heading accordion__item__title-wrap\">\n\t\t<h4 class=\"panel-title\">\n\t\t\t<a data-toggle=\"collapse\" data-parent=\"#ataccordion1\" href=\"#ataccordion1_2\" class=\"accordion__item__link collapsed\">Jour 2: Aguas Calientes - Machu Picchu - Huayna Picchu - Cusco<\/a>\n\t\t<\/h4>\n\t<\/div>\n\t<div id=\"ataccordion1_2\" class=\"panel-collapse collapse\">\n\t\t<div class=\"panel-body accordion__item__content\">Nous nous l\u00e8verons tr\u00e8s t\u00f4t pour prendre le bus vers la citadelle du Machu Picchu. Ici, nous aurons une visite d&rsquo;une heure et demie et le guide a tout expliqu\u00e9 sur Machu Picchu. Apr\u00e8s le guide vous donnera des instructions afin que vous puissiez monter la montagne de Huayna Picchu (environ 2 heures (aller-retour)).\n<p>Profitez de chaque moment et prenez des photos inoubliables \u00e0 retenir.<\/p>\n<p>Finalement, nous serons \u00e0 la gare une demi-heure avant le d\u00e9part assign\u00e9 pour notre train, pour retourner \u00e0 Ollantaytambo, et de l\u00e0 prendre le v\u00e9hicule qui nous ram\u00e8nera au centre-ville de Cusco.<\/p><\/div>\n\t<\/div>\n<\/div><\/div>\n","protected":false},"excerpt":{"rendered":"<div class=\"padding-top text-center\"><a href=\"https:\/\/www.donperutours.com\/fr\/tours\/voyage-organise-machu-picchu-et-wayna-picchu-2-jours\/\" class=\"atbtn atbtn--medium atbtn--rounded atbtn--transparent\">Read more<i class=\"atbtn__icon atbtn__icon--right fa fa-long-arrow-right\"><\/i><\/a><\/div>\n","protected":false},"featured_media":1447,"comment_status":"closed","ping_status":"closed","template":"","meta":[],"product_brand":[],"product_cat":[39],"product_tag":[32,33,36,31,43,30,42,28,41],"class_list":{"0":"post-1446","1":"product","2":"type-product","3":"status-publish","4":"has-post-thumbnail","6":"product_cat-tours-a-cusco","7":"product_tag-agence-de-voyage-au-perou","8":"product_tag-agence-de-voyage-perou","9":"product_tag-circuit-au-perou","10":"product_tag-circuit-perou","11":"product_tag-cusco-voyages","12":"product_tag-perou-voyages","13":"product_tag-tours-cusco","14":"product_tag-voyage-au-perou-circuit","15":"product_tag-voyage-cusco","16":"tour_category-tours-a-cusco","18":"first","19":"instock","20":"sale","21":"shipping-taxable","22":"purchasable","23":"product-type-tour"},"aioseo_notices":[],"_links":{"self":[{"href":"https:\/\/www.donperutours.com\/fr\/wp-json\/wp\/v2\/product\/1446","targetHints":{"allow":["GET"]}}],"collection":[{"href":"https:\/\/www.donperutours.com\/fr\/wp-json\/wp\/v2\/product"}],"about":[{"href":"https:\/\/www.donperutours.com\/fr\/wp-json\/wp\/v2\/types\/product"}],"replies":[{"embeddable":true,"href":"https:\/\/www.donperutours.com\/fr\/wp-json\/wp\/v2\/comments?post=1446"}],"wp:featuredmedia":[{"embeddable":true,"href":"https:\/\/www.donperutours.com\/fr\/wp-json\/wp\/v2\/media\/1447"}],"wp:attachment":[{"href":"https:\/\/www.donperutours.com\/fr\/wp-json\/wp\/v2\/media?parent=1446"}],"wp:term":[{"taxonomy":"product_brand","embeddable":true,"href":"https:\/\/www.donperutours.com\/fr\/wp-json\/wp\/v2\/product_brand?post=1446"},{"taxonomy":"product_cat","embeddable":true,"href":"https:\/\/www.donperutours.com\/fr\/wp-json\/wp\/v2\/product_cat?post=1446"},{"taxonomy":"product_tag","embeddable":true,"href":"https:\/\/www.donperutours.com\/fr\/wp-json\/wp\/v2\/product_tag?post=1446"}],"curies":[{"name":"wp","href":"https:\/\/api.w.org\/{rel}","templated":true}]}}