{"id":1429,"date":"2018-07-06T03:27:39","date_gmt":"2018-07-06T03:27:39","guid":{"rendered":"http:\/\/www.donperutours.com\/fr\/?post_type=product&#038;p=1429"},"modified":"2021-07-10T19:35:33","modified_gmt":"2021-07-10T19:35:33","slug":"vallee-sacree-des-incas-les-salines-de-maras-et-moray","status":"publish","type":"product","link":"https:\/\/www.donperutours.com\/fr\/tours\/vallee-sacree-des-incas-les-salines-de-maras-et-moray\/","title":{"rendered":"Vall\u00e9e sacr\u00e9e des incas Les salines de Maras et Moray"},"content":{"rendered":"<p>Une visite id\u00e9ale pour ceux qui souhaitent visiter <a href=\"http:\/\/www.donperutours.com\/fr\/tours\/les-salines-de-maras-et-moray\/\" target=\"_blank\" rel=\"noopener\">les Salines de Maras, Andenes de Moray<\/a> et la Vall\u00e9e Sacr\u00e9e des Incas, en une journ\u00e9e compl\u00e8te. Cette visite est \u00e9galement connue sous le nom Sacred Vip Valley et c&rsquo;est l&rsquo;option parfaite pour faire deux tours en un, c&rsquo;est Salineras de Maras Moray et la Vall\u00e9e Sacr\u00e9e. Vivez une aventure magique et inoubliable et profitez de beaux paysages sur cette belle route.<\/p>\n<table style=\"height: 86px;\" width=\"240\">\n<tbody>\n<tr>\n<td style=\"background-color: #d52b1e; border-color: #ffffff; text-align: center;\"><a href=\"http:\/\/www.donperutours.com\/es\/contactanos\/\"><span style=\"color: #ffffff;\">R\u00e9server<\/span><\/a><\/td>\n<\/tr>\n<tr>\n<td style=\"border-color: #ffffff;\"><\/td>\n<\/tr>\n<\/tbody>\n<\/table>\n<p><strong>Prix<\/strong>: US $ 60.00 par personne.<br \/>\n<strong>Heures d&rsquo;ouverture:<\/strong> de 6h30 \u00e0 18h30<br \/>\n<strong>Dur\u00e9e<\/strong>: 12 heures<br \/>\n<strong>Type<\/strong>: Aventure<br \/>\n<strong>D\u00e9parts quotidiens<\/strong><\/p>\n<table>\n<tbody>\n<tr>\n<td>INCLUS:<\/td>\n<td><i class=\"fa fa-check icon-tick icon-tick--on\"><\/i>Pick-up \u00e0 l\u2019h\u00f4tel<br \/>\n<i class=\"fa fa-check icon-tick icon-tick--on\"><\/i>Transport touristique partag\u00e9<br \/>\n<i class=\"fa fa-check icon-tick icon-tick--on\"><\/i>Guide bilingue (espagnol et anglais)<br \/>\n<i class=\"fa fa-check icon-tick icon-tick--on\"><\/i>D\u00e9jeuner buffet<br \/>\n<i class=\"fa fa-check icon-tick icon-tick--on\"><\/i>D\u00e9posez au centre de Cusco.<br \/>\n<i class=\"fa fa-check icon-tick icon-tick--on\"><\/i>Assistance personnalis\u00e9e<\/td>\n<\/tr>\n<tr>\n<td>NON INCLUS:<\/td>\n<td><i class=\"fa fa-times icon-tick icon-tick--off\"><\/i>Petit d\u00e9jeuner<br \/>\n<i class=\"fa fa-times icon-tick icon-tick--off\"><\/i><a href=\"http:\/\/www.donperutours.com\/fr\/tourismeperou\/le-boleto-turistico-ticket-touristique-a-cusco\/\" target=\"_blank\" rel=\"noopener\">Billet Touristique de Cusco<\/a><br \/>\n<i class=\"fa fa-times icon-tick icon-tick--off\"><\/i>Pr\u00e9voyez un droit de passage de S.\/10 pour acc\u00e9der aux salines.<br \/>\n<i class=\"fa fa-times icon-tick icon-tick--off\"><\/i>Pointe<br \/>\n<i class=\"fa fa-times icon-tick icon-tick--off\"><\/i>Autres services non mentionn\u00e9s<\/td>\n<\/tr>\n<tr>\n<td>Quoi apporter<\/td>\n<td>\u2022 Petit sac \u00e0 dos pour les choses personnelles.<br \/>\n\u2022 Des v\u00eatements confortables pour marcher<br \/>\n\u2022 Insectifuge, cr\u00e8me solaire, chapeau de soleil et lunettes de soleil.<br \/>\n\u2022 Eau \/ Snack<br \/>\n\u2022 Cash (Soles) pour les d\u00e9penses suppl\u00e9mentaires<\/td>\n<\/tr>\n<\/tbody>\n<\/table>\n<h2>Itin\u00e9raire Vall\u00e9e sacr\u00e9e des incas Maras et Moray<\/h2>\n<div class=\"panel-group accordion\" id=\"ataccordion1\">\n<div class=\"panel panel-default accordion__item\">\n\t<div class=\"panel-heading accordion__item__title-wrap\">\n\t\t<h4 class=\"panel-title\">\n\t\t\t<a data-toggle=\"collapse\" data-parent=\"#ataccordion1\" href=\"#ataccordion1_1\" class=\"accordion__item__link\">Itin\u00e9raire du programme<\/a>\n\t\t<\/h4>\n\t<\/div>\n\t<div id=\"ataccordion1_1\" class=\"panel-collapse in\">\n\t\t<div class=\"panel-body accordion__item__content\"> Vers 6h30, nous viendrons vous chercher \u00e0 votre h\u00f4tel et monterons \u00e0 bord de notre transport touristique en direction du centre arch\u00e9ologique de Chinchero. Plus tard nous visiterons les quais de Moray et ensuite les Salineras de Maras. Ensuite, nous irons \u00e0 la ville d&rsquo;Urubamba o\u00f9 nous aurons notre d\u00e9jeuner buffet (boissons non comprises).\n<p>Apr\u00e8s notre d\u00e9jeuner nous n&rsquo;irons pas au centre arch\u00e9ologique d&rsquo;Ollantaytambo, o\u00f9 nous aurons une visite guid\u00e9e, puis nous irons aux ruines de Pisaq et visiterons \u00e9galement le march\u00e9 international de Pisaq o\u00f9 vous pourrez faire des achats (facultatif), finalement retourner \u00e0 la ville de <a href=\"http:\/\/www.donperutours.com\/fr\/tourismeperou\/quelle-est-la-meilleure-saison-pour-voyager-a-cuzco-et-machu-picchu\/\" target=\"_blank\" rel=\"noopener\">Cusco<\/a>. Fin de nos services. <\/p><\/div>\n\t<\/div>\n<\/div><\/div>\n","protected":false},"excerpt":{"rendered":"<div class=\"padding-top text-center\"><a href=\"https:\/\/www.donperutours.com\/fr\/tours\/vallee-sacree-des-incas-les-salines-de-maras-et-moray\/\" class=\"atbtn atbtn--medium atbtn--rounded atbtn--transparent\">Read more<i class=\"atbtn__icon atbtn__icon--right fa fa-long-arrow-right\"><\/i><\/a><\/div>\n","protected":false},"featured_media":1431,"comment_status":"closed","ping_status":"closed","template":"","meta":[],"product_brand":[],"product_cat":[39],"product_tag":[32,43,30,42,27,28,41],"class_list":{"0":"post-1429","1":"product","2":"type-product","3":"status-publish","4":"has-post-thumbnail","6":"product_cat-tours-a-cusco","7":"product_tag-agence-de-voyage-au-perou","8":"product_tag-cusco-voyages","9":"product_tag-perou-voyages","10":"product_tag-tours-cusco","11":"product_tag-voyage-au-perou","12":"product_tag-voyage-au-perou-circuit","13":"product_tag-voyage-cusco","14":"tour_category-tours-a-cusco","16":"first","17":"instock","18":"sale","19":"shipping-taxable","20":"purchasable","21":"product-type-tour"},"aioseo_notices":[],"_links":{"self":[{"href":"https:\/\/www.donperutours.com\/fr\/wp-json\/wp\/v2\/product\/1429","targetHints":{"allow":["GET"]}}],"collection":[{"href":"https:\/\/www.donperutours.com\/fr\/wp-json\/wp\/v2\/product"}],"about":[{"href":"https:\/\/www.donperutours.com\/fr\/wp-json\/wp\/v2\/types\/product"}],"replies":[{"embeddable":true,"href":"https:\/\/www.donperutours.com\/fr\/wp-json\/wp\/v2\/comments?post=1429"}],"wp:featuredmedia":[{"embeddable":true,"href":"https:\/\/www.donperutours.com\/fr\/wp-json\/wp\/v2\/media\/1431"}],"wp:attachment":[{"href":"https:\/\/www.donperutours.com\/fr\/wp-json\/wp\/v2\/media?parent=1429"}],"wp:term":[{"taxonomy":"product_brand","embeddable":true,"href":"https:\/\/www.donperutours.com\/fr\/wp-json\/wp\/v2\/product_brand?post=1429"},{"taxonomy":"product_cat","embeddable":true,"href":"https:\/\/www.donperutours.com\/fr\/wp-json\/wp\/v2\/product_cat?post=1429"},{"taxonomy":"product_tag","embeddable":true,"href":"https:\/\/www.donperutours.com\/fr\/wp-json\/wp\/v2\/product_tag?post=1429"}],"curies":[{"name":"wp","href":"https:\/\/api.w.org\/{rel}","templated":true}]}}