{"id":1426,"date":"2018-06-30T00:06:38","date_gmt":"2018-06-30T00:06:38","guid":{"rendered":"http:\/\/www.donperutours.com\/fr\/?post_type=product&#038;p=1426"},"modified":"2021-07-10T19:35:48","modified_gmt":"2021-07-10T19:35:48","slug":"machu-picchu-en-une-journee","status":"publish","type":"product","link":"https:\/\/www.donperutours.com\/fr\/tours\/machu-picchu-en-une-journee\/","title":{"rendered":"Machu Picchu en une journ\u00e9e"},"content":{"rendered":"<p>Programme express \u00e0 Machu Picchu de la ville de Cusco. Visitez la ville sacr\u00e9e des Incas et laissez-vous emporter par les merveilles et les myst\u00e8res de la culture Inca.<\/p>\n<p>Vivez une aventure magique en visitant Machu Picchu et connaissez aussi son histoire et marchez le long de ses belles plates-formes.<\/p>\n<p>La visite a confirm\u00e9 les d\u00e9parts quotidiens et il est possible de r\u00e9server jusqu&rsquo;\u00e0 48 heures \u00e0 l&rsquo;avance. En tout cas, en raison de la forte demande, nous vous recommandons de faire la r\u00e9servation le plus en avance possible.<\/p>\n<table style=\"height: 86px;\" width=\"240\">\n<tbody>\n<tr>\n<td style=\"background-color: #d52b1e; border-color: #ffffff; text-align: center;\"><a href=\"http:\/\/www.donperutours.com\/es\/contactanos\/\"><span style=\"color: #ffffff;\">R\u00e9server<\/span><\/a><\/td>\n<\/tr>\n<tr>\n<td style=\"border-color: #ffffff;\"><\/td>\n<\/tr>\n<\/tbody>\n<\/table>\n<p><strong>Prix<\/strong>: US $ 355.00 par personne<br \/>\n<strong>Dur\u00e9e<\/strong>: 1 Jour<br \/>\n<strong>D\u00e9part:<\/strong> 03h30<br \/>\n<strong>Retour<\/strong>: 22h30<br \/>\n<strong>R\u00e9ductions<\/strong>:<br \/>\n\u2022 Mineurs entre 11 et 17 ans: 20 USD.<br \/>\n\u2022 Mineurs entre 3 et 10 ans: 70 USD.<\/p>\n<p><strong>INCLUS<\/strong>:<br \/>\n<i class=\"fa fa-check icon-tick icon-tick--on\"><\/i>Pick-up \u00e0 l&rsquo;h\u00f4tel<br \/>\n<i class=\"fa fa-check icon-tick icon-tick--on\"><\/i>Transport depuis votre hotel \u00e0 Cusco, jusqu\u2019a Ollantaytambo<br \/>\n<i class=\"fa fa-check icon-tick icon-tick--on\"><\/i>Billet de train ferroviaire du P\u00e9rou: Ollantaytambo \u2013 Aguas Calientes<br \/>\n<i class=\"fa fa-check icon-tick icon-tick--on\"><\/i>Bus d\u2019Agua Calientes \u00e0 Machu Picchu (Aller \u2013 retour)<br \/>\n<i class=\"fa fa-check icon-tick icon-tick--on\"><\/i>Billet d\u2019entr\u00e9e au Machu Picchu<br \/>\n<i class=\"fa fa-check icon-tick icon-tick--on\"><\/i>Guide touristique Espagnol, Anglais (02 heures environ)<br \/>\n<i class=\"fa fa-check icon-tick icon-tick--on\"><\/i>Billet de train ferroviaire du P\u00e9rou: Aguas Calientes \u2013 Ollantaytambo<br \/>\n<i class=\"fa fa-check icon-tick icon-tick--on\"><\/i>Transfert de la gare d\u2019Ollantaytambo \u2013 Cusco \/ Plaza Regocijo. (02 heures)<br \/>\n<i class=\"fa fa-check icon-tick icon-tick--on\"><\/i>Assistance permanente<\/p>\n<p><strong>NON INCLUS<\/strong>:<br \/>\n<i class=\"fa fa-times icon-tick icon-tick--off\"><\/i>Les repas<br \/>\n<i class=\"fa fa-times icon-tick icon-tick--off\"><\/i>Les boisons<br \/>\n<i class=\"fa fa-times icon-tick icon-tick--off\"><\/i>Les d\u00e9penses personnelles<br \/>\n<i class=\"fa fa-times icon-tick icon-tick--off\"><\/i>Entr\u00e9e suppl\u00e9mentaire Huaynapicchu ou Machu Picchu Mountain et repas<br \/>\n<i class=\"fa fa-check icon-tick icon-tick--on\"><\/i>Conseils<br \/>\n<i class=\"fa fa-check icon-tick icon-tick--on\"><\/i>Assurance<\/p>\n<h2>Itin\u00e9raire Machu Picchu en une journ\u00e9e<\/h2>\n<div class=\"panel-group accordion\" id=\"ataccordion1\">\n<div class=\"panel panel-default accordion__item\">\n\t<div class=\"panel-heading accordion__item__title-wrap\">\n\t\t<h4 class=\"panel-title\">\n\t\t\t<a data-toggle=\"collapse\" data-parent=\"#ataccordion1\" href=\"#ataccordion1_1\" class=\"accordion__item__link\">itin\u00e9raire du programme<\/a>\n\t\t<\/h4>\n\t<\/div>\n\t<div id=\"ataccordion1_1\" class=\"panel-collapse in\">\n\t\t<div class=\"panel-body accordion__item__content\">Tr\u00e8s t\u00f4t le matin, nous viendrons vous chercher \u00e0 votre h\u00f4tel pour aller \u00e0 la gare d\u2019Ollantaytambo Nous aurons un voyage de 2 heures. Ensuite, \u00e0 Ollantaytambo, nous embarquerons \u00e0 bord du train qui nous emm\u00e9nera \u00e0 la ville d\u2019Aguas Calientes.\n<p>Une fois \u00e0 Aguas Calientes, nous embarquerons dans le bus qui nous conduira au sanctuaire de Machu Picchu. Nous rencontrerons le guide pour notre visite guid\u00e9e pour une dur\u00e9e de 2 heures et 30 minutes environ au Machu Picchu, la citadelle perdue des Incas. Apr\u00e9s, alors nous aurons le temps de visiter l&rsquo;endroit et de prendre des photos uniques et inoubliables de Machu Picchu.<\/p>\n<p>Apr\u00e8s notre tour \u00e0 travers les principales attractions du sanctuaire arch\u00e9ologique, nous aurons du temps libre pour d\u00e9jeuner \u00e0 Aguas Calientes. (Non inclus)<\/p>\n<p>D\u00e9part approximatif du train d\u2019Aguas Calientes \u00e0 Ollantaytambo (environ 2 heures), ramassage et transfert \u00e0 Cusco. Fin de nos services.<\/p><\/div>\n\t<\/div>\n<\/div><\/div>\n","protected":false},"excerpt":{"rendered":"<div class=\"padding-top text-center\"><a href=\"https:\/\/www.donperutours.com\/fr\/tours\/machu-picchu-en-une-journee\/\" class=\"atbtn atbtn--medium atbtn--rounded atbtn--transparent\">Read more<i class=\"atbtn__icon atbtn__icon--right fa fa-long-arrow-right\"><\/i><\/a><\/div>\n","protected":false},"featured_media":1427,"comment_status":"closed","ping_status":"closed","template":"","meta":[],"product_brand":[],"product_cat":[39],"product_tag":[32,34,36,31,42,27,28,41],"class_list":{"0":"post-1426","1":"product","2":"type-product","3":"status-publish","4":"has-post-thumbnail","6":"product_cat-tours-a-cusco","7":"product_tag-agence-de-voyage-au-perou","8":"product_tag-agence-de-voyage-francophone-au-perou","9":"product_tag-circuit-au-perou","10":"product_tag-circuit-perou","11":"product_tag-tours-cusco","12":"product_tag-voyage-au-perou","13":"product_tag-voyage-au-perou-circuit","14":"product_tag-voyage-cusco","15":"tour_category-tours-a-cusco","17":"first","18":"instock","19":"sale","20":"shipping-taxable","21":"purchasable","22":"product-type-tour"},"aioseo_notices":[],"_links":{"self":[{"href":"https:\/\/www.donperutours.com\/fr\/wp-json\/wp\/v2\/product\/1426","targetHints":{"allow":["GET"]}}],"collection":[{"href":"https:\/\/www.donperutours.com\/fr\/wp-json\/wp\/v2\/product"}],"about":[{"href":"https:\/\/www.donperutours.com\/fr\/wp-json\/wp\/v2\/types\/product"}],"replies":[{"embeddable":true,"href":"https:\/\/www.donperutours.com\/fr\/wp-json\/wp\/v2\/comments?post=1426"}],"wp:featuredmedia":[{"embeddable":true,"href":"https:\/\/www.donperutours.com\/fr\/wp-json\/wp\/v2\/media\/1427"}],"wp:attachment":[{"href":"https:\/\/www.donperutours.com\/fr\/wp-json\/wp\/v2\/media?parent=1426"}],"wp:term":[{"taxonomy":"product_brand","embeddable":true,"href":"https:\/\/www.donperutours.com\/fr\/wp-json\/wp\/v2\/product_brand?post=1426"},{"taxonomy":"product_cat","embeddable":true,"href":"https:\/\/www.donperutours.com\/fr\/wp-json\/wp\/v2\/product_cat?post=1426"},{"taxonomy":"product_tag","embeddable":true,"href":"https:\/\/www.donperutours.com\/fr\/wp-json\/wp\/v2\/product_tag?post=1426"}],"curies":[{"name":"wp","href":"https:\/\/api.w.org\/{rel}","templated":true}]}}