{"id":1391,"date":"2018-06-14T12:46:19","date_gmt":"2018-06-14T12:46:19","guid":{"rendered":"http:\/\/www.donperutours.com\/fr\/?post_type=product&#038;p=1391"},"modified":"2021-07-10T19:36:09","modified_gmt":"2021-07-10T19:36:09","slug":"pont-de-linca-et-quatre-lagunes","status":"publish","type":"product","link":"https:\/\/www.donperutours.com\/fr\/tours\/pont-de-linca-et-quatre-lagunes\/","title":{"rendered":"Pont de l&rsquo;Inca et quatre lagunes"},"content":{"rendered":"<p>Vivez une aventure unique et inoubliable en visitant le Pont Q&rsquo;eswuachaka et Cuatro Lagunas, le pont Q&rsquo;ESWUACHAKA est enti\u00e8rement tiss\u00e9 de fibres v\u00e9g\u00e9tales (ichu) et existe depuis la p\u00e9riode Inca. Chaque ann\u00e9e, 1 000 agriculteurs se r\u00e9unissent pendant 3 jours pour travailler \u00e0 la r\u00e9novation du pont suspendu. Cette tradition de renouvellement du pont est r\u00e9alis\u00e9e au mois de juin depuis environ 600 ans. Rencontrez une relique Inca authentique et unique au monde.<\/p>\n<table style=\"height: 86px;\" width=\"240\">\n<tbody>\n<tr>\n<td style=\"background-color: #d52b1e; border-color: #ffffff; text-align: center;\"><a href=\"http:\/\/www.donperutours.com\/fr\/nous-contacter\/\"><span style=\"color: #ffffff;\">R\u00e9server<\/span><\/a><\/td>\n<\/tr>\n<tr>\n<td style=\"border-color: #ffffff;\"><\/td>\n<\/tr>\n<\/tbody>\n<\/table>\n<p><strong>Prix<\/strong>: US $ 100.00 par personne.<br \/>\n<strong>Heures d&rsquo;ouverture<\/strong>: de 7h00 \u00e0 17h00<br \/>\n<strong>Dur\u00e9e<\/strong>: 10 heures<br \/>\n<strong>Type<\/strong>: Marcher<br \/>\n<strong>D\u00e9parts quotidiens<\/strong><\/p>\n<p><strong>INCLUS<\/strong>:<br \/>\n<i class=\"fa fa-check icon-tick icon-tick--on\"><\/i>Ramassage \u00e0 l&rsquo;h\u00f4tel<br \/>\n<i class=\"fa fa-check icon-tick icon-tick--on\"><\/i>Guide bilingue (espagnol et anglais)<br \/>\n<i class=\"fa fa-check icon-tick icon-tick--on\"><\/i>1 d\u00e9jeuner<br \/>\n<i class=\"fa fa-check icon-tick icon-tick--on\"><\/i>Transport touristique<br \/>\n<i class=\"fa fa-check icon-tick icon-tick--on\"><\/i>Drop off au centre de Cusco.<\/p>\n<p><strong>NON INCLUS<\/strong>:<br \/>\n<i class=\"fa fa-times icon-tick icon-tick--off\"><\/i>Petit d\u00e9jeuner<br \/>\n<i class=\"fa fa-times icon-tick icon-tick--off\"><\/i>Autres services non mentionn\u00e9s<\/p>\n<p><strong>Quoi apporter<\/strong><br \/>\n\u2022 Documents \/ passeports originaux.<br \/>\n\u2022 V\u00eatements l\u00e9gers, gants, \u00e9charpe, chaussures confortables.<br \/>\n\u2022 Insectifuge, cr\u00e8me solaire et lunettes de soleil.<br \/>\n\u2022 Eau \/ Snack<br \/>\n\u2022 Cash (Soles) pour les d\u00e9penses suppl\u00e9mentaires<br \/>\n\u2022 Appareil photo num\u00e9rique avec batterie et m\u00e9moire.<\/p>\n<h2>Itin\u00e9raire Trekking Q&rsquo;eswachaka Bridge et quatre lagunes<\/h2>\n<div class=\"panel-group accordion\" id=\"ataccordion1\">\n<div class=\"panel panel-default accordion__item\">\n\t<div class=\"panel-heading accordion__item__title-wrap\">\n\t\t<h4 class=\"panel-title\">\n\t\t\t<a data-toggle=\"collapse\" data-parent=\"#ataccordion1\" href=\"#ataccordion1_1\" class=\"accordion__item__link\">Itin\u00e9raire du programme<\/a>\n\t\t<\/h4>\n\t<\/div>\n\t<div id=\"ataccordion1_1\" class=\"panel-collapse in\">\n\t\t<div class=\"panel-body accordion__item__content\">Dans la premi\u00e8re heure, nous viendrons vous chercher \u00e0 votre h\u00f4tel et monter \u00e0 bord de notre transport au sud de Cusco, jusqu&rsquo;\u00e0 ce que vous atteigniez le district de Quehue, province de Canas. Nous ferons un voyage de 3 heures et ensuite nous commencerons une promenade pour conna\u00eetre l&rsquo;authentique relique Inca \u00ab\u00a0Quechua bridge, the Q&rsquo;eswachaka\u00a0\u00bb, qui est consid\u00e9r\u00e9 comme patrimoine mondial de l&rsquo;UNESCO. \u00c0 ce stade, le guide nous donnera des informations sur l&rsquo;histoire de ce pont Inca, puis vous pouvez prendre de belles photos et visiter le lieu. Puis nous continuerons notre voyage d&rsquo;une heure vers le circuit des quatre lagunes. Les 4 lagunes sont conform\u00e9es par: Pomacanchi, Acopia, Asnaqocha et Pampamarca. \u00c0 ce stade, vous pouvez profiter de beaux paysages et le meilleur de la flore et la faune. Plus tard, nous d\u00e9jeunerons \u00e0 ce moment-l\u00e0 et ensuite nous irons \u00e0 la ville de Cusco. Fin du tour<\/div>\n\t<\/div>\n<\/div><\/div>\n","protected":false},"excerpt":{"rendered":"<div class=\"padding-top text-center\"><a href=\"https:\/\/www.donperutours.com\/fr\/tours\/pont-de-linca-et-quatre-lagunes\/\" class=\"atbtn atbtn--medium atbtn--rounded atbtn--transparent\">Read more<i class=\"atbtn__icon atbtn__icon--right fa fa-long-arrow-right\"><\/i><\/a><\/div>\n","protected":false},"featured_media":1392,"comment_status":"closed","ping_status":"closed","template":"","meta":[],"product_brand":[],"product_cat":[39],"product_tag":[32,43,30,42,28,41],"class_list":{"0":"post-1391","1":"product","2":"type-product","3":"status-publish","4":"has-post-thumbnail","6":"product_cat-tours-a-cusco","7":"product_tag-agence-de-voyage-au-perou","8":"product_tag-cusco-voyages","9":"product_tag-perou-voyages","10":"product_tag-tours-cusco","11":"product_tag-voyage-au-perou-circuit","12":"product_tag-voyage-cusco","13":"tour_category-tours-a-cusco","15":"first","16":"instock","17":"sale","18":"shipping-taxable","19":"purchasable","20":"product-type-tour"},"aioseo_notices":[],"_links":{"self":[{"href":"https:\/\/www.donperutours.com\/fr\/wp-json\/wp\/v2\/product\/1391","targetHints":{"allow":["GET"]}}],"collection":[{"href":"https:\/\/www.donperutours.com\/fr\/wp-json\/wp\/v2\/product"}],"about":[{"href":"https:\/\/www.donperutours.com\/fr\/wp-json\/wp\/v2\/types\/product"}],"replies":[{"embeddable":true,"href":"https:\/\/www.donperutours.com\/fr\/wp-json\/wp\/v2\/comments?post=1391"}],"wp:featuredmedia":[{"embeddable":true,"href":"https:\/\/www.donperutours.com\/fr\/wp-json\/wp\/v2\/media\/1392"}],"wp:attachment":[{"href":"https:\/\/www.donperutours.com\/fr\/wp-json\/wp\/v2\/media?parent=1391"}],"wp:term":[{"taxonomy":"product_brand","embeddable":true,"href":"https:\/\/www.donperutours.com\/fr\/wp-json\/wp\/v2\/product_brand?post=1391"},{"taxonomy":"product_cat","embeddable":true,"href":"https:\/\/www.donperutours.com\/fr\/wp-json\/wp\/v2\/product_cat?post=1391"},{"taxonomy":"product_tag","embeddable":true,"href":"https:\/\/www.donperutours.com\/fr\/wp-json\/wp\/v2\/product_tag?post=1391"}],"curies":[{"name":"wp","href":"https:\/\/api.w.org\/{rel}","templated":true}]}}