{"id":1376,"date":"2018-06-08T01:03:48","date_gmt":"2018-06-08T01:03:48","guid":{"rendered":"http:\/\/www.donperutours.com\/fr\/?post_type=product&#038;p=1376"},"modified":"2021-07-10T19:34:59","modified_gmt":"2021-07-10T19:34:59","slug":"tour-montagne-de-couleurs-palcoyo","status":"publish","type":"product","link":"https:\/\/www.donperutours.com\/fr\/tours\/tour-montagne-de-couleurs-palcoyo\/","title":{"rendered":"Tour Montagne de Couleurs Palcoyo"},"content":{"rendered":"<p>Vivez une nouvelle exp\u00e9rience en visitant le Montagne de Couleurs Palcoyo, une nouvelle destination touristique et qui ne n\u00e9cessite pas beaucoup de condition physique. Montagne de Couleurs Palcoyo est la premi\u00e8re soeur de la c\u00e9l\u00e8bre <a href=\"http:\/\/www.donperutours.com\/fr\/tours\/montagne-arc-en-ciel-ou-montagne-de-7-couleurs-vinicunca\/\" target=\"_blank\" rel=\"noopener noreferrer\">montagne de 7 couleurs \u00ab\u00a0Vinicunca ou Winicunca\u00a0\u00bb<\/a> mais avec une meilleure accessibilit\u00e9. Profitez de beaux paysages, avec plus de 9 000 hectares naturels ont une couleur similaire \u00e0 l&rsquo;arc-en-ciel qui donne un aspect joyeux et en m\u00eame temps mystique.<\/p>\n<table style=\"height: 86px;\" width=\"240\">\n<tbody>\n<tr>\n<td style=\"background-color: #d52b1e; border-color: #ffffff; text-align: center;\"><a href=\"http:\/\/www.donperutours.com\/fr\/nous-contacter\/\"><span style=\"color: #ffffff;\">R\u00e9server<\/span><\/a><\/td>\n<\/tr>\n<tr>\n<td style=\"border-color: #ffffff;\"><\/td>\n<\/tr>\n<\/tbody>\n<\/table>\n<p><strong>Prix<\/strong>: US $ 45.00 par personne<br \/>\n<strong>Heures d&rsquo;ouverture<\/strong>: de 6h30 \u00e0 17h30<br \/>\n<strong>Dur\u00e9e<\/strong>: 11 heures<br \/>\n<strong>d\u00e9parts quotidiens<\/strong><\/p>\n<p><strong>INCLUS<\/strong>:<br \/>\n<i class=\"fa fa-check icon-tick icon-tick--on\"><\/i>Transport touristique partag\u00e9 aller-retour.<br \/>\n<i class=\"fa fa-check icon-tick icon-tick--on\"><\/i>Guide bilingue: anglais &#8211; espagnol.<br \/>\n<i class=\"fa fa-check icon-tick icon-tick--on\"><\/i>Bo\u00eete \u00e0 lunch<br \/>\n<i class=\"fa fa-check icon-tick icon-tick--on\"><\/i>Billet d&rsquo;entr\u00e9e<br \/>\n<i class=\"fa fa-check icon-tick icon-tick--on\"><\/i>Assistance permanente<\/p>\n<p><strong>NON INCLUS<\/strong>:<br \/>\n<i class=\"fa fa-times icon-tick icon-tick--off\"><\/i>Assurance voyage<br \/>\n<i class=\"fa fa-times icon-tick icon-tick--off\"><\/i>Autres d\u00e9penses mentionn\u00e9es dans le programme.<\/p>\n<p><strong>Restrictions<\/strong>:<br \/>\n\u2022 Ne convient pas aux femmes enceintes.<br \/>\n\u2022 Ne convient pas aux personnes ayant des probl\u00e8mes cardiaques.<br \/>\n\u2022 Pr\u00e9f\u00e9rable de plus de 13 ans.<\/p>\n<p><strong>Recommandations<\/strong>:<br \/>\n\u2022 Porter des v\u00eatements chauds (chapeau, gants, \u00e9charpe)<br \/>\n\u2022 Apportez de la cr\u00e8me solaire et des lunettes de soleil.<br \/>\n\u2022 Portez un poncho de pluie.<br \/>\n\u2022 Apportez des b\u00e2tons de marche.<br \/>\n\u2022 Portez des chaussures de marche.<\/p>\n<h2>Itin\u00e9raire de trekking Montagne de Couleurs Palcoyo<\/h2>\n<div class=\"panel-group accordion\" id=\"ataccordion1\">\n<div class=\"panel panel-default accordion__item\">\n\t<div class=\"panel-heading accordion__item__title-wrap\">\n\t\t<h4 class=\"panel-title\">\n\t\t\t<a data-toggle=\"collapse\" data-parent=\"#ataccordion1\" href=\"#ataccordion1_1\" class=\"accordion__item__link\">itin\u00e9raire du programme<\/a>\n\t\t<\/h4>\n\t<\/div>\n\t<div id=\"ataccordion1_1\" class=\"panel-collapse in\">\n\t\t<div class=\"panel-body accordion__item__content\"><br \/>\nTr\u00e8s t\u00f4t nous nous rencontrerons au point convenu et plus tard nous commencerons par un voyage \u00e0 travers la Vall\u00e9e du Sud jusqu&rsquo;\u00e0 arriver \u00e0 Combapata. Sur le chemin, nous pouvons voir les animaux de la r\u00e9gion et de beaux paysages. Une fois arriv\u00e9 \u00e0 notre destination, nous aurons une marche lente, o\u00f9 nous aurons acc\u00e8s \u00e0 des vues privil\u00e9gi\u00e9es de cette partie de la cha\u00eene de montagnes, avec trois montagnes de couleurs visibles du point le plus \u00e9lev\u00e9. Ensuite, vous aurez une explication du Guide et vous serez en mesure de prendre des photos inoubliables et visiter l&rsquo;endroit. Finalement, nous retournerons \u00e0 notre v\u00e9hicule pour nous d\u00e9placer pendant une heure jusqu&rsquo;au pont Checacupe, un pont suspendu fabriqu\u00e9 par les Quechuas pour favoriser la connexion de l&rsquo;Empire Inca. Ensuite, nous pouvons d\u00e9jeuner et nous reposer un peu, et continuer notre voyage vers la ville de Cusco. Fin du tour.<br \/>\n<\/div>\n\t<\/div>\n<\/div><\/div>\n","protected":false},"excerpt":{"rendered":"<div class=\"padding-top text-center\"><a href=\"https:\/\/www.donperutours.com\/fr\/tours\/tour-montagne-de-couleurs-palcoyo\/\" class=\"atbtn atbtn--medium atbtn--rounded atbtn--transparent\">Read more<i class=\"atbtn__icon atbtn__icon--right fa fa-long-arrow-right\"><\/i><\/a><\/div>\n","protected":false},"featured_media":1381,"comment_status":"closed","ping_status":"closed","template":"","meta":[],"product_brand":[],"product_cat":[39],"product_tag":[32,36,43,30,42,27,41],"class_list":{"0":"post-1376","1":"product","2":"type-product","3":"status-publish","4":"has-post-thumbnail","6":"product_cat-tours-a-cusco","7":"product_tag-agence-de-voyage-au-perou","8":"product_tag-circuit-au-perou","9":"product_tag-cusco-voyages","10":"product_tag-perou-voyages","11":"product_tag-tours-cusco","12":"product_tag-voyage-au-perou","13":"product_tag-voyage-cusco","14":"tour_category-tours-a-cusco","16":"first","17":"instock","18":"sale","19":"shipping-taxable","20":"purchasable","21":"product-type-tour"},"aioseo_notices":[],"_links":{"self":[{"href":"https:\/\/www.donperutours.com\/fr\/wp-json\/wp\/v2\/product\/1376","targetHints":{"allow":["GET"]}}],"collection":[{"href":"https:\/\/www.donperutours.com\/fr\/wp-json\/wp\/v2\/product"}],"about":[{"href":"https:\/\/www.donperutours.com\/fr\/wp-json\/wp\/v2\/types\/product"}],"replies":[{"embeddable":true,"href":"https:\/\/www.donperutours.com\/fr\/wp-json\/wp\/v2\/comments?post=1376"}],"wp:featuredmedia":[{"embeddable":true,"href":"https:\/\/www.donperutours.com\/fr\/wp-json\/wp\/v2\/media\/1381"}],"wp:attachment":[{"href":"https:\/\/www.donperutours.com\/fr\/wp-json\/wp\/v2\/media?parent=1376"}],"wp:term":[{"taxonomy":"product_brand","embeddable":true,"href":"https:\/\/www.donperutours.com\/fr\/wp-json\/wp\/v2\/product_brand?post=1376"},{"taxonomy":"product_cat","embeddable":true,"href":"https:\/\/www.donperutours.com\/fr\/wp-json\/wp\/v2\/product_cat?post=1376"},{"taxonomy":"product_tag","embeddable":true,"href":"https:\/\/www.donperutours.com\/fr\/wp-json\/wp\/v2\/product_tag?post=1376"}],"curies":[{"name":"wp","href":"https:\/\/api.w.org\/{rel}","templated":true}]}}