{"id":1345,"date":"2018-06-07T18:07:32","date_gmt":"2018-06-07T18:07:32","guid":{"rendered":"http:\/\/www.donperutours.com\/fr\/?post_type=product&#038;p=1345"},"modified":"2021-07-10T19:34:47","modified_gmt":"2021-07-10T19:34:47","slug":"les-salines-de-maras-et-moray","status":"publish","type":"product","link":"https:\/\/www.donperutours.com\/fr\/tours\/les-salines-de-maras-et-moray\/","title":{"rendered":"Les Salines de Maras et Moray"},"content":{"rendered":"<p>Visitez les salines de Maras et les terrasses de Moray, pour une visite d\u2019une demi-journ\u00e9e de lieux aux formes et couleurs uniques au monde. Les salines de Maras est l&rsquo;un des sites touristiques les plus spectaculaires de la Vall\u00e9e Sacr\u00e9e et de Cusco<\/p>\n<table style=\"height: 86px;\" width=\"240\">\n<tbody>\n<tr>\n<td style=\"background-color: #d52b1e; border-color: #ffffff; text-align: center;\"><a href=\"http:\/\/www.donperutours.com\/fr\/nous-contacter\/\"><span style=\"color: #ffffff;\">R\u00e9server<\/span><\/a><\/td>\n<\/tr>\n<tr>\n<td style=\"border-color: #ffffff;\"><\/td>\n<\/tr>\n<\/tbody>\n<\/table>\n<h2>Tour Les Salines de Maras et Moray<\/h2>\n<p><strong>Prix<\/strong>: 22 USD par personne<br \/>\n<strong>Horaire<\/strong>: De 8h30 \u00e0 14h30<br \/>\n<strong>Dur\u00e9e<\/strong>: 6 heures<br \/>\n<strong>Point de rencontre<\/strong>: Centre de la Plaza Regocijo.<\/p>\n<p><strong>INCLUS<\/strong>:<br \/>\n<i class=\"fa fa-check icon-tick icon-tick--on\"><\/i>Transport partag\u00e9<br \/>\n<i class=\"fa fa-check icon-tick icon-tick--on\"><\/i>Guide<br \/>\n<i class=\"fa fa-check icon-tick icon-tick--on\"><\/i>D\u00e9poser le centre de Cusco.<\/p>\n<p><strong>NON INCLUS<\/strong>:<br \/>\n<i class=\"fa fa-times icon-tick icon-tick--off\"><\/i>Ramassage \u00e0 l&rsquo;h\u00f4tel<br \/>\n<i class=\"fa fa-times icon-tick icon-tick--off\"><\/i>Billet d&rsquo;entr\u00e9e aux mines de sel (S \/ 10 par personne)<br \/>\n<i class=\"fa fa-times icon-tick icon-tick--off\"><\/i><a href=\"http:\/\/www.donperutours.com\/fr\/tours\/lagune-humantay-au-cuzco-perou\/\" target=\"_blank\" rel=\"noopener\">Billet touristique<\/a><\/p>\n<p><strong>Quoi apporter<\/strong>: Chaussures confortables, chapeau de soleil, lunettes de soleil, cr\u00e8me solaire, eau et v\u00eatements confortables.<\/p>\n<h2>Itin\u00e9raire Les Salines de Maras et Moray<\/h2>\n<p>Nous nous rencontrerons \u00e0 l&rsquo;heure indiqu\u00e9e \u00e0 notre point de rencontre, puis nous prendrons le v\u00e9hicule qui nous emm\u00e8nera \u00e0 la communaut\u00e9 artisanale de Chinchero o\u00f9 nous verrons le traitement de la laine de lama, plus tard notre premi\u00e8re destination: les mines de Maras (entr\u00e9e non comprise) . Le guide expliquera le processus d&rsquo;extraction du sel et nous aurons le temps de prendre des photos. Ensuite, nous irons \u00e0 Moray, laboratoire agricole que les Quechuas ont utilis\u00e9 pour exp\u00e9rimenter les cultures des diff\u00e9rentes r\u00e9gions dans lesquelles ils \u00e9taient pr\u00e9sents. Nous serons en mesure de parcourir les sentiers autoris\u00e9s pour prendre des photos et ressentir la variation du climat en fonction de la profondeur des terrasses, qui atteignent une diff\u00e9rence de 150 m entre le point le plus bas et le point le plus haut.<\/p>\n<p>Une fois le tour de 6 heures est termin\u00e9, nous retournerons \u00e0 Cusco dans notre v\u00e9hicule, en arrivant au centre-ville.<\/p>\n","protected":false},"excerpt":{"rendered":"<div class=\"padding-top text-center\"><a href=\"https:\/\/www.donperutours.com\/fr\/tours\/les-salines-de-maras-et-moray\/\" class=\"atbtn atbtn--medium atbtn--rounded atbtn--transparent\">Read more<i class=\"atbtn__icon atbtn__icon--right fa fa-long-arrow-right\"><\/i><\/a><\/div>\n","protected":false},"featured_media":1369,"comment_status":"closed","ping_status":"closed","template":"","meta":[],"product_brand":[],"product_cat":[39],"product_tag":[32,36,31,43,42,27,41],"class_list":{"0":"post-1345","1":"product","2":"type-product","3":"status-publish","4":"has-post-thumbnail","6":"product_cat-tours-a-cusco","7":"product_tag-agence-de-voyage-au-perou","8":"product_tag-circuit-au-perou","9":"product_tag-circuit-perou","10":"product_tag-cusco-voyages","11":"product_tag-tours-cusco","12":"product_tag-voyage-au-perou","13":"product_tag-voyage-cusco","14":"tour_category-tours-a-cusco","16":"first","17":"instock","18":"sale","19":"shipping-taxable","20":"purchasable","21":"product-type-tour"},"aioseo_notices":[],"_links":{"self":[{"href":"https:\/\/www.donperutours.com\/fr\/wp-json\/wp\/v2\/product\/1345","targetHints":{"allow":["GET"]}}],"collection":[{"href":"https:\/\/www.donperutours.com\/fr\/wp-json\/wp\/v2\/product"}],"about":[{"href":"https:\/\/www.donperutours.com\/fr\/wp-json\/wp\/v2\/types\/product"}],"replies":[{"embeddable":true,"href":"https:\/\/www.donperutours.com\/fr\/wp-json\/wp\/v2\/comments?post=1345"}],"wp:featuredmedia":[{"embeddable":true,"href":"https:\/\/www.donperutours.com\/fr\/wp-json\/wp\/v2\/media\/1369"}],"wp:attachment":[{"href":"https:\/\/www.donperutours.com\/fr\/wp-json\/wp\/v2\/media?parent=1345"}],"wp:term":[{"taxonomy":"product_brand","embeddable":true,"href":"https:\/\/www.donperutours.com\/fr\/wp-json\/wp\/v2\/product_brand?post=1345"},{"taxonomy":"product_cat","embeddable":true,"href":"https:\/\/www.donperutours.com\/fr\/wp-json\/wp\/v2\/product_cat?post=1345"},{"taxonomy":"product_tag","embeddable":true,"href":"https:\/\/www.donperutours.com\/fr\/wp-json\/wp\/v2\/product_tag?post=1345"}],"curies":[{"name":"wp","href":"https:\/\/api.w.org\/{rel}","templated":true}]}}