{"id":1329,"date":"2018-04-14T17:36:08","date_gmt":"2018-04-14T17:36:08","guid":{"rendered":"http:\/\/www.donperutours.com\/fr\/?post_type=product&#038;p=1329"},"modified":"2021-07-10T19:34:37","modified_gmt":"2021-07-10T19:34:37","slug":"lagune-humantay-au-cuzco-perou","status":"publish","type":"product","link":"https:\/\/www.donperutours.com\/fr\/tours\/lagune-humantay-au-cuzco-perou\/","title":{"rendered":"Lagune Humantay au Cusco P\u00e9rou"},"content":{"rendered":"<p>Tour de Cusco \u00e0 Laguna de Huamantay, le tour est une journ\u00e9e compl\u00e8te, et est l&rsquo;une des principales attractions de la route de Salkantay. Cette visite est l&rsquo;une des principales attractions de Cusco et o\u00f9 vous pouvez voir le lac turquoise de Humantay en 1 jour, vous pouvez prendre contact avec la nature dans l&rsquo;un des itin\u00e9raires naturels les plus c\u00e9l\u00e8bres de la ville de Cusco, au P\u00e9rou.<\/p>\n<table style=\"height: 86px;\" width=\"240\">\n<tbody>\n<tr>\n<td style=\"background-color: #d52b1e; border-color: #ffffff; text-align: center;\"><a href=\"http:\/\/www.donperutours.com\/fr\/nous-contacter\/\"><span style=\"color: #ffffff;\">R\u00e9server<\/span><\/a><\/td>\n<\/tr>\n<tr>\n<td style=\"border-color: #ffffff;\"><\/td>\n<\/tr>\n<\/tbody>\n<\/table>\n<h2>Tour Laguna Humantay Trekking<\/h2>\n<p><strong>Prix<\/strong>: US $ 40.00 par personne environ<br \/>\n<strong>Heures d&rsquo;ouverture<\/strong>: de 4h00 \u00e0 19h00<br \/>\n<strong>Dur\u00e9e<\/strong>: 15 heures<\/p>\n<table>\n<tbody>\n<tr>\n<td>INCLUS<\/td>\n<td><i class=\"fa fa-check icon-tick icon-tick--on\"><\/i> Ramassage \u00e0 l&rsquo;h\u00f4tel<br \/>\n<i class=\"fa fa-check icon-tick icon-tick--on\"><\/i> Transport partag\u00e9<br \/>\n<i class=\"fa fa-check icon-tick icon-tick--on\"><\/i> Petit d\u00e9jeuner et d\u00e9jeuner<br \/>\n<i class=\"fa fa-check icon-tick icon-tick--on\"><\/i> Guide professionnel (espagnol \/ anglais)<br \/>\n<i class=\"fa fa-check icon-tick icon-tick--on\"><\/i> Billet d&rsquo;entr\u00e9e<\/td>\n<\/tr>\n<tr>\n<td>NON INCLUS<\/td>\n<td><i class=\"fa fa-times icon-tick icon-tick--off\"><\/i> B\u00e2tons de randonn\u00e9e \u00ab\u00a0Walk\u00a0\u00bb (7,00 $ US),<br \/>\n<i class=\"fa fa-times icon-tick icon-tick--off\"><\/i> Assurance sant\u00e9<br \/>\n<i class=\"fa fa-times icon-tick icon-tick--off\"><\/i> Cheval (S \/ .80).<\/td>\n<\/tr>\n<tr>\n<td>Recommandations<\/td>\n<td>\n<ul>\n<li>Ne convient pas aux femmes enceintes.<\/li>\n<li>Ne convient pas aux personnes ayant des probl\u00e8mes cardiaques.<\/li>\n<li>Pr\u00e9f\u00e9rable de plus de 13 ans.<\/li>\n<\/ul>\n<\/td>\n<\/tr>\n<\/tbody>\n<\/table>\n<p>&nbsp;<\/p>\n<h2>Itin\u00e9raire Lagune Humantay au Cuzco<\/h2>\n<p>Au petit matin, nous viendrons vous chercher \u00e0 votre h\u00f4tel \u00e0 Cusco, puis nous monterons \u00e0 bord du v\u00e9hicule qui nous conduira \u00e0 destination. Nous traverserons les villes d&rsquo;Izcuchaca, Limatambo et plus tard la ville de Mollepata, o\u00f9 nous pourrons voir la vall\u00e9e du Rivi\u00e8re Apurimac.<\/p>\n<p>Notre premier arr\u00eat se fera dans la ville de Mollepata o\u00f9 nous prendrons le petit d\u00e9jeuner, puis nous embarquerons au camp de Soraypampa, \u00e0 3900 m d&rsquo;altitude apr\u00e8s un court repos, nous commencerons notre voyage vers le lac Humantay situ\u00e9 \u00e0 4.180 m d&rsquo;altitude. Ce sera 1 heure et demie par la pente d&rsquo;une colline escarp\u00e9e pour atteindre la lagune d&rsquo;Humantay.<\/p>\n<p>Une fois que c&rsquo;est notre destination, le Guide va proc\u00e9der \u00e0 une explication de l&rsquo;endroit et o\u00f9 vous pouvez prendre des photos et appr\u00e9cier ce magnifique paysage. Plus tard nous retournerons \u00e0 notre campement pour prendre notre d\u00e9jeuner et pouvoir observer de beaux paysages et les sommets enneig\u00e9s et plus tard nous retournerons \u00e0 la ville de Cusco.<\/p>\n","protected":false},"excerpt":{"rendered":"<div class=\"padding-top text-center\"><a href=\"https:\/\/www.donperutours.com\/fr\/tours\/lagune-humantay-au-cuzco-perou\/\" class=\"atbtn atbtn--medium atbtn--rounded atbtn--transparent\">Read more<i class=\"atbtn__icon atbtn__icon--right fa fa-long-arrow-right\"><\/i><\/a><\/div>\n","protected":false},"featured_media":1330,"comment_status":"closed","ping_status":"closed","template":"","meta":[],"product_brand":[],"product_cat":[39],"product_tag":[32,34,31,27],"class_list":{"0":"post-1329","1":"product","2":"type-product","3":"status-publish","4":"has-post-thumbnail","6":"product_cat-tours-a-cusco","7":"product_tag-agence-de-voyage-au-perou","8":"product_tag-agence-de-voyage-francophone-au-perou","9":"product_tag-circuit-perou","10":"product_tag-voyage-au-perou","11":"tour_category-tours-a-cusco","13":"first","14":"instock","15":"sale","16":"shipping-taxable","17":"purchasable","18":"product-type-tour"},"aioseo_notices":[],"_links":{"self":[{"href":"https:\/\/www.donperutours.com\/fr\/wp-json\/wp\/v2\/product\/1329","targetHints":{"allow":["GET"]}}],"collection":[{"href":"https:\/\/www.donperutours.com\/fr\/wp-json\/wp\/v2\/product"}],"about":[{"href":"https:\/\/www.donperutours.com\/fr\/wp-json\/wp\/v2\/types\/product"}],"replies":[{"embeddable":true,"href":"https:\/\/www.donperutours.com\/fr\/wp-json\/wp\/v2\/comments?post=1329"}],"wp:featuredmedia":[{"embeddable":true,"href":"https:\/\/www.donperutours.com\/fr\/wp-json\/wp\/v2\/media\/1330"}],"wp:attachment":[{"href":"https:\/\/www.donperutours.com\/fr\/wp-json\/wp\/v2\/media?parent=1329"}],"wp:term":[{"taxonomy":"product_brand","embeddable":true,"href":"https:\/\/www.donperutours.com\/fr\/wp-json\/wp\/v2\/product_brand?post=1329"},{"taxonomy":"product_cat","embeddable":true,"href":"https:\/\/www.donperutours.com\/fr\/wp-json\/wp\/v2\/product_cat?post=1329"},{"taxonomy":"product_tag","embeddable":true,"href":"https:\/\/www.donperutours.com\/fr\/wp-json\/wp\/v2\/product_tag?post=1329"}],"curies":[{"name":"wp","href":"https:\/\/api.w.org\/{rel}","templated":true}]}}