{"id":1323,"date":"2018-04-14T02:41:05","date_gmt":"2018-04-14T02:41:05","guid":{"rendered":"http:\/\/www.donperutours.com\/fr\/?post_type=product&#038;p=1323"},"modified":"2021-07-10T19:34:26","modified_gmt":"2021-07-10T19:34:26","slug":"montagne-arc-en-ciel-ou-montagne-de-7-couleurs-vinicunca","status":"publish","type":"product","link":"https:\/\/www.donperutours.com\/fr\/tours\/montagne-arc-en-ciel-ou-montagne-de-7-couleurs-vinicunca\/","title":{"rendered":"Montagne Arc-en-ciel ou Montagne de 7 couleurs \u00ab\u00a0Vinicunca\u00a0\u00bb"},"content":{"rendered":"<p>La montagne arc-en-ciel connue aussi comme la montagne des 7 couleurs ou la montagne Vinicunca est situ\u00e9e pr\u00e8s de la montagne d&rsquo;Ausangate, c&rsquo;est un endroit magique qui a \u00e9t\u00e9 r\u00e9cemment d\u00e9couvert, o\u00f9 vous pouvez appr\u00e9cier une grande vari\u00e9t\u00e9 de pics de neige et catalogu\u00e9 par le magazine NATIONAL GEOGRAPHIC comme l&rsquo;un des plus beaux endroits.<\/p>\n<table style=\"height: 86px;\" width=\"240\">\n<tbody>\n<tr>\n<td style=\"background-color: #d52b1e; border-color: #ffffff; text-align: center;\"><a href=\"http:\/\/www.donperutours.com\/fr\/nous-contacter\/\"><span style=\"color: #ffffff;\">R\u00e9server<\/span><\/a><\/td>\n<\/tr>\n<tr>\n<td style=\"border-color: #ffffff;\"><\/td>\n<\/tr>\n<\/tbody>\n<\/table>\n<h2>Tour de montagne 7 couleurs \u00ab\u00a0Vinicunca\u00a0\u00bb<\/h2>\n<p><strong>Prix<\/strong>: US $ 35.00 par personne<br \/>\n<strong>Heures d&rsquo;ouverture<\/strong>: de 4h00 \u00e0 19h00<br \/>\n<strong>Dur\u00e9e<\/strong>: 15 heures<\/p>\n<table>\n<tbody>\n<tr>\n<td>INCLUS<\/td>\n<td><i class=\"fa fa-check icon-tick icon-tick--on\"><\/i> Transport aller-retour<br \/>\n<i class=\"fa fa-check icon-tick icon-tick--on\"><\/i> Guide professionnel accr\u00e9dit\u00e9<br \/>\n<i class=\"fa fa-check icon-tick icon-tick--on\"><\/i> Billet d&rsquo;entr\u00e9e<br \/>\n<i class=\"fa fa-check icon-tick icon-tick--on\"><\/i> Petit d\u00e9jeuner et d\u00e9jeuner<\/td>\n<\/tr>\n<tr>\n<td>NON INCLUS<\/td>\n<td><i class=\"fa fa-times icon-tick icon-tick--off\"><\/i> Boissons, d\u00e9penses suppl\u00e9mentaires, pourboires et d\u00eener.<\/td>\n<\/tr>\n<tr>\n<td>Quoi apporter<\/td>\n<td>\n<ul>\n<li>Chaussures de randonn\u00e9e<\/li>\n<li>Petit sac \u00e0 dos<\/li>\n<li>Appareil photo<\/li>\n<li>Veste de pluie ou ponchos en plastique<\/li>\n<li>Sunblock<\/li>\n<li>Lunettes de soleil<\/li>\n<li>Eau<\/li>\n<\/ul>\n<\/td>\n<\/tr>\n<\/tbody>\n<\/table>\n<p>&nbsp;<\/p>\n<h2>Itin\u00e9raire Montagne Arc-en-ciel ou Montagne de 7 couleurs<\/h2>\n<p>Nous avons commenc\u00e9 la visite \u00e0 Cusco ramasser tous nos voyageurs autour de 3h00 de votre h\u00f4tel pour commencer le voyage \u00e0 Qollasuyo, au sud de la partie ancienne Quechua (Cusco), nous voyageons pour 4 heures de transport de personnes Checacupe premier passage, puis par Pitumarka, et enfin atteindre Quechuyno, o\u00f9 il commencera la randonn\u00e9e, et ici nous nous arr\u00eatons pour le petit d\u00e9jeuner et apr\u00e8s une br\u00e8ve discussion a commenc\u00e9 notre promenade au pied du mont Ausangate, la hausse sera d&rsquo;environ 3 heures au plus haut point de Rainbow Mountain, le long de la fa\u00e7on dont nous allons observer diff\u00e9rents animaux dans la r\u00e9gion des Andes et de beaux paysages, apr\u00e8s avoir atteint 7 Colares Mountain, nous aurons le temps de prendre des photos de cet endroit \u00e9nigmatique. Le guide vous donnera une explication de ce que l&rsquo;origine de ces couleurs sur cette montagne unique, ont aussi leur temps libre d&rsquo;avoir une belle vue et l&rsquo;image de cet endroit.<\/p>\n<p>Ensuite, nous continuerons notre trek 3 heures de descente (Quechuyno) o\u00f9 nous commencerons le trekking, le d\u00e9jeuner \u00e0 ce moment, revenir enfin \u00e0 Cusco, l&rsquo;arriv\u00e9e sera vers 20h00 environ.<\/p>\n","protected":false},"excerpt":{"rendered":"<div class=\"padding-top text-center\"><a href=\"https:\/\/www.donperutours.com\/fr\/tours\/montagne-arc-en-ciel-ou-montagne-de-7-couleurs-vinicunca\/\" class=\"atbtn atbtn--medium atbtn--rounded atbtn--transparent\">Read more<i class=\"atbtn__icon atbtn__icon--right fa fa-long-arrow-right\"><\/i><\/a><\/div>\n","protected":false},"featured_media":1322,"comment_status":"closed","ping_status":"closed","template":"","meta":[],"product_brand":[],"product_cat":[39],"product_tag":[32,34,31,30,27,28],"class_list":{"0":"post-1323","1":"product","2":"type-product","3":"status-publish","4":"has-post-thumbnail","6":"product_cat-tours-a-cusco","7":"product_tag-agence-de-voyage-au-perou","8":"product_tag-agence-de-voyage-francophone-au-perou","9":"product_tag-circuit-perou","10":"product_tag-perou-voyages","11":"product_tag-voyage-au-perou","12":"product_tag-voyage-au-perou-circuit","13":"tour_category-tours-a-cusco","15":"first","16":"instock","17":"sale","18":"shipping-taxable","19":"purchasable","20":"product-type-tour"},"aioseo_notices":[],"_links":{"self":[{"href":"https:\/\/www.donperutours.com\/fr\/wp-json\/wp\/v2\/product\/1323","targetHints":{"allow":["GET"]}}],"collection":[{"href":"https:\/\/www.donperutours.com\/fr\/wp-json\/wp\/v2\/product"}],"about":[{"href":"https:\/\/www.donperutours.com\/fr\/wp-json\/wp\/v2\/types\/product"}],"replies":[{"embeddable":true,"href":"https:\/\/www.donperutours.com\/fr\/wp-json\/wp\/v2\/comments?post=1323"}],"wp:featuredmedia":[{"embeddable":true,"href":"https:\/\/www.donperutours.com\/fr\/wp-json\/wp\/v2\/media\/1322"}],"wp:attachment":[{"href":"https:\/\/www.donperutours.com\/fr\/wp-json\/wp\/v2\/media?parent=1323"}],"wp:term":[{"taxonomy":"product_brand","embeddable":true,"href":"https:\/\/www.donperutours.com\/fr\/wp-json\/wp\/v2\/product_brand?post=1323"},{"taxonomy":"product_cat","embeddable":true,"href":"https:\/\/www.donperutours.com\/fr\/wp-json\/wp\/v2\/product_cat?post=1323"},{"taxonomy":"product_tag","embeddable":true,"href":"https:\/\/www.donperutours.com\/fr\/wp-json\/wp\/v2\/product_tag?post=1323"}],"curies":[{"name":"wp","href":"https:\/\/api.w.org\/{rel}","templated":true}]}}