{"id":1266,"date":"2018-03-14T16:59:41","date_gmt":"2018-03-14T16:59:41","guid":{"rendered":"http:\/\/www.donperutours.com\/fr\/?post_type=product&#038;p=1266"},"modified":"2021-07-10T19:28:59","modified_gmt":"2021-07-10T19:28:59","slug":"voyage-dans-le-perou-magique-11-jours","status":"publish","type":"product","link":"https:\/\/www.donperutours.com\/fr\/tours\/voyage-dans-le-perou-magique-11-jours\/","title":{"rendered":"Voyage dans le P\u00e9rou Magique 11 Jours"},"content":{"rendered":"<h2>Voyage sur mesure au Perou<br \/>\nL\u2019essentiel du P\u00e9rou 11 Jours<\/h2>\n<p>Itin\u00e9raire: Lima \u2013 Arequipa \u2013 Canyon de Colca \u2013 Lac Titicaca \u2013 Cuzco \u2013 Vall\u00e9e Sacr\u00e9e des Incas \u2013 Machu Picchu \u2013 Lima.<\/p>\n<p>Tour de 11 jours o\u00f9 vous pouvez visiter le sud du P\u00e9rou, et conna\u00eetre les principales attractions de chaque ville \u00e0 visiter: Notre visite commence par Lima, Arequipa, Canyon de Colca, Lac Titicaca, Cusco, Vall\u00e9e Sacr\u00e9e des Incas et la ville perdue de les Incas Machu Picchu.<\/p>\n<div class=\"tours-tabs tours-tabs--with-border\">\n\t<ul class=\"nav nav-tabs\">\n\t<li class=\"active\"><a href=\"#attab1_1\" data-toggle=\"tab\">Tarifs<\/a><\/li><li><a href=\"#attab1_2\" data-toggle=\"tab\">Inclus \/ Non inclus<\/a><\/li>\t<\/ul>\n\t<div class=\"tab-content\">\n\t<div class=\"tab-pane active\" id=\"attab1_1\"><div class=\"tours-tabs__content padding-all\">\n<table>\n<tbody>\n<tr>\n<td><strong>A partir de<\/strong><\/td>\n<td><strong>Prix par personne<\/strong><\/td>\n<\/tr>\n<tr>\n<td>En h\u00f4tels 2*<\/td>\n<td>1765 US$<\/td>\n<\/tr>\n<tr>\n<td>En h\u00f4tels 3* standards<\/td>\n<td>1875 US$<\/td>\n<\/tr>\n<tr>\n<td>En h\u00f4tels 3* sup\u00e9rieurs<\/td>\n<td>1940 US$<\/td>\n<\/tr>\n<tr>\n<td>En h\u00f4tels 4*<\/td>\n<td>2230 US$<\/td>\n<\/tr>\n<tr>\n<td>En h\u00f4tels 5*<\/td>\n<td>2950 US$<\/td>\n<\/tr>\n<tr>\n<td colspan=\"2\">Sur la base de 2 personnes en chambre double\/matrimoniale. Prix indicatif. Le prix r\u00e9el peut varier en fonction de la saison.<\/td>\n<\/tr>\n<tr>\n<td colspan=\"2\">Les h\u00f4tels peuvent changer, puisque tout d\u00e9pend de la basse ou de la haute saison, et s&rsquo;il y a des places dans les h\u00f4tels mentionn\u00e9s.<\/td>\n<\/tr>\n<tr>\n<td style=\"border-color: #d52b1e; background-color: #d52b1e; text-align: center;\" colspan=\"2\"><a href=\"http:\/\/www.donperutours.com\/fr\/nous-contacter\/\"><strong><span style=\"color: #ffffff;\">DEMANDER UN DEVIS<\/span><\/strong><\/a><\/td>\n<\/tr>\n<\/tbody>\n<\/table>\n<\/div><\/div><div class=\"tab-pane\" id=\"attab1_2\"><div class=\"tours-tabs__content padding-all\">\n<table>\n<tbody>\n<tr>\n<td colspan=\"2\">\n<h3>P\u00e9rou Magique 11 Jours<\/h3>\n<\/td>\n<\/tr>\n<tr>\n<td>INCLUS<\/td>\n<td><i class=\"fa fa-check icon-tick icon-tick--on\"><\/i>2 vols int\u00e9rieurs Lima-Arequipa et Cuzco-Lima.<br \/>\n<i class=\"fa fa-check icon-tick icon-tick--on\"><\/i>Les transports en bus touristique.<br \/>\n<i class=\"fa fa-check icon-tick icon-tick--on\"><\/i>Les transferts a\u00e9roport<br \/>\n<i class=\"fa fa-check icon-tick icon-tick--on\"><\/i>Les nuits d\u2019h\u00f4tel avec petits d\u00e9jeuners.<br \/>\n<i class=\"fa fa-check icon-tick icon-tick--on\"><\/i>Les transferts gare\/h\u00f4tel et vice versa en v\u00e9hicule priv\u00e9.<br \/>\n<i class=\"fa fa-check icon-tick icon-tick--on\"><\/i>Entr\u00e9e au Machu Picchu.<\/td>\n<\/tr>\n<tr>\n<td>NON INCLUS<\/td>\n<td><i class=\"fa fa-times icon-tick icon-tick--off\"><\/i>Le vol international.<br \/>\n<i class=\"fa fa-times icon-tick icon-tick--off\"><\/i>Repas non mentionn\u00e9s.<br \/>\n<i class=\"fa fa-times icon-tick icon-tick--off\"><\/i>Les entr\u00e9es sur certains sites \u00e0 payer sur place (pour 1 adulte, 93 US$ pour l\u2019ensemble du circuit).<br \/>\n<i class=\"fa fa-times icon-tick icon-tick--off\"><\/i>Les excursions ou visites facultatives indiqu\u00e9es comme telle dans le programme: les sources d\u2019eaux chaudes \u00e0 Machu Picchu Pueblo.<br \/>\n<i class=\"fa fa-times icon-tick icon-tick--off\"><\/i>Les entr\u00e9es sur certains sites \u00e0 payer sur place (pour 1 adulte, 93 US$ pour l\u2019ensemble du circuit).<br \/>\n<i class=\"fa fa-times icon-tick icon-tick--off\"><\/i>Toutes Les boissons en g\u00e9n\u00e9ral.<br \/>\n<i class=\"fa fa-times icon-tick icon-tick--off\"><\/i>Une assurance annulation \/ rapatriement.<br \/>\n<i class=\"fa fa-times icon-tick icon-tick--off\"><\/i>Les \u00e9ventuels frais de transaction bancaire.<\/td>\n<\/tr>\n<\/tbody>\n<\/table>\n<\/div><\/div>\t<\/div>\n<\/div>\n<h2>Itin\u00e9raire Circuit Magie du P\u00e9rou<\/h2>\n<div class=\"panel-group accordion\" id=\"ataccordion1\"><br \/>\n\n<div class=\"panel panel-default accordion__item\">\n\t<div class=\"panel-heading accordion__item__title-wrap\">\n\t\t<h4 class=\"panel-title\">\n\t\t\t<a data-toggle=\"collapse\" data-parent=\"#ataccordion1\" href=\"#ataccordion1_1\" class=\"accordion__item__link\">Jour 1: Lima<\/a>\n\t\t<\/h4>\n\t<\/div>\n\t<div id=\"ataccordion1_1\" class=\"panel-collapse in\">\n\t\t<div class=\"panel-body accordion__item__content\">Ramassage de l&rsquo;a\u00e9roport \u00e0 Lima et ensuite nous vous emm\u00e8nerons \u00e0 l&rsquo;H\u00f4tel Britania situ\u00e9 dans le quartier de Miraflores. Journ\u00e9e libre, d\u00e9pendra beaucoup de l&rsquo;heure d&rsquo;arriv\u00e9e de votre vol \u00e0 Lima.<\/div>\n\t<\/div>\n<\/div><br \/>\n\n<div class=\"panel panel-default accordion__item\">\n\t<div class=\"panel-heading accordion__item__title-wrap\">\n\t\t<h4 class=\"panel-title\">\n\t\t\t<a data-toggle=\"collapse\" data-parent=\"#ataccordion1\" href=\"#ataccordion1_2\" class=\"accordion__item__link collapsed\">Jour 2: Lima - Arequipa<\/a>\n\t\t<\/h4>\n\t<\/div>\n\t<div id=\"ataccordion1_2\" class=\"panel-collapse collapse\">\n\t\t<div class=\"panel-body accordion__item__content\">Dans la matin\u00e9e, vous pouvez visiter le quartier de Miraflores pour prendre quelques photos et en savoir plus sur la capitale du P\u00e9rou. Dans l&rsquo;apr\u00e8s-midi, nous embarquerons \u00e0 bord de l&rsquo;avion de Lima \u00e0 Arequipa, puis nous vous emm\u00e8nerons \u00e0 votre h\u00f4tel \u00e0 Arequipa. Nous passerons la nuit \u00e0 l&rsquo;h\u00f4tel.<\/div>\n\t<\/div>\n<\/div><br \/>\n\n<div class=\"panel panel-default accordion__item\">\n\t<div class=\"panel-heading accordion__item__title-wrap\">\n\t\t<h4 class=\"panel-title\">\n\t\t\t<a data-toggle=\"collapse\" data-parent=\"#ataccordion1\" href=\"#ataccordion1_3\" class=\"accordion__item__link collapsed\">Jour 3: Arequipa<\/a>\n\t\t<\/h4>\n\t<\/div>\n\t<div id=\"ataccordion1_3\" class=\"panel-collapse collapse\">\n\t\t<div class=\"panel-body accordion__item__content\">Dans la matin\u00e9e, nous allons visiter la ville d&rsquo;Arequipa, visiter le quartier ancien de Yanahuara, le point de vue de Carmen Alto sur la ville et ses trois volcans, le centre colonial avec les clo\u00eetres de la Compagnie, le march\u00e9 et le monast\u00e8re Santa Catalina, l\u2019un des plus grands \u00e9difices religieux du P\u00e9rou.<br \/>\nSoir\u00e9e libre. Nous passerons la nuit \u00e0 l&rsquo;h\u00f4tel.<\/div>\n\t<\/div>\n<\/div><br \/>\n\n<div class=\"panel panel-default accordion__item\">\n\t<div class=\"panel-heading accordion__item__title-wrap\">\n\t\t<h4 class=\"panel-title\">\n\t\t\t<a data-toggle=\"collapse\" data-parent=\"#ataccordion1\" href=\"#ataccordion1_4\" class=\"accordion__item__link collapsed\">Jour 4: AREQUIPA - CANYON DU COLCA<\/a>\n\t\t<\/h4>\n\t<\/div>\n\t<div id=\"ataccordion1_4\" class=\"panel-collapse collapse\">\n\t\t<div class=\"panel-body accordion__item__content\">Dans la matin\u00e9e, nous irons au canyon de Colca, o\u00f9 nous ferons une promenade et o\u00f9 nous pourrons observer un grand nombre d&rsquo;animaux de la r\u00e9gion; les vigognes, les alpagas et les lamas. Vous monterez ensuite \u00e0 4900 m\u00e8tres, point culminant de votre circuit au P\u00e9rou, pour redescendre vers Chivay (3500 m), dans la vall\u00e9e du Colca, pour le d\u00e9jeuner (non compris). Apr\u00e8s le d\u00e9jeuner, vous pourrez faire une petite promenade d\u2019acclimatation en altitude pour vous rendre aux piscines thermales, o\u00f9 l\u2019eau est \u00e0 pr\u00e8s de 40\u00ba C (baignade optionnelle, l\u2019entr\u00e9e aux piscines d\u2019environ 4 US$ n\u2019est pas comprise). Nuit \u00e0 l\u2019h\u00f4tel Eco Inn.<\/div>\n\t<\/div>\n<\/div><br \/>\n\n<div class=\"panel panel-default accordion__item\">\n\t<div class=\"panel-heading accordion__item__title-wrap\">\n\t\t<h4 class=\"panel-title\">\n\t\t\t<a data-toggle=\"collapse\" data-parent=\"#ataccordion1\" href=\"#ataccordion1_5\" class=\"accordion__item__link collapsed\">Jour 5: CANYON DU COLCA - PUNO<\/a>\n\t\t<\/h4>\n\t<\/div>\n\t<div id=\"ataccordion1_5\" class=\"panel-collapse collapse\">\n\t\t<div class=\"panel-body accordion__item__content\">Tr\u00e8s t\u00f4t nous irons au point de vue du Condor, et o\u00f9 nous avons une vue panoramique de l&rsquo;endroit et nous pouvons \u00e9galement observer la rivi\u00e8re \u00e0 plus de 100 m\u00e8tres de profondeur, et si la chance nous accompagne, nous pouvons voir le vol des condors. Dans l&rsquo;apr\u00e8s-midi, nous embarquerons dans l&rsquo;autobus pour la ville de Puno, un voyage de 4 ou 5 heures. Nous passerons la nuit \u00e0 l&rsquo;h\u00f4tel Hacienda Plaza.<\/div>\n\t<\/div>\n<\/div><br \/>\n\n<div class=\"panel panel-default accordion__item\">\n\t<div class=\"panel-heading accordion__item__title-wrap\">\n\t\t<h4 class=\"panel-title\">\n\t\t\t<a data-toggle=\"collapse\" data-parent=\"#ataccordion1\" href=\"#ataccordion1_6\" class=\"accordion__item__link collapsed\">Jour 6: PUNO - LAC TITICACA - UROS - TAQUILE<\/a>\n\t\t<\/h4>\n\t<\/div>\n\t<div id=\"ataccordion1_6\" class=\"panel-collapse collapse\">\n\t\t<div class=\"panel-body accordion__item__content\">Dans la premi\u00e8re heure, nous irons au port de Puno pour monter \u00e0 bord d&rsquo;un hors-bord et naviguer sur le lac Titicaca, puis nous ferons un arr\u00eat est les \u00eeles de l&rsquo;Uros, et plus tard nous visiterons Taquile. Ici nous pouvons d\u00e9jeuner (non inclus), puis apr\u00e8s une journ\u00e9e d&rsquo;aventure, nous retournerons au port de Puno et plus tard \u00e0 votre h\u00f4tel.<\/div>\n\t<\/div>\n<\/div><br \/>\n\n<div class=\"panel panel-default accordion__item\">\n\t<div class=\"panel-heading accordion__item__title-wrap\">\n\t\t<h4 class=\"panel-title\">\n\t\t\t<a data-toggle=\"collapse\" data-parent=\"#ataccordion1\" href=\"#ataccordion1_7\" class=\"accordion__item__link collapsed\">Jour 7: PUNO \u2013 CUZCO<\/a>\n\t\t<\/h4>\n\t<\/div>\n\t<div id=\"ataccordion1_7\" class=\"panel-collapse collapse\">\n\t\t<div class=\"panel-body accordion__item__content\">Nous quitterons Puno dans la matin\u00e9e pour la ville de Cusco, et notre premier arr\u00eat sera \u00e0 Pukara, o\u00f9 se d\u00e9veloppa la premi\u00e8re civilisation de l\u2019altiplano, bien avant les Incas. Vous passerez ensuite au col de La Raya, \u00e0 4370 m\u00e8tres d\u2019altitude, o\u00f9 vous quitterez l\u2019altiplano pour descendre dans la vall\u00e9e du Vilcanota. L\u2019apr\u00e8s-midi, vous visiterez le site inca de Raqchi ainsi que le village et l\u2019\u00e9glise d\u2019Andahuaylillas. En fin d\u2019apr\u00e8s-midi, arriv\u00e9e \u00e0 Cuzco, l\u2019ancienne capitale des Incas et sans doute la plus belle ville du P\u00e9rou. Transfert et installation \u00e0 votre h\u00f4tel, le San Agustin Internacional, dans le centre historique de Cuzco.<\/div>\n\t<\/div>\n<\/div><br \/>\n\n<div class=\"panel panel-default accordion__item\">\n\t<div class=\"panel-heading accordion__item__title-wrap\">\n\t\t<h4 class=\"panel-title\">\n\t\t\t<a data-toggle=\"collapse\" data-parent=\"#ataccordion1\" href=\"#ataccordion1_8\" class=\"accordion__item__link collapsed\">Jour 8: CUZCO<\/a>\n\t\t<\/h4>\n\t<\/div>\n\t<div id=\"ataccordion1_8\" class=\"panel-collapse collapse\">\n\t\t<div class=\"panel-body accordion__item__content\">Notre premier jour \u00e0 Cusco sera magique et magnifique. O\u00f9 nous visiterons la c\u00e9l\u00e8bre pierre des 12 angles, plus tard, nous visiterons le Qoricancha \u00ab\u00a0Temple du Soleil\u00a0\u00bb, puis nous visiterons les ruines de Sacsayhuaman, Qenqo, Tambomachay et Puka Pukara. Soir\u00e9e libre. Vous pouvez visiter les environs de Cusco et le march\u00e9 international de Cusco.\n<p><strong>Note<\/strong>: Non inclus billet touristique<\/p>\n<p><a href=\"http:\/\/www.donperutours.com\/fr\/tourismeperou\/le-boleto-turistico-ticket-touristique-a-cusco\/\" target=\"_blank\" rel=\"noopener\">Le billet touristique<\/a> co\u00fbte 130 soles pour les adultes \u00ab\u00a045 US$ Environ\u00a0\u00bb, 70 soles pour \u00ab\u00a025US$ Environ\u00a0\u00bb les \u00e9tudiants.<\/p>\n<p>Pour visiter Cusco et la Vall\u00e9e Sacr\u00e9e, je vous recommande d\u2019acheter le ticket touristique appel\u00e9 \u00ab boleto turistico \u00bb. De toute fa\u00e7on, vous n\u2019aurez pas vraiment le choix: non seulement il est obligatoire pour avoir acc\u00e8s \u00e0 plusieurs sites d\u2019importance dans la r\u00e9gion de Cusco et la Vall\u00e9e Sacr\u00e9e, mais il est impossible d\u2019acheter les entr\u00e9es individuellement. Il exite deux billets diff\u00e9rents: l\u2019int\u00e9gral et le partiel.<br \/>\n<\/p><\/div>\n\t<\/div>\n<\/div><br \/>\n\n<div class=\"panel panel-default accordion__item\">\n\t<div class=\"panel-heading accordion__item__title-wrap\">\n\t\t<h4 class=\"panel-title\">\n\t\t\t<a data-toggle=\"collapse\" data-parent=\"#ataccordion1\" href=\"#ataccordion1_9\" class=\"accordion__item__link collapsed\">Jour 9: Cusco - Vall\u00e9e Sacr\u00e9e des Incas - Aguas Calientes<\/a>\n\t\t<\/h4>\n\t<\/div>\n\t<div id=\"ataccordion1_9\" class=\"panel-collapse collapse\">\n\t\t<div class=\"panel-body accordion__item__content\">Au d\u00e9but, nous embarquerons le bus dans Cusco pour la Vall\u00e9e Sacr\u00e9e des Incas, visiterons les ruines de Pisaq et le c\u00e9l\u00e8bre march\u00e9 artisanal de Pisaq. Ensuite, nous irons \u00e0 Urubamba o\u00f9 nous aurons le temps de d\u00e9jeuner. Puis nous visiterons Ollantaytambo et nous embarquerons plus tard dans le train en direction d&rsquo;Aguas Calientes. Nous passerons la nuit \u00e0 l&rsquo;h\u00f4tel Aguas Calientes.<\/div>\n\t<\/div>\n<\/div><br \/>\n\n<div class=\"panel panel-default accordion__item\">\n\t<div class=\"panel-heading accordion__item__title-wrap\">\n\t\t<h4 class=\"panel-title\">\n\t\t\t<a data-toggle=\"collapse\" data-parent=\"#ataccordion1\" href=\"#ataccordion1_10\" class=\"accordion__item__link collapsed\">Jour 10: AGUAS CALIENTES - MACHU PICCHU - CUZCO<\/a>\n\t\t<\/h4>\n\t<\/div>\n\t<div id=\"ataccordion1_10\" class=\"panel-collapse collapse\">\n\t\t<div class=\"panel-body accordion__item__content\">Tr\u00e8s t\u00f4t, nous irons \u00e0 bord du bus \u00e0 Aguas Calientes en direction de Machu Picchu, puis notre guide donnera une explication sur Machu Picchu et plus tard, vous aurez le temps de prendre des photos et visiter le site. Plus tard, nous retournerons \u00e0 Aguas Calientes et prendrons le train pour Ollantaytambo, puis nous arriverons \u00e0 la ville de Cusco. Nous passerons la nuit \u00e0 l&rsquo;h\u00f4tel San Agust\u00edn.<\/div>\n\t<\/div>\n<\/div><br \/>\n\n<div class=\"panel panel-default accordion__item\">\n\t<div class=\"panel-heading accordion__item__title-wrap\">\n\t\t<h4 class=\"panel-title\">\n\t\t\t<a data-toggle=\"collapse\" data-parent=\"#ataccordion1\" href=\"#ataccordion1_11\" class=\"accordion__item__link collapsed\">Jour 11: CUZCO - LIMA - RETOUR<\/a>\n\t\t<\/h4>\n\t<\/div>\n\t<div id=\"ataccordion1_11\" class=\"panel-collapse collapse\">\n\t\t<div class=\"panel-body accordion__item__content\">Dans la premi\u00e8re heure, nous vous emm\u00e8nerons \u00e0 l&rsquo;a\u00e9roport pour monter \u00e0 bord de l&rsquo;avion de Cusco \u00e0 Lima. Fin de notre service.\n<p>Note: Vous devez prendre en compte le d\u00e9part de votre avion vers votre destination d&rsquo;origine, et ne pas avoir de probl\u00e8mes avec les horaires.<\/p><\/div>\n\t<\/div>\n<\/div><br \/>\n<\/div>\n","protected":false},"excerpt":{"rendered":"<div class=\"padding-top text-center\"><a href=\"https:\/\/www.donperutours.com\/fr\/tours\/voyage-dans-le-perou-magique-11-jours\/\" class=\"atbtn atbtn--medium atbtn--rounded atbtn--transparent\">Read more<i class=\"atbtn__icon atbtn__icon--right fa fa-long-arrow-right\"><\/i><\/a><\/div>\n","protected":false},"featured_media":1212,"comment_status":"closed","ping_status":"closed","template":"","meta":[],"product_brand":[],"product_cat":[25],"product_tag":[32,34,33,36,31,30,27,28,29,35],"class_list":{"0":"post-1266","1":"product","2":"type-product","3":"status-publish","4":"has-post-thumbnail","6":"product_cat-perou-voyage","7":"product_tag-agence-de-voyage-au-perou","8":"product_tag-agence-de-voyage-francophone-au-perou","9":"product_tag-agence-de-voyage-perou","10":"product_tag-circuit-au-perou","11":"product_tag-circuit-perou","12":"product_tag-perou-voyages","13":"product_tag-voyage-au-perou","14":"product_tag-voyage-au-perou-circuit","15":"product_tag-voyage-decouverte","16":"product_tag-voyage-perou-circuit-organise","17":"tour_category-perou","19":"first","20":"instock","21":"shipping-taxable","22":"purchasable","23":"product-type-tour"},"aioseo_notices":[],"_links":{"self":[{"href":"https:\/\/www.donperutours.com\/fr\/wp-json\/wp\/v2\/product\/1266","targetHints":{"allow":["GET"]}}],"collection":[{"href":"https:\/\/www.donperutours.com\/fr\/wp-json\/wp\/v2\/product"}],"about":[{"href":"https:\/\/www.donperutours.com\/fr\/wp-json\/wp\/v2\/types\/product"}],"replies":[{"embeddable":true,"href":"https:\/\/www.donperutours.com\/fr\/wp-json\/wp\/v2\/comments?post=1266"}],"wp:featuredmedia":[{"embeddable":true,"href":"https:\/\/www.donperutours.com\/fr\/wp-json\/wp\/v2\/media\/1212"}],"wp:attachment":[{"href":"https:\/\/www.donperutours.com\/fr\/wp-json\/wp\/v2\/media?parent=1266"}],"wp:term":[{"taxonomy":"product_brand","embeddable":true,"href":"https:\/\/www.donperutours.com\/fr\/wp-json\/wp\/v2\/product_brand?post=1266"},{"taxonomy":"product_cat","embeddable":true,"href":"https:\/\/www.donperutours.com\/fr\/wp-json\/wp\/v2\/product_cat?post=1266"},{"taxonomy":"product_tag","embeddable":true,"href":"https:\/\/www.donperutours.com\/fr\/wp-json\/wp\/v2\/product_tag?post=1266"}],"curies":[{"name":"wp","href":"https:\/\/api.w.org\/{rel}","templated":true}]}}