{"id":1261,"date":"2018-03-03T00:35:21","date_gmt":"2018-03-03T00:35:21","guid":{"rendered":"http:\/\/www.donperutours.com\/fr\/?page_id=1261"},"modified":"2018-06-07T16:27:51","modified_gmt":"2018-06-07T16:27:51","slug":"des-voyages-sur-mesure-au-perou-et-en-bolivie","status":"publish","type":"page","link":"https:\/\/www.donperutours.com\/fr\/des-voyages-sur-mesure-au-perou-et-en-bolivie\/","title":{"rendered":"Des voyages sur mesure au P\u00e9rou et en Bolivie"},"content":{"rendered":"<p><strong>Don Peru Tours<\/strong> vous aidera \u00e0 planifier votre voyage, nos sp\u00e9cialistes s&rsquo;adapteront \u00e0 vos besoins, vos dates de voyage, votre budget et vos int\u00e9r\u00eats priv\u00e9s et r\u00e9aliseront ainsi des voyages inoubliables.<\/p>\n<p>Nous cr\u00e9ons un voyage diff\u00e9rent pour chaque profil: expliquez vos int\u00e9r\u00eats, vos temps disponibles, vos rythmes, vos go\u00fbts. Si vous aimez la randonn\u00e9e, la nature ou l&rsquo;arch\u00e9ologie, la culture, la gastronomie.<\/p>\n<p>Construisez votre voyage personnalis\u00e9 au P\u00e9rou directement avec les agences partenaires locales de Don Peru Tours. Votre voyage au meilleur prix!<\/p>\n<h2>Voyages personnalis\u00e9s<\/h2>\n<p class=\"wpcf7-contact-form-not-found\"><strong>Erreur\u00a0:<\/strong> Formulaire de contact non trouv\u00e9\u00a0!<\/p>\n","protected":false},"excerpt":{"rendered":"<div class=\"padding-top text-center\"><a href=\"https:\/\/www.donperutours.com\/fr\/des-voyages-sur-mesure-au-perou-et-en-bolivie\/\" class=\"atbtn atbtn--medium atbtn--rounded atbtn--transparent\">Read more<i class=\"atbtn__icon atbtn__icon--right fa fa-long-arrow-right\"><\/i><\/a><\/div>\n","protected":false},"author":1,"featured_media":0,"parent":0,"menu_order":0,"comment_status":"closed","ping_status":"closed","template":"","meta":{"footnotes":""},"class_list":["post-1261","page","type-page","status-publish","hentry"],"aioseo_notices":[],"amp_enabled":true,"_links":{"self":[{"href":"https:\/\/www.donperutours.com\/fr\/wp-json\/wp\/v2\/pages\/1261","targetHints":{"allow":["GET"]}}],"collection":[{"href":"https:\/\/www.donperutours.com\/fr\/wp-json\/wp\/v2\/pages"}],"about":[{"href":"https:\/\/www.donperutours.com\/fr\/wp-json\/wp\/v2\/types\/page"}],"author":[{"embeddable":true,"href":"https:\/\/www.donperutours.com\/fr\/wp-json\/wp\/v2\/users\/1"}],"replies":[{"embeddable":true,"href":"https:\/\/www.donperutours.com\/fr\/wp-json\/wp\/v2\/comments?post=1261"}],"version-history":[{"count":2,"href":"https:\/\/www.donperutours.com\/fr\/wp-json\/wp\/v2\/pages\/1261\/revisions"}],"predecessor-version":[{"id":1263,"href":"https:\/\/www.donperutours.com\/fr\/wp-json\/wp\/v2\/pages\/1261\/revisions\/1263"}],"wp:attachment":[{"href":"https:\/\/www.donperutours.com\/fr\/wp-json\/wp\/v2\/media?parent=1261"}],"curies":[{"name":"wp","href":"https:\/\/api.w.org\/{rel}","templated":true}]}}