{"id":1248,"date":"2018-01-20T16:23:41","date_gmt":"2018-01-20T16:23:41","guid":{"rendered":"http:\/\/www.donperutours.com\/fr\/?page_id=1248"},"modified":"2018-01-20T16:25:38","modified_gmt":"2018-01-20T16:25:38","slug":"voyage-peru-blog","status":"publish","type":"page","link":"https:\/\/www.donperutours.com\/fr\/voyage-peru-blog\/","title":{"rendered":"Voyage Peru Blog"},"content":{"rendered":"<div class=\"wpb-content-wrapper\"><p>[vc_row 0=\u00a0\u00bb\u00a0\u00bb][vc_column 0=\u00a0\u00bb\u00a0\u00bb][vc_column_text]<\/p>\n<h2 style=\"text-align: center;\">Voyage au P\u00e9rou recommandations<\/h2>\n<p style=\"text-align: center;\">Blog Voyage et tourisme du P\u00e9rou. Conseils pour voyager \u00e0 Cuzco, Arequipa, Lima Machu Picchu et d&rsquo;autres. Un guide de voyage pour le P\u00e9rou, nouvelles du tourisme, des conseils et des visites pour vos vacances au P\u00e9rou. Profitez de nos offres de voyage au P\u00e9rou!<\/p>\n<h3 style=\"text-align: center;\">Voyage \u00e0 travers le P\u00e9rou<\/h3>\n<p>[\/vc_column_text][vc_masonry_grid post_type=\u00a0\u00bbpost\u00a0\u00bb max_items=\u00a0\u00bb18&Prime; item=\u00a0\u00bbmasonryGrid_OverlayWithRotation\u00a0\u00bb initial_loading_animation=\u00a0\u00bbnone\u00a0\u00bb grid_id=\u00a0\u00bbvc_gid:1516465323928-62f2b208-2b94-5&Prime;][\/vc_column][\/vc_row]<\/p>\n<\/div>","protected":false},"excerpt":{"rendered":"<div class=\"padding-top text-center\"><a href=\"https:\/\/www.donperutours.com\/fr\/voyage-peru-blog\/\" class=\"atbtn atbtn--medium atbtn--rounded atbtn--transparent\">Read more<i class=\"atbtn__icon atbtn__icon--right fa fa-long-arrow-right\"><\/i><\/a><\/div>\n","protected":false},"author":1,"featured_media":0,"parent":0,"menu_order":0,"comment_status":"closed","ping_status":"closed","template":"","meta":{"footnotes":""},"class_list":["post-1248","page","type-page","status-publish","hentry"],"aioseo_notices":[],"amp_enabled":true,"_links":{"self":[{"href":"https:\/\/www.donperutours.com\/fr\/wp-json\/wp\/v2\/pages\/1248","targetHints":{"allow":["GET"]}}],"collection":[{"href":"https:\/\/www.donperutours.com\/fr\/wp-json\/wp\/v2\/pages"}],"about":[{"href":"https:\/\/www.donperutours.com\/fr\/wp-json\/wp\/v2\/types\/page"}],"author":[{"embeddable":true,"href":"https:\/\/www.donperutours.com\/fr\/wp-json\/wp\/v2\/users\/1"}],"replies":[{"embeddable":true,"href":"https:\/\/www.donperutours.com\/fr\/wp-json\/wp\/v2\/comments?post=1248"}],"version-history":[{"count":1,"href":"https:\/\/www.donperutours.com\/fr\/wp-json\/wp\/v2\/pages\/1248\/revisions"}],"predecessor-version":[{"id":1249,"href":"https:\/\/www.donperutours.com\/fr\/wp-json\/wp\/v2\/pages\/1248\/revisions\/1249"}],"wp:attachment":[{"href":"https:\/\/www.donperutours.com\/fr\/wp-json\/wp\/v2\/media?parent=1248"}],"curies":[{"name":"wp","href":"https:\/\/api.w.org\/{rel}","templated":true}]}}