{"id":4949,"date":"2026-04-09T23:32:01","date_gmt":"2026-04-09T23:32:01","guid":{"rendered":"https:\/\/www.donperutours.com\/es\/?post_type=product&#038;p=4949"},"modified":"2026-04-09T23:34:03","modified_gmt":"2026-04-09T23:34:03","slug":"traslado-privado-cusco-a-hotel-sol-y-luna-urubamba","status":"publish","type":"product","link":"https:\/\/www.donperutours.com\/es\/tours\/traslado-privado-cusco-a-hotel-sol-y-luna-urubamba\/","title":{"rendered":"Traslado privado Cusco a Hotel Sol y Luna Urubamba"},"content":{"rendered":"<p><strong>Traslado privado Cusco a Hotel Sol y Luna Urubamba<\/strong>. Si estas buscando un transporte privado desde Cusco o <a href=\"https:\/\/www.cuscoairporttransport.com\/es\/tours\/privado-traslado-cusco-a-urubamba\/\" target=\"_blank\" rel=\"noopener\">Aeropuerto Cusco a Hotel Sol y Luna ubicado en Urubamba<\/a> nosotros somos tu mejor opci\u00f3n. Nuestro viaje tendr\u00e1 una duraci\u00f3n de 1 hora y 40 minutos aproximadamente y en el camino podr\u00e1s ver los hermosos paisajes del <a href=\"https:\/\/www.donperutours.com\/es\/turismoperu\/traslado-aeropuerto-cusco-a-valle-sagrado\/\" target=\"_blank\" rel=\"noopener\">valle sagrado<\/a>, viaja seguro y c\u00f3modo. Solicita tu traslado privado v\u00eda WhatsApp y nuestro agente te ayudara r\u00e1pidamente.<\/p>\n<h2>Transporte privado Hotel Sol y Luna Valle Sagrado<\/h2>\n<table style=\"height: 86px;\" width=\"240\">\n<tbody>\n<tr>\n<td style=\"background-color: #d52b1e; border-color: #ffffff; text-align: center;\"><a href=\"https:\/\/wa.me\/51936286411\"><span style=\"color: #ffffff;\">RESERVAR<\/span><\/a><\/td>\n<\/tr>\n<tr>\n<td style=\"border-color: #ffffff;\"><\/td>\n<\/tr>\n<\/tbody>\n<\/table>\n<p><strong>Incluye<\/strong><br \/>\n<i class=\"fa fa-check icon-tick icon-tick--on\"><\/i> Recojo en (Hotel \/ Airbnb \/ <a href=\"https:\/\/www.donperutours.com\/es\/turismoperu\/traslado-aeropuerto-cusco-con-paradas-en-el-valle-sagrado\/\" target=\"_blank\" rel=\"noopener\">Aeropuerto Cusco<\/a>)<br \/>\n<i class=\"fa fa-check icon-tick icon-tick--on\"><\/i> Horario Flexible<br \/>\n<i class=\"fa fa-check icon-tick icon-tick--on\"><\/i> Movilidad y Conductor<br \/>\n<i class=\"fa fa-check icon-tick icon-tick--on\"><\/i> Drop off en <a href=\"https:\/\/www.gomachupicchubycar.com\/es\/tours\/transporte-privado-cusco-a-hotel-sol-y-luna\/\" target=\"_blank\" rel=\"noopener\">Hotel Sol y Luna<\/a><\/p>\n<p><strong>No Incluye<\/strong><br \/>\n<i class=\"fa fa-times icon-tick icon-tick--off\"><\/i> Seguro de viaje y otros servicios no mencionados.<\/p>\n<p><strong>Importante<\/strong>:<br \/>\n\u2022 Puedes solicitar el traslado ida o vuelta o unicamente un tramo.<br \/>\n\u2022 Si durante tu viaje al <strong>Hotel Sol y Luna<\/strong> deseas realizar algunas paradas para visitar los atractivos tur\u00edstico del valle sagrado de los incas tambi\u00e9n es posible, solo debes indicar al momento de solicitar tu <a href=\"https:\/\/www.riorojocusco.com\/tours\/tour-privado-valle-sagrado-de-los-incas-en-1-dia\/\" target=\"_blank\" rel=\"noopener\">transporte privado en Cusco<\/a>.<br \/>\n\u2022 Puedes adicionar un gu\u00eda profesional certificado para visitar los atractivos tur\u00edsticos del valle (Opcional).<br \/>\n\u2022 Tambi\u00e9n ofrecemos traslados desde Cusco a cualquier parte de <a href=\"https:\/\/www.mountainpalcoyo.com\/es\/traslado-cusco-urubamba\/\" target=\"_blank\" rel=\"noopener\">Urubamba<\/a> o el Valle Sagrado.<br \/>\n\u2022 Si deseas tours desde tu hotel tambi\u00e9n podemos ayudarte, tenemos diferentes tours privados.<\/p>\n<p><img loading=\"lazy\" decoding=\"async\" class=\"alignnone size-full wp-image-4951\" src=\"https:\/\/www.donperutours.com\/es\/wp-content\/uploads\/2026\/04\/translado-privado-hotel-sol-y-luna-urubamba.jpg\" alt=\"translado privado hotel sol y luna urubamba\" width=\"899\" height=\"1530\" srcset=\"https:\/\/www.donperutours.com\/es\/wp-content\/uploads\/2026\/04\/translado-privado-hotel-sol-y-luna-urubamba.jpg 899w, https:\/\/www.donperutours.com\/es\/wp-content\/uploads\/2026\/04\/translado-privado-hotel-sol-y-luna-urubamba-176x300.jpg 176w, https:\/\/www.donperutours.com\/es\/wp-content\/uploads\/2026\/04\/translado-privado-hotel-sol-y-luna-urubamba-602x1024.jpg 602w, https:\/\/www.donperutours.com\/es\/wp-content\/uploads\/2026\/04\/translado-privado-hotel-sol-y-luna-urubamba-768x1307.jpg 768w, https:\/\/www.donperutours.com\/es\/wp-content\/uploads\/2026\/04\/translado-privado-hotel-sol-y-luna-urubamba-600x1021.jpg 600w\" sizes=\"auto, (max-width: 899px) 100vw, 899px\" \/><\/p>\n","protected":false},"excerpt":{"rendered":"<div class=\"padding-top text-center\"><a href=\"https:\/\/www.donperutours.com\/es\/tours\/traslado-privado-cusco-a-hotel-sol-y-luna-urubamba\/\" class=\"atbtn atbtn--medium atbtn--rounded atbtn--transparent\">Read more<i class=\"atbtn__icon atbtn__icon--right fa fa-long-arrow-right\"><\/i><\/a><\/div>\n","protected":false},"featured_media":4950,"comment_status":"closed","ping_status":"closed","template":"","meta":[],"product_brand":[],"product_cat":[103],"product_tag":[],"class_list":{"0":"post-4949","1":"product","2":"type-product","3":"status-publish","4":"has-post-thumbnail","6":"product_cat-privados","7":"tour_category-tour-privados","9":"first","10":"instock","11":"shipping-taxable","12":"product-type-tour"},"aioseo_notices":[],"_links":{"self":[{"href":"https:\/\/www.donperutours.com\/es\/wp-json\/wp\/v2\/product\/4949","targetHints":{"allow":["GET"]}}],"collection":[{"href":"https:\/\/www.donperutours.com\/es\/wp-json\/wp\/v2\/product"}],"about":[{"href":"https:\/\/www.donperutours.com\/es\/wp-json\/wp\/v2\/types\/product"}],"replies":[{"embeddable":true,"href":"https:\/\/www.donperutours.com\/es\/wp-json\/wp\/v2\/comments?post=4949"}],"wp:featuredmedia":[{"embeddable":true,"href":"https:\/\/www.donperutours.com\/es\/wp-json\/wp\/v2\/media\/4950"}],"wp:attachment":[{"href":"https:\/\/www.donperutours.com\/es\/wp-json\/wp\/v2\/media?parent=4949"}],"wp:term":[{"taxonomy":"product_brand","embeddable":true,"href":"https:\/\/www.donperutours.com\/es\/wp-json\/wp\/v2\/product_brand?post=4949"},{"taxonomy":"product_cat","embeddable":true,"href":"https:\/\/www.donperutours.com\/es\/wp-json\/wp\/v2\/product_cat?post=4949"},{"taxonomy":"product_tag","embeddable":true,"href":"https:\/\/www.donperutours.com\/es\/wp-json\/wp\/v2\/product_tag?post=4949"}],"curies":[{"name":"wp","href":"https:\/\/api.w.org\/{rel}","templated":true}]}}