{"id":4908,"date":"2026-03-02T16:39:12","date_gmt":"2026-03-02T16:39:12","guid":{"rendered":"https:\/\/www.donperutours.com\/es\/?post_type=product&#038;p=4908"},"modified":"2026-03-02T16:41:39","modified_gmt":"2026-03-02T16:41:39","slug":"transporte-cusco-a-ollantaytambo-o-urubamba-con-paradas","status":"publish","type":"product","link":"https:\/\/www.donperutours.com\/es\/tours\/transporte-cusco-a-ollantaytambo-o-urubamba-con-paradas\/","title":{"rendered":"Transporte Cusco a Ollantaytambo o Urubamba con paradas"},"content":{"rendered":"<p><strong>Transporte Cusco a Ollantaytambo o Urubamba con paradas<\/strong>. Nuestra agencia de viajes tambi\u00e9n ofrece el traslado privado desde <a href=\"https:\/\/www.donperutours.com\/es\/tours\/privado-traslado-estacion-ollantaytambo-a-aeropuerto-cusco\/\" target=\"_blank\" rel=\"noopener\">Aeropuerto Cusco<\/a> o Hotel \/ Airbnb en Cusco hacia Ollantaytambo o Urubamba con paradas en el camino. Con este traslado tienes la opci\u00f3n de visitar algunos atractivos tur\u00edsticos que est\u00e1n ubicados en el <a href=\"https:\/\/www.cuscoairporttransport.com\/es\/tours\/transporte-valle-sagrado-a-cusco\/\" target=\"_blank\" rel=\"noopener\">valle sagrado de los incas<\/a> antes de llegar a tu destino.<\/p>\n<h2>Cusco a Ollantaytambo o Urubamba<\/h2>\n<table style=\"height: 86px;\" width=\"240\">\n<tbody>\n<tr>\n<td style=\"background-color: #d52b1e; border-color: #ffffff; text-align: center;\"><a href=\"https:\/\/wa.me\/51936286411\"><span style=\"color: #ffffff;\">RESERVAR<\/span><\/a><\/td>\n<\/tr>\n<tr>\n<td style=\"border-color: #ffffff;\"><\/td>\n<\/tr>\n<\/tbody>\n<\/table>\n<p>Que atractivos tur\u00edsticos puedes visitar en el camino.<\/p>\n<p><strong>Ruta 1<\/strong>: <a href=\"https:\/\/www.trasladosaeropuertocusco.com\/transporte-privado-mercado-pisac-y-ruinas-de-pisac\/\" target=\"_blank\" rel=\"noopener\">Mercado Pisac<\/a> y Pisac centro arqueol\u00f3gico.<br \/>\n<strong>Ruta 2<\/strong>: <a href=\"https:\/\/www.mountainvinicunca.com\/es\/tour-privado-chinchero-maras-moray-y-ollantaytambo\/\" target=\"_blank\" rel=\"noopener\">Chinchero<\/a>, Andenes de Moray y Salinera de Maras<br \/>\n<strong>Ruta 3<\/strong>: Escoge los atractivos que deseas visitar, solo debes ind\u00edcanos al momento de solicitar tu transporte privado.<\/p>\n<p><strong>Incluye<\/strong><br \/>\n<i class=\"fa fa-check icon-tick icon-tick--on\"><\/i> Recojo en Aeropuerto Cusco \/\u00a0 Hotel \/ Airbnb en Cusco (Indicar Direccion)<br \/>\n<i class=\"fa fa-check icon-tick icon-tick--on\"><\/i> Movilidad y Conductor<br \/>\n<i class=\"fa fa-check icon-tick icon-tick--on\"><\/i> Drop off en <a href=\"https:\/\/www.donperutours.com\/es\/turismoperu\/aeropuerto-cusco-a-ollantaytambo\/\" target=\"_blank\" rel=\"noopener\">Ollantaytambo<\/a> o <a href=\"https:\/\/www.donperutours.com\/es\/tours\/traslado-cusco-a-ollantaytambo-o-urubamba-ida-y-vuelta\/\" target=\"_blank\" rel=\"noopener\">Urubamba<\/a> (Indicar direcci\u00f3n)<\/p>\n<p><strong>No Incluye<\/strong><br \/>\n<i class=\"fa fa-times icon-tick icon-tick--off\"><\/i> Guia profesional, Seguro de viaje y otros servicios no mencionados.<\/p>\n<p><strong>Importante<\/strong>:<br \/>\n\u2022 Puedes solicitar tu recojo de ida o retorno.<br \/>\n\u2022 Si deseas gu\u00eda profesional tambi\u00e9n puedes solicitarlo.<br \/>\n\u2022 Tenemos salidas diarias y en todos los horarios, solo debes indicar tu hora de recojo.<br \/>\n\u2022 Para visitar los atractivos del valle sagrado necesitaras el boleto tur\u00edstico del Cusco parcial que tiene un costo de 70 soles por persona. Entrada a Salinera de Maras 20 soles. Llevar efectivo soles.<br \/>\n\u2022 Este traslado se adapta de acuerdo a tus requerimientos.<\/p>\n<p><img loading=\"lazy\" decoding=\"async\" class=\"alignnone size-full wp-image-4910\" src=\"https:\/\/www.donperutours.com\/es\/wp-content\/uploads\/2026\/03\/sacred-valley-with-stop.jpg\" alt=\"sacred valley with stop\" width=\"1280\" height=\"960\" srcset=\"https:\/\/www.donperutours.com\/es\/wp-content\/uploads\/2026\/03\/sacred-valley-with-stop.jpg 1280w, https:\/\/www.donperutours.com\/es\/wp-content\/uploads\/2026\/03\/sacred-valley-with-stop-300x225.jpg 300w, https:\/\/www.donperutours.com\/es\/wp-content\/uploads\/2026\/03\/sacred-valley-with-stop-1024x768.jpg 1024w, https:\/\/www.donperutours.com\/es\/wp-content\/uploads\/2026\/03\/sacred-valley-with-stop-768x576.jpg 768w, https:\/\/www.donperutours.com\/es\/wp-content\/uploads\/2026\/03\/sacred-valley-with-stop-600x450.jpg 600w\" sizes=\"auto, (max-width: 1280px) 100vw, 1280px\" \/><\/p>\n<p><img loading=\"lazy\" decoding=\"async\" class=\"alignnone size-full wp-image-4911\" src=\"https:\/\/www.donperutours.com\/es\/wp-content\/uploads\/2026\/03\/transfer-ollantaytambo-with-stop.jpg\" alt=\"transfer ollantaytambo with stop\" width=\"1200\" height=\"1600\" srcset=\"https:\/\/www.donperutours.com\/es\/wp-content\/uploads\/2026\/03\/transfer-ollantaytambo-with-stop.jpg 1200w, https:\/\/www.donperutours.com\/es\/wp-content\/uploads\/2026\/03\/transfer-ollantaytambo-with-stop-225x300.jpg 225w, https:\/\/www.donperutours.com\/es\/wp-content\/uploads\/2026\/03\/transfer-ollantaytambo-with-stop-768x1024.jpg 768w, https:\/\/www.donperutours.com\/es\/wp-content\/uploads\/2026\/03\/transfer-ollantaytambo-with-stop-1152x1536.jpg 1152w, https:\/\/www.donperutours.com\/es\/wp-content\/uploads\/2026\/03\/transfer-ollantaytambo-with-stop-600x800.jpg 600w\" sizes=\"auto, (max-width: 1200px) 100vw, 1200px\" \/><\/p>\n","protected":false},"excerpt":{"rendered":"<div class=\"padding-top text-center\"><a href=\"https:\/\/www.donperutours.com\/es\/tours\/transporte-cusco-a-ollantaytambo-o-urubamba-con-paradas\/\" class=\"atbtn atbtn--medium atbtn--rounded atbtn--transparent\">Read more<i class=\"atbtn__icon atbtn__icon--right fa fa-long-arrow-right\"><\/i><\/a><\/div>\n","protected":false},"featured_media":4909,"comment_status":"closed","ping_status":"closed","template":"","meta":[],"product_brand":[],"product_cat":[103],"product_tag":[],"class_list":{"0":"post-4908","1":"product","2":"type-product","3":"status-publish","4":"has-post-thumbnail","6":"product_cat-privados","7":"tour_category-tour-privados","9":"first","10":"instock","11":"shipping-taxable","12":"product-type-tour"},"aioseo_notices":[],"_links":{"self":[{"href":"https:\/\/www.donperutours.com\/es\/wp-json\/wp\/v2\/product\/4908","targetHints":{"allow":["GET"]}}],"collection":[{"href":"https:\/\/www.donperutours.com\/es\/wp-json\/wp\/v2\/product"}],"about":[{"href":"https:\/\/www.donperutours.com\/es\/wp-json\/wp\/v2\/types\/product"}],"replies":[{"embeddable":true,"href":"https:\/\/www.donperutours.com\/es\/wp-json\/wp\/v2\/comments?post=4908"}],"wp:featuredmedia":[{"embeddable":true,"href":"https:\/\/www.donperutours.com\/es\/wp-json\/wp\/v2\/media\/4909"}],"wp:attachment":[{"href":"https:\/\/www.donperutours.com\/es\/wp-json\/wp\/v2\/media?parent=4908"}],"wp:term":[{"taxonomy":"product_brand","embeddable":true,"href":"https:\/\/www.donperutours.com\/es\/wp-json\/wp\/v2\/product_brand?post=4908"},{"taxonomy":"product_cat","embeddable":true,"href":"https:\/\/www.donperutours.com\/es\/wp-json\/wp\/v2\/product_cat?post=4908"},{"taxonomy":"product_tag","embeddable":true,"href":"https:\/\/www.donperutours.com\/es\/wp-json\/wp\/v2\/product_tag?post=4908"}],"curies":[{"name":"wp","href":"https:\/\/api.w.org\/{rel}","templated":true}]}}