{"id":4548,"date":"2025-08-15T11:22:10","date_gmt":"2025-08-15T11:22:10","guid":{"rendered":"https:\/\/www.donperutours.com\/es\/?post_type=product&#038;p=4548"},"modified":"2025-08-15T11:25:40","modified_gmt":"2025-08-15T11:25:40","slug":"transporte-privado-cusco-a-del-pilar-ollantaytambo","status":"publish","type":"product","link":"https:\/\/www.donperutours.com\/es\/tours\/transporte-privado-cusco-a-del-pilar-ollantaytambo\/","title":{"rendered":"Transporte privado Cusco a Del Pilar Ollantaytambo"},"content":{"rendered":"<p><strong>Transporte privado Cusco a Del Pilar Ollantaytambo<\/strong>. Nuestra agencia de viajes ofrece el servicio de traslado privado desde Cusco a Hotel Del Pilar Ollantaytambo ubicado en Chilca a 20 minutos aproximadamente de la plaza principal de <a href=\"https:\/\/www.donperutours.com\/es\/turismoperu\/transporte-ollantaytambo-a-cusco\/\" target=\"_blank\" rel=\"noopener\">Ollantaytambo<\/a>, <a href=\"https:\/\/www.donperutours.com\/es\/tours\/privado-traslado-cusco-a-valle-sagrado-de-los-incas\/\" target=\"_blank\" rel=\"noopener\">Valle Sagrado de los Incas<\/a>. El hotel Del Pilar se encuentra rodeado de hermosos paisajes andinos y monta\u00f1as. Y tiene una decoraci\u00f3n rustica muy parecido a una hacienda. Est\u00e1 considerado como uno de los hoteles de lujo del <a href=\"https:\/\/www.mountainpalcoyo.com\/es\/tours\/privado-valle-sagrado-de-los-incas\/\" target=\"_blank\" rel=\"noopener\">Valle sagrado<\/a> de los Incas y si est\u00e1s pensando en alojarte en este hotel y deseas un traslado privado solo ponte en contacto con nosotros y r\u00e1pidamente te ayudaremos. Puedes solicitar el transporte de ida, ida o vuelta o solo retorno. Tenemos salidas diarias, las 24 horas.<\/p>\n<h2>Cusco a Del Pilar Ollantaytambo Hotel<\/h2>\n<table style=\"height: 86px;\" width=\"240\">\n<tbody>\n<tr>\n<td style=\"background-color: #d52b1e; border-color: #ffffff; text-align: center;\"><a href=\"https:\/\/wa.me\/51936286411\"><span style=\"color: #ffffff;\">RESERVAR<\/span><\/a><\/td>\n<\/tr>\n<tr>\n<td style=\"border-color: #ffffff;\"><\/td>\n<\/tr>\n<\/tbody>\n<\/table>\n<p><strong>Incluye<\/strong><br \/>\n<i class=\"fa fa-check icon-tick icon-tick--on\"><\/i> Recojo en Cusco (Indicar direcci\u00f3n)<br \/>\n<i class=\"fa fa-check icon-tick icon-tick--on\"><\/i> Horario Flexible<br \/>\n<i class=\"fa fa-check icon-tick icon-tick--on\"><\/i> Movilidad y Conductor<br \/>\n<i class=\"fa fa-check icon-tick icon-tick--on\"><\/i> Drop off en Del PIlar Ollantaytambo Hotel<\/p>\n<p><strong>No Incluye<\/strong><br \/>\n<i class=\"fa fa-times icon-tick icon-tick--off\"><\/i> Seguro de viaje y otros servicios no mencionados.<\/p>\n<p><strong>Importante<\/strong>:<br \/>\n\u2022 Puedes solicitar el traslado ida o vuelta o el tramo que desees.<br \/>\n\u2022 Si deseas hacer paradas en el camino tambi\u00e9n es posible, en la ruta del valle sagrado hay varios atractivos tur\u00edsticos y t\u00fa puedes escoger los que desees visitar y el veh\u00edculo te llevara a cada atractivo tur\u00edstico elegido. Puedes solicitar gu\u00eda profesional certificado (Opcional).<br \/>\n\u2022 Si tu recojo es del <a href=\"https:\/\/www.cuscoairporttransport.com\/es\/tours\/traslado-aeropuerto-cusco-a-hotel-en-cusco\/\" target=\"_blank\" rel=\"noopener\">Aeropuerto Cusco<\/a>, indicar numero de vuelo y hora de llegada.<\/p>\n<p><img loading=\"lazy\" decoding=\"async\" class=\"alignnone size-full wp-image-4551\" src=\"https:\/\/www.donperutours.com\/es\/wp-content\/uploads\/2025\/08\/transport-del-pilar-ollantaytambo.jpg\" alt=\"transport del pilar ollantaytambo\" width=\"1440\" height=\"1800\" srcset=\"https:\/\/www.donperutours.com\/es\/wp-content\/uploads\/2025\/08\/transport-del-pilar-ollantaytambo.jpg 1440w, https:\/\/www.donperutours.com\/es\/wp-content\/uploads\/2025\/08\/transport-del-pilar-ollantaytambo-240x300.jpg 240w, https:\/\/www.donperutours.com\/es\/wp-content\/uploads\/2025\/08\/transport-del-pilar-ollantaytambo-819x1024.jpg 819w, https:\/\/www.donperutours.com\/es\/wp-content\/uploads\/2025\/08\/transport-del-pilar-ollantaytambo-768x960.jpg 768w, https:\/\/www.donperutours.com\/es\/wp-content\/uploads\/2025\/08\/transport-del-pilar-ollantaytambo-1229x1536.jpg 1229w, https:\/\/www.donperutours.com\/es\/wp-content\/uploads\/2025\/08\/transport-del-pilar-ollantaytambo-600x750.jpg 600w\" sizes=\"auto, (max-width: 1440px) 100vw, 1440px\" \/><\/p>\n","protected":false},"excerpt":{"rendered":"<div class=\"padding-top text-center\"><a href=\"https:\/\/www.donperutours.com\/es\/tours\/transporte-privado-cusco-a-del-pilar-ollantaytambo\/\" class=\"atbtn atbtn--medium atbtn--rounded atbtn--transparent\">Read more<i class=\"atbtn__icon atbtn__icon--right fa fa-long-arrow-right\"><\/i><\/a><\/div>\n","protected":false},"featured_media":4549,"comment_status":"closed","ping_status":"closed","template":"","meta":[],"product_brand":[],"product_cat":[103],"product_tag":[],"class_list":{"0":"post-4548","1":"product","2":"type-product","3":"status-publish","4":"has-post-thumbnail","6":"product_cat-privados","7":"tour_category-tour-privados","9":"first","10":"instock","11":"shipping-taxable","12":"product-type-tour"},"aioseo_notices":[],"_links":{"self":[{"href":"https:\/\/www.donperutours.com\/es\/wp-json\/wp\/v2\/product\/4548","targetHints":{"allow":["GET"]}}],"collection":[{"href":"https:\/\/www.donperutours.com\/es\/wp-json\/wp\/v2\/product"}],"about":[{"href":"https:\/\/www.donperutours.com\/es\/wp-json\/wp\/v2\/types\/product"}],"replies":[{"embeddable":true,"href":"https:\/\/www.donperutours.com\/es\/wp-json\/wp\/v2\/comments?post=4548"}],"wp:featuredmedia":[{"embeddable":true,"href":"https:\/\/www.donperutours.com\/es\/wp-json\/wp\/v2\/media\/4549"}],"wp:attachment":[{"href":"https:\/\/www.donperutours.com\/es\/wp-json\/wp\/v2\/media?parent=4548"}],"wp:term":[{"taxonomy":"product_brand","embeddable":true,"href":"https:\/\/www.donperutours.com\/es\/wp-json\/wp\/v2\/product_brand?post=4548"},{"taxonomy":"product_cat","embeddable":true,"href":"https:\/\/www.donperutours.com\/es\/wp-json\/wp\/v2\/product_cat?post=4548"},{"taxonomy":"product_tag","embeddable":true,"href":"https:\/\/www.donperutours.com\/es\/wp-json\/wp\/v2\/product_tag?post=4548"}],"curies":[{"name":"wp","href":"https:\/\/api.w.org\/{rel}","templated":true}]}}