{"id":4524,"date":"2025-08-02T20:27:26","date_gmt":"2025-08-02T20:27:26","guid":{"rendered":"https:\/\/www.donperutours.com\/es\/?post_type=product&#038;p=4524"},"modified":"2025-08-04T12:27:23","modified_gmt":"2025-08-04T12:27:23","slug":"transporte-privado-cusco-a-sonesta-posadas-del-inka","status":"publish","type":"product","link":"https:\/\/www.donperutours.com\/es\/tours\/transporte-privado-cusco-a-sonesta-posadas-del-inka\/","title":{"rendered":"Transporte privado Cusco a Sonesta Posadas del Inca"},"content":{"rendered":"<p><strong>Transporte privado Cusco a Sonesta Posadas del Inka<\/strong>. Servicio de traslado privado desde Cusco hacia el Hotel Sonesta Posadas del Inka ubicado en la <a href=\"https:\/\/www.cuscoairporttransport.com\/es\/tours\/traslado-privado-cusco-a-yucay\/\" target=\"_blank\" rel=\"noopener\">localidad de Yucay<\/a>. Este hotel es muy elegante y esta categorizado por ser uno de los m\u00e1s hermosos del <a href=\"https:\/\/www.donperutours.com\/es\/tours\/privado-traslado-cusco-a-valle-sagrado-de-los-incas\/\" target=\"_blank\" rel=\"noopener\">valle sagrado de los incas<\/a>. El tiempo de viaje desde Cusco ser\u00e1 de 1 hora y 30 minutos aproximadamente, pero puede variar de acuerdo al tr\u00e1fico de la ciudad. Si est\u00e1s buscando un <strong>transporte privado desde Cusco hacia Sonesta Posada del Inka<\/strong> puedes enviarnos un mensaje y nuestros agentes de viajes te ayudaran r\u00e1pidamente. Tenemos disponibilidad en todos los horarios diariamente.<\/p>\n<h2>Traslado Cusco a Sonesta Posadas del Inka<\/h2>\n<table style=\"height: 86px;\" width=\"240\">\n<tbody>\n<tr>\n<td style=\"background-color: #d52b1e; border-color: #ffffff; text-align: center;\"><a href=\"https:\/\/wa.me\/51936286411\"><span style=\"color: #ffffff;\">RESERVAR<\/span><\/a><\/td>\n<\/tr>\n<tr>\n<td style=\"border-color: #ffffff;\"><\/td>\n<\/tr>\n<\/tbody>\n<\/table>\n<p><strong>Incluye<\/strong><br \/>\n<i class=\"fa fa-check icon-tick icon-tick--on\"><\/i> Recojo en Cusco (Indicar direcci\u00f3n)<br \/>\n<i class=\"fa fa-check icon-tick icon-tick--on\"><\/i> Horario Flexible<br \/>\n<i class=\"fa fa-check icon-tick icon-tick--on\"><\/i> Movilidad y Conductor<br \/>\n<i class=\"fa fa-check icon-tick icon-tick--on\"><\/i> Drop off en Sonesta Hotel Posadas del Inca <a href=\"https:\/\/www.mountainpalcoyo.com\/es\/traslado-privado-cusco-a-yucay\/\" target=\"_blank\" rel=\"noopener\">Yucay<\/a><\/p>\n<p><strong>No Incluye<\/strong><br \/>\n<i class=\"fa fa-times icon-tick icon-tick--off\"><\/i> Seguro de viaje y otros servicios no mencionados.<\/p>\n<p><strong>Importante<\/strong>:<br \/>\n\u2022 El recojo puede ser en cualquier parte del Cusco o <a href=\"https:\/\/www.donperutours.com\/es\/turismoperu\/aeropuerto-cusco-a-valle-sagrado-de-los-incas\/\" target=\"_blank\" rel=\"noopener\">Aeropuerto Cusco<\/a> y el destino puede ser en cualquier parte del Valle Sagrado de los incas, solo debes indicar al momento de realizar tu reserva.<\/p>\n<p>\u2022 Si deseas realizar algunas paradas en el camino solo debes indicarnos. Y nuestro agente te ayudara y te brindara algunas recomendaciones.<\/p>\n<p><img loading=\"lazy\" decoding=\"async\" class=\"alignnone size-full wp-image-4526\" src=\"https:\/\/www.donperutours.com\/es\/wp-content\/uploads\/2025\/08\/traslado-privado-soneta-posadas-del-inka.jpg\" alt=\"traslado privado soneta posadas del inka\" width=\"1440\" height=\"1800\" srcset=\"https:\/\/www.donperutours.com\/es\/wp-content\/uploads\/2025\/08\/traslado-privado-soneta-posadas-del-inka.jpg 1440w, https:\/\/www.donperutours.com\/es\/wp-content\/uploads\/2025\/08\/traslado-privado-soneta-posadas-del-inka-240x300.jpg 240w, https:\/\/www.donperutours.com\/es\/wp-content\/uploads\/2025\/08\/traslado-privado-soneta-posadas-del-inka-819x1024.jpg 819w, https:\/\/www.donperutours.com\/es\/wp-content\/uploads\/2025\/08\/traslado-privado-soneta-posadas-del-inka-768x960.jpg 768w, https:\/\/www.donperutours.com\/es\/wp-content\/uploads\/2025\/08\/traslado-privado-soneta-posadas-del-inka-1229x1536.jpg 1229w, https:\/\/www.donperutours.com\/es\/wp-content\/uploads\/2025\/08\/traslado-privado-soneta-posadas-del-inka-600x750.jpg 600w\" sizes=\"auto, (max-width: 1440px) 100vw, 1440px\" \/><\/p>\n","protected":false},"excerpt":{"rendered":"<div class=\"padding-top text-center\"><a href=\"https:\/\/www.donperutours.com\/es\/tours\/transporte-privado-cusco-a-sonesta-posadas-del-inka\/\" class=\"atbtn atbtn--medium atbtn--rounded atbtn--transparent\">Read more<i class=\"atbtn__icon atbtn__icon--right fa fa-long-arrow-right\"><\/i><\/a><\/div>\n","protected":false},"featured_media":4525,"comment_status":"closed","ping_status":"closed","template":"","meta":[],"product_brand":[],"product_cat":[103],"product_tag":[],"class_list":{"0":"post-4524","1":"product","2":"type-product","3":"status-publish","4":"has-post-thumbnail","6":"product_cat-privados","7":"tour_category-tour-privados","9":"first","10":"instock","11":"shipping-taxable","12":"product-type-tour"},"aioseo_notices":[],"_links":{"self":[{"href":"https:\/\/www.donperutours.com\/es\/wp-json\/wp\/v2\/product\/4524","targetHints":{"allow":["GET"]}}],"collection":[{"href":"https:\/\/www.donperutours.com\/es\/wp-json\/wp\/v2\/product"}],"about":[{"href":"https:\/\/www.donperutours.com\/es\/wp-json\/wp\/v2\/types\/product"}],"replies":[{"embeddable":true,"href":"https:\/\/www.donperutours.com\/es\/wp-json\/wp\/v2\/comments?post=4524"}],"wp:featuredmedia":[{"embeddable":true,"href":"https:\/\/www.donperutours.com\/es\/wp-json\/wp\/v2\/media\/4525"}],"wp:attachment":[{"href":"https:\/\/www.donperutours.com\/es\/wp-json\/wp\/v2\/media?parent=4524"}],"wp:term":[{"taxonomy":"product_brand","embeddable":true,"href":"https:\/\/www.donperutours.com\/es\/wp-json\/wp\/v2\/product_brand?post=4524"},{"taxonomy":"product_cat","embeddable":true,"href":"https:\/\/www.donperutours.com\/es\/wp-json\/wp\/v2\/product_cat?post=4524"},{"taxonomy":"product_tag","embeddable":true,"href":"https:\/\/www.donperutours.com\/es\/wp-json\/wp\/v2\/product_tag?post=4524"}],"curies":[{"name":"wp","href":"https:\/\/api.w.org\/{rel}","templated":true}]}}