{"id":4408,"date":"2025-05-07T18:53:09","date_gmt":"2025-05-07T18:53:09","guid":{"rendered":"https:\/\/www.donperutours.com\/es\/?post_type=product&#038;p=4408"},"modified":"2025-05-07T18:55:50","modified_gmt":"2025-05-07T18:55:50","slug":"privado-traslado-cusco-a-valle-sagrado-de-los-incas","status":"publish","type":"product","link":"https:\/\/www.donperutours.com\/es\/tours\/privado-traslado-cusco-a-valle-sagrado-de-los-incas\/","title":{"rendered":"Privado Traslado Cusco a Valle Sagrado de los Incas"},"content":{"rendered":"<p><strong>Privado Traslado Cusco a Valle Sagrado de los Incas<\/strong>. Nuestra agencia ofrece el servicio de <a href=\"https:\/\/www.donperutours.com\/es\/turismoperu\/traslado-aeropuerto-cusco-con-paradas-en-el-valle-sagrado\/\" target=\"_blank\" rel=\"noopener\">transporte tur\u00edstico privado de Cusco a Valle Sagrado de los Incas ida y vuelta<\/a>. Y si solo deseas un tramo tambi\u00e9n es posible; es decir Valle Sagrado de los incas a Cusco o Aeropuerto Cusco o viceversa. El viaje de Cusco a <a href=\"https:\/\/www.donperutours.com\/es\/turismoperu\/transporte-valle-sagrado-a-cusco-con-paradas\/\" target=\"_blank\" rel=\"noopener\">Valle Sagrado<\/a> es de aproximadamente 1 hora y 40 minutos, depender\u00e1 mucho de la ubicaci\u00f3n de tu hotel o airbnb. Tenemos salidas diarias en diferentes tipos de veh\u00edculos: Autos, Camionetas, Van y Sprinter. Nuestro traslado est\u00e1 disponible todos los d\u00edas y en todos los horarios.<\/p>\n<h2>Traslado Cusco a Valle Sagrado<\/h2>\n<table style=\"height: 86px;\" width=\"240\">\n<tbody>\n<tr>\n<td style=\"background-color: #d52b1e; border-color: #ffffff; text-align: center;\"><a href=\"https:\/\/wa.me\/51936286411\"><span style=\"color: #ffffff;\">RESERVAR<\/span><\/a><\/td>\n<\/tr>\n<tr>\n<td style=\"border-color: #ffffff;\"><\/td>\n<\/tr>\n<\/tbody>\n<\/table>\n<p><strong>Incluye<\/strong><br \/>\n<i class=\"fa fa-check icon-tick icon-tick--on\"><\/i> Recojo (Indicar direcci\u00f3n)<br \/>\n<i class=\"fa fa-check icon-tick icon-tick--on\"><\/i> Horario Flexible<br \/>\n<i class=\"fa fa-check icon-tick icon-tick--on\"><\/i> Movilidad y Conductor<br \/>\n<i class=\"fa fa-check icon-tick icon-tick--on\"><\/i> Drop off en (Indicar direcci\u00f3n)<\/p>\n<p><strong>No Incluye<\/strong><br \/>\n<i class=\"fa fa-times icon-tick icon-tick--off\"><\/i> Seguro de viaje y otros servicios no mencionados.<\/p>\n<p><strong>Importante<\/strong>:<br \/>\n\u2022 El recojo puede ser en cualquier parte del Cusco o <a href=\"https:\/\/www.cuscoairporttransport.com\/es\/2025\/02\/07\/traslado-privado-aeropuerto-cusco-a-ollantaytambo-ida-y-vuelta\/\" target=\"_blank\" rel=\"noopener\">Aeropuerto Cusco<\/a> y el destino puede ser en cualquier parte del <a href=\"https:\/\/www.gomachupicchubycar.com\/es\/tours\/tour-privado-valle-sagrado-de-los-incas-en-1-dia\/\" target=\"_blank\" rel=\"noopener\">Valle Sagrado de los incas<\/a>, solo debes indicar al momento de realizar tu reserva.<\/p>\n<p>\u2022 Si deseas realizar algunas paradas en el camino solo debes indicarnos. Y nuestro agente te ayudara y te brindara algunas recomendaciones.<\/p>\n<p><img loading=\"lazy\" decoding=\"async\" class=\"alignnone size-full wp-image-4410\" src=\"https:\/\/www.donperutours.com\/es\/wp-content\/uploads\/2025\/05\/privado-valle-sagrado-traslado.jpg\" alt=\"privado valle sagrado traslado\" width=\"900\" height=\"1200\" srcset=\"https:\/\/www.donperutours.com\/es\/wp-content\/uploads\/2025\/05\/privado-valle-sagrado-traslado.jpg 900w, https:\/\/www.donperutours.com\/es\/wp-content\/uploads\/2025\/05\/privado-valle-sagrado-traslado-225x300.jpg 225w, https:\/\/www.donperutours.com\/es\/wp-content\/uploads\/2025\/05\/privado-valle-sagrado-traslado-768x1024.jpg 768w, https:\/\/www.donperutours.com\/es\/wp-content\/uploads\/2025\/05\/privado-valle-sagrado-traslado-600x800.jpg 600w\" sizes=\"auto, (max-width: 900px) 100vw, 900px\" \/><\/p>\n<p>&nbsp;<\/p>\n","protected":false},"excerpt":{"rendered":"<div class=\"padding-top text-center\"><a href=\"https:\/\/www.donperutours.com\/es\/tours\/privado-traslado-cusco-a-valle-sagrado-de-los-incas\/\" class=\"atbtn atbtn--medium atbtn--rounded atbtn--transparent\">Read more<i class=\"atbtn__icon atbtn__icon--right fa fa-long-arrow-right\"><\/i><\/a><\/div>\n","protected":false},"featured_media":4409,"comment_status":"closed","ping_status":"closed","template":"","meta":[],"product_brand":[],"product_cat":[103],"product_tag":[],"class_list":{"0":"post-4408","1":"product","2":"type-product","3":"status-publish","4":"has-post-thumbnail","6":"product_cat-privados","7":"tour_category-tour-privados","9":"first","10":"instock","11":"shipping-taxable","12":"product-type-tour"},"aioseo_notices":[],"_links":{"self":[{"href":"https:\/\/www.donperutours.com\/es\/wp-json\/wp\/v2\/product\/4408","targetHints":{"allow":["GET"]}}],"collection":[{"href":"https:\/\/www.donperutours.com\/es\/wp-json\/wp\/v2\/product"}],"about":[{"href":"https:\/\/www.donperutours.com\/es\/wp-json\/wp\/v2\/types\/product"}],"replies":[{"embeddable":true,"href":"https:\/\/www.donperutours.com\/es\/wp-json\/wp\/v2\/comments?post=4408"}],"wp:featuredmedia":[{"embeddable":true,"href":"https:\/\/www.donperutours.com\/es\/wp-json\/wp\/v2\/media\/4409"}],"wp:attachment":[{"href":"https:\/\/www.donperutours.com\/es\/wp-json\/wp\/v2\/media?parent=4408"}],"wp:term":[{"taxonomy":"product_brand","embeddable":true,"href":"https:\/\/www.donperutours.com\/es\/wp-json\/wp\/v2\/product_brand?post=4408"},{"taxonomy":"product_cat","embeddable":true,"href":"https:\/\/www.donperutours.com\/es\/wp-json\/wp\/v2\/product_cat?post=4408"},{"taxonomy":"product_tag","embeddable":true,"href":"https:\/\/www.donperutours.com\/es\/wp-json\/wp\/v2\/product_tag?post=4408"}],"curies":[{"name":"wp","href":"https:\/\/api.w.org\/{rel}","templated":true}]}}