{"id":3732,"date":"2024-01-29T12:13:51","date_gmt":"2024-01-29T12:13:51","guid":{"rendered":"https:\/\/www.donperutours.com\/es\/?post_type=product&#038;p=3732"},"modified":"2025-02-25T14:20:01","modified_gmt":"2025-02-25T14:20:01","slug":"machu-picchu-privado-con-tren-vistadome-observatory-en-1-dia","status":"publish","type":"product","link":"https:\/\/www.donperutours.com\/es\/tours\/machu-picchu-privado-con-tren-vistadome-observatory-en-1-dia\/","title":{"rendered":"Machu Picchu privado con tren Vistadome Observatory en 1 Dia"},"content":{"rendered":"<p>Una de las aventuras m\u00e1s bonitas para <strong>visitar Machu Picchu es con el tren tur\u00edstico Vistadome Observatory en 1 D\u00eda<\/strong>, donde podr\u00e1s visitar de excelente vistas panor\u00e1micas del <a href=\"https:\/\/www.donperutours.com\/es\/turismoperu\/aeropuerto-cusco-a-valle-sagrado-de-los-incas\/\" target=\"_blank\" rel=\"noopener\">Valle Sagrado de los Incas<\/a> y adicionalmente tendr\u00e1s un show de danzas t\u00edpicas a bordo. Vive una de las experiencias m\u00e1s bonitas en tu viaje a Machu Picchu.<\/p>\n<h2>Tour Machu Picchu<\/h2>\n<p><strong>Precio<\/strong>: El precio var\u00eda de acuerdo al n\u00famero de pasajeros.<\/p>\n<table style=\"height: 86px;\" width=\"240\">\n<tbody>\n<tr>\n<td style=\"background-color: #d52b1e; border-color: #ffffff; text-align: center;\"><a href=\"https:\/\/wa.me\/51936286411\"><span style=\"color: #ffffff;\">SOLICITAR DISPONIBILIDAD<\/span><\/a><\/td>\n<\/tr>\n<tr>\n<td style=\"border-color: #ffffff;\"><\/td>\n<\/tr>\n<\/tbody>\n<\/table>\n<p><strong>Inicio<\/strong>: 06:00 hrs<br \/>\n<strong>Tipo<\/strong>: Caminata<br \/>\n<strong>Dificultad<\/strong>: Baja<br \/>\n<strong>Salidas Diarias<\/strong><br \/>\n<strong>Grupo Privado<\/strong><\/p>\n<p><strong>Incluye<\/strong>:<br \/>\n<i class=\"fa fa-check icon-tick icon-tick--on\"><\/i> Pickup en el hotel en <a href=\"https:\/\/www.donperutours.com\/es\/tours\/city-tour-cusco-y-valle-sur-cusco-en-un-1-dia\/\" target=\"_blank\" rel=\"noopener\">Cusco<\/a> \/ Valle Sagrado<br \/>\n<i class=\"fa fa-check icon-tick icon-tick--on\"><\/i> Transporte privado<br \/>\n<i class=\"fa fa-check icon-tick icon-tick--on\"><\/i> Gu\u00eda biling\u00fce (espa\u00f1ol e ingl\u00e9s) privado.<br \/>\n<i class=\"fa fa-check icon-tick icon-tick--on\"><\/i> Tren turistico Vistadome Observatory desde Ollantaytambo a Aguas Calientes ida y vuelta<br \/>\n<i class=\"fa fa-check icon-tick icon-tick--on\"><\/i> Bus consettur desde Aguas Calientes a Machu Picchu ida y vuelta.<br \/>\n<i class=\"fa fa-check icon-tick icon-tick--on\"><\/i> Boleto de entrada a la ciudadela de Machu Picchu (sitio arqueol\u00f3gico)<br \/>\n<i class=\"fa fa-check icon-tick icon-tick--on\"><\/i> Drop off en tu hotel en Cusco \/ <a href=\"https:\/\/www.cuscoairporttransport.com\/es\/tours\/transporte-valle-sagrado-a-cusco\/\" target=\"_blank\" rel=\"noopener\">Valle Sagrado<\/a><\/p>\n<p><strong>No Incluye<\/strong>:<br \/>\n<i class=\"fa fa-times icon-tick icon-tick--off\"><\/i> Seguro de viaje<br \/>\n<i class=\"fa fa-times icon-tick icon-tick--off\"><\/i> Propinas (Opcional)<br \/>\n<i class=\"fa fa-times icon-tick icon-tick--off\"><\/i> Otros gastos NO mencionados en el programa.<\/p>\n<h2>Itinerario Machu Picchu con Tren Vistadome Observatory<\/h2>\n<p>\u2022 05:20 Recojo de tu Hotel y traslado privado hacia la estaci\u00f3n de Ollantaytambo. Si tu recojo es en el Valle Sagrado tu horario ser\u00e1 m\u00e1s tarde.<br \/>\n\u2022 07:15 Debes presentarte en la estaci\u00f3n de tren de Ollantaytambo<br \/>\n\u2022 07:45 Tren turistico <a href=\"https:\/\/www.donperutours.com\/es\/tours\/machu-picchu-con-tren-vistadome-observatory-en-1-dia\/\" target=\"_blank\" rel=\"noopener\">vistadome observatory<\/a> desde Ollantayambo a Aguas Calientes<br \/>\n\u2022 09:15 Llegada a Aguas Calientes (Pueblo Machu Picchu)<br \/>\n\u2022 09:20 Recepci\u00f3n en Aguas Calientes. El gu\u00eda te estar\u00e1 esperando en la estaci\u00f3n de tren para iniciar el tour.<br \/>\n\u2022 09:30 Bus de subida desde Aguas Calientes hacia Machu Picchu<br \/>\n\u2022 10:00 Guiado privado en <a href=\"https:\/\/www.mountainvinicunca.com\/es\/tours\/tour-machu-picchu-en-1-dia\/\" target=\"_blank\" rel=\"noopener\">Machu Picchu<\/a> durante 2 horas y media aproximadamente. En Machu Picchu el gu\u00eda te brindara toda la informaci\u00f3n necesaria y valiosa de la ciudad de la Machu Picchu.<br \/>\n\u2022 13:00 Aproximadamente Bus de Bajada desde Machu Picchu a Aguas Calientes<br \/>\nTarde Libre<br \/>\n\u2022 17:00 Debes presentarte en la estaci\u00f3n de tren de Aguas Calientes<br \/>\n\u2022 17:23 Tren tur\u00edstico Vistadome Observatory desde Aguas Calientes a Ollantaytambo<br \/>\n\u2022 19:02 Llegada a Ollantaytambo<br \/>\n\u2022 19:05 El transfer te esperara en la <a href=\"https:\/\/www.cuscoairporttransport.com\/es\/2024\/01\/11\/transporte-estacion-ollantaytambo-a-cusco\/\" target=\"_blank\" rel=\"noopener\">estaci\u00f3n de Ollantaytambo<\/a> para llevarte a tu Hotel respectivo en Cusco o Valle Sagrado.<\/p>\n<h2>Vistadome Observatory<\/h2>\n<p><img loading=\"lazy\" decoding=\"async\" class=\"alignnone size-full wp-image-3734\" src=\"https:\/\/www.donperutours.com\/es\/wp-content\/uploads\/2024\/01\/tour-vistadome.jpg\" alt=\"tour vistadome\" width=\"1080\" height=\"1350\" srcset=\"https:\/\/www.donperutours.com\/es\/wp-content\/uploads\/2024\/01\/tour-vistadome.jpg 1080w, https:\/\/www.donperutours.com\/es\/wp-content\/uploads\/2024\/01\/tour-vistadome-240x300.jpg 240w, https:\/\/www.donperutours.com\/es\/wp-content\/uploads\/2024\/01\/tour-vistadome-819x1024.jpg 819w, https:\/\/www.donperutours.com\/es\/wp-content\/uploads\/2024\/01\/tour-vistadome-768x960.jpg 768w, https:\/\/www.donperutours.com\/es\/wp-content\/uploads\/2024\/01\/tour-vistadome-600x750.jpg 600w\" sizes=\"auto, (max-width: 1080px) 100vw, 1080px\" \/><\/p>\n<p><img loading=\"lazy\" decoding=\"async\" class=\"alignnone size-full wp-image-3735\" src=\"https:\/\/www.donperutours.com\/es\/wp-content\/uploads\/2024\/01\/tour-privado-vistadome.jpg\" alt=\"tour privado vistadome\" width=\"1080\" height=\"1350\" srcset=\"https:\/\/www.donperutours.com\/es\/wp-content\/uploads\/2024\/01\/tour-privado-vistadome.jpg 1080w, https:\/\/www.donperutours.com\/es\/wp-content\/uploads\/2024\/01\/tour-privado-vistadome-240x300.jpg 240w, https:\/\/www.donperutours.com\/es\/wp-content\/uploads\/2024\/01\/tour-privado-vistadome-819x1024.jpg 819w, https:\/\/www.donperutours.com\/es\/wp-content\/uploads\/2024\/01\/tour-privado-vistadome-768x960.jpg 768w, https:\/\/www.donperutours.com\/es\/wp-content\/uploads\/2024\/01\/tour-privado-vistadome-600x750.jpg 600w\" sizes=\"auto, (max-width: 1080px) 100vw, 1080px\" \/><\/p>\n<p><img loading=\"lazy\" decoding=\"async\" class=\"alignnone size-full wp-image-3736\" src=\"https:\/\/www.donperutours.com\/es\/wp-content\/uploads\/2024\/01\/privado-vistadome.jpg\" alt=\"privado vistadome\" width=\"1080\" height=\"1350\" srcset=\"https:\/\/www.donperutours.com\/es\/wp-content\/uploads\/2024\/01\/privado-vistadome.jpg 1080w, https:\/\/www.donperutours.com\/es\/wp-content\/uploads\/2024\/01\/privado-vistadome-240x300.jpg 240w, https:\/\/www.donperutours.com\/es\/wp-content\/uploads\/2024\/01\/privado-vistadome-819x1024.jpg 819w, https:\/\/www.donperutours.com\/es\/wp-content\/uploads\/2024\/01\/privado-vistadome-768x960.jpg 768w, https:\/\/www.donperutours.com\/es\/wp-content\/uploads\/2024\/01\/privado-vistadome-600x750.jpg 600w\" sizes=\"auto, (max-width: 1080px) 100vw, 1080px\" \/><\/p>\n<p><img loading=\"lazy\" decoding=\"async\" class=\"alignnone size-full wp-image-3737\" src=\"https:\/\/www.donperutours.com\/es\/wp-content\/uploads\/2024\/01\/vistadome-privado.jpg\" alt=\"vistadome privado\" width=\"1080\" height=\"1350\" srcset=\"https:\/\/www.donperutours.com\/es\/wp-content\/uploads\/2024\/01\/vistadome-privado.jpg 1080w, https:\/\/www.donperutours.com\/es\/wp-content\/uploads\/2024\/01\/vistadome-privado-240x300.jpg 240w, https:\/\/www.donperutours.com\/es\/wp-content\/uploads\/2024\/01\/vistadome-privado-819x1024.jpg 819w, https:\/\/www.donperutours.com\/es\/wp-content\/uploads\/2024\/01\/vistadome-privado-768x960.jpg 768w, https:\/\/www.donperutours.com\/es\/wp-content\/uploads\/2024\/01\/vistadome-privado-600x750.jpg 600w\" sizes=\"auto, (max-width: 1080px) 100vw, 1080px\" \/><\/p>\n","protected":false},"excerpt":{"rendered":"<div class=\"padding-top text-center\"><a href=\"https:\/\/www.donperutours.com\/es\/tours\/machu-picchu-privado-con-tren-vistadome-observatory-en-1-dia\/\" class=\"atbtn atbtn--medium atbtn--rounded atbtn--transparent\">Read more<i class=\"atbtn__icon atbtn__icon--right fa fa-long-arrow-right\"><\/i><\/a><\/div>\n","protected":false},"featured_media":3733,"comment_status":"closed","ping_status":"closed","template":"","meta":[],"product_brand":[],"product_cat":[103],"product_tag":[],"class_list":{"0":"post-3732","1":"product","2":"type-product","3":"status-publish","4":"has-post-thumbnail","6":"product_cat-privados","7":"tour_category-tour-privados","9":"first","10":"instock","11":"shipping-taxable","12":"product-type-tour"},"aioseo_notices":[],"_links":{"self":[{"href":"https:\/\/www.donperutours.com\/es\/wp-json\/wp\/v2\/product\/3732","targetHints":{"allow":["GET"]}}],"collection":[{"href":"https:\/\/www.donperutours.com\/es\/wp-json\/wp\/v2\/product"}],"about":[{"href":"https:\/\/www.donperutours.com\/es\/wp-json\/wp\/v2\/types\/product"}],"replies":[{"embeddable":true,"href":"https:\/\/www.donperutours.com\/es\/wp-json\/wp\/v2\/comments?post=3732"}],"wp:featuredmedia":[{"embeddable":true,"href":"https:\/\/www.donperutours.com\/es\/wp-json\/wp\/v2\/media\/3733"}],"wp:attachment":[{"href":"https:\/\/www.donperutours.com\/es\/wp-json\/wp\/v2\/media?parent=3732"}],"wp:term":[{"taxonomy":"product_brand","embeddable":true,"href":"https:\/\/www.donperutours.com\/es\/wp-json\/wp\/v2\/product_brand?post=3732"},{"taxonomy":"product_cat","embeddable":true,"href":"https:\/\/www.donperutours.com\/es\/wp-json\/wp\/v2\/product_cat?post=3732"},{"taxonomy":"product_tag","embeddable":true,"href":"https:\/\/www.donperutours.com\/es\/wp-json\/wp\/v2\/product_tag?post=3732"}],"curies":[{"name":"wp","href":"https:\/\/api.w.org\/{rel}","templated":true}]}}