{"id":3261,"date":"2022-10-04T15:39:20","date_gmt":"2022-10-04T15:39:20","guid":{"rendered":"https:\/\/www.donperutours.com\/es\/?post_type=product&#038;p=3261"},"modified":"2025-04-14T07:35:18","modified_gmt":"2025-04-14T07:35:18","slug":"tour-privado-sacsayhuaman-qenqo-puca-pucara-y-tambomachay","status":"publish","type":"product","link":"https:\/\/www.donperutours.com\/es\/tours\/tour-privado-sacsayhuaman-qenqo-puca-pucara-y-tambomachay\/","title":{"rendered":"Tour privado Sacsayhuaman, Qenqo, Puca Pucara y Tambomachay"},"content":{"rendered":"<p><strong>City tour Cusco privado<\/strong>, visita los principales atractivos tur\u00edsticos de la ciudad del <a href=\"https:\/\/www.donperutours.com\/es\/tours\/city-tour-cusco\/\" target=\"_blank\" rel=\"noopener\">Cusco<\/a>. <strong>Visita Sacsayhuaman, Qenqo, Puca Pucara y Tambomachay en un tour privado<\/strong>. Conoce la historia de estos atractivos tur\u00edsticos y visita tranquilamente cada uno de ellos. En el camino tambi\u00e9n podr\u00e1s ver hermosos paisajes y animales andinos de la zona.<\/p>\n<p>Contamos con diferentes tipos de movilidad ideales para viajeros solitarios, grupo de amigos, familias, parejas y promociones.<\/p>\n<h2>Tour Privado por la Ciudad del Cusco<\/h2>\n<p><strong>Horarios disponibles<\/strong>: 9:00 \u2013 9:30 \u2013 10:00 \u2013 10:30 \u2013 11:00 \u2013 11:30 \u2013 12:00 \u2013 12:30 \u2013 13:00 \u2013 13:30 (Escoger Horario)<br \/>\n<strong>Tipo de Tour<\/strong>: Caminata<br \/>\n<strong>Dificultad<\/strong>: Media baja<br \/>\n<strong>Salidas diarias<\/strong><br \/>\n<strong>Grupo privado<\/strong><\/p>\n<p><strong>Lugares a visitar<\/strong>: Sacsayhuaman, Qenqo, Puca Pucara y Tambomachay<\/p>\n<table style=\"height: 86px;\" width=\"240\">\n<tbody>\n<tr>\n<td style=\"background-color: #d52b1e; border-color: #ffffff; text-align: center;\"><a href=\"https:\/\/wa.me\/51936286411\"><span style=\"color: #ffffff;\">RESERVAR<\/span><\/a><\/td>\n<\/tr>\n<tr>\n<td style=\"border-color: #ffffff;\"><\/td>\n<\/tr>\n<\/tbody>\n<\/table>\n<p><strong>Incluye:<\/strong><br \/>\n<i class=\"fa fa-check icon-tick icon-tick--on\"><\/i> Recojo de tu Hotel \/ Hostel \/ Airbnb<br \/>\n<i class=\"fa fa-check icon-tick icon-tick--on\"><\/i> Transporte privado<br \/>\n<i class=\"fa fa-check icon-tick icon-tick--on\"><\/i> Gu\u00eda biling\u00fce (espa\u00f1ol e ingl\u00e9s)<br \/>\n<i class=\"fa fa-check icon-tick icon-tick--on\"><\/i> Asistencia personalizada<br \/>\n<i class=\"fa fa-check icon-tick icon-tick--on\"><\/i> Drop off en tu Hotel<\/p>\n<p><strong>No Incluye:<\/strong><br \/>\n<i class=\"fa fa-times icon-tick icon-tick--off\"><\/i> Boleto Turistico Cusco. Para esta ruta necesitas el boleto turistico del Cusco parcial que tiene un costo de 70 soles extranjeros y 40 soles peruanos.<br \/>\n<i class=\"fa fa-times icon-tick icon-tick--off\"><\/i> Alimentaci\u00f3n<br \/>\n<i class=\"fa fa-times icon-tick icon-tick--off\"><\/i> Seguro de Viaje y Otros servicios no mencionados.<\/p>\n<p><strong>Que llevar<\/strong>: Ropa ligera, Zapatos de trekking, bloqueador solar, gafas de sol, gorro o sombrero, agua, snack y efectivo soles para gastos personales y compra del boleto turistico del Cusco.<\/p>\n<h2>Itinerario City Tour Cusco<\/h2>\n<p>00:00 A la hora acordada pasaremos a buscarte a tu Hotel para iniciar nuestro tour (<a href=\"https:\/\/www.trasladosaeropuertocusco.com\/tours\/tour-privado-por-la-ciudad-del-cusco\/\" target=\"_blank\" rel=\"noopener\">City Tour Cusco<\/a>) con direcci\u00f3n al norte de la ciudad del Cusco. El primer atractivo tur\u00edstico a Visitar ser\u00e1 la fortaleza de <a href=\"https:\/\/www.mountainpalcoyo.com\/es\/tours\/sacsayhuaman-qenqo-pucapucara-y-tambomachay-matinal\/\" target=\"_blank\" rel=\"noopener\">Sacsayhuaman<\/a>, luego visitaremos el completo arqueol\u00f3gico de Qenqo, posteriormente visitaremos la construcci\u00f3n militar de Puca Pucara y finalmente visitaremos el sitio arqueol\u00f3gico de Tambomachay, lugar donde se rend\u00eda culto al agua.<\/p>\n<p>En cada atractivo tur\u00edstico tendr\u00e1s una visita guiada y tiempo para visitar y tomar fotos para el recuerdo.<\/p>\n<h2>Turismo en Cusco<\/h2>\n<p><img loading=\"lazy\" decoding=\"async\" class=\"alignnone size-full wp-image-3263\" src=\"https:\/\/www.donperutours.com\/es\/wp-content\/uploads\/2022\/10\/city-tour-cusco-privado.jpg\" alt=\"city tour cusco privado\" width=\"1600\" height=\"1200\" srcset=\"https:\/\/www.donperutours.com\/es\/wp-content\/uploads\/2022\/10\/city-tour-cusco-privado.jpg 1600w, https:\/\/www.donperutours.com\/es\/wp-content\/uploads\/2022\/10\/city-tour-cusco-privado-300x225.jpg 300w, https:\/\/www.donperutours.com\/es\/wp-content\/uploads\/2022\/10\/city-tour-cusco-privado-1024x768.jpg 1024w, https:\/\/www.donperutours.com\/es\/wp-content\/uploads\/2022\/10\/city-tour-cusco-privado-768x576.jpg 768w, https:\/\/www.donperutours.com\/es\/wp-content\/uploads\/2022\/10\/city-tour-cusco-privado-1536x1152.jpg 1536w, https:\/\/www.donperutours.com\/es\/wp-content\/uploads\/2022\/10\/city-tour-cusco-privado-600x450.jpg 600w\" sizes=\"auto, (max-width: 1600px) 100vw, 1600px\" \/> <img loading=\"lazy\" decoding=\"async\" class=\"alignnone size-full wp-image-3264\" src=\"https:\/\/www.donperutours.com\/es\/wp-content\/uploads\/2022\/10\/sacsayhuamanprivado.jpg\" alt=\"sacsayhuaman privado\" width=\"1280\" height=\"960\" srcset=\"https:\/\/www.donperutours.com\/es\/wp-content\/uploads\/2022\/10\/sacsayhuamanprivado.jpg 1280w, https:\/\/www.donperutours.com\/es\/wp-content\/uploads\/2022\/10\/sacsayhuamanprivado-300x225.jpg 300w, https:\/\/www.donperutours.com\/es\/wp-content\/uploads\/2022\/10\/sacsayhuamanprivado-1024x768.jpg 1024w, https:\/\/www.donperutours.com\/es\/wp-content\/uploads\/2022\/10\/sacsayhuamanprivado-768x576.jpg 768w, https:\/\/www.donperutours.com\/es\/wp-content\/uploads\/2022\/10\/sacsayhuamanprivado-600x450.jpg 600w\" sizes=\"auto, (max-width: 1280px) 100vw, 1280px\" \/> <img loading=\"lazy\" decoding=\"async\" class=\"alignnone size-full wp-image-3265\" src=\"https:\/\/www.donperutours.com\/es\/wp-content\/uploads\/2022\/10\/tambomachay-privado.jpg\" alt=\"tambomachay privado\" width=\"1280\" height=\"960\" srcset=\"https:\/\/www.donperutours.com\/es\/wp-content\/uploads\/2022\/10\/tambomachay-privado.jpg 1280w, https:\/\/www.donperutours.com\/es\/wp-content\/uploads\/2022\/10\/tambomachay-privado-300x225.jpg 300w, https:\/\/www.donperutours.com\/es\/wp-content\/uploads\/2022\/10\/tambomachay-privado-1024x768.jpg 1024w, https:\/\/www.donperutours.com\/es\/wp-content\/uploads\/2022\/10\/tambomachay-privado-768x576.jpg 768w, https:\/\/www.donperutours.com\/es\/wp-content\/uploads\/2022\/10\/tambomachay-privado-600x450.jpg 600w\" sizes=\"auto, (max-width: 1280px) 100vw, 1280px\" \/><\/p>\n<h2><span style=\"color: #ff0000;\">Viaje Seguro a Cusco Safe Travel<\/span><\/h2>\n<p><strong>Viaja seguro a Cusco<\/strong>. Contamos con todos los protocolos de Bioseguridad Covid-19.<\/p>\n<p>\u2022 Para cada tour usted debe usar barbijo y Protector facial (Obligatorio).<br \/>\n\u2022 Nuestro personal estar\u00e1 monitoreado diariamente para descartar el Covid-19.<br \/>\n\u2022 Desinfecci\u00f3n frecuente de los veh\u00edculos de transporte.<br \/>\n\u2022 Se exige distanciamiento social durante toda la experiencia.<\/p>\n","protected":false},"excerpt":{"rendered":"<div class=\"padding-top text-center\"><a href=\"https:\/\/www.donperutours.com\/es\/tours\/tour-privado-sacsayhuaman-qenqo-puca-pucara-y-tambomachay\/\" class=\"atbtn atbtn--medium atbtn--rounded atbtn--transparent\">Read more<i class=\"atbtn__icon atbtn__icon--right fa fa-long-arrow-right\"><\/i><\/a><\/div>\n","protected":false},"featured_media":3262,"comment_status":"closed","ping_status":"closed","template":"","meta":[],"product_brand":[],"product_cat":[18],"product_tag":[],"class_list":{"0":"post-3261","1":"product","2":"type-product","3":"status-publish","4":"has-post-thumbnail","6":"product_cat-caminatas","7":"tour_category-cusco","8":"tour_category-tour-privados","10":"first","11":"instock","12":"shipping-taxable","13":"product-type-tour"},"aioseo_notices":[],"_links":{"self":[{"href":"https:\/\/www.donperutours.com\/es\/wp-json\/wp\/v2\/product\/3261","targetHints":{"allow":["GET"]}}],"collection":[{"href":"https:\/\/www.donperutours.com\/es\/wp-json\/wp\/v2\/product"}],"about":[{"href":"https:\/\/www.donperutours.com\/es\/wp-json\/wp\/v2\/types\/product"}],"replies":[{"embeddable":true,"href":"https:\/\/www.donperutours.com\/es\/wp-json\/wp\/v2\/comments?post=3261"}],"wp:featuredmedia":[{"embeddable":true,"href":"https:\/\/www.donperutours.com\/es\/wp-json\/wp\/v2\/media\/3262"}],"wp:attachment":[{"href":"https:\/\/www.donperutours.com\/es\/wp-json\/wp\/v2\/media?parent=3261"}],"wp:term":[{"taxonomy":"product_brand","embeddable":true,"href":"https:\/\/www.donperutours.com\/es\/wp-json\/wp\/v2\/product_brand?post=3261"},{"taxonomy":"product_cat","embeddable":true,"href":"https:\/\/www.donperutours.com\/es\/wp-json\/wp\/v2\/product_cat?post=3261"},{"taxonomy":"product_tag","embeddable":true,"href":"https:\/\/www.donperutours.com\/es\/wp-json\/wp\/v2\/product_tag?post=3261"}],"curies":[{"name":"wp","href":"https:\/\/api.w.org\/{rel}","templated":true}]}}