{"id":3176,"date":"2022-03-04T14:19:02","date_gmt":"2022-03-04T14:19:02","guid":{"rendered":"https:\/\/www.donperutours.com\/es\/?post_type=product&#038;p=3176"},"modified":"2022-03-04T14:19:02","modified_gmt":"2022-03-04T14:19:02","slug":"tour-privado-montana-7-colores-en-1-dia","status":"publish","type":"product","link":"https:\/\/www.donperutours.com\/es\/tours\/tour-privado-montana-7-colores-en-1-dia\/","title":{"rendered":"Tour Privado Monta\u00f1a 7 colores en 1 Dia"},"content":{"rendered":"<p><strong>Tour Privado Monta\u00f1a 7 colores en 1 D\u00eda<\/strong>. Visita la famosa monta\u00f1a de 7 colores en un tour privado en 1 d\u00eda desde Cusco. La <a href=\"https:\/\/www.donperutours.com\/es\/tours\/montana-arco-iris-montana-de-7-colores-vinicunca\/\" target=\"_blank\" rel=\"noopener\">monta\u00f1a de 7 colores<\/a> tambi\u00e9n conocida como Vinicunca es el segundo atractivo principal del Cusco y es un destino que si o si debes visitar al llegar a <a href=\"https:\/\/www.donperutours.com\/es\/tours\/city-tour-cusco\/\" target=\"_blank\" rel=\"noopener\">Cusco<\/a>. Vinicunca o Monta\u00f1a de 7 colores es una de las mejores atracciones del Per\u00fa.<\/p>\n<p>La monta\u00f1a de 7 colores est\u00e1 ubicada a 5200 msnm y se ubica en la cordillera del Vilcanota en el l\u00edmite territorial de las provincias de Canchis y Quispicanchis. Y diariamente recibe miles de visitas de turistas extranjeros y nacionales.<\/p>\n<p>Una de las ventajas de visitar la <a href=\"https:\/\/www.donperutours.com\/es\/tours\/tour-valle-rojo-y-montana-de-7-colores\/\" target=\"_blank\" rel=\"noopener\">Monta\u00f1a de 7 colores Vinicunca<\/a> de forma privada es que puede iniciar a la hora que desee, y finaliza en el Cusco (Hotel \/ Airbnb) o en el Aeropuerto del Cusco.<\/p>\n<h2>Monta\u00f1a de 7 Colores<\/h2>\n<table style=\"height: 86px;\" width=\"240\">\n<tbody>\n<tr>\n<td style=\"background-color: #d52b1e; border-color: #ffffff; text-align: center;\"><strong><a href=\"https:\/\/wa.me\/51936286411\"><span style=\"color: #ffffff;\">RESERVAR<\/span><\/a><\/strong><\/td>\n<\/tr>\n<tr>\n<td style=\"border-color: #ffffff;\"><\/td>\n<\/tr>\n<\/tbody>\n<\/table>\n<p><strong>Precio por persona<\/strong>: Solicitar cotizaci\u00f3n<br \/>\n<strong>Horarios de Salida<\/strong>: 04:00 \u2013 04:30 \u2013 05:00 \u2013 05:30<br \/>\n<strong>Tipo<\/strong>: Caminata<br \/>\n<strong>Dificultad<\/strong>: Media Alta<br \/>\n<strong>Salidas Diarias<\/strong><br \/>\n<strong>Grupo Privado<\/strong><\/p>\n<p><strong>Incluye<\/strong><br \/>\n<i class=\"fa fa-check icon-tick icon-tick--on\"><\/i> Pickup en el Hotel \/ Hostel \/ Airbnb<br \/>\n<i class=\"fa fa-check icon-tick icon-tick--on\"><\/i> Transporte turistico privado<br \/>\n<i class=\"fa fa-check icon-tick icon-tick--on\"><\/i> Desayuno y Almuerzo<br \/>\n<i class=\"fa fa-check icon-tick icon-tick--on\"><\/i> Gu\u00eda profesional (Espa\u00f1ol\/Ingles)<br \/>\n<i class=\"fa fa-check icon-tick icon-tick--on\"><\/i> Ticket de Entrada <a href=\"https:\/\/www.mountainvinicunca.com\/es\/tours\/tour-montana-7-colores-vinicunca\/\" target=\"_blank\" rel=\"noopener\">Monta\u00f1a 7 colores<\/a><br \/>\n<i class=\"fa fa-check icon-tick icon-tick--on\"><\/i> Balon de oxigeno y botiquin de primeros auxilios<br \/>\n<i class=\"fa fa-check icon-tick icon-tick--on\"><\/i> Asistencia personalizada<br \/>\n<i class=\"fa fa-check icon-tick icon-tick--on\"><\/i> Drop off en su Hotel \/ Airbnb o Aeropuerto de Cusco<\/p>\n<p><strong>Opcional<\/strong>: Este tour inicia y finaliza en Cusco. Si tu destino de recojo es en Poroy, Urubamba o Ollantaytambo debes indicar al momento de solicitar tu cotizaci\u00f3n, tambi\u00e9n debes indicar donde deseas que finalice el tour si en la misma ciudad del Cusco, Aeropuerto del Cusco o en el <a href=\"https:\/\/www.donperutours.com\/es\/turismoperu\/traslado-aeropuerto-cusco-a-valle-sagrado\/\" target=\"_blank\" rel=\"noopener\">Valle Sagrado<\/a> de los Incas (Poroy, Urubamba o Ollantaytambo).<\/p>\n<h2>Privado Monta\u00f1a de 7 Colores<\/h2>\n<p><strong>Itinerario<\/strong>: 00:00 A la hora acordara vendr\u00e1 la movilidad a tu Hotel para iniciar un viaje al Sur de la Ciudad del Cusco rumbo al poblado de Cusipata donde tendremos nuestro desayuno. Luego iremos al poblado de Pampachiri donde comenzara nuestra caminata hacia la <a href=\"https:\/\/www.riorojocusco.com\/tours\/montana-vinicunca-y-valle-rojo\/\" target=\"_blank\" rel=\"noopener\">monta\u00f1a 7 colores<\/a>, una vez en la monta\u00f1a de colores <a href=\"https:\/\/www.mountainvinicunca.com\/es\/\" target=\"_blank\" rel=\"noopener\">Vinicunca<\/a> el gu\u00eda te brindara informaci\u00f3n del lugar y posteriormente podr\u00e1s recorrer el lugar y tomar fotos para el recuerdo. Posteriormente retornaremos e iremos a nuestro restaurante campestre para nuestro almuerzo, finalmente retornaremos a la ciudad del Cusco.<\/p>\n<p><strong>Opcional<\/strong>: Si tienes Vuelo por a o b, el tour puede finalizar en el Aeropuerto del Cusco y puedes llevar tranquilamente tu equipaje en la movilidad.<\/p>\n<h2>Fotos Monta\u00f1a 7 Colores<\/h2>\n<p><img loading=\"lazy\" decoding=\"async\" class=\"alignnone size-full wp-image-3182\" src=\"https:\/\/www.donperutours.com\/es\/wp-content\/uploads\/2022\/03\/privado-montana-7-colores-6.jpg\" alt=\"privado monta\u00f1a 7 colores\" width=\"1440\" height=\"1799\" srcset=\"https:\/\/www.donperutours.com\/es\/wp-content\/uploads\/2022\/03\/privado-montana-7-colores-6.jpg 1440w, https:\/\/www.donperutours.com\/es\/wp-content\/uploads\/2022\/03\/privado-montana-7-colores-6-240x300.jpg 240w, https:\/\/www.donperutours.com\/es\/wp-content\/uploads\/2022\/03\/privado-montana-7-colores-6-820x1024.jpg 820w, https:\/\/www.donperutours.com\/es\/wp-content\/uploads\/2022\/03\/privado-montana-7-colores-6-768x959.jpg 768w, https:\/\/www.donperutours.com\/es\/wp-content\/uploads\/2022\/03\/privado-montana-7-colores-6-1229x1536.jpg 1229w, https:\/\/www.donperutours.com\/es\/wp-content\/uploads\/2022\/03\/privado-montana-7-colores-6-600x750.jpg 600w\" sizes=\"auto, (max-width: 1440px) 100vw, 1440px\" \/> <img loading=\"lazy\" decoding=\"async\" class=\"alignnone size-full wp-image-3183\" src=\"https:\/\/www.donperutours.com\/es\/wp-content\/uploads\/2022\/03\/privado-montana-7-colores-5.jpg\" alt=\"privado monta\u00f1a 7 colores\" width=\"1440\" height=\"1799\" srcset=\"https:\/\/www.donperutours.com\/es\/wp-content\/uploads\/2022\/03\/privado-montana-7-colores-5.jpg 1440w, https:\/\/www.donperutours.com\/es\/wp-content\/uploads\/2022\/03\/privado-montana-7-colores-5-240x300.jpg 240w, https:\/\/www.donperutours.com\/es\/wp-content\/uploads\/2022\/03\/privado-montana-7-colores-5-820x1024.jpg 820w, https:\/\/www.donperutours.com\/es\/wp-content\/uploads\/2022\/03\/privado-montana-7-colores-5-768x959.jpg 768w, https:\/\/www.donperutours.com\/es\/wp-content\/uploads\/2022\/03\/privado-montana-7-colores-5-1229x1536.jpg 1229w, https:\/\/www.donperutours.com\/es\/wp-content\/uploads\/2022\/03\/privado-montana-7-colores-5-600x750.jpg 600w\" sizes=\"auto, (max-width: 1440px) 100vw, 1440px\" \/><\/p>\n","protected":false},"excerpt":{"rendered":"<div class=\"padding-top text-center\"><a href=\"https:\/\/www.donperutours.com\/es\/tours\/tour-privado-montana-7-colores-en-1-dia\/\" class=\"atbtn atbtn--medium atbtn--rounded atbtn--transparent\">Read more<i class=\"atbtn__icon atbtn__icon--right fa fa-long-arrow-right\"><\/i><\/a><\/div>\n","protected":false},"featured_media":3177,"comment_status":"closed","ping_status":"closed","template":"","meta":[],"product_brand":[],"product_cat":[103],"product_tag":[],"class_list":{"0":"post-3176","1":"product","2":"type-product","3":"status-publish","4":"has-post-thumbnail","6":"product_cat-privados","7":"tour_category-cusco","9":"first","10":"instock","11":"shipping-taxable","12":"product-type-tour"},"aioseo_notices":[],"_links":{"self":[{"href":"https:\/\/www.donperutours.com\/es\/wp-json\/wp\/v2\/product\/3176","targetHints":{"allow":["GET"]}}],"collection":[{"href":"https:\/\/www.donperutours.com\/es\/wp-json\/wp\/v2\/product"}],"about":[{"href":"https:\/\/www.donperutours.com\/es\/wp-json\/wp\/v2\/types\/product"}],"replies":[{"embeddable":true,"href":"https:\/\/www.donperutours.com\/es\/wp-json\/wp\/v2\/comments?post=3176"}],"wp:featuredmedia":[{"embeddable":true,"href":"https:\/\/www.donperutours.com\/es\/wp-json\/wp\/v2\/media\/3177"}],"wp:attachment":[{"href":"https:\/\/www.donperutours.com\/es\/wp-json\/wp\/v2\/media?parent=3176"}],"wp:term":[{"taxonomy":"product_brand","embeddable":true,"href":"https:\/\/www.donperutours.com\/es\/wp-json\/wp\/v2\/product_brand?post=3176"},{"taxonomy":"product_cat","embeddable":true,"href":"https:\/\/www.donperutours.com\/es\/wp-json\/wp\/v2\/product_cat?post=3176"},{"taxonomy":"product_tag","embeddable":true,"href":"https:\/\/www.donperutours.com\/es\/wp-json\/wp\/v2\/product_tag?post=3176"}],"curies":[{"name":"wp","href":"https:\/\/api.w.org\/{rel}","templated":true}]}}