{"id":3167,"date":"2022-03-03T15:09:42","date_gmt":"2022-03-03T15:09:42","guid":{"rendered":"https:\/\/www.donperutours.com\/es\/?post_type=product&#038;p=3167"},"modified":"2022-05-05T11:58:36","modified_gmt":"2022-05-05T11:58:36","slug":"tour-privado-laguna-humantay-en-1-dia","status":"publish","type":"product","link":"https:\/\/www.donperutours.com\/es\/tours\/tour-privado-laguna-humantay-en-1-dia\/","title":{"rendered":"Tour Privado Laguna Humantay en 1 Dia"},"content":{"rendered":"<p><strong>Tour Privado Laguna Humantay en 1 D\u00eda<\/strong>, visita la Laguna turquesa en 1 d\u00eda de forma privada. Visita este atractivo tur\u00edstico ubicado al norte de la ciudad del Cusco donde podr\u00e1s disfrutar de hermosos paisajes, animales andinos de la zona y hermosos nevados. La <a href=\"https:\/\/www.donperutours.com\/es\/tours\/tour-a-la-laguna-humantay\/\" target=\"_blank\" rel=\"noopener\">Laguna Humantay<\/a> es un atractivo tur\u00edstico que diariamente recibe miles de visitas de turistas extranjeros y nacionales.<\/p>\n<p>Una de las ventajas de visitar la Laguna Humantay de forma privada es que puede iniciar a la hora que desee, y finaliza en el <a href=\"https:\/\/www.donperutours.com\/es\/tours\/city-tour-cusco\/\" target=\"_blank\" rel=\"noopener\">Cusco<\/a> (Hotel \/ Airbnb) o en el <a href=\"https:\/\/www.mountainvinicunca.com\/es\/traslado-privado-aeropuerto-cusco-a-hotel-airbnb-hostel-en-cusco\/\" target=\"_blank\" rel=\"noopener\">Aeropuerto del Cusco<\/a>.<\/p>\n<h2>Laguna Humantay<\/h2>\n<table style=\"height: 86px;\" width=\"240\">\n<tbody>\n<tr>\n<td style=\"background-color: #d52b1e; border-color: #ffffff; text-align: center;\"><strong><a href=\"https:\/\/wa.me\/51936286411\"><span style=\"color: #ffffff;\">RESERVAR<\/span><\/a><\/strong><\/td>\n<\/tr>\n<tr>\n<td style=\"border-color: #ffffff;\"><\/td>\n<\/tr>\n<\/tbody>\n<\/table>\n<p><strong>Precio por persona<\/strong>: Solicitar cotizaci\u00f3n<br \/>\n<strong>Horarios de Salida<\/strong>: 04:00 &#8211; 04:30 &#8211; 05:00 &#8211; 05:30<br \/>\n<strong>Tipo<\/strong>: Caminata<br \/>\n<strong>Dificultad<\/strong>: Media Alta<br \/>\n<strong>Salidas Diarias<\/strong><br \/>\n<strong>Grupo Privado<\/strong><\/p>\n<p><strong>Incluye<\/strong><br \/>\n<i class=\"fa fa-check icon-tick icon-tick--on\"><\/i> Pickup en el Hotel \/ Hostel \/ Airbnb<br \/>\n<i class=\"fa fa-check icon-tick icon-tick--on\"><\/i> Transporte turistico privado<br \/>\n<i class=\"fa fa-check icon-tick icon-tick--on\"><\/i> Desayuno y Almuerzo<br \/>\n<i class=\"fa fa-check icon-tick icon-tick--on\"><\/i> Gu\u00eda profesional (Espa\u00f1ol\/Ingles)<br \/>\n<i class=\"fa fa-check icon-tick icon-tick--on\"><\/i> Ticket de Entrada <a href=\"https:\/\/www.cuscoairporttransport.com\/es\/tours\/tour-privado-laguna-humantay-en-1-dia\/\" target=\"_blank\" rel=\"noopener\">Laguna Humantay<\/a><br \/>\n<i class=\"fa fa-check icon-tick icon-tick--on\"><\/i> Balon de oxigeno y botiquin de primeros auxilios<br \/>\n<i class=\"fa fa-check icon-tick icon-tick--on\"><\/i> Asistencia personalizada<br \/>\n<i class=\"fa fa-check icon-tick icon-tick--on\"><\/i> Drop off en su Hotel \/ Airbnb o Aeropuerto de Cusco<\/p>\n<p><strong>Opcional<\/strong>: Este tour inicia y finaliza en Cusco. Si tu destino de recojo es en Poroy, Urubamba o Ollantaytambo debes indicar al momento de solicitar tu cotizaci\u00f3n, tambi\u00e9n debes indicar donde deseas que finalice el tour si en la misma ciudad del Cusco, Aeropuerto del Cusco o en el <a href=\"https:\/\/www.donperutours.com\/es\/turismoperu\/traslado-aeropuerto-cusco-a-valle-sagrado\/\" target=\"_blank\" rel=\"noopener\">Valle Sagrado de los Incas<\/a> (<a href=\"https:\/\/www.donperutours.com\/es\/turismoperu\/distancia-desde-cusco-a-ollantaytambo-urubamba-poroy\/\" target=\"_blank\" rel=\"noopener\">Poroy<\/a>, Urubamba o Ollantaytambo).<\/p>\n<h2>Privado Laguna Humantay<\/h2>\n<p><strong>Itinerario<\/strong>: 00:00 A la hora acordara vendr\u00e1 la movilidad a tu Hotel para iniciar un viaje al norte de la Ciudad del Cusco rumbo al poblado de Mollepata, en el camino podr\u00e1s observar de hermosos paisajes y animales andinos de la zona. Despu\u00e9s de un largo viaje tendremos nuestro desayuno y posteriormente iremos al campamento de Soraypampa para iniciar nuestra camina hacia la Laguna Humantay. La caminata ser\u00e1 aproximadamente de 1 hora, todo depender\u00e1 del estado f\u00edsico de cada persona. Una vez en la Laguna Humantay tendr\u00e1s informaci\u00f3n del gu\u00eda y luego tiempo para recorrer el lugar y tomar fotos.<\/p>\n<p>Despu\u00e9s de <a href=\"https:\/\/www.riorojocusco.com\/tours\/laguna-humantay-en-1-dia\/\" target=\"_blank\" rel=\"noopener\">visitar la Laguna Humantay<\/a> retornaremos al poblado para luego dirigirnos a nuestro restaurante campestre y degustar de nuestro almuerzo. Finalmente retornaremos a la ciudad del Cusco.<\/p>\n<p><strong>Opcional<\/strong>: Si tienes Vuelo por a o b, el tour puede finalizar en el Aeropuerto del Cusco y puedes llevar tranquilamente tu equipaje en la movilidad.<\/p>\n<h2>Fotos Lagua Humantay<\/h2>\n<p><img loading=\"lazy\" decoding=\"async\" class=\"alignnone size-full wp-image-3173\" src=\"https:\/\/www.donperutours.com\/es\/wp-content\/uploads\/2022\/03\/privado-laguna-humantay-6.jpg\" alt=\"privado laguna humantay 6\" width=\"1440\" height=\"1800\" srcset=\"https:\/\/www.donperutours.com\/es\/wp-content\/uploads\/2022\/03\/privado-laguna-humantay-6.jpg 1440w, https:\/\/www.donperutours.com\/es\/wp-content\/uploads\/2022\/03\/privado-laguna-humantay-6-240x300.jpg 240w, https:\/\/www.donperutours.com\/es\/wp-content\/uploads\/2022\/03\/privado-laguna-humantay-6-819x1024.jpg 819w, https:\/\/www.donperutours.com\/es\/wp-content\/uploads\/2022\/03\/privado-laguna-humantay-6-768x960.jpg 768w, https:\/\/www.donperutours.com\/es\/wp-content\/uploads\/2022\/03\/privado-laguna-humantay-6-1229x1536.jpg 1229w, https:\/\/www.donperutours.com\/es\/wp-content\/uploads\/2022\/03\/privado-laguna-humantay-6-600x750.jpg 600w\" sizes=\"auto, (max-width: 1440px) 100vw, 1440px\" \/> <img loading=\"lazy\" decoding=\"async\" class=\"alignnone size-full wp-image-3174\" src=\"https:\/\/www.donperutours.com\/es\/wp-content\/uploads\/2022\/03\/privado-laguna-humantay-5.jpg\" alt=\"privado laguna humantay 5\" width=\"1440\" height=\"1800\" srcset=\"https:\/\/www.donperutours.com\/es\/wp-content\/uploads\/2022\/03\/privado-laguna-humantay-5.jpg 1440w, https:\/\/www.donperutours.com\/es\/wp-content\/uploads\/2022\/03\/privado-laguna-humantay-5-240x300.jpg 240w, https:\/\/www.donperutours.com\/es\/wp-content\/uploads\/2022\/03\/privado-laguna-humantay-5-819x1024.jpg 819w, https:\/\/www.donperutours.com\/es\/wp-content\/uploads\/2022\/03\/privado-laguna-humantay-5-768x960.jpg 768w, https:\/\/www.donperutours.com\/es\/wp-content\/uploads\/2022\/03\/privado-laguna-humantay-5-1229x1536.jpg 1229w, https:\/\/www.donperutours.com\/es\/wp-content\/uploads\/2022\/03\/privado-laguna-humantay-5-600x750.jpg 600w\" sizes=\"auto, (max-width: 1440px) 100vw, 1440px\" \/><\/p>\n","protected":false},"excerpt":{"rendered":"<div class=\"padding-top text-center\"><a href=\"https:\/\/www.donperutours.com\/es\/tours\/tour-privado-laguna-humantay-en-1-dia\/\" class=\"atbtn atbtn--medium atbtn--rounded atbtn--transparent\">Read more<i class=\"atbtn__icon atbtn__icon--right fa fa-long-arrow-right\"><\/i><\/a><\/div>\n","protected":false},"featured_media":3168,"comment_status":"closed","ping_status":"closed","template":"","meta":[],"product_brand":[],"product_cat":[103],"product_tag":[],"class_list":{"0":"post-3167","1":"product","2":"type-product","3":"status-publish","4":"has-post-thumbnail","6":"product_cat-privados","7":"tour_category-cusco","9":"first","10":"instock","11":"shipping-taxable","12":"product-type-tour"},"aioseo_notices":[],"_links":{"self":[{"href":"https:\/\/www.donperutours.com\/es\/wp-json\/wp\/v2\/product\/3167","targetHints":{"allow":["GET"]}}],"collection":[{"href":"https:\/\/www.donperutours.com\/es\/wp-json\/wp\/v2\/product"}],"about":[{"href":"https:\/\/www.donperutours.com\/es\/wp-json\/wp\/v2\/types\/product"}],"replies":[{"embeddable":true,"href":"https:\/\/www.donperutours.com\/es\/wp-json\/wp\/v2\/comments?post=3167"}],"wp:featuredmedia":[{"embeddable":true,"href":"https:\/\/www.donperutours.com\/es\/wp-json\/wp\/v2\/media\/3168"}],"wp:attachment":[{"href":"https:\/\/www.donperutours.com\/es\/wp-json\/wp\/v2\/media?parent=3167"}],"wp:term":[{"taxonomy":"product_brand","embeddable":true,"href":"https:\/\/www.donperutours.com\/es\/wp-json\/wp\/v2\/product_brand?post=3167"},{"taxonomy":"product_cat","embeddable":true,"href":"https:\/\/www.donperutours.com\/es\/wp-json\/wp\/v2\/product_cat?post=3167"},{"taxonomy":"product_tag","embeddable":true,"href":"https:\/\/www.donperutours.com\/es\/wp-json\/wp\/v2\/product_tag?post=3167"}],"curies":[{"name":"wp","href":"https:\/\/api.w.org\/{rel}","templated":true}]}}