{"id":3156,"date":"2022-01-05T20:41:03","date_gmt":"2022-01-05T20:41:03","guid":{"rendered":"https:\/\/www.donperutours.com\/es\/?post_type=product&#038;p=3156"},"modified":"2022-01-05T20:41:03","modified_gmt":"2022-01-05T20:41:03","slug":"tour-privado-valle-sagrado-de-los-incas","status":"publish","type":"product","link":"https:\/\/www.donperutours.com\/es\/tours\/tour-privado-valle-sagrado-de-los-incas\/","title":{"rendered":"Tour privado Valle Sagrado de los Incas"},"content":{"rendered":"<p><strong>Tour privado Valle Sagrado de los Incas<\/strong>. Con este tour podr\u00e1s visitar los principales atractivos del <a href=\"https:\/\/www.donperutours.com\/es\/tours\/tour-salineras-de-maras-moray-y-valle-sagrado-en-1-dia\/\" target=\"_blank\" rel=\"noopener\">Valle Sagrado de los Incas<\/a>: Chinchero, Andenes de Moray, Salinera de Maras, Ollantaytambo y Pisac. Un circuito donde podr\u00e1s observar hermosos paisajes, animales andinos de la zona y mucha historia y cultura de los centros arqueol\u00f3gicos.<\/p>\n<p>Este circuito es perfecto porque se puede adecuar a tu horario, lugares que deseas visitar y el tour puede empezar desde la misma ciudad del Cusco o como tambi\u00e9n en Urubamba o Ollantaytambo.<\/p>\n<h2>Valle Sagrado de los Incas<\/h2>\n<table style=\"height: 86px;\" width=\"240\">\n<tbody>\n<tr>\n<td style=\"background-color: #d52b1e; border-color: #ffffff; text-align: center;\"><a href=\"https:\/\/wa.me\/51936286411\"><span style=\"color: #ffffff;\">RESERVAR<\/span><\/a><\/td>\n<\/tr>\n<tr>\n<td style=\"border-color: #ffffff;\"><\/td>\n<\/tr>\n<\/tbody>\n<\/table>\n<p><strong>Lugar de Inicio del tour<\/strong>: Cusco, Urubamba o <a href=\"https:\/\/www.mountainpalcoyo.com\/es\/traslado-cusco-ollantaytambo\/\" target=\"_blank\" rel=\"noopener\">Ollantaytambo<\/a><br \/>\n<strong>Horario<\/strong>: Adaptable<br \/>\n<strong>Tipo<\/strong>: Aventura<br \/>\n<strong>Salidas Diarias<\/strong><\/p>\n<p><strong>Incluye<\/strong><br \/>\n<i class=\"fa fa-check icon-tick icon-tick--on\"><\/i> Pickup (Indicar direcci\u00f3n)<br \/>\n<i class=\"fa fa-check icon-tick icon-tick--on\"><\/i> Transporte Tur\u00edstico<br \/>\n<i class=\"fa fa-check icon-tick icon-tick--on\"><\/i> Gu\u00eda biling\u00fce (espa\u00f1ol e ingl\u00e9s)<br \/>\n<i class=\"fa fa-check icon-tick icon-tick--on\"><\/i> Almuerzo buffet<br \/>\n<i class=\"fa fa-check icon-tick icon-tick--on\"><\/i> Drop off (Indicar direcci\u00f3n)<br \/>\n<i class=\"fa fa-check icon-tick icon-tick--on\"><\/i> Asistencia personalizada.<\/p>\n<p><strong>No Incluye<\/strong><br \/>\n<i class=\"fa fa-times icon-tick icon-tick--off\"><\/i> Entradas (Boleto turistico del Cusco)<br \/>\n<i class=\"fa fa-times icon-tick icon-tick--off\"><\/i> Entrada a <a href=\"https:\/\/www.donperutours.com\/es\/tours\/maras-y-moray-1-dia\/\" target=\"_blank\" rel=\"noopener\">Salinera de Maras<\/a><br \/>\n<i class=\"fa fa-times icon-tick icon-tick--off\"><\/i> Otros servicios no mencionados<\/p>\n<h2>Itinerario Valle Sagrado Privado<\/h2>\n<p>00:00 A la hora acordada pasaremos a buscarte en tu Hotel o Airbnb, para luego visitar el <a href=\"https:\/\/www.donperutours.com\/es\/tours\/valle-sagrado-de-los-incas\/\" target=\"_blank\" rel=\"noopener\">Valle Sagrado<\/a> de los Incas, en cada atractivo tur\u00edstico a visitar tendr\u00e1s una visita guiada: Chinchero, <a href=\"https:\/\/www.mountainvinicunca.com\/es\/tours\/tour-maras-moray-y-valle-sagrado-de-los-incas\/\" target=\"_blank\" rel=\"noopener\">Andenes de Moray<\/a>, Salinera de Maras, Ollantaytambo y Pisac. El tour se adecuara a tu horario y visitaras los lugares que t\u00fa indiques.<\/p>\n<p><span style=\"font-size: 24pt; color: #ff0000;\">Viaje Seguro a Cusco Safe Travel<\/span><\/p>\n<p>Viaja seguro a Cusco. Contamos con todos los protocolos de <strong>Bioseguridad Covid-19<\/strong>.<\/p>\n<p>\u2022 Para cada tour usted debe usar barbijo y Protector facial (Obligatorio).<br \/>\n\u2022 Nuestro personal estar\u00e1 monitoreado diariamente para descartar el Covid-19.<br \/>\n\u2022 Desinfecci\u00f3n frecuente de los veh\u00edculos de transporte.<br \/>\n\u2022 Se exige distanciamiento social durante toda la experiencia.<\/p>\n<p><img loading=\"lazy\" decoding=\"async\" class=\"alignnone size-full wp-image-3158\" src=\"https:\/\/www.donperutours.com\/es\/wp-content\/uploads\/2022\/01\/privado-pisaq.jpg\" alt=\"privado pisaq\" width=\"1080\" height=\"1080\" srcset=\"https:\/\/www.donperutours.com\/es\/wp-content\/uploads\/2022\/01\/privado-pisaq.jpg 1080w, https:\/\/www.donperutours.com\/es\/wp-content\/uploads\/2022\/01\/privado-pisaq-300x300.jpg 300w, https:\/\/www.donperutours.com\/es\/wp-content\/uploads\/2022\/01\/privado-pisaq-1024x1024.jpg 1024w, https:\/\/www.donperutours.com\/es\/wp-content\/uploads\/2022\/01\/privado-pisaq-150x150.jpg 150w, https:\/\/www.donperutours.com\/es\/wp-content\/uploads\/2022\/01\/privado-pisaq-768x768.jpg 768w, https:\/\/www.donperutours.com\/es\/wp-content\/uploads\/2022\/01\/privado-pisaq-600x600.jpg 600w\" sizes=\"auto, (max-width: 1080px) 100vw, 1080px\" \/> <img loading=\"lazy\" decoding=\"async\" class=\"alignnone size-full wp-image-3159\" src=\"https:\/\/www.donperutours.com\/es\/wp-content\/uploads\/2022\/01\/privado-ollantaytambo.jpg\" alt=\"privado ollantaytambo\" width=\"1080\" height=\"1080\" srcset=\"https:\/\/www.donperutours.com\/es\/wp-content\/uploads\/2022\/01\/privado-ollantaytambo.jpg 1080w, https:\/\/www.donperutours.com\/es\/wp-content\/uploads\/2022\/01\/privado-ollantaytambo-300x300.jpg 300w, https:\/\/www.donperutours.com\/es\/wp-content\/uploads\/2022\/01\/privado-ollantaytambo-1024x1024.jpg 1024w, https:\/\/www.donperutours.com\/es\/wp-content\/uploads\/2022\/01\/privado-ollantaytambo-150x150.jpg 150w, https:\/\/www.donperutours.com\/es\/wp-content\/uploads\/2022\/01\/privado-ollantaytambo-768x768.jpg 768w, https:\/\/www.donperutours.com\/es\/wp-content\/uploads\/2022\/01\/privado-ollantaytambo-600x600.jpg 600w\" sizes=\"auto, (max-width: 1080px) 100vw, 1080px\" \/> <img loading=\"lazy\" decoding=\"async\" class=\"alignnone size-full wp-image-3160\" src=\"https:\/\/www.donperutours.com\/es\/wp-content\/uploads\/2022\/01\/privado-chinchero.jpg\" alt=\"privado chinchero\" width=\"1080\" height=\"1080\" srcset=\"https:\/\/www.donperutours.com\/es\/wp-content\/uploads\/2022\/01\/privado-chinchero.jpg 1080w, https:\/\/www.donperutours.com\/es\/wp-content\/uploads\/2022\/01\/privado-chinchero-300x300.jpg 300w, https:\/\/www.donperutours.com\/es\/wp-content\/uploads\/2022\/01\/privado-chinchero-1024x1024.jpg 1024w, https:\/\/www.donperutours.com\/es\/wp-content\/uploads\/2022\/01\/privado-chinchero-150x150.jpg 150w, https:\/\/www.donperutours.com\/es\/wp-content\/uploads\/2022\/01\/privado-chinchero-768x768.jpg 768w, https:\/\/www.donperutours.com\/es\/wp-content\/uploads\/2022\/01\/privado-chinchero-600x600.jpg 600w\" sizes=\"auto, (max-width: 1080px) 100vw, 1080px\" \/> <img loading=\"lazy\" decoding=\"async\" class=\"alignnone size-full wp-image-3161\" src=\"https:\/\/www.donperutours.com\/es\/wp-content\/uploads\/2022\/01\/privado-moray.jpg\" alt=\"privado moray\" width=\"1080\" height=\"1080\" srcset=\"https:\/\/www.donperutours.com\/es\/wp-content\/uploads\/2022\/01\/privado-moray.jpg 1080w, https:\/\/www.donperutours.com\/es\/wp-content\/uploads\/2022\/01\/privado-moray-300x300.jpg 300w, https:\/\/www.donperutours.com\/es\/wp-content\/uploads\/2022\/01\/privado-moray-1024x1024.jpg 1024w, https:\/\/www.donperutours.com\/es\/wp-content\/uploads\/2022\/01\/privado-moray-150x150.jpg 150w, https:\/\/www.donperutours.com\/es\/wp-content\/uploads\/2022\/01\/privado-moray-768x768.jpg 768w, https:\/\/www.donperutours.com\/es\/wp-content\/uploads\/2022\/01\/privado-moray-600x600.jpg 600w\" sizes=\"auto, (max-width: 1080px) 100vw, 1080px\" \/> <img loading=\"lazy\" decoding=\"async\" class=\"alignnone size-full wp-image-3162\" src=\"https:\/\/www.donperutours.com\/es\/wp-content\/uploads\/2022\/01\/privado-valle-sagrado.jpg\" alt=\"privado valle sagrado\" width=\"1080\" height=\"1080\" srcset=\"https:\/\/www.donperutours.com\/es\/wp-content\/uploads\/2022\/01\/privado-valle-sagrado.jpg 1080w, https:\/\/www.donperutours.com\/es\/wp-content\/uploads\/2022\/01\/privado-valle-sagrado-300x300.jpg 300w, https:\/\/www.donperutours.com\/es\/wp-content\/uploads\/2022\/01\/privado-valle-sagrado-1024x1024.jpg 1024w, https:\/\/www.donperutours.com\/es\/wp-content\/uploads\/2022\/01\/privado-valle-sagrado-150x150.jpg 150w, https:\/\/www.donperutours.com\/es\/wp-content\/uploads\/2022\/01\/privado-valle-sagrado-768x768.jpg 768w, https:\/\/www.donperutours.com\/es\/wp-content\/uploads\/2022\/01\/privado-valle-sagrado-600x600.jpg 600w\" sizes=\"auto, (max-width: 1080px) 100vw, 1080px\" \/> <img loading=\"lazy\" decoding=\"async\" class=\"alignnone size-full wp-image-3163\" src=\"https:\/\/www.donperutours.com\/es\/wp-content\/uploads\/2022\/01\/privado-salineras.jpg\" alt=\"privado salineras\" width=\"1080\" height=\"1080\" srcset=\"https:\/\/www.donperutours.com\/es\/wp-content\/uploads\/2022\/01\/privado-salineras.jpg 1080w, https:\/\/www.donperutours.com\/es\/wp-content\/uploads\/2022\/01\/privado-salineras-300x300.jpg 300w, https:\/\/www.donperutours.com\/es\/wp-content\/uploads\/2022\/01\/privado-salineras-1024x1024.jpg 1024w, https:\/\/www.donperutours.com\/es\/wp-content\/uploads\/2022\/01\/privado-salineras-150x150.jpg 150w, https:\/\/www.donperutours.com\/es\/wp-content\/uploads\/2022\/01\/privado-salineras-768x768.jpg 768w, https:\/\/www.donperutours.com\/es\/wp-content\/uploads\/2022\/01\/privado-salineras-600x600.jpg 600w\" sizes=\"auto, (max-width: 1080px) 100vw, 1080px\" \/><\/p>\n","protected":false},"excerpt":{"rendered":"<div class=\"padding-top text-center\"><a href=\"https:\/\/www.donperutours.com\/es\/tours\/tour-privado-valle-sagrado-de-los-incas\/\" class=\"atbtn atbtn--medium atbtn--rounded atbtn--transparent\">Read more<i class=\"atbtn__icon atbtn__icon--right fa fa-long-arrow-right\"><\/i><\/a><\/div>\n","protected":false},"featured_media":3157,"comment_status":"closed","ping_status":"closed","template":"","meta":[],"product_brand":[],"product_cat":[61],"product_tag":[],"class_list":{"0":"post-3156","1":"product","2":"type-product","3":"status-publish","4":"has-post-thumbnail","6":"product_cat-cultural","7":"tour_category-cusco","9":"first","10":"instock","11":"shipping-taxable","12":"product-type-tour"},"aioseo_notices":[],"_links":{"self":[{"href":"https:\/\/www.donperutours.com\/es\/wp-json\/wp\/v2\/product\/3156","targetHints":{"allow":["GET"]}}],"collection":[{"href":"https:\/\/www.donperutours.com\/es\/wp-json\/wp\/v2\/product"}],"about":[{"href":"https:\/\/www.donperutours.com\/es\/wp-json\/wp\/v2\/types\/product"}],"replies":[{"embeddable":true,"href":"https:\/\/www.donperutours.com\/es\/wp-json\/wp\/v2\/comments?post=3156"}],"wp:featuredmedia":[{"embeddable":true,"href":"https:\/\/www.donperutours.com\/es\/wp-json\/wp\/v2\/media\/3157"}],"wp:attachment":[{"href":"https:\/\/www.donperutours.com\/es\/wp-json\/wp\/v2\/media?parent=3156"}],"wp:term":[{"taxonomy":"product_brand","embeddable":true,"href":"https:\/\/www.donperutours.com\/es\/wp-json\/wp\/v2\/product_brand?post=3156"},{"taxonomy":"product_cat","embeddable":true,"href":"https:\/\/www.donperutours.com\/es\/wp-json\/wp\/v2\/product_cat?post=3156"},{"taxonomy":"product_tag","embeddable":true,"href":"https:\/\/www.donperutours.com\/es\/wp-json\/wp\/v2\/product_tag?post=3156"}],"curies":[{"name":"wp","href":"https:\/\/api.w.org\/{rel}","templated":true}]}}