{"id":3130,"date":"2021-12-23T16:14:53","date_gmt":"2021-12-23T16:14:53","guid":{"rendered":"https:\/\/www.donperutours.com\/es\/?post_type=product&#038;p=3130"},"modified":"2021-12-23T16:16:06","modified_gmt":"2021-12-23T16:16:06","slug":"tour-barroco-andino-cusco-en-1-dia","status":"publish","type":"product","link":"https:\/\/www.donperutours.com\/es\/tours\/tour-barroco-andino-cusco-en-1-dia\/","title":{"rendered":"Tour Barroco Andino Cusco en 1 Dia"},"content":{"rendered":"<p><strong>Tour Barroco Andino Cusco en 1 D\u00eda<\/strong>. Este tour es perfecto porque podr\u00e1s visitar el templo de la Compa\u00f1\u00eda de Jes\u00fas, la Iglesia de San Pedro Ap\u00f3stol de Andahuaylillas, el templo de San Juan Bautista de Huaro y la Capilla de la Virgen Purificada de Canincunca. Visita el Barroco Andino Cusco de forma privada y segura, cumpliendo con todos los protocolos de seguridad.<\/p>\n<h2>Barroco Andino Cusco<\/h2>\n<table style=\"height: 86px;\" width=\"240\">\n<tbody>\n<tr>\n<td style=\"background-color: #d52b1e; border-color: #ffffff; text-align: center;\"><a href=\"https:\/\/wa.me\/51936286411\"><span style=\"color: #ffffff;\">Solicitar Presupuesto<\/span><\/a><\/td>\n<\/tr>\n<tr>\n<td style=\"border-color: #ffffff;\"><\/td>\n<\/tr>\n<\/tbody>\n<\/table>\n<p><strong>Inicio<\/strong>: 9:00 am<br \/>\n<strong>Tipo<\/strong>: Circuito Religioso Cusco<br \/>\n<strong>Dificultad<\/strong>: Baja<br \/>\n<strong>Salidas Diarias<\/strong><br \/>\n<strong>Grupo Privado<\/strong><\/p>\n<p><strong>Incluye<\/strong><\/p>\n<p><i class=\"fa fa-check icon-tick icon-tick--on\"><\/i> Pickup en el hotel \/ Airbnb en Cusco<br \/>\n<i class=\"fa fa-check icon-tick icon-tick--on\"><\/i> Transporte tur\u00edstico privado<br \/>\n<i class=\"fa fa-check icon-tick icon-tick--on\"><\/i> Almuerzo en Saylla (Plato t\u00edpico del Lugar)<br \/>\n<i class=\"fa fa-check icon-tick icon-tick--on\"><\/i> Gu\u00eda biling\u00fce (espa\u00f1ol e ingl\u00e9s)<br \/>\n<i class=\"fa fa-check icon-tick icon-tick--on\"><\/i> Asistencia personalizada<br \/>\n<i class=\"fa fa-check icon-tick icon-tick--on\"><\/i> Drop off en tu hotel \/ Airbnb en Cusco<\/p>\n<p><strong>No Incluye<\/strong><br \/>\n<i class=\"fa fa-times icon-tick icon-tick--off\"><\/i> Ingresos a los templos. Aprox 70 soles<br \/>\n<i class=\"fa fa-times icon-tick icon-tick--off\"><\/i> Seguro de Viaje<br \/>\n<i class=\"fa fa-times icon-tick icon-tick--off\"><\/i> Otros servicios no mencionados en el programa.<\/p>\n<p><strong>Qu\u00e9 llevar<\/strong>: Calzado de trekking, C\u00e1mara fotogr\u00e1fica, gorro para el sol, bloqueador solar, agua, poncho para la lluvia (Octubre &#8211; Marzo).<\/p>\n<h2>Itinerario Barroco Andino<\/h2>\n<p>09:00 Pasaremos a recogerte a tu Hotel o Airbnb para visitar el Templo de la Compa\u00f1\u00eda de Jes\u00fas que se encuentra en la misma plaza de Armas del Cusco, posteriormente tendremos un viaje al norte de la ciudad del Cusco para visitar la Iglesia de San Pedro Ap\u00f3stol de Andahuaylillas, el templo de San Juan Bautista de Huaro y la Capilla de la Virgen Purificada de Canincunca. En cada destino el gu\u00eda te brindara informaci\u00f3n y luego tendr\u00e1s tiempo para tomar fotos.<\/p>\n<p>13:30 Aproximadamente tendremos nuestro almuerzo en el pueblo de Saylla, donde podr\u00e1s degustar de un plato t\u00edpico: (Chicharr\u00f3n de Chancho, Milanesa de Pollo o Trucha Frita).<\/p>\n<p>15:30 Aproximadamente estaremos retornando a la ciudad del Cusco.<\/p>\n<p>16:15 Aprox Llegada a Cusco y el drop off ser\u00e1 en tu Hotel o Airbnb en Cusco.<\/p>\n<p><strong>Importante<\/strong>: Los horarios del itinerario pueden variar brevemente, tambi\u00e9n puede sufrir algunas modificaciones y se adaptara a los nuevos protocolos de seguridad y medidas sanitarias que brindara el Ministerio de Turismo.<\/p>\n","protected":false},"excerpt":{"rendered":"<div class=\"padding-top text-center\"><a href=\"https:\/\/www.donperutours.com\/es\/tours\/tour-barroco-andino-cusco-en-1-dia\/\" class=\"atbtn atbtn--medium atbtn--rounded atbtn--transparent\">Read more<i class=\"atbtn__icon atbtn__icon--right fa fa-long-arrow-right\"><\/i><\/a><\/div>\n","protected":false},"featured_media":3131,"comment_status":"closed","ping_status":"closed","template":"","meta":[],"product_brand":[],"product_cat":[103],"product_tag":[],"class_list":{"0":"post-3130","1":"product","2":"type-product","3":"status-publish","4":"has-post-thumbnail","6":"product_cat-privados","7":"tour_category-tour-privados","9":"first","10":"instock","11":"shipping-taxable","12":"purchasable","13":"product-type-tour"},"aioseo_notices":[],"_links":{"self":[{"href":"https:\/\/www.donperutours.com\/es\/wp-json\/wp\/v2\/product\/3130","targetHints":{"allow":["GET"]}}],"collection":[{"href":"https:\/\/www.donperutours.com\/es\/wp-json\/wp\/v2\/product"}],"about":[{"href":"https:\/\/www.donperutours.com\/es\/wp-json\/wp\/v2\/types\/product"}],"replies":[{"embeddable":true,"href":"https:\/\/www.donperutours.com\/es\/wp-json\/wp\/v2\/comments?post=3130"}],"wp:featuredmedia":[{"embeddable":true,"href":"https:\/\/www.donperutours.com\/es\/wp-json\/wp\/v2\/media\/3131"}],"wp:attachment":[{"href":"https:\/\/www.donperutours.com\/es\/wp-json\/wp\/v2\/media?parent=3130"}],"wp:term":[{"taxonomy":"product_brand","embeddable":true,"href":"https:\/\/www.donperutours.com\/es\/wp-json\/wp\/v2\/product_brand?post=3130"},{"taxonomy":"product_cat","embeddable":true,"href":"https:\/\/www.donperutours.com\/es\/wp-json\/wp\/v2\/product_cat?post=3130"},{"taxonomy":"product_tag","embeddable":true,"href":"https:\/\/www.donperutours.com\/es\/wp-json\/wp\/v2\/product_tag?post=3130"}],"curies":[{"name":"wp","href":"https:\/\/api.w.org\/{rel}","templated":true}]}}