{"id":3080,"date":"2021-09-24T15:34:48","date_gmt":"2021-09-24T15:34:48","guid":{"rendered":"https:\/\/www.donperutours.com\/es\/?post_type=product&#038;p=3080"},"modified":"2023-12-20T23:00:03","modified_gmt":"2023-12-20T23:00:03","slug":"machu-picchu-con-tren-vistadome-observatory-en-1-dia","status":"publish","type":"product","link":"https:\/\/www.donperutours.com\/es\/tours\/machu-picchu-con-tren-vistadome-observatory-en-1-dia\/","title":{"rendered":"Machu Picchu con tren vistadome observatory en 1 Dia"},"content":{"rendered":"<p><strong>Machu Picchu con tren vistadome observatory en 1 D\u00eda<\/strong>. Vive una experiencia \u00fanica e inolvidable <a href=\"https:\/\/www.mountainpalcoyo.com\/es\/tour-privados-en-cusco-y-machu-picchu\/\" target=\"_blank\" rel=\"noopener noreferrer\">visitando Machu Picchu<\/a> con el tren tur\u00edstico vistadome observatory, tren donde podr\u00e1s disfrutar de una nueva aventura de viaje. Con el tren turistico vistadome observatory podr\u00e1s disfrutar de la m\u00fasica y danza t\u00edpica del Saqra. Tambi\u00e9n podr\u00e1s ver m\u00e1gicos paisajes gracias a sus ventanas panor\u00e1micas y al coche observatorio, viviendo un viaje inolvidable en la ruta de Ollantaytambo a Machu Picchu. Despu\u00e9s de tener una excelente aventura visitaras la ciudad inca de <a href=\"https:\/\/www.donperutours.com\/es\/tours\/machu-picchu-seguro-en-1-dia\/\" target=\"_blank\" rel=\"noopener noreferrer\">Machu Picchu<\/a>.<\/p>\n<p>Un tour de lujo, aventuras y m\u00e1gicos paisajes. <strong>Visita Machu Picchu con el tren tur\u00edstico vistadome observatorio<\/strong> en 1 d\u00eda desde Cusco.<\/p>\n<h2>Machu Picchu Vistadome Observatory<\/h2>\n<table style=\"height: 86px;\" width=\"240\">\n<tbody>\n<tr>\n<td style=\"background-color: #d52b1e; border-color: #ffffff; text-align: center;\"><a href=\"https:\/\/wa.me\/51936286411\"><span style=\"color: #ffffff;\">RESERVAR<\/span><\/a><\/td>\n<\/tr>\n<tr>\n<td style=\"border-color: #ffffff;\"><\/td>\n<\/tr>\n<\/tbody>\n<\/table>\n<p><strong>Precio<\/strong>: US$ 390 por persona<br \/>\n<strong>Tipo<\/strong>: Caminata<br \/>\n<strong>Dificultad<\/strong>: Media Baja<br \/>\n<strong>Salidas Diarias<\/strong><\/p>\n<p><strong>INCLUYE<\/strong>:<br \/>\n<i class=\"fa fa-check icon-tick icon-tick--on\"><\/i> Pickup en el hotel<br \/>\n<i class=\"fa fa-check icon-tick icon-tick--on\"><\/i> <a href=\"https:\/\/www.mountainpalcoyo.com\/es\/traslado-cusco-ollantaytambo\/\" target=\"_blank\" rel=\"noopener noreferrer\">Transporte tur\u00edstico privado Cusco &#8211; Ollantaytambo<\/a> &#8211; Cusco<br \/>\n<i class=\"fa fa-check icon-tick icon-tick--on\"><\/i> Gu\u00eda biling\u00fce (espa\u00f1ol e ingl\u00e9s)<br \/>\n<i class=\"fa fa-check icon-tick icon-tick--on\"><\/i> <a href=\"https:\/\/www.donperutours.com\/es\/comprar-entrada-a-machu-picchu\/\">Entrada a Machu Picchu<\/a><br \/>\n<i class=\"fa fa-check icon-tick icon-tick--on\"><\/i> Tren turistico vistadome Observatory: Ollantaytambo &#8211; Aguas Calientes &#8211; Ollantaytambo<br \/>\n<i class=\"fa fa-check icon-tick icon-tick--on\"><\/i> Bus de Subida y Bajada de Aguas Calientes &#8211; Machu Picchu &#8211; Aguas Calientes<br \/>\n<i class=\"fa fa-check icon-tick icon-tick--on\"><\/i> Asistencia Personalizada<br \/>\n<i class=\"fa fa-check icon-tick icon-tick--on\"><\/i> Drop off en tu Hotel en Cusco.<\/p>\n<p><strong>NO INCLUYE<\/strong><br \/>\n<i class=\"fa fa-times icon-tick icon-tick--off\"><\/i> Alimentaci\u00f3n<br \/>\n<i class=\"fa fa-times icon-tick icon-tick--off\"><\/i> Seguro de Viaje<\/p>\n<p><strong>Que traer?<\/strong>:<br \/>\n\u2022 Pasaporte o documento original.<br \/>\n\u2022 Traer repelente, bloqueador solar, gorro<br \/>\n\u2022 Camara fotografica<br \/>\n\u2022 Zapatillas de trekking.<br \/>\n\u2022 Botella de agua Personal y snacks<br \/>\n\u2022 Dinero extra<br \/>\n\u2022 Una mochila peque\u00f1a<\/p>\n<h2>Itinerario Machu Picchu con tren Vistadome Observatory<\/h2>\n<p>\u2022 5:50 El Auto vendr\u00e1 a tu Hotel para llevarte a la estaci\u00f3n de tren de Ollantaytambo.<br \/>\n\u2022 7:20 Llegada a la estaci\u00f3n de tren de Ollantaytambo<br \/>\n\u2022 7:25 Debes presentarte en la estaci\u00f3n de tren de Ollantaytambo<br \/>\n\u2022 7:45 Tren tur\u00edstico vistadome observatory desde Ollantaytambo a Aguas Calientes<br \/>\n\u2022 9:15 Llegada a Aguas Calientes<br \/>\n\u2022 9:25 Bus de subida desde Aguas Calientes a Machu Picchu<br \/>\n\u2022 10:05 Guiado en <a href=\"https:\/\/www.donperutours.com\/es\/turismoperu\/tour-machu-picchu-todo-incluido\/\" target=\"_blank\" rel=\"noopener noreferrer\">Machu Picchu<\/a> durante 2 horas. El gu\u00eda te brindara informaci\u00f3n importante de la ciudad inca de Machu Picchu y conocer\u00e1s los puntos m\u00e1s importantes de Machu Picchu.<br \/>\n\u2022 13:00 Bus de Bajada desde Machu Picchu a Aguas Calientes<br \/>\nTarde Libre<br \/>\n\u2022 16:00 Debes presentarte en la estaci\u00f3n de tren de Aguas Calientes<br \/>\n\u2022 16:22 Tren tur\u00edstico vistadome observatory desde Aguas Calientes a Ollantaytambo<br \/>\n\u2022 18:10 Llegada a Ollantaytambo<br \/>\n\u2022 18:15 El auto te estar\u00e1 esperando en la estaci\u00f3n de tren de Ollantaytambo para retornar a Cusco.<br \/>\n\u2022 19:45 Aprox. Llegada a Cusco y drop off en tu Hotel respectivo.<\/p>\n<h2>Tren tur\u00edstico vistadome observatory<\/h2>\n<p><img loading=\"lazy\" decoding=\"async\" class=\"alignnone size-full wp-image-3082\" src=\"https:\/\/www.donperutours.com\/es\/wp-content\/uploads\/2021\/09\/tren-vistadome-observatory.jpg\" alt=\"tren vistadome observatory\" width=\"980\" height=\"490\" srcset=\"https:\/\/www.donperutours.com\/es\/wp-content\/uploads\/2021\/09\/tren-vistadome-observatory.jpg 980w, https:\/\/www.donperutours.com\/es\/wp-content\/uploads\/2021\/09\/tren-vistadome-observatory-300x150.jpg 300w, https:\/\/www.donperutours.com\/es\/wp-content\/uploads\/2021\/09\/tren-vistadome-observatory-768x384.jpg 768w, https:\/\/www.donperutours.com\/es\/wp-content\/uploads\/2021\/09\/tren-vistadome-observatory-600x300.jpg 600w\" sizes=\"auto, (max-width: 980px) 100vw, 980px\" \/><\/p>\n<h3><span style=\"color: #ff0000;\">Viaje Seguro a Machu Picchu Safe Travel<\/span><\/h3>\n<p>Viaja seguro a Machu Picchu. Contamos con todos los protocolos de Bioseguridad Covid-19.<\/p>\n<p>\u2022 Para cada tour usted debe usar barbijo y Protector facial (Obligatorio).<br \/>\n\u2022 Alcohol en gel disponible para los viajeros y el personal.<br \/>\n\u2022 Nuestro personal estar\u00e1 monitoreado diariamente para descartar el Covid-19.<br \/>\n\u2022 Desinfecci\u00f3n frecuente de los veh\u00edculos de transporte.<br \/>\n\u2022 Se exige distanciamiento social durante toda la experiencia.<\/p>\n","protected":false},"excerpt":{"rendered":"<div class=\"padding-top text-center\"><a href=\"https:\/\/www.donperutours.com\/es\/tours\/machu-picchu-con-tren-vistadome-observatory-en-1-dia\/\" class=\"atbtn atbtn--medium atbtn--rounded atbtn--transparent\">Read more<i class=\"atbtn__icon atbtn__icon--right fa fa-long-arrow-right\"><\/i><\/a><\/div>\n","protected":false},"featured_media":3081,"comment_status":"closed","ping_status":"closed","template":"","meta":[],"product_brand":[],"product_cat":[36],"product_tag":[],"class_list":{"0":"post-3080","1":"product","2":"type-product","3":"status-publish","4":"has-post-thumbnail","6":"product_cat-aventura","7":"tour_category-cusco","9":"first","10":"instock","11":"sale","12":"shipping-taxable","13":"purchasable","14":"product-type-tour"},"aioseo_notices":[],"_links":{"self":[{"href":"https:\/\/www.donperutours.com\/es\/wp-json\/wp\/v2\/product\/3080","targetHints":{"allow":["GET"]}}],"collection":[{"href":"https:\/\/www.donperutours.com\/es\/wp-json\/wp\/v2\/product"}],"about":[{"href":"https:\/\/www.donperutours.com\/es\/wp-json\/wp\/v2\/types\/product"}],"replies":[{"embeddable":true,"href":"https:\/\/www.donperutours.com\/es\/wp-json\/wp\/v2\/comments?post=3080"}],"wp:featuredmedia":[{"embeddable":true,"href":"https:\/\/www.donperutours.com\/es\/wp-json\/wp\/v2\/media\/3081"}],"wp:attachment":[{"href":"https:\/\/www.donperutours.com\/es\/wp-json\/wp\/v2\/media?parent=3080"}],"wp:term":[{"taxonomy":"product_brand","embeddable":true,"href":"https:\/\/www.donperutours.com\/es\/wp-json\/wp\/v2\/product_brand?post=3080"},{"taxonomy":"product_cat","embeddable":true,"href":"https:\/\/www.donperutours.com\/es\/wp-json\/wp\/v2\/product_cat?post=3080"},{"taxonomy":"product_tag","embeddable":true,"href":"https:\/\/www.donperutours.com\/es\/wp-json\/wp\/v2\/product_tag?post=3080"}],"curies":[{"name":"wp","href":"https:\/\/api.w.org\/{rel}","templated":true}]}}