{"id":3027,"date":"2021-07-09T15:20:38","date_gmt":"2021-07-09T15:20:38","guid":{"rendered":"https:\/\/www.donperutours.com\/es\/?post_type=product&#038;p=3027"},"modified":"2022-05-05T11:59:49","modified_gmt":"2022-05-05T11:59:49","slug":"montana-machu-picchu-en-2-dias","status":"publish","type":"product","link":"https:\/\/www.donperutours.com\/es\/tours\/montana-machu-picchu-en-2-dias\/","title":{"rendered":"Monta\u00f1a Machu Picchu en 2 Dias"},"content":{"rendered":"<p><strong>Visita la Monta\u00f1a Machu Picchu con Machu Picchu<\/strong> (Zona Arqueol\u00f3gica) en 2 D\u00edas. Tour perfecto para visitar ambos atractivos tur\u00edsticos y disfrutar de una vista incre\u00edble de <a href=\"https:\/\/www.donperutours.com\/es\/tours\/tour-a-machu-picchu-1-dia\/\">Machu Picchu<\/a> desde la cima. La <a href=\"https:\/\/www.donperutours.com\/es\/tours\/tour-machu-picchu-con-montana-en-1-dia\/\">monta\u00f1a Machu Picchu<\/a> es el otro atractivo principal despu\u00e9s de <a href=\"https:\/\/www.donperutours.com\/es\/tours\/huayna-picchu-con-machu-picchu-en-1-dia\/\">Huayna Picchu<\/a> que si o si debes visitar.<\/p>\n<h2>Machu Picchu con Monta\u00f1a<\/h2>\n<table style=\"height: 86px;\" width=\"240\">\n<tbody>\n<tr>\n<td style=\"background-color: #d52b1e; border-color: #ffffff; text-align: center;\"><a href=\"https:\/\/wa.me\/51936286411\"><span style=\"color: #ffffff;\">RESERVAR<\/span><\/a><\/td>\n<\/tr>\n<tr>\n<td style=\"border-color: #ffffff;\"><\/td>\n<\/tr>\n<\/tbody>\n<\/table>\n<p><strong>Precio<\/strong>: US$ 360.00 por persona.<br \/>\n<strong>Inicio<\/strong>: 08:20 hrs D\u00eda 1 \u2013 <strong>Fin<\/strong>: 21:30 hrs D\u00eda 2<br \/>\n<strong>Duraci\u00f3n<\/strong>: 2 D\u00edas \/ 1 Noche<br \/>\n<strong>Salidas Diarias<\/strong><br \/>\n<strong>Grupo privado<\/strong><\/p>\n<p><strong>Incluye<\/strong>:<br \/>\n<i class=\"fa fa-check icon-tick icon-tick--on\"><\/i> Pickup en el Hotel \/ Hostel \/ Airbnb<br \/>\n<i class=\"fa fa-check icon-tick icon-tick--on\"><\/i> Transporte tur\u00edstico: Cusco \u2013 Ollantaytambo &#8211; Cusco<br \/>\n<i class=\"fa fa-check icon-tick icon-tick--on\"><\/i> Tren turistico expedition ida y vuelta: Ollantaytambo \u2013 Aguas Calientes \u2013 Ollantaytambo<br \/>\n<i class=\"fa fa-check icon-tick icon-tick--on\"><\/i> 1 Noche de alojamiento en Aguas Calientes<br \/>\n<i class=\"fa fa-check icon-tick icon-tick--on\"><\/i> Gu\u00eda profesional certificado<br \/>\n<i class=\"fa fa-check icon-tick icon-tick--on\"><\/i> <a href=\"https:\/\/www.mountainpalcoyo.com\/es\/tours\/comprar-entrada-a-machu-picchu\/\" target=\"_blank\" rel=\"noopener noreferrer\">Entrada a Machu Picchu<\/a> (Zona Arqueol\u00f3gica)<br \/>\n<i class=\"fa fa-check icon-tick icon-tick--on\"><\/i> <a href=\"https:\/\/www.mountainpalcoyo.com\/es\/tours\/comprar-entrada-montana-machu-picchu\/\" target=\"_blank\" rel=\"noopener noreferrer\">Entrada a Monta\u00f1a Machu Picchu<\/a><br \/>\n<i class=\"fa fa-check icon-tick icon-tick--on\"><\/i> Bus de ida vuelta: Aguas Calientes \u2013 Machu Picchu \u2013 Aguas Calientes<br \/>\n<i class=\"fa fa-check icon-tick icon-tick--on\"><\/i> Asistencia Personalizada<br \/>\n<i class=\"fa fa-check icon-tick icon-tick--on\"><\/i> Drop off en tu Hotel \/ Hostel \/ Airbnb en Cusco<\/p>\n<p><strong>No incluye<\/strong>:<br \/>\n<i class=\"fa fa-times icon-tick icon-tick--off\"><\/i> Alimentaci\u00f3n<br \/>\n<i class=\"fa fa-times icon-tick icon-tick--off\"><\/i> Seguro de Viaje<br \/>\n<i class=\"fa fa-times icon-tick icon-tick--off\"><\/i> Otros servicios no mencionados<\/p>\n<p><strong>Que llevar<\/strong>: Zapatillas de trekking, Bloqueador Solar, Lentes de Sol, Gafas de Sol, Gorro, Agua y Snack.<br \/>\n<strong><br \/>\nServicios adicionales<\/strong>:<br \/>\n\u2022 Tren tur\u00edstico Vistadome: Adicionar 90 USD por persona.<\/p>\n<h2>Itinerario Monta\u00f1a Machu Picchu con Machu Picchu<\/h2>\n<p><strong>D\u00eda 1: Cusco \u2013 Aguas Calientes<\/strong><\/p>\n<p>08:20 Pasaremos a recogerte en tu Hotel \/ Hostel \/ Airbnb<br \/>\n08:30 Traslado privado desde <a href=\"https:\/\/www.donperutours.com\/es\/traslado-turistico-de-cusco-a-ollantaytambo\/\">Cusco a la estaci\u00f3n de tren de Ollantaytambo<\/a><br \/>\n10:00 Llegada a Ollantaytambo<br \/>\n10:02 Debes presentarte en la estaci\u00f3n de tren de Ollantaytambo<br \/>\n10:32 Tren turistico expedition desde Ollantaytambo a Aguas Calientes<br \/>\n12:11 Llegada a Aguas Calientes (Pueblo de <a href=\"https:\/\/www.donperutours.com\/es\/tours\/tour-privado-a-machupicchu-en-1-dia\/\">Machu Picchu<\/a>)<br \/>\n12:12 El agente de viajes te estara esperando en la estaci\u00f3n de tren para llevarte a tu alojamiento respectivo.<br \/>\nTarde Libre<br \/>\nEn la noche (Hora por confirmar) el gu\u00eda vendr\u00e1 a darte toda la informaci\u00f3n necesaria para el d\u00eda siguiente.<\/p>\n<p><strong>D\u00eda 2: Monta\u00f1a Machu Picchu con Machu Picchu \u2013 Cusco<\/strong><br \/>\n05:40 Desayuno en el Alojamiento<br \/>\n06:20 Bus de subida desde Aguas Calientes a Machu Picchu<br \/>\n07:00 Entrada a Monta\u00f1a Machu Picchu. La subida a Monta\u00f1a Machu Picchu es de aproximadamente 1 hora y media.<br \/>\n11:00 Gu\u00eda profesional certificado en Machu Picchu durante 2 horas. El gu\u00eda te brindara toda la informaci\u00f3n de Machu Picchu. Y posteriormente tendr\u00e1s tiempo para visitar Machu Picchu por tu cuenta.<br \/>\n13:30 Bus de bajada desde <a href=\"https:\/\/www.donperutours.com\/es\/tours\/tour-privado-machu-picchu-2-dias\/\">Machu Picchu a Aguas Calientes<\/a><br \/>\nTarde Libre<br \/>\n17:45 Debes presentarte en la estaci\u00f3n de tren de Aguas Calientes<br \/>\n18:20 Tren tur\u00edstico expedition desde Aguas Calientes a Ollantaytambo<br \/>\n20:05 Llegada a Ollantaytambo<br \/>\n20:06 El transfer te estar\u00e1 esperando en la estaci\u00f3n de tren de Ollantaytambo para retornar a la ciudad del Cusco.<br \/>\n21:30 aprox. Llegada a Cusco y drop off en tu Hotel \/ Hostel \/ Airbnb en Cusco<\/p>\n<h3><span style=\"color: #ff0000;\">Viaja seguro a Machu Picchu. Contamos con todos los protocolos de Bioseguridad Covid-19.<\/span><\/h3>\n<p>\u2022 Para cada tour usted debe usar barbijo y Protector facial (Obligatorio).<br \/>\n\u2022 Alcohol en gel disponible para los viajeros y el personal.<br \/>\n\u2022 Nuestro personal estar\u00e1 monitoreado diariamente para descartar el Covid-19.<br \/>\n\u2022 Desinfecci\u00f3n frecuente de los veh\u00edculos de transporte.<br \/>\n\u2022 Se exige distanciamiento social durante toda la experiencia.<br \/>\n\u2022 Grupo compartido (50%) M\u00e1ximo 10 personas.<\/p>\n<h3>Fotografia Monta\u00f1a Machu Picchu<\/h3>\n<p><img loading=\"lazy\" decoding=\"async\" class=\"alignnone size-full wp-image-3028\" src=\"https:\/\/www.donperutours.com\/es\/wp-content\/uploads\/2021\/07\/subida-monta\u00f1a-machu-picchu.jpg\" alt=\"subida monta\u00f1a machu picchu\" width=\"1080\" height=\"1080\" srcset=\"https:\/\/www.donperutours.com\/es\/wp-content\/uploads\/2021\/07\/subida-monta\u00f1a-machu-picchu.jpg 1080w, https:\/\/www.donperutours.com\/es\/wp-content\/uploads\/2021\/07\/subida-monta\u00f1a-machu-picchu-300x300.jpg 300w, https:\/\/www.donperutours.com\/es\/wp-content\/uploads\/2021\/07\/subida-monta\u00f1a-machu-picchu-1024x1024.jpg 1024w, https:\/\/www.donperutours.com\/es\/wp-content\/uploads\/2021\/07\/subida-monta\u00f1a-machu-picchu-150x150.jpg 150w, https:\/\/www.donperutours.com\/es\/wp-content\/uploads\/2021\/07\/subida-monta\u00f1a-machu-picchu-768x768.jpg 768w, https:\/\/www.donperutours.com\/es\/wp-content\/uploads\/2021\/07\/subida-monta\u00f1a-machu-picchu-600x600.jpg 600w\" sizes=\"auto, (max-width: 1080px) 100vw, 1080px\" \/><\/p>\n","protected":false},"excerpt":{"rendered":"<div class=\"padding-top text-center\"><a href=\"https:\/\/www.donperutours.com\/es\/tours\/montana-machu-picchu-en-2-dias\/\" class=\"atbtn atbtn--medium atbtn--rounded atbtn--transparent\">Read more<i class=\"atbtn__icon atbtn__icon--right fa fa-long-arrow-right\"><\/i><\/a><\/div>\n","protected":false},"featured_media":3034,"comment_status":"closed","ping_status":"closed","template":"","meta":[],"product_brand":[],"product_cat":[103],"product_tag":[],"class_list":{"0":"post-3027","1":"product","2":"type-product","3":"status-publish","4":"has-post-thumbnail","6":"product_cat-privados","7":"tour_category-cusco","9":"first","10":"instock","11":"sale","12":"shipping-taxable","13":"purchasable","14":"product-type-tour"},"aioseo_notices":[],"_links":{"self":[{"href":"https:\/\/www.donperutours.com\/es\/wp-json\/wp\/v2\/product\/3027","targetHints":{"allow":["GET"]}}],"collection":[{"href":"https:\/\/www.donperutours.com\/es\/wp-json\/wp\/v2\/product"}],"about":[{"href":"https:\/\/www.donperutours.com\/es\/wp-json\/wp\/v2\/types\/product"}],"replies":[{"embeddable":true,"href":"https:\/\/www.donperutours.com\/es\/wp-json\/wp\/v2\/comments?post=3027"}],"wp:featuredmedia":[{"embeddable":true,"href":"https:\/\/www.donperutours.com\/es\/wp-json\/wp\/v2\/media\/3034"}],"wp:attachment":[{"href":"https:\/\/www.donperutours.com\/es\/wp-json\/wp\/v2\/media?parent=3027"}],"wp:term":[{"taxonomy":"product_brand","embeddable":true,"href":"https:\/\/www.donperutours.com\/es\/wp-json\/wp\/v2\/product_brand?post=3027"},{"taxonomy":"product_cat","embeddable":true,"href":"https:\/\/www.donperutours.com\/es\/wp-json\/wp\/v2\/product_cat?post=3027"},{"taxonomy":"product_tag","embeddable":true,"href":"https:\/\/www.donperutours.com\/es\/wp-json\/wp\/v2\/product_tag?post=3027"}],"curies":[{"name":"wp","href":"https:\/\/api.w.org\/{rel}","templated":true}]}}