{"id":2704,"date":"2020-08-15T23:44:14","date_gmt":"2020-08-15T23:44:14","guid":{"rendered":"https:\/\/www.donperutours.com\/es\/?post_type=product&#038;p=2704"},"modified":"2022-05-05T12:00:42","modified_gmt":"2022-05-05T12:00:42","slug":"tour-privado-valle-sagrado-con-machu-picchu-2-dias","status":"publish","type":"product","link":"https:\/\/www.donperutours.com\/es\/tours\/tour-privado-valle-sagrado-con-machu-picchu-2-dias\/","title":{"rendered":"Tour Privado Valle Sagrado con Machu Picchu 2 Dias"},"content":{"rendered":"<p><strong>Tour privado por el Valle Sagrado de los incas y Machu Picchu en 2 D\u00edas y 1 Noche<\/strong>. Este circuito es perfecto porque primero visitaremos Chinchero, Andenes de Moray, Salinera de Maras y Ollantaytambo, y al d\u00eda siguiente nuestra visita a la ciudad inca de <span style=\"color: #000000;\"><a style=\"color: #000000;\" title=\"machupicchu privado\" href=\"https:\/\/www.donperutours.com\/es\/tours\/tour-privado-a-machupicchu-en-1-dia\/\">Machu Picchu<\/a><\/span>. <strong>Valle Sagrado de los Incas con Machu Picchu en 2 D\u00edas<\/strong> tour privado, incluye todas las entradas y traslados.<\/p>\n<h2>Valle Sagrado con Machu Picchu<\/h2>\n<table style=\"height: 86px;\" width=\"240\">\n<tbody>\n<tr>\n<td style=\"background-color: #d52b1e; border-color: #ffffff; text-align: center;\"><a href=\"https:\/\/wa.me\/51936286411\"><span style=\"color: #ffffff;\">Solicitar Presupuesto<\/span><\/a><\/td>\n<\/tr>\n<tr>\n<td style=\"border-color: #ffffff;\"><\/td>\n<\/tr>\n<\/tbody>\n<\/table>\n<p><strong>Inicio<\/strong>: 07:00 hrs<br \/>\n<strong>Tipo<\/strong>: Caminata<br \/>\n<strong>Dificultad<\/strong>: Baja<br \/>\n<strong>Salidas Diarias<\/strong><br \/>\n<strong>Grupo Privado<\/strong><\/p>\n<p><strong>INCLUYE<\/strong>:<br \/>\n<i class=\"fa fa-check icon-tick icon-tick--on\"><\/i> Pickup en el hotel<br \/>\n<i class=\"fa fa-check icon-tick icon-tick--on\"><\/i> Transporte privado desde Cusco al <span style=\"color: #000000;\"><a style=\"color: #000000;\" title=\"valle sagrado tour\" href=\"https:\/\/www.donperutours.com\/es\/tours\/tour-salineras-de-maras-moray-y-valle-sagrado-en-1-dia\/\">Valle Sagrado de los Incas<\/a><\/span><br \/>\n<i class=\"fa fa-check icon-tick icon-tick--on\"><\/i> Gu\u00eda biling\u00fce (espa\u00f1ol e ingl\u00e9s) privado.<br \/>\n<i class=\"fa fa-check icon-tick icon-tick--on\"><\/i> Boleto Turistico del Cusco Parcial<br \/>\n<i class=\"fa fa-check icon-tick icon-tick--on\"><\/i> Boleto de entrada a las Salinera de Maras<br \/>\n<i class=\"fa fa-check icon-tick icon-tick--on\"><\/i> Almuerzo Buffet en el restaurante TUNUPA (Dia 1)<br \/>\n<i class=\"fa fa-check icon-tick icon-tick--on\"><\/i> Tren Expedition: Ollantaytambo \u2013 Aguas Calientes \u2013 Ollantaytambo<br \/>\n<i class=\"fa fa-check icon-tick icon-tick--on\"><\/i> 1 Noche de Alojamiento en Aguas Calientes<br \/>\n<i class=\"fa fa-check icon-tick icon-tick--on\"><\/i> Desayuno (Dia 2)<br \/>\n<i class=\"fa fa-check icon-tick icon-tick--on\"><\/i> Transporte ida y vuelta en b\u00fas entre Aguas Calientes y Machu Picchu.<br \/>\n<i class=\"fa fa-check icon-tick icon-tick--on\"><\/i> Boleto de entrada a la ciudadela de Machu Picchu (sitio arqueol\u00f3gico)<br \/>\n<i class=\"fa fa-check icon-tick icon-tick--on\"><\/i> Transporte privado desde Ollantaytambo a Cusco<br \/>\n<i class=\"fa fa-check icon-tick icon-tick--on\"><\/i> Kit de Seguridad: Mascarillas KN95, Pa\u00f1itos H\u00famedos, Aspersor desinfectante para cada pasajero. Si el pasajero o pasajeros requieren tambi\u00e9n se le brindara protector facial.<br \/>\n<i class=\"fa fa-check icon-tick icon-tick--on\"><\/i> Drop off en tu hotel en Cusco.<\/p>\n<p><strong>NO INCLUYE<\/strong><br \/>\n<i class=\"fa fa-times icon-tick icon-tick--off\"><\/i> Seguro de viaje<br \/>\n<i class=\"fa fa-times icon-tick icon-tick--off\"><\/i> Propinas (Opcional)<br \/>\n<i class=\"fa fa-times icon-tick icon-tick--off\"><\/i> Otros gastos NO mencionados en el programa.<\/p>\n<p><strong>Importante<\/strong>: El horario de inicio puede variar dependiendo de la hora de tu boleto de tren y <a title=\"machupicchu entradas\" href=\"https:\/\/www.donperutours.com\/es\/turismoperu\/entradas-a-machu-picchu\/\">entrada a Machu Picchu<\/a>, para ello una vez contratado el tour se le dar\u00e1 opciones de horarios para su visita a Machu Picchu.<\/p>\n<p>Los traslados en auto privado se brindara de acuerdo al n\u00famero de personas contratadas en el tour privado, ya sea familiar, amigos, parejas o grupos. Tenemos todo tipo de movilidad Autos \/ H1 \/ Sprinter \/ Renault.<\/p>\n<p><strong>Qu\u00e9 llevar<\/strong>: Calzado c\u00f3modo, Camara fotografia, gorro para el sol, bloqueador solar y agua.<\/p>\n<h2>Itinerario Valle Sagrado con Machu Picchu Privado 2 Dias<\/h2>\n<p><strong>D\u00eda 1: Cusco \u2013 Chinchero \u2013 Andenes de Moray \u2013 Maras &#8211; Ollantaytambo \u2013 Aguas Calientes<br \/>\n<\/strong><br \/>\n\u2022 07:00 Recojo del Hotel y luego tendremos un viaje rumbo al pueblo de Chinchero donde tendremos una visita guiada y luego tiempo breve para visitar el pueblo de Chinchero, seguidamente visitaremos los Andenes de Moray y las salineras de maras. Despu\u00e9s nos dirigiremos a la ciudad de Urubamba para nuestro almuerzo.<br \/>\n\u2022 13:00 Almuerzo Buffet en el restaurante TUNUPA<br \/>\n\u2022 14:30 Iremos rumbo a Ollantaytambo donde tendremos una visita guiada y luego tendr\u00e1s tiempo para visitar Ollantaytambo por tu cuenta.<br \/>\nTarde Libre<br \/>\n\u2022 18:30 Presentaci\u00f3n en la estaci\u00f3n de tren de Ollantaytambo<br \/>\n\u2022 19:05 Tren tur\u00edstico expedition desde Ollantaytambo a Aguas Calientes<br \/>\n\u2022 20:40 Recepci\u00f3n en Aguas Calientes y traslado a tu alojamiento respectivo.<\/p>\n<p><strong>Nota<\/strong>: Los horarios de este d\u00eda pueden variar brevemente.<\/p>\n<p><strong>D\u00eda 2: Machu Picchu \u2013 Cusco<br \/>\n<\/strong><br \/>\n\u2022 07:00 Desayuno<br \/>\n\u2022 08:15 Bus de Subida de Aguas Calientes a Machu Picchu<br \/>\n\u2022 09:00 Entrada a Machu Picchu y guiado durante 2 horas. Luego tendras tiempo para <span style=\"color: #000000;\"><a style=\"color: #000000;\" href=\"https:\/\/www.donperutours.com\/es\/tours\/tour-privado-machu-picchu-2-dias\/\">visitar Machu Picchu<\/a><\/span> por tu cuenta.<br \/>\n\u2022 12:30 Bus de Bajada de Machu Picchu a Aguas Calientes<br \/>\nTarde Libre<br \/>\n\u2022 17:50 Presentaci\u00f3n en la estaci\u00f3n de tren de Aguas Calientes<br \/>\n\u2022 18:20 Tren turistico expedition desde Aguas Calientes a Ollantaytambo<br \/>\n\u2022 19:50 El transfer lo estar\u00e1 esperando en la estaci\u00f3n de Ollantaytambo con su nombre para dar un viaje de regreso a la ciudad del Cusco.<br \/>\n\u2022 21:30 Llegada a Cusco, y drop off en tu hotel.<\/p>\n<p><strong>Importante<\/strong>: Los horarios del itinerario pueden variar brevemente, tambi\u00e9n puede sufrir algunas modificaciones y se adaptara a los nuevos protocolos de seguridad y medidas sanitarias que brindara el Ministerio de Turismo.<\/p>\n","protected":false},"excerpt":{"rendered":"<div class=\"padding-top text-center\"><a href=\"https:\/\/www.donperutours.com\/es\/tours\/tour-privado-valle-sagrado-con-machu-picchu-2-dias\/\" class=\"atbtn atbtn--medium atbtn--rounded atbtn--transparent\">Read more<i class=\"atbtn__icon atbtn__icon--right fa fa-long-arrow-right\"><\/i><\/a><\/div>\n","protected":false},"featured_media":2707,"comment_status":"closed","ping_status":"closed","template":"","meta":[],"product_brand":[],"product_cat":[103],"product_tag":[21,49,37,85,71,67,69,74,73,20,44,19],"class_list":{"0":"post-2704","1":"product","2":"type-product","3":"status-publish","4":"has-post-thumbnail","6":"product_cat-privados","7":"product_tag-cusco-aventuras","8":"product_tag-cusco-tours","9":"product_tag-cusco-viajes","10":"product_tag-machu-picchu","11":"product_tag-machu-picchu-tours","12":"product_tag-marca-peru","13":"product_tag-peru","14":"product_tag-peru-rail","15":"product_tag-tours-a-machu-picchu","16":"product_tag-tours-en-cusco","17":"product_tag-trekking-cusco","18":"product_tag-turismo-en-cusco","19":"tour_category-tour-privados","21":"first","22":"instock","23":"shipping-taxable","24":"purchasable","25":"product-type-tour"},"aioseo_notices":[],"_links":{"self":[{"href":"https:\/\/www.donperutours.com\/es\/wp-json\/wp\/v2\/product\/2704","targetHints":{"allow":["GET"]}}],"collection":[{"href":"https:\/\/www.donperutours.com\/es\/wp-json\/wp\/v2\/product"}],"about":[{"href":"https:\/\/www.donperutours.com\/es\/wp-json\/wp\/v2\/types\/product"}],"replies":[{"embeddable":true,"href":"https:\/\/www.donperutours.com\/es\/wp-json\/wp\/v2\/comments?post=2704"}],"wp:featuredmedia":[{"embeddable":true,"href":"https:\/\/www.donperutours.com\/es\/wp-json\/wp\/v2\/media\/2707"}],"wp:attachment":[{"href":"https:\/\/www.donperutours.com\/es\/wp-json\/wp\/v2\/media?parent=2704"}],"wp:term":[{"taxonomy":"product_brand","embeddable":true,"href":"https:\/\/www.donperutours.com\/es\/wp-json\/wp\/v2\/product_brand?post=2704"},{"taxonomy":"product_cat","embeddable":true,"href":"https:\/\/www.donperutours.com\/es\/wp-json\/wp\/v2\/product_cat?post=2704"},{"taxonomy":"product_tag","embeddable":true,"href":"https:\/\/www.donperutours.com\/es\/wp-json\/wp\/v2\/product_tag?post=2704"}],"curies":[{"name":"wp","href":"https:\/\/api.w.org\/{rel}","templated":true}]}}