{"id":2199,"date":"2019-03-23T16:36:12","date_gmt":"2019-03-23T16:36:12","guid":{"rendered":"http:\/\/www.donperutours.com\/es\/?post_type=product&#038;p=2199"},"modified":"2022-05-05T12:06:48","modified_gmt":"2022-05-05T12:06:48","slug":"city-tour-cusco-y-valle-sur-cusco-en-un-1-dia","status":"publish","type":"product","link":"https:\/\/www.donperutours.com\/es\/tours\/city-tour-cusco-y-valle-sur-cusco-en-un-1-dia\/","title":{"rendered":"City Tour Cusco y Valle Sur Cusco en un 1 D\u00eda"},"content":{"rendered":"<p>City Tour Cusco y Valle Sur Cusco en un 1 d\u00eda, este circuito es perfecto para visitar las ruinas arqueol\u00f3gicas incas cercanas a la ciudad del Cusco y tambi\u00e9n visitaremos las ruinas que se encuentran al sur de la ciudad del Cusco.<\/p>\n<p><strong>Los sitios turisticos a visitar son<\/strong>:<\/p>\n<p><strong>City Tour Cusco<\/strong>: Catedral del Cusco, Templo del Sol Qoricancha, Sacsayhuaman, Qenqo, PucaPucara y Tambomachay.<br \/>\n<strong>Valle Sur Cusco<\/strong>: Ruinas de Tipon, Arquitectura Pre-Inca Pikillacta y la Capilla Sixtina de Am\u00e9rica en Andahuaylillas.<\/p>\n<p>Un tour perfecto para ahorrar tiempo y visitar varios lugares turisticos en tan solo un d\u00eda.<\/p>\n<h2>Tour City Cusco y Valle Sur Cusco<\/h2>\n<p><strong>M\u00ednimo<\/strong>: 2 personas<br \/>\n<strong>Precios<\/strong>: US$ 110 precio por persona<br \/>\n<strong>Horario<\/strong>: de 08:00 a.m. a 6:00 p.m.<br \/>\n<strong>Duraci\u00f3n<\/strong>: 11 horas<br \/>\n<strong>Salidas diarias<\/strong><br \/>\n<strong>Grupo Compartido<\/strong><\/p>\n<table style=\"height: 86px;\" width=\"240\">\n<tbody>\n<tr>\n<td style=\"background-color: #d52b1e; border-color: #ffffff; text-align: center;\"><a href=\"https:\/\/wa.me\/51936286411\"><span style=\"color: #ffffff;\">RESERVAR<\/span><\/a><\/td>\n<\/tr>\n<tr>\n<td style=\"border-color: #ffffff;\"><\/td>\n<\/tr>\n<\/tbody>\n<\/table>\n<p><strong>Incluye<\/strong>:<br \/>\n<i class=\"fa fa-check icon-tick icon-tick--on\"><\/i> Pickup en el hotel<br \/>\n<i class=\"fa fa-check icon-tick icon-tick--on\"><\/i> Transporte tur\u00edstico compartido<br \/>\n<i class=\"fa fa-check icon-tick icon-tick--on\"><\/i> Gu\u00eda biling\u00fce<br \/>\n<i class=\"fa fa-check icon-tick icon-tick--on\"><\/i> Boleto Tur\u00edstico del Cusco<br \/>\n<i class=\"fa fa-check icon-tick icon-tick--on\"><\/i> Ingreso a la Iglesia de Andahuaylillas<br \/>\n<i class=\"fa fa-check icon-tick icon-tick--on\"><\/i> Almuerzo Tipico en el pueblo de Saylla (Plato a la Carta)<br \/>\n<i class=\"fa fa-check icon-tick icon-tick--on\"><\/i> Drop off en el centro del Cusco<br \/>\n<i class=\"fa fa-check icon-tick icon-tick--on\"><\/i> Asistencia Personalizada<\/p>\n<p><strong>No Incluye<\/strong>:<br \/>\n<i class=\"fa fa-times icon-tick icon-tick--off\"><\/i> Desayuno<br \/>\n<i class=\"fa fa-times icon-tick icon-tick--off\"><\/i> Entrada a Catedral de Cusco (S\/. 25 por persona)<br \/>\n<i class=\"fa fa-times icon-tick icon-tick--off\"><\/i> Entrada a Templo del Sol Qoricancha (S\/. 15 por persona)<br \/>\n<i class=\"fa fa-times icon-tick icon-tick--off\"><\/i> Seguro de Viaje<br \/>\n<i class=\"fa fa-times icon-tick icon-tick--off\"><\/i> Otros servicios no mencionados.<\/p>\n<p><strong>Qu\u00e9 llevar<\/strong>: Calzado c\u00f3modo, Camara fotografia, gorro para el sol, bloqueador solar y agua.<\/p>\n<h2>Itinerario City tour Cusco y Valle Sur Cusco<\/h2>\n<div class=\"panel-group accordion\" id=\"ataccordion1\">\n<div class=\"panel panel-default accordion__item\">\n\t<div class=\"panel-heading accordion__item__title-wrap\">\n\t\t<h4 class=\"panel-title\">\n\t\t\t<a data-toggle=\"collapse\" data-parent=\"#ataccordion1\" href=\"#ataccordion1_1\" class=\"accordion__item__link\">City Tour Cusco - Tipon - Pikillacta<\/a>\n\t\t<\/h4>\n\t<\/div>\n\t<div id=\"ataccordion1_1\" class=\"panel-collapse in\">\n\t\t<div class=\"panel-body accordion__item__content\">Nuestro circuito comenzara muy temprano, alrededor de las 8:00 am donde pasaremos a recogerte a tu Hotel, seguidamente nos dirigiremos a visitar el templo del sol Qoricancha, luego visitaremos la Catedral del Cusco, de ah\u00ed tendremos un viaje muy cerca del cusco para visitar la fortaleza de Sacsayhuaman, Qenqo, Pukakara y Tambomachay. En todos estos sitios tendremos una visita guiada y tiempo breve para recorrer el lugar.\n<p>Alrededor de las 1:00 pm tendremos nuestro almuerzo t\u00edpico en el pueblo de Saylla. Despu\u00e9s de nuestro almuerzo, tendremos un viaje al sur del Cusco donde visitaremos las ruinas de Tipon, la Arquitectura Pre-Inca Pikillacta y la Capilla Sixtina de Am\u00e9rica en Andahuaylillas.<\/p>\n<p>Finalmente retornaremos a la ciudad del Cusco, y el drop off ser\u00e1 en el centro del Cusco.<br \/>\n<\/p><\/div>\n\t<\/div>\n<\/div><\/div>\n","protected":false},"excerpt":{"rendered":"<div class=\"padding-top text-center\"><a href=\"https:\/\/www.donperutours.com\/es\/tours\/city-tour-cusco-y-valle-sur-cusco-en-un-1-dia\/\" class=\"atbtn atbtn--medium atbtn--rounded atbtn--transparent\">Read more<i class=\"atbtn__icon atbtn__icon--right fa fa-long-arrow-right\"><\/i><\/a><\/div>\n","protected":false},"featured_media":2201,"comment_status":"closed","ping_status":"closed","template":"","meta":[],"product_brand":[],"product_cat":[61],"product_tag":[84,49,37,20,19,83,68],"class_list":{"0":"post-2199","1":"product","2":"type-product","3":"status-publish","4":"has-post-thumbnail","6":"product_cat-cultural","7":"product_tag-ciudad-del-cusco","8":"product_tag-cusco-tours","9":"product_tag-cusco-viajes","10":"product_tag-tours-en-cusco","11":"product_tag-turismo-en-cusco","12":"product_tag-viajes-a-cusco","13":"product_tag-viva-peru","14":"tour_category-cusco","16":"first","17":"instock","18":"sale","19":"shipping-taxable","20":"purchasable","21":"product-type-tour"},"aioseo_notices":[],"_links":{"self":[{"href":"https:\/\/www.donperutours.com\/es\/wp-json\/wp\/v2\/product\/2199","targetHints":{"allow":["GET"]}}],"collection":[{"href":"https:\/\/www.donperutours.com\/es\/wp-json\/wp\/v2\/product"}],"about":[{"href":"https:\/\/www.donperutours.com\/es\/wp-json\/wp\/v2\/types\/product"}],"replies":[{"embeddable":true,"href":"https:\/\/www.donperutours.com\/es\/wp-json\/wp\/v2\/comments?post=2199"}],"wp:featuredmedia":[{"embeddable":true,"href":"https:\/\/www.donperutours.com\/es\/wp-json\/wp\/v2\/media\/2201"}],"wp:attachment":[{"href":"https:\/\/www.donperutours.com\/es\/wp-json\/wp\/v2\/media?parent=2199"}],"wp:term":[{"taxonomy":"product_brand","embeddable":true,"href":"https:\/\/www.donperutours.com\/es\/wp-json\/wp\/v2\/product_brand?post=2199"},{"taxonomy":"product_cat","embeddable":true,"href":"https:\/\/www.donperutours.com\/es\/wp-json\/wp\/v2\/product_cat?post=2199"},{"taxonomy":"product_tag","embeddable":true,"href":"https:\/\/www.donperutours.com\/es\/wp-json\/wp\/v2\/product_tag?post=2199"}],"curies":[{"name":"wp","href":"https:\/\/api.w.org\/{rel}","templated":true}]}}