{"id":2138,"date":"2018-11-09T20:15:22","date_gmt":"2018-11-09T20:15:22","guid":{"rendered":"http:\/\/www.donperutours.com\/es\/?post_type=product&#038;p=2138"},"modified":"2022-05-05T12:07:07","modified_gmt":"2022-05-05T12:07:07","slug":"bungee-jumping-y-slingshot-en-cusco","status":"publish","type":"product","link":"https:\/\/www.donperutours.com\/es\/tours\/bungee-jumping-y-slingshot-en-cusco\/","title":{"rendered":"Bungee Jumping y Slingshot en Cusco"},"content":{"rendered":"<p>Vive la adrenalina en Cusco, una experiencia \u00fanica e inolvidable con este gran salto en bungee donde saltar\u00e1s desde una plataforma y vivir\u00e1s una de las experiencias \u00fanicas en la ciudad del Cusco. Tambi\u00e9n puedes realizar el Slingshot donde saldr\u00e1s volando por los aires y vivir la adrenalina al m\u00e1ximo.<\/p>\n<table style=\"height: 86px;\" width=\"240\">\n<tbody>\n<tr>\n<td style=\"background-color: #d52b1e; border-color: #ffffff; text-align: center;\"><a href=\"https:\/\/wa.me\/51936286411\"><span style=\"color: #ffffff;\">RESERVAR<\/span><\/a><\/td>\n<\/tr>\n<tr>\n<td style=\"border-color: #ffffff;\"><\/td>\n<\/tr>\n<\/tbody>\n<\/table>\n<p><strong>Precio Bungee<\/strong>: US$ 73 por persona.<br \/>\n<strong>Precio Slingshot<\/strong>: US$ 73 por persona.<br \/>\n<strong>Precio Bungee y slingshot<\/strong>: US$ 134 por persona.<\/p>\n<p><strong>Horario flexible a escoger<\/strong>:<br \/>\n<strong>Turno Ma\u00f1ana<\/strong>: 10:00 a 12:00, 11:00 a 13:00, 12:00 a 14:00<br \/>\n<strong>Turno Tarde<\/strong>: 13:00 a 15:00, 14:00 a 16:00, 15:00 a 17:00.<br \/>\n<strong>Duraci\u00f3n<\/strong>: 2 horas<br \/>\n<strong>Reprogramaci\u00f3n<\/strong>: 72 horas<br \/>\n<strong>Anulaci\u00f3n<\/strong>: NO<br \/>\n<strong>Tipo<\/strong>: Aventura<br \/>\n<strong>Salidas Diarias<\/strong><br \/>\n<strong>Punto de encuentro<\/strong>: Plaza Regocijo, Cusco.<\/p>\n<table>\n<tbody>\n<tr>\n<td>Incluye<\/td>\n<td><i class=\"fa fa-check icon-tick icon-tick--on\"><\/i>Transporte compartido ida y vuelta<br \/>\n<i class=\"fa fa-check icon-tick icon-tick--on\"><\/i>Equipamento.<br \/>\n<i class=\"fa fa-check icon-tick icon-tick--on\"><\/i>Instructores especializados.<br \/>\n<i class=\"fa fa-check icon-tick icon-tick--on\"><\/i>Drop off en el centro del Cusco.<\/td>\n<\/tr>\n<tr>\n<td>No Incluye<\/td>\n<td><i class=\"fa fa-times icon-tick icon-tick--off\"><\/i>Pickup en el hotel<br \/>\n<i class=\"fa fa-times icon-tick icon-tick--off\"><\/i>Alimentacion\/Agua\/Snack<\/td>\n<\/tr>\n<tr>\n<td><strong>Que llevar?<\/strong><\/td>\n<td>\u2022 Ropa y Calzado c\u00f3modo<br \/>\n\u2022 Gafas para el sol<br \/>\n\u2022 Bloqueador solar<br \/>\n\u2022 Agua y Snack.<\/td>\n<\/tr>\n<\/tbody>\n<\/table>\n<p><strong>Restricciones<\/strong>:<\/p>\n<p>\u2022 Peso maximo 110 Kg.<br \/>\n\u2022 No permitido para embarazadas.<br \/>\n\u2022 No apto para personas con problemas cardiacos.<br \/>\n\u2022 Edad minima 16 a\u00f1os, edad maxima 65 a\u00f1os.<br \/>\n\u2022 No permitido para personas con hipertensi\u00f3n.<br \/>\n\u2022 No permitido para personas con fracturas recientes.<br \/>\n\u2022 No permitido para personas con problemas de varices.<br \/>\n\u2022 No permitido para personas con problemas a la columna.<\/p>\n<h2>Itinerario Bungee Jumping y Slingshot<\/h2>\n<p>Nos reuniremos en el punto acordado para comenzar un viaje al norte del Cusco, distrito de Poroy el viaje dura 15 minutos. En este punto tendremos una charla informativa, consejos y donde te brindaremos todo el equipo de seguridad para realizar el bungee o slingshot.<\/p>\n<p><strong>Bungee<\/strong>: Salto desde una plataforma suspendida a m\u00e1s de 125 metros de altura.<\/p>\n<p><strong>Slingshot<\/strong>: Vuela a m\u00e1s de 120 metros de altura en tan solo 3 segundos.<\/p>\n<p>Despu\u00e9s de vivir esta experiencia y lo m\u00e1ximo de la adrenalina retornaremos al Cusco. Fin de nuestros servicios.<\/p>\n","protected":false},"excerpt":{"rendered":"<div class=\"padding-top text-center\"><a href=\"https:\/\/www.donperutours.com\/es\/tours\/bungee-jumping-y-slingshot-en-cusco\/\" class=\"atbtn atbtn--medium atbtn--rounded atbtn--transparent\">Read more<i class=\"atbtn__icon atbtn__icon--right fa fa-long-arrow-right\"><\/i><\/a><\/div>\n","protected":false},"featured_media":2139,"comment_status":"closed","ping_status":"closed","template":"","meta":[],"product_brand":[],"product_cat":[36],"product_tag":[21,49,37,67,69],"class_list":{"0":"post-2138","1":"product","2":"type-product","3":"status-publish","4":"has-post-thumbnail","6":"product_cat-aventura","7":"product_tag-cusco-aventuras","8":"product_tag-cusco-tours","9":"product_tag-cusco-viajes","10":"product_tag-marca-peru","11":"product_tag-peru","12":"tour_category-cusco","14":"first","15":"instock","16":"sale","17":"shipping-taxable","18":"purchasable","19":"product-type-tour"},"aioseo_notices":[],"_links":{"self":[{"href":"https:\/\/www.donperutours.com\/es\/wp-json\/wp\/v2\/product\/2138","targetHints":{"allow":["GET"]}}],"collection":[{"href":"https:\/\/www.donperutours.com\/es\/wp-json\/wp\/v2\/product"}],"about":[{"href":"https:\/\/www.donperutours.com\/es\/wp-json\/wp\/v2\/types\/product"}],"replies":[{"embeddable":true,"href":"https:\/\/www.donperutours.com\/es\/wp-json\/wp\/v2\/comments?post=2138"}],"wp:featuredmedia":[{"embeddable":true,"href":"https:\/\/www.donperutours.com\/es\/wp-json\/wp\/v2\/media\/2139"}],"wp:attachment":[{"href":"https:\/\/www.donperutours.com\/es\/wp-json\/wp\/v2\/media?parent=2138"}],"wp:term":[{"taxonomy":"product_brand","embeddable":true,"href":"https:\/\/www.donperutours.com\/es\/wp-json\/wp\/v2\/product_brand?post=2138"},{"taxonomy":"product_cat","embeddable":true,"href":"https:\/\/www.donperutours.com\/es\/wp-json\/wp\/v2\/product_cat?post=2138"},{"taxonomy":"product_tag","embeddable":true,"href":"https:\/\/www.donperutours.com\/es\/wp-json\/wp\/v2\/product_tag?post=2138"}],"curies":[{"name":"wp","href":"https:\/\/api.w.org\/{rel}","templated":true}]}}