{"id":2020,"date":"2018-08-30T23:56:00","date_gmt":"2018-08-30T23:56:00","guid":{"rendered":"http:\/\/www.donperutours.com\/es\/?post_type=product&#038;p=2020"},"modified":"2022-05-05T12:15:12","modified_gmt":"2022-05-05T12:15:12","slug":"tour-parque-nacional-manu-4d-3n","status":"publish","type":"product","link":"https:\/\/www.donperutours.com\/es\/tours\/tour-parque-nacional-manu-4d-3n\/","title":{"rendered":"Tour Parque Nacional Manu 4D\/3N"},"content":{"rendered":"<p>Vive una aventura m\u00e1gica en el Parque Nacional del Manu con este tour de 4 D\u00edas y 3 noches. Una experiencia inolvidable donde podr\u00e1s observar bellos paisajes, bastante vegetaci\u00f3n y animales de la zona. Convive con la naturaleza y olv\u00eddate de todo. Ideal para salir de los tours tradicionales y vivir algo m\u00e1s m\u00e1gico e inigualable. Incluye alojamiento en albergue y alimentaci\u00f3n.<\/p>\n<table style=\"height: 86px;\" width=\"240\">\n<tbody>\n<tr>\n<td style=\"background-color: #d52b1e; border-color: #ffffff; text-align: center;\"><a href=\"https:\/\/wa.me\/51936286411\"><span style=\"color: #ffffff;\">RESERVAR<\/span><\/a><\/td>\n<\/tr>\n<tr>\n<td style=\"border-color: #ffffff;\"><\/td>\n<\/tr>\n<\/tbody>\n<\/table>\n<p><strong>Precio<\/strong>: US$ 490.00 por persona.<br \/>\n<strong>Duraci\u00f3n<\/strong>: 4 Dias \/ 3 Noches<br \/>\n\u2022 Inicio D\u00eda 1: 05:30 am<br \/>\n\u2022 Retorno D\u00eda 4: 19:00<br \/>\n<strong>Tipo<\/strong>: Caminata \/ Naturaleza<br \/>\n<strong>Salidas Diarias<\/strong><br \/>\n<strong>Pol\u00edtica de anulaci\u00f3n<\/strong>: NO<\/p>\n<table>\n<tbody>\n<tr>\n<td>INCLUYE<\/td>\n<td><i class=\"fa fa-check icon-tick icon-tick--on\"><\/i>Pickup en el hotel en Cusco.<br \/>\n<i class=\"fa fa-check icon-tick icon-tick--on\"><\/i>Traslados:\n<ul>\n<li>Transporte compartido en bus: Cusco y el Parque Nacional Manu (Ida y Vuelta).<\/li>\n<li>Transporte fluvial compartido durante todo el tour.<\/li>\n<\/ul>\n<p><i class=\"fa fa-check icon-tick icon-tick--on\"><\/i>Alimentaci\u00f3n<br \/>\n<i class=\"fa fa-check icon-tick icon-tick--on\"><\/i>Agua embotellada desde el segundo d\u00eda.<br \/>\n<i class=\"fa fa-check icon-tick icon-tick--on\"><\/i>3 Noches de Alojamiento en Albergue:<br \/>\nEn base a una habitaci\u00f3n compartida doble, triple o cu\u00e1druple, con ba\u00f1o privado y ducha.<\/p>\n<ul>\n<li>1era noche en albergue en Pilcopata.<\/li>\n<li>2da noche en albergue en Paititi.<\/li>\n<li>3da noche en albergue en Paititi.<\/li>\n<\/ul>\n<p><i class=\"fa fa-check icon-tick icon-tick--on\"><\/i>Chaleco salvavidas para las navegaciones.<br \/>\n<i class=\"fa fa-check icon-tick icon-tick--on\"><\/i>Kit de primeros auxilios.<br \/>\n<i class=\"fa fa-check icon-tick icon-tick--on\"><\/i>Botas de goma.<br \/>\n<i class=\"fa fa-check icon-tick icon-tick--on\"><\/i>Entrada al Parque Nacional Manu.<br \/>\n<i class=\"fa fa-check icon-tick icon-tick--on\"><\/i>Drop off en el centro de Cusco.<\/p><\/td>\n<\/tr>\n<tr>\n<td>NO INCLUYE<\/td>\n<td><i class=\"fa fa-times icon-tick icon-tick--off\"><\/i>Desayuno el primer d\u00eda.<br \/>\n<i class=\"fa fa-times icon-tick icon-tick--off\"><\/i>Almuerzo ni cena el \u00faltimo d\u00eda.<br \/>\n<i class=\"fa fa-times icon-tick icon-tick--off\"><\/i>Agua el primer d\u00eda.<br \/>\n<i class=\"fa fa-times icon-tick icon-tick--off\"><\/i>Zipline Walkway (US$ 20 por persona).<br \/>\n<i class=\"fa fa-times icon-tick icon-tick--off\"><\/i>Zipline Flying Fox (US$ 20 por persona).<\/td>\n<\/tr>\n<tr>\n<td>QUE LLEVAR?<\/td>\n<td>\u2022 Mochila mediana para las salidas.<br \/>\n\u2022 Ropa de abrigo para las ma\u00f1anas.<br \/>\n\u2022 Ropa impermeable (chaqueta y pantal\u00f3n).<br \/>\n\u2022 Camisetas\/Polos manga larga.<br \/>\n\u2022 Pantal\u00f3n largo.<br \/>\n\u2022 Poncho para la lluvia.<br \/>\n\u2022 Cantimplora.<br \/>\n\u2022 Binoculares.<br \/>\n\u2022 C\u00e1mara fotografica y Bater\u00edas externas.<br \/>\n\u2022 Gorro para el sol.<br \/>\n\u2022 Repelente para los mosquitos y Bloqueador solar.<br \/>\n\u2022 Sandalias de playa y Traje de ba\u00f1o.<br \/>\n\u2022 Toalla.<br \/>\n\u2022 Zapatos de trekking.<br \/>\n\u2022 Bolsas Ziploc o similar (para la basura).<br \/>\n\u2022 Art\u00edculos de higiene personal.<br \/>\n\u2022 Papel higi\u00e9nico.<br \/>\n\u2022 Agua para el primer d\u00eda.<br \/>\n\u2022 Al menos S\/. 150 soles para gastos extras, preferible moneda nacional.<\/td>\n<\/tr>\n<\/tbody>\n<\/table>\n<h2><\/h2>\n<h2>Itinerario Tour Parque Nacional Manu<\/h2>\n<div class=\"panel-group accordion\" id=\"ataccordion1\">\n<div class=\"panel panel-default accordion__item\">\n\t<div class=\"panel-heading accordion__item__title-wrap\">\n\t\t<h4 class=\"panel-title\">\n\t\t\t<a data-toggle=\"collapse\" data-parent=\"#ataccordion1\" href=\"#ataccordion1_1\" class=\"accordion__item__link collapsed\">D\u00eda 1: Cusco \u2013 Bosque de Nubes \u2013 Pilcopata<\/a>\n\t\t<\/h4>\n\t<\/div>\n\t<div id=\"ataccordion1_1\" class=\"panel-collapse collapse\">\n\t\t<div class=\"panel-body accordion__item__content\">A primera hora pasaremos a recogerte a tu hotel (5:30 am), luego abordaremos el bus rumbo a Paucartambo, en el camino tendremos una parada para observar las Chullpas de Ninamarca (Torres funerarias preincaica), luego descenderemos para visitar el bosque de las nubes, donde podr\u00e1s observar la flora y fauna. Tambi\u00e9n tendr\u00e1s la posibilidad de conocer al Gallito de las Rocas, ave bandera del Per\u00fa y tambi\u00e9n otra variedad de aves y animales de la zona.\n<p>Por la tarde nos dirigiremos a nuestro albergue en Pilcopata donde tendremos tiempo para descansar y realizar zipline con Walkway (opcional, no incluido en el tour). Luego tendremos nuestra deliciosa cena y el descanso.<\/p><\/div>\n\t<\/div>\n<\/div>\n<div class=\"panel panel-default accordion__item\">\n\t<div class=\"panel-heading accordion__item__title-wrap\">\n\t\t<h4 class=\"panel-title\">\n\t\t\t<a data-toggle=\"collapse\" data-parent=\"#ataccordion1\" href=\"#ataccordion1_2\" class=\"accordion__item__link collapsed\">D\u00eda 2: Pilcopata \u2013 Atalaya \u2013 Paititi<\/a>\n\t\t<\/h4>\n\t<\/div>\n\t<div id=\"ataccordion1_2\" class=\"panel-collapse collapse\">\n\t\t<div class=\"panel-body accordion__item__content\">A primera hora tendremos nuestro desayuno, luego abordaremos nuestro bus hasta el punto donde comenzara nuestra caminata. En este trayecto veremos una gran variedad de aves, plantaciones  de coca, y diferentes animales de la zona. Luego nos dirigiremos al Atalaya donde comenzaremos una navegaci\u00f3n de 30 minutos hasta nuestro pr\u00f3ximo albergue en Paititi. Tomaremos un peque\u00f1o descanso y comenzara nuestra caminata por la selva. Este d\u00eda, tambi\u00e9n tenemos la posibilidad de realizar zipline, con Flying Fox (opcional, no incluido en el tour). Por la noche saldremos a recorrer algo de la selva para escuchar los sonidos nocturnos y luego tendremos nuestra cena y descanso. <\/div>\n\t<\/div>\n<\/div>\n<div class=\"panel panel-default accordion__item\">\n\t<div class=\"panel-heading accordion__item__title-wrap\">\n\t\t<h4 class=\"panel-title\">\n\t\t\t<a data-toggle=\"collapse\" data-parent=\"#ataccordion1\" href=\"#ataccordion1_3\" class=\"accordion__item__link collapsed\">D\u00eda 3: Paititi \u2013 Collpa de Loros \u2013 Cocha Machuhuasi \u2013 Paititi<\/a>\n\t\t<\/h4>\n\t<\/div>\n\t<div id=\"ataccordion1_3\" class=\"panel-collapse collapse\">\n\t\t<div class=\"panel-body accordion__item__content\">A primera hora tendremos nuestro desayuno y luego nos dirigiremos en bote para ir hasta la Collpa de Loros, en este punto podremos observar una variedad de loros y peque\u00f1os guacamayos. Seguidamente tomaremos nuestro bote rumbo a la Cocha Machuhuasi, donde llegaremos a la laguna del mismo nombre. En este punto tomaremos una balsa de 1 hora donde podremos observar aves, monos, reptiles peque\u00f1os y diferentes tipos de insectos. Una experiencia \u00fanica e inolvidable. Por la tarde regresaremos a nuestro albergue para nuestro almuerzo y un descanso en nuestro albergue.  En la noche puedes realizar una caminata (opcional), y luego nuestra cena. <\/div>\n\t<\/div>\n<\/div>\n<div class=\"panel panel-default accordion__item\">\n\t<div class=\"panel-heading accordion__item__title-wrap\">\n\t\t<h4 class=\"panel-title\">\n\t\t\t<a data-toggle=\"collapse\" data-parent=\"#ataccordion1\" href=\"#ataccordion1_4\" class=\"accordion__item__link collapsed\">D\u00eda 4: Paititi \u2013 Atalaya \u2013 Cusco<\/a>\n\t\t<\/h4>\n\t<\/div>\n\t<div id=\"ataccordion1_4\" class=\"panel-collapse collapse\">\n\t\t<div class=\"panel-body accordion__item__content\">A primera hora tomaremos nuestro desayuno, y despu\u00e9s de ordenar nuestras cosas comenzara nuestro viaje de retorno. En el viaje de regreso, pasaremos por el puerto de Atalaya, donde nos estar\u00e1 esperando el bus y nuestro regreso a la ciudad del Cusco.<\/div>\n\t<\/div>\n<\/div><\/div>\n<p>Recomendaci\u00f3n llevar bater\u00eda externa y c\u00e1mara fotogr\u00e1fica con memoria adicional para que puedas tomar todas las fotos que desees. <\/p>\n","protected":false},"excerpt":{"rendered":"<div class=\"padding-top text-center\"><a href=\"https:\/\/www.donperutours.com\/es\/tours\/tour-parque-nacional-manu-4d-3n\/\" class=\"atbtn atbtn--medium atbtn--rounded atbtn--transparent\">Read more<i class=\"atbtn__icon atbtn__icon--right fa fa-long-arrow-right\"><\/i><\/a><\/div>\n","protected":false},"featured_media":2021,"comment_status":"closed","ping_status":"closed","template":"","meta":[],"product_brand":[],"product_cat":[36],"product_tag":[21,37,77,20,76,79,80,19,78],"class_list":{"0":"post-2020","1":"product","2":"type-product","3":"status-publish","4":"has-post-thumbnail","6":"product_cat-aventura","7":"product_tag-cusco-aventuras","8":"product_tag-cusco-viajes","9":"product_tag-manu","10":"product_tag-tours-en-cusco","11":"product_tag-tours-en-manu","12":"product_tag-tours-naturaleza","13":"product_tag-tours-por-la-selva","14":"product_tag-turismo-en-cusco","15":"product_tag-viajes-manu","16":"tour_category-cusco","18":"first","19":"instock","20":"sale","21":"shipping-taxable","22":"purchasable","23":"product-type-tour"},"aioseo_notices":[],"_links":{"self":[{"href":"https:\/\/www.donperutours.com\/es\/wp-json\/wp\/v2\/product\/2020","targetHints":{"allow":["GET"]}}],"collection":[{"href":"https:\/\/www.donperutours.com\/es\/wp-json\/wp\/v2\/product"}],"about":[{"href":"https:\/\/www.donperutours.com\/es\/wp-json\/wp\/v2\/types\/product"}],"replies":[{"embeddable":true,"href":"https:\/\/www.donperutours.com\/es\/wp-json\/wp\/v2\/comments?post=2020"}],"wp:featuredmedia":[{"embeddable":true,"href":"https:\/\/www.donperutours.com\/es\/wp-json\/wp\/v2\/media\/2021"}],"wp:attachment":[{"href":"https:\/\/www.donperutours.com\/es\/wp-json\/wp\/v2\/media?parent=2020"}],"wp:term":[{"taxonomy":"product_brand","embeddable":true,"href":"https:\/\/www.donperutours.com\/es\/wp-json\/wp\/v2\/product_brand?post=2020"},{"taxonomy":"product_cat","embeddable":true,"href":"https:\/\/www.donperutours.com\/es\/wp-json\/wp\/v2\/product_cat?post=2020"},{"taxonomy":"product_tag","embeddable":true,"href":"https:\/\/www.donperutours.com\/es\/wp-json\/wp\/v2\/product_tag?post=2020"}],"curies":[{"name":"wp","href":"https:\/\/api.w.org\/{rel}","templated":true}]}}