{"id":2000,"date":"2018-08-08T01:03:31","date_gmt":"2018-08-08T01:03:31","guid":{"rendered":"http:\/\/www.donperutours.com\/es\/?post_type=product&#038;p=2000"},"modified":"2022-10-17T16:22:51","modified_gmt":"2022-10-17T16:22:51","slug":"tour-machu-picchu-y-montana-huayna-picchu-en-2-dias","status":"publish","type":"product","link":"https:\/\/www.donperutours.com\/es\/tours\/tour-machu-picchu-y-montana-huayna-picchu-en-2-dias\/","title":{"rendered":"Tour Machu Picchu y Monta\u00f1a Huayna Picchu en 2 D\u00edas"},"content":{"rendered":"<p><strong>Tour Machu Picchu y Monta\u00f1a Huayna Picchu en 2 D\u00edas<\/strong>: Tour de 2 d\u00edas, donde conocer\u00e1s el <a href=\"https:\/\/www.donperutours.com\/es\/tours\/valle-sagrado-de-los-incas\/\">Valle Sagrado de los Incas<\/a>, <strong>Machu Picchu y la monta\u00f1a Huayna Picchu<\/strong>, una aventura \u00fanica e inolvidable que podr\u00e1s realizarlo en 2 d\u00edas. Para realizar este recorrido es necesario reservar con anticipaci\u00f3n.<\/p>\n<p>La <strong>monta\u00f1a Huayna Picchu<\/strong> requiere reserva previa porque tiene un l\u00edmite diario de visitantes y est\u00e1 sujeta a disponibilidad. Es por eso que nuestra recomendaci\u00f3n es reservar con la mayor anticipaci\u00f3n posible.<\/p>\n<p><strong>Nota:<\/strong> Este tour incluye 2 entradas, as\u00ed podr\u00e1s visitar Machu Picchu (Tomarte la foto cl\u00e1sica) y adicionalmente subir a <a href=\"https:\/\/www.tripadvisor.com.pe\/AttractionProductReview-g294314-d17472973-Visit_Machu_Picchu_and_Huayna_Picchu_in_1_Day-Cusco_Cusco_Region.html\" target=\"_blank\" rel=\"noopener\">Huayna Picchu<\/a>.<\/p>\n<h2>Tour Machu Picchu y Monta\u00f1a Huayna Picchu<\/h2>\n<table style=\"height: 86px;\" width=\"240\">\n<tbody>\n<tr>\n<td style=\"background-color: #d52b1e; border-color: #ffffff; text-align: center;\"><a href=\"https:\/\/wa.me\/51936286411\"><span style=\"color: #ffffff;\">Reservar Ahora<\/span><\/a><\/td>\n<\/tr>\n<tr>\n<td style=\"border-color: #ffffff;\"><\/td>\n<\/tr>\n<\/tbody>\n<\/table>\n<p><strong>Precio por persona<\/strong>: US$ 480.<br \/>\n<strong>Duraci\u00f3n<\/strong>: 2 d\u00edas \/ 1 noche<br \/>\n<strong>Recorrido en ruta<\/strong><br \/>\nD\u00eda 1: Valle Sagrado de los Incas<br \/>\nD\u00eda 2: Machu Picchu y Huayna Picchu<\/p>\n<p><strong>Grupo Compartido<\/strong><br \/>\n<strong>Salidas diarias<\/strong><br \/>\n<strong>Reprogramaci\u00f3n<\/strong>: NO<\/p>\n<p><strong>INCLUYE<\/strong>:<br \/>\n<i class=\"fa fa-check icon-tick icon-tick--on\"><\/i>Pickup en el hotel<br \/>\n<i class=\"fa fa-check icon-tick icon-tick--on\"><\/i>Transporte turistico compartido<br \/>\n<i class=\"fa fa-check icon-tick icon-tick--on\"><\/i>Boleto turistico del Cusco Parcial<br \/>\n<i class=\"fa fa-check icon-tick icon-tick--on\"><\/i>Almuerzo Buffet en el valle Sagrado (D\u00eda 1).<br \/>\n<i class=\"fa fa-check icon-tick icon-tick--on\"><\/i>Desayuno (D\u00eda 2).<br \/>\n<i class=\"fa fa-check icon-tick icon-tick--on\"><\/i>Gu\u00eda biling\u00fce (espa\u00f1ol e ingl\u00e9s).<br \/>\n<i class=\"fa fa-check icon-tick icon-tick--on\"><\/i>1 Noche en Aguas Calientes<br \/>\n<i class=\"fa fa-check icon-tick icon-tick--on\"><\/i>Tren Expedition: Ollantaytambo &#8211; Aguas Calientes &#8211; Ollantaytambo<br \/>\n<i class=\"fa fa-check icon-tick icon-tick--on\"><\/i>Transporte ida y vuelta en autob\u00fas entre Aguas Calientes y Machu Picchu.<br \/>\n<i class=\"fa fa-check icon-tick icon-tick--on\"><\/i>Boleto de entrada a la ciudadela de <a href=\"https:\/\/www.donperutours.com\/es\/tours\/tour-a-machu-picchu-1-dia\/\">Machu Picchu<\/a> (sitio arqueol\u00f3gico) y la <a href=\"https:\/\/www.mountainpalcoyo.com\/es\/tours\/comprar-entrada-montana-huayna-picchu\/\" target=\"_blank\" rel=\"noopener noreferrer\">monta\u00f1a Huayna Picchu<\/a>.<br \/>\n<i class=\"fa fa-check icon-tick icon-tick--on\"><\/i>Transporte turistico pirvado Ollantaytambo a Cusco<br \/>\n<i class=\"fa fa-check icon-tick icon-tick--on\"><\/i>Drop off en tu Hotel.<\/p>\n<p><strong>NO INCLUYE<\/strong><br \/>\n<i class=\"fa fa-times icon-tick icon-tick--off\"><\/i>Seguro de viaje<br \/>\n<i class=\"fa fa-times icon-tick icon-tick--off\"><\/i>Guia en Huayna Picchu<br \/>\n<i class=\"fa fa-times icon-tick icon-tick--off\"><\/i>Propinas (Opcional)<br \/>\n<i class=\"fa fa-times icon-tick icon-tick--off\"><\/i>Otros gastos NO mencionados en el programa.<\/p>\n<p><strong>Qu\u00e9 llevar<\/strong>: Ropa c\u00f3moda, zapatos c\u00f3modos, lentes de sol, protector solar, agua, merienda, poncho de lluvia y camara fotografica.<\/p>\n<h2>Itinerario Machu Picchu y Huayna Picchu 2 D\u00edas<\/h2>\n<div class=\"panel-group accordion\" id=\"ataccordion1\">\n<div class=\"panel panel-default accordion__item\">\n\t<div class=\"panel-heading accordion__item__title-wrap\">\n\t\t<h4 class=\"panel-title\">\n\t\t\t<a data-toggle=\"collapse\" data-parent=\"#ataccordion1\" href=\"#ataccordion1_1\" class=\"accordion__item__link\">D\u00eda 1: Cusco - Valle Sagrado de los Incas - Aguas Calientes<\/a>\n\t\t<\/h4>\n\t<\/div>\n\t<div id=\"ataccordion1_1\" class=\"panel-collapse in\">\n\t\t<div class=\"panel-body accordion__item__content\"><br \/>\n06:50 Pasaremos a recoger a todos los pasajeros.<br \/>\n07:00 Viaje al norte del Cusco para visitar Pisac. Aqu\u00ed tendr\u00e1 una visita guiada y luego tiempo breve para recorrer el lugar.<br \/>\n13:00 Almuerzo Buffet en Urubamba<br \/>\n14:30 Visitaremos el centro arqueol\u00f3gico de Ollantaytambo, donde tendr\u00e1 una visita guiada y tiempo para recorrer el lugar. El tour de este d\u00eda para ti terminara aqu\u00ed, ya no retornas a la ciudad del Cusco.<br \/>\nTarde libre<br \/>\n18:30 Debes presentarte en la estaci\u00f3n de tren de Ollantaytambo<br \/>\n19:05 Tren Tur\u00edstico Expedition desde Ollantaytambo a Aguas Calientes<br \/>\n20:45 Llegada a Aguas Calientes<br \/>\n20:46 El agente de viajes lo estar\u00e1 esperando en la estaci\u00f3n de tren para llevarlo a su alojamiento respectivo.<br \/>\n<\/div>\n\t<\/div>\n<\/div><br \/>\n\n<div class=\"panel panel-default accordion__item\">\n\t<div class=\"panel-heading accordion__item__title-wrap\">\n\t\t<h4 class=\"panel-title\">\n\t\t\t<a data-toggle=\"collapse\" data-parent=\"#ataccordion1\" href=\"#ataccordion1_2\" class=\"accordion__item__link\">D\u00eda 2: Machu Picchu con Huayna Picchu \u2013 Cusco<\/a>\n\t\t<\/h4>\n\t<\/div>\n\t<div id=\"ataccordion1_2\" class=\"panel-collapse in\">\n\t\t<div class=\"panel-body accordion__item__content\"><br \/>\n06:15 Bus de subida desde Aguas calientes a Machu Picchu<br \/>\n07:00 Guiado en Machu Picchu durante 2 horas<br \/>\n10:00 <a href=\"https:\/\/www.riorojocusco.com\/tours\/visita-machu-picchu-y-huayna-picchu-en-2-dias\/\" target=\"_blank\" rel=\"noopener noreferrer\">Entrada a Huayna Picchu<\/a> Despues puedes visitar Machu Picchu por la parte baja.<br \/>\n13:00 Bus de bajada de Machu Picchu a Aguas Calientes<br \/>\nTarde Libre<br \/>\n16:10 Debes presentarte en la estaci\u00f3n de tren de Aguas Calientes<br \/>\n16:43 Tren turistico expedition desde Aguas Calientes a Ollantaytambo<br \/>\n18:30 Llegada a Ollantaytambo<br \/>\n18:31 El transfer te estar\u00e1 esperando en la estaci\u00f3n de tren de Ollantaytambo para retornar a la ciudad del Cusco.<br \/>\n20:00 Aprox llegada a Cusco y Drop off en tu alojamiento.\n<p><strong>Importante<\/strong>: Los horarios de este dia pueden variar todo depende del ticket de tren y entrada a Machu Picchu con Huayna Picchu.<\/p>\n<\/div>\n\t<\/div>\n<\/div><\/div>\n<h2><span style=\"color: #ff0000;\">Viaje Seguro a Machu Picchu Safe Travel<\/span><\/h2>\n<p><strong>Viaja seguro a Machu Picchu<\/strong>. Contamos con todos los protocolos de Bioseguridad Covid-19.<\/p>\n<p>\u2022 Para cada tour usted debe usar barbijo y Protector facial (Obligatorio).<br \/>\n\u2022 Nuestro personal estar\u00e1 monitoreado diariamente para descartar el Covid-19.<br \/>\n\u2022 Desinfecci\u00f3n frecuente de los veh\u00edculos de transporte.<br \/>\n\u2022 Se exige distanciamiento social durante toda la experiencia.<\/p>\n<h2>Foto de Huayna Picchu<\/h2>\n<p><img loading=\"lazy\" decoding=\"async\" class=\"alignnone size-full wp-image-2944\" src=\"https:\/\/www.donperutours.com\/es\/wp-content\/uploads\/2018\/08\/monta\u00f1a-huayna-picchu.jpg\" alt=\"monta\u00f1a huayna picchu\" width=\"1080\" height=\"810\" srcset=\"https:\/\/www.donperutours.com\/es\/wp-content\/uploads\/2018\/08\/monta\u00f1a-huayna-picchu.jpg 1080w, https:\/\/www.donperutours.com\/es\/wp-content\/uploads\/2018\/08\/monta\u00f1a-huayna-picchu-300x225.jpg 300w, https:\/\/www.donperutours.com\/es\/wp-content\/uploads\/2018\/08\/monta\u00f1a-huayna-picchu-1024x768.jpg 1024w, https:\/\/www.donperutours.com\/es\/wp-content\/uploads\/2018\/08\/monta\u00f1a-huayna-picchu-768x576.jpg 768w, https:\/\/www.donperutours.com\/es\/wp-content\/uploads\/2018\/08\/monta\u00f1a-huayna-picchu-600x450.jpg 600w\" sizes=\"auto, (max-width: 1080px) 100vw, 1080px\" \/><\/p>\n","protected":false},"excerpt":{"rendered":"<div class=\"padding-top text-center\"><a href=\"https:\/\/www.donperutours.com\/es\/tours\/tour-machu-picchu-y-montana-huayna-picchu-en-2-dias\/\" class=\"atbtn atbtn--medium atbtn--rounded atbtn--transparent\">Read more<i class=\"atbtn__icon atbtn__icon--right fa fa-long-arrow-right\"><\/i><\/a><\/div>\n","protected":false},"featured_media":2001,"comment_status":"closed","ping_status":"closed","template":"","meta":[],"product_brand":[],"product_cat":[36],"product_tag":[23,21,49,37,72,75,71,74,73,20,44,19],"class_list":{"0":"post-2000","1":"product","2":"type-product","3":"status-publish","4":"has-post-thumbnail","6":"product_cat-aventura","7":"product_tag-caminatas-en-cusco","8":"product_tag-cusco-aventuras","9":"product_tag-cusco-tours","10":"product_tag-cusco-viajes","11":"product_tag-huayna-picchu","12":"product_tag-inca-trail","13":"product_tag-machu-picchu-tours","14":"product_tag-peru-rail","15":"product_tag-tours-a-machu-picchu","16":"product_tag-tours-en-cusco","17":"product_tag-trekking-cusco","18":"product_tag-turismo-en-cusco","19":"tour_category-cusco","21":"first","22":"instock","23":"sale","24":"shipping-taxable","25":"purchasable","26":"product-type-tour"},"aioseo_notices":[],"_links":{"self":[{"href":"https:\/\/www.donperutours.com\/es\/wp-json\/wp\/v2\/product\/2000","targetHints":{"allow":["GET"]}}],"collection":[{"href":"https:\/\/www.donperutours.com\/es\/wp-json\/wp\/v2\/product"}],"about":[{"href":"https:\/\/www.donperutours.com\/es\/wp-json\/wp\/v2\/types\/product"}],"replies":[{"embeddable":true,"href":"https:\/\/www.donperutours.com\/es\/wp-json\/wp\/v2\/comments?post=2000"}],"wp:featuredmedia":[{"embeddable":true,"href":"https:\/\/www.donperutours.com\/es\/wp-json\/wp\/v2\/media\/2001"}],"wp:attachment":[{"href":"https:\/\/www.donperutours.com\/es\/wp-json\/wp\/v2\/media?parent=2000"}],"wp:term":[{"taxonomy":"product_brand","embeddable":true,"href":"https:\/\/www.donperutours.com\/es\/wp-json\/wp\/v2\/product_brand?post=2000"},{"taxonomy":"product_cat","embeddable":true,"href":"https:\/\/www.donperutours.com\/es\/wp-json\/wp\/v2\/product_cat?post=2000"},{"taxonomy":"product_tag","embeddable":true,"href":"https:\/\/www.donperutours.com\/es\/wp-json\/wp\/v2\/product_tag?post=2000"}],"curies":[{"name":"wp","href":"https:\/\/api.w.org\/{rel}","templated":true}]}}