{"id":1817,"date":"2018-06-15T17:16:57","date_gmt":"2018-06-15T17:16:57","guid":{"rendered":"http:\/\/www.donperutours.com\/es\/?post_type=product&#038;p=1817"},"modified":"2022-05-05T12:19:10","modified_gmt":"2022-05-05T12:19:10","slug":"tour-trekking-waqrapukara","status":"publish","type":"product","link":"https:\/\/www.donperutours.com\/es\/tours\/tour-trekking-waqrapukara\/","title":{"rendered":"Tour Trekking Waqrapukara"},"content":{"rendered":"<p>Vive una aventura inolvidable con el trekking Waqrapukara en 1 d\u00eda, tour donde podr\u00e1s conocer m\u00e1s acerca de este santuario u observatorio astron\u00f3mico. Una arquitectura inca que se encuentra sobre los 4,300 msnm. Disfrutaras de bellos paisajes y tambi\u00e9n tendr\u00e1s la oportunidad de observar un bosque de piedras que parecen tronos gigantes mitol\u00f3gicos. Una experiencia \u00fanica del Trekking Waqrapukara en tan solo un d\u00eda.<\/p>\n<table style=\"height: 86px;\" width=\"240\">\n<tbody>\n<tr>\n<td style=\"background-color: #d52b1e; border-color: #ffffff; text-align: center;\"><a href=\"https:\/\/wa.me\/51936286411\"><span style=\"color: #ffffff;\">RESERVAR<\/span><\/a><\/td>\n<\/tr>\n<tr>\n<td style=\"border-color: #ffffff;\"><\/td>\n<\/tr>\n<\/tbody>\n<\/table>\n<p><strong>Precio<\/strong>: US$ 75.00 por persona.<br \/>\n<strong>Horario<\/strong>: 04:30 a 18:00.<br \/>\n<strong>Duraci\u00f3n<\/strong>: 15 horas y media.<br \/>\n<strong>Tipo<\/strong>: Caminata<br \/>\n<strong>Salidas Diarias<\/strong><br \/>\n<strong>Reprogramaci\u00f3n<\/strong>: 48 horas.<br \/>\n<strong>Anulacion<\/strong>: NO<\/p>\n<table>\n<tbody>\n<tr>\n<td>INCLUYE<\/td>\n<td><i class=\"fa fa-check icon-tick icon-tick--on\"><\/i>Pickup en el hotel<br \/>\n<i class=\"fa fa-check icon-tick icon-tick--on\"><\/i>Trasporte Cusco \u2013 Sangrar\u00e1<br \/>\n<i class=\"fa fa-check icon-tick icon-tick--on\"><\/i>Trasporte Sangrar\u00e1 \u2013 Cusco<br \/>\n<i class=\"fa fa-check icon-tick icon-tick--on\"><\/i>Gu\u00eda bilingue<br \/>\n<i class=\"fa fa-check icon-tick icon-tick--on\"><\/i>Desayuno<br \/>\n<i class=\"fa fa-check icon-tick icon-tick--on\"><\/i>Almuerzo<br \/>\n<i class=\"fa fa-check icon-tick icon-tick--on\"><\/i>Boleto de ingreso<br \/>\n<i class=\"fa fa-check icon-tick icon-tick--on\"><\/i>Botiqu\u00edn de primeros auxilios<br \/>\n<i class=\"fa fa-check icon-tick icon-tick--on\"><\/i>Oxigeno<\/td>\n<\/tr>\n<tr>\n<td>NO INCLUYE<\/td>\n<td><i class=\"fa fa-times icon-tick icon-tick--off\"><\/i>Bastones de Trekking<br \/>\n<i class=\"fa fa-times icon-tick icon-tick--off\"><\/i>Seguro m\u00e9dico.<br \/>\n<i class=\"fa fa-times icon-tick icon-tick--off\"><\/i>Gastos personales.<\/td>\n<\/tr>\n<tr>\n<td>RESTRICCIONES<\/td>\n<td>\u2022 No permitido para embarazadas.<br \/>\n\u2022 Edad m\u00ednima requerida de 14 a\u00f1os.<br \/>\n\u2022 No apto para personas con problemas cardiacos<\/td>\n<\/tr>\n<tr>\n<td>RECOMENDACIONES<\/td>\n<td>\u2022 Ropa impermeable, calzado de trekking, bastones de trekking, mochila peque\u00f1a, gorro y guantes para el fr\u00edo.<br \/>\n\u2022 Gorro para el sol, anteojos de sol, bloqueador solar y repelente de insectos.<br \/>\n\u2022 Snack y agua.<br \/>\n\u2022 Dinero para gastos personales.<\/td>\n<\/tr>\n<\/tbody>\n<\/table>\n<h2>Itinerario Trekking Waqrapukara<\/h2>\n<div class=\"panel-group accordion\" id=\"ataccordion1\">\n<div class=\"panel panel-default accordion__item\">\n\t<div class=\"panel-heading accordion__item__title-wrap\">\n\t\t<h4 class=\"panel-title\">\n\t\t\t<a data-toggle=\"collapse\" data-parent=\"#ataccordion1\" href=\"#ataccordion1_1\" class=\"accordion__item__link\">Itinerario del programa<\/a>\n\t\t<\/h4>\n\t<\/div>\n\t<div id=\"ataccordion1_1\" class=\"panel-collapse in\">\n\t\t<div class=\"panel-body accordion__item__content\">Muy temprano pasaremos a recogerte al hotel y nos dirigiremos hacia el sur de Cusco, donde tendremos un viaje durante 3 horas hasta llegar al distrito de sangarar\u00e1, en este punto tendremos nuestro desayuno. Posteriormente seguiremos nuestro viaje hasta llegar a la comunidad de Rinconada, en este punto comenzaremos nuestra camina hacia al centro arqueol\u00f3gico de Waqrapukara, en el transcurso del camino podremos observar bellos paisajes y posteriormente el centro arqueol\u00f3gico de waqrapukara, lugar m\u00e1gico con una construcci\u00f3n enigm\u00e1tica. Waqrapukara, se cree que es un santuario de primer orden con un poder pol\u00edtico y religioso que a\u00fan no se ha descifrado, y tendremos la oportunidad de recorrer para conocer su historia y sacar fotograf\u00edas \u00fanicas de este hermoso santuario u observatorio astron\u00f3mico. Retornando tendremos nuestro almuerzo y posteriormente regreso a la ciudad del Cusco. <\/div>\n\t<\/div>\n<\/div><\/div>\n","protected":false},"excerpt":{"rendered":"<div class=\"padding-top text-center\"><a href=\"https:\/\/www.donperutours.com\/es\/tours\/tour-trekking-waqrapukara\/\" class=\"atbtn atbtn--medium atbtn--rounded atbtn--transparent\">Read more<i class=\"atbtn__icon atbtn__icon--right fa fa-long-arrow-right\"><\/i><\/a><\/div>\n","protected":false},"featured_media":1819,"comment_status":"closed","ping_status":"closed","template":"","meta":[],"product_brand":[],"product_cat":[18],"product_tag":[38,23,50,37,20,44,19],"class_list":{"0":"post-1817","1":"product","2":"type-product","3":"status-publish","4":"has-post-thumbnail","6":"product_cat-caminatas","7":"product_tag-caminatas","8":"product_tag-caminatas-en-cusco","9":"product_tag-camino-inca","10":"product_tag-cusco-viajes","11":"product_tag-tours-en-cusco","12":"product_tag-trekking-cusco","13":"product_tag-turismo-en-cusco","14":"tour_category-cusco","16":"first","17":"instock","18":"sale","19":"shipping-taxable","20":"purchasable","21":"product-type-tour"},"aioseo_notices":[],"_links":{"self":[{"href":"https:\/\/www.donperutours.com\/es\/wp-json\/wp\/v2\/product\/1817","targetHints":{"allow":["GET"]}}],"collection":[{"href":"https:\/\/www.donperutours.com\/es\/wp-json\/wp\/v2\/product"}],"about":[{"href":"https:\/\/www.donperutours.com\/es\/wp-json\/wp\/v2\/types\/product"}],"replies":[{"embeddable":true,"href":"https:\/\/www.donperutours.com\/es\/wp-json\/wp\/v2\/comments?post=1817"}],"wp:featuredmedia":[{"embeddable":true,"href":"https:\/\/www.donperutours.com\/es\/wp-json\/wp\/v2\/media\/1819"}],"wp:attachment":[{"href":"https:\/\/www.donperutours.com\/es\/wp-json\/wp\/v2\/media?parent=1817"}],"wp:term":[{"taxonomy":"product_brand","embeddable":true,"href":"https:\/\/www.donperutours.com\/es\/wp-json\/wp\/v2\/product_brand?post=1817"},{"taxonomy":"product_cat","embeddable":true,"href":"https:\/\/www.donperutours.com\/es\/wp-json\/wp\/v2\/product_cat?post=1817"},{"taxonomy":"product_tag","embeddable":true,"href":"https:\/\/www.donperutours.com\/es\/wp-json\/wp\/v2\/product_tag?post=1817"}],"curies":[{"name":"wp","href":"https:\/\/api.w.org\/{rel}","templated":true}]}}