{"id":1800,"date":"2018-06-04T17:34:59","date_gmt":"2018-06-04T17:34:59","guid":{"rendered":"http:\/\/www.donperutours.com\/es\/?post_type=product&#038;p=1800"},"modified":"2025-06-04T02:03:48","modified_gmt":"2025-06-04T02:03:48","slug":"city-tour-cusco","status":"publish","type":"product","link":"https:\/\/www.donperutours.com\/es\/tours\/city-tour-cusco\/","title":{"rendered":"City Tour Cusco"},"content":{"rendered":"<p><strong>City Tour Cusco<\/strong>: Visita los principales atractivos tur\u00edsticos cerca de la ciudad del Cusco. Visitaremos la fortaleza de Sacsayhuaman, el recinto arqueol\u00f3gico de Qenqo, la construcci\u00f3n militar de Puca Pucara y el sitio arqueol\u00f3gico de Tambomachay. El <a href=\"https:\/\/www.mountainvinicunca.com\/es\/tours\/city-tour-en-la-ciudad-del-cusco\/\" target=\"_blank\" rel=\"noopener noreferrer\">city tour Cusco<\/a> es ideal para conocer la historia de la cultura inca.<\/p>\n<h2>City Tour Cusco<\/h2>\n<table style=\"height: 86px;\" width=\"240\">\n<tbody>\n<tr>\n<td style=\"background-color: #d52b1e; border-color: #ffffff; text-align: center;\"><a href=\"https:\/\/wa.me\/51936286411\"><span style=\"color: #ffffff;\">RESERVAR<\/span><\/a><\/td>\n<\/tr>\n<tr>\n<td style=\"border-color: #ffffff;\"><\/td>\n<\/tr>\n<\/tbody>\n<\/table>\n<p><strong>Precio<\/strong>: US$ 15.00 por persona<br \/>\n<strong>Horarios disponibles<\/strong>: 09:00 &#8211; 10:00 &#8211; 13:00 &#8211; 14:00<br \/>\n<strong>Duraci\u00f3n<\/strong>: 4 horas aprox.<\/p>\n<p><strong>Lugares a visitar<\/strong>: Sacsayhuaman, Qenqo, Puca Pucara y Tambomachay<br \/>\n<strong>Horarios:<\/strong> 9:00 y 13:00 se adiciona el templo del Qoricancha.<\/p>\n<p><strong>Incluye<\/strong>:<br \/>\n<i class=\"fa fa-check icon-tick icon-tick--on\"><\/i>Recojo de tu Hotel \/ Hostel \/ Airbnb (Centro del Cusco)<br \/>\n<i class=\"fa fa-check icon-tick icon-tick--on\"><\/i>Transporte tur\u00edstico<br \/>\n<i class=\"fa fa-check icon-tick icon-tick--on\"><\/i>Gu\u00eda biling\u00fce (espa\u00f1ol e ingl\u00e9s)<br \/>\n<i class=\"fa fa-check icon-tick icon-tick--on\"><\/i>Asistencia personalizada<br \/>\n<i class=\"fa fa-check icon-tick icon-tick--on\"><\/i>Drop off en el centro de Cusco<\/p>\n<p><strong>No Incluye<\/strong>:<br \/>\n<i class=\"fa fa-times icon-tick icon-tick--off\"><\/i>Ticket de entrada a Templo Coricancha (S\/. 20 por persona)<br \/>\n<i class=\"fa fa-times icon-tick icon-tick--off\"><\/i><a href=\"http:\/\/www.donperutours.com\/es\/turismoperu\/boleto-turistico-del-cusco\/\" target=\"_blank\" rel=\"noopener noreferrer\">Boleto Turistico Cusco<\/a><br \/>\n<i class=\"fa fa-times icon-tick icon-tick--off\"><\/i>Alimentaci\u00f3n<br \/>\n<i class=\"fa fa-times icon-tick icon-tick--off\"><\/i>Otros servicios no mencionados.<\/p>\n<p><strong>Que llevar<\/strong>: Ropa ligera, Zapatos de trekking, bloqueador solar, gafas de sol, gorro o sombrero, agua y snack.<\/p>\n<h2>Itinerario City Tour Cusco<\/h2>\n<p>Nuestro tour iniciara alrededor de 09:00 hrs y nos dirigiremos a la fortaleza de Sacsayhuaman, Qenqo, Puka Pukara y Tambomachay. En cada punto a visitar tendr\u00e1s una visita guiada. El Gu\u00eda te brindara informaci\u00f3n muy importante de cada centro arqueol\u00f3gico.<\/p>\n<p>El tour finalizara en el centro del <a href=\"https:\/\/www.donperutours.com\/es\/tours\/city-tour-cusco-y-valle-sur-cusco-en-un-1-dia\/\">Cusco<\/a>.<\/p>\n<p>\u2022 Para visitar Sacsayhuaman, Qenqo, Puka Pukara y Tambomachay debes <a href=\"http:\/\/www.donperutours.com\/es\/turismoperu\/boleto-turistico-del-cusco\/\" target=\"_blank\" rel=\"noopener noreferrer\">comprar el boleto de tur\u00edstico del Cusco<\/a>, puedes comprar el boleto tur\u00edstico integral o parcial, dependiendo que circuitos realizaras en Cusco.<\/p>\n<h2><span style=\"color: #ff0000;\">Viaje Seguro a Cusco Safe Travel<\/span><\/h2>\n<p><strong>Viaja seguro a Cusco<\/strong>. Contamos con todos los protocolos de Bioseguridad Covid-19.<\/p>\n<p>\u2022 Para cada tour usted debe usar barbijo y Protector facial (Obligatorio).<br \/>\n\u2022 Nuestro personal estar\u00e1 monitoreado diariamente para descartar el Covid-19.<br \/>\n\u2022 Desinfecci\u00f3n frecuente de los veh\u00edculos de transporte.<br \/>\n\u2022 Se exige distanciamiento social durante toda la experiencia.<\/p>\n<h2>Foto City Tour Cusco<\/h2>\n<p><img loading=\"lazy\" decoding=\"async\" class=\"alignnone size-full wp-image-2905\" src=\"https:\/\/www.donperutours.com\/es\/wp-content\/uploads\/2018\/06\/tambomachay-cusco.jpg\" alt=\"tambomachay cusco\" width=\"1080\" height=\"1350\" srcset=\"https:\/\/www.donperutours.com\/es\/wp-content\/uploads\/2018\/06\/tambomachay-cusco.jpg 1080w, https:\/\/www.donperutours.com\/es\/wp-content\/uploads\/2018\/06\/tambomachay-cusco-240x300.jpg 240w, https:\/\/www.donperutours.com\/es\/wp-content\/uploads\/2018\/06\/tambomachay-cusco-819x1024.jpg 819w, https:\/\/www.donperutours.com\/es\/wp-content\/uploads\/2018\/06\/tambomachay-cusco-768x960.jpg 768w, https:\/\/www.donperutours.com\/es\/wp-content\/uploads\/2018\/06\/tambomachay-cusco-600x750.jpg 600w\" sizes=\"auto, (max-width: 1080px) 100vw, 1080px\" \/><\/p>\n","protected":false},"excerpt":{"rendered":"<div class=\"padding-top text-center\"><a href=\"https:\/\/www.donperutours.com\/es\/tours\/city-tour-cusco\/\" class=\"atbtn atbtn--medium atbtn--rounded atbtn--transparent\">Read more<i class=\"atbtn__icon atbtn__icon--right fa fa-long-arrow-right\"><\/i><\/a><\/div>\n","protected":false},"featured_media":1799,"comment_status":"closed","ping_status":"closed","template":"","meta":[],"product_brand":[],"product_cat":[18],"product_tag":[37,20,19],"class_list":{"0":"post-1800","1":"product","2":"type-product","3":"status-publish","4":"has-post-thumbnail","6":"product_cat-caminatas","7":"product_tag-cusco-viajes","8":"product_tag-tours-en-cusco","9":"product_tag-turismo-en-cusco","10":"tour_category-cusco","12":"first","13":"instock","14":"sale","15":"shipping-taxable","16":"purchasable","17":"product-type-tour"},"aioseo_notices":[],"_links":{"self":[{"href":"https:\/\/www.donperutours.com\/es\/wp-json\/wp\/v2\/product\/1800","targetHints":{"allow":["GET"]}}],"collection":[{"href":"https:\/\/www.donperutours.com\/es\/wp-json\/wp\/v2\/product"}],"about":[{"href":"https:\/\/www.donperutours.com\/es\/wp-json\/wp\/v2\/types\/product"}],"replies":[{"embeddable":true,"href":"https:\/\/www.donperutours.com\/es\/wp-json\/wp\/v2\/comments?post=1800"}],"wp:featuredmedia":[{"embeddable":true,"href":"https:\/\/www.donperutours.com\/es\/wp-json\/wp\/v2\/media\/1799"}],"wp:attachment":[{"href":"https:\/\/www.donperutours.com\/es\/wp-json\/wp\/v2\/media?parent=1800"}],"wp:term":[{"taxonomy":"product_brand","embeddable":true,"href":"https:\/\/www.donperutours.com\/es\/wp-json\/wp\/v2\/product_brand?post=1800"},{"taxonomy":"product_cat","embeddable":true,"href":"https:\/\/www.donperutours.com\/es\/wp-json\/wp\/v2\/product_cat?post=1800"},{"taxonomy":"product_tag","embeddable":true,"href":"https:\/\/www.donperutours.com\/es\/wp-json\/wp\/v2\/product_tag?post=1800"}],"curies":[{"name":"wp","href":"https:\/\/api.w.org\/{rel}","templated":true}]}}