{"id":1660,"date":"2018-05-02T21:10:23","date_gmt":"2018-05-02T21:10:23","guid":{"rendered":"http:\/\/www.donperutours.com\/es\/?post_type=product&#038;p=1660"},"modified":"2023-07-11T12:34:50","modified_gmt":"2023-07-11T12:34:50","slug":"machu-picchu-by-car-2-dias-1-noche","status":"publish","type":"product","link":"https:\/\/www.donperutours.com\/es\/tours\/machu-picchu-by-car-2-dias-1-noche\/","title":{"rendered":"Machu Picchu ruta Hidroelectrica 2 Dias \/ 1 Noche"},"content":{"rendered":"<p>El Tour <a href=\"http:\/\/www.donperutours.com\/es\/turismoperu\/machu-picchu-by-car\/\" target=\"_blank\" rel=\"noopener noreferrer\">Machu Picchu By Car<\/a> 2 D\u00edas \/ 1 Noche, es la alternativa perfecta para quienes disfrutan hacer trekking y la soluci\u00f3n perfecta para quienes no encuentran ticket de tren local (Peruanos). En el <strong>tour Machu picchu por carro<\/strong> el viajero tendr\u00e1 la oportunidad de conocer bellos paisajes y sin duda alguna quedara impresionado de lo hermoso de esta ruta, tambi\u00e9n tendr\u00e1 la gran oportunidad de visitar la ciudadela de Machu Picchu.<\/p>\n<table style=\"height: 86px;\" width=\"240\">\n<tbody>\n<tr>\n<td style=\"background-color: #d52b1e; border-color: #ffffff; text-align: center;\"><a href=\"https:\/\/wa.me\/51936286411\"><span style=\"color: #ffffff;\">RESERVAR<\/span><\/a><\/td>\n<\/tr>\n<tr>\n<td style=\"border-color: #ffffff;\"><\/td>\n<\/tr>\n<\/tbody>\n<\/table>\n<h2>Machu Picchu by Car Precio<\/h2>\n<p><strong>Precio<\/strong>: US$ 130.00 por persona aproximadamente<br \/>\n<strong>Duracion<\/strong>: 2 D\u00edas y 1 Noche<br \/>\n<strong>Salida<\/strong>: 6:00 a.m. (primer d\u00eda).<br \/>\n<strong>Regreso<\/strong>: 10:00 p.m. (Segundo d\u00eda)<br \/>\n<strong>Actividad<\/strong>: Caminata<br \/>\n<strong>Salidas<\/strong>: Diarias<\/p>\n<table>\n<tbody>\n<tr>\n<td>INCLUYE<\/td>\n<td><i class=\"fa fa-check icon-tick icon-tick--on\"><\/i>Transporte tur\u00edstico Cusco \u2013 Hidroel\u00e9ctrica \u2013 Cusco<br \/>\n<i class=\"fa fa-check icon-tick icon-tick--on\"><\/i>Gu\u00eda Profesional (espa\u00f1ol\/ingles)<br \/>\n<i class=\"fa fa-check icon-tick icon-tick--on\"><\/i>1 noche de Alojamiento en Aguas calientes.<br \/>\n<i class=\"fa fa-check icon-tick icon-tick--on\"><\/i>Boleto de ingreso al Santuario de <a href=\"https:\/\/www.gomachupicchubycar.com\/es\/tours\/machu-picchu-en-tren-1-dia\/\" target=\"_blank\" rel=\"noopener noreferrer\">Machupicchu<\/a><br \/>\n<i class=\"fa fa-check icon-tick icon-tick--on\"><\/i>01 almuerzo, 01 cena, 01 desayuno<\/td>\n<\/tr>\n<tr>\n<td>NO INCLUYE<\/td>\n<td><i class=\"fa fa-times icon-tick icon-tick--off\"><\/i>Tren aguas calientes \u2013 hidroelectrica<br \/>\n<i class=\"fa fa-times icon-tick icon-tick--off\"><\/i>Bus Aguas Calientes \u2013 Machu Picchu<br \/>\n<i class=\"fa fa-times icon-tick icon-tick--off\"><\/i>Alimentaci\u00f3n excepto lo mencionado.<br \/>\n<i class=\"fa fa-times icon-tick icon-tick--off\"><\/i>Alojamiento en Cusco<br \/>\n<i class=\"fa fa-times icon-tick icon-tick--off\"><\/i>Ingreso a Aguas termales<br \/>\n<i class=\"fa fa-times icon-tick icon-tick--off\"><\/i>Propinas.<\/td>\n<\/tr>\n<tr>\n<td>RECOMENDACIONES<\/td>\n<td>\n<ul>\n<li>Pasaporte o documento original.<\/li>\n<li>Traer repelente, bloqueador solar, gorro<\/li>\n<li>Camara fotografica<\/li>\n<li>Zapatillas de trekking.<\/li>\n<li>Botella de agua Personal y snacks<\/li>\n<li>Dinero extra<\/li>\n<li>Una mochila peque\u00f1a<\/li>\n<\/ul>\n<\/td>\n<\/tr>\n<\/tbody>\n<\/table>\n<h2>Machu Picchu por Carro Itinerario<\/h2>\n<div class=\"timeline\"><div class=\"timeline__item\">\n\t<div class=\"timeline__item__icon-wrap\">\n\t\t<div class=\"timeline__item__icon\">\n\t\t\t<div class=\"timeline__item__icon__text\">Dia1<\/div>\n\t\t<\/div>\n\t<\/div>\n\t<div class=\"timeline__item__content padding-left\">\n\t\t<h3 class=\"timeline__item__title\">CUSCO \u2013 HIDROELECTRICA \u2013 AGUAS CALIENTES<\/h3>\t\t<div class=\"timeline__item__description\"><br \/>\n<a href=\"https:\/\/www.gomachupicchubycar.com\/\" target=\"_blank\" rel=\"noopener noreferrer\">Machu Picchu by car<\/a>: Nuestro tour empieza a las 6:15 am, e iremos a recogerte a tu hotel o caso contrario en el punto de encuentro acordado. Luego abordaremos el bus e iremos rumbo al valle sagrado de los incas, en el trayecto veras diferentes pueblos y hermosos paisajes. Luego llegaremos al centro arqueol\u00f3gico de Huaman Marca donde nos quedaremos un rato para nuestro almuerzo, luego continuaremos con nuestro tour de <a href=\"http:\/\/www.donperutours.com\/es\/turismoperu\/machu-picchu-by-car\/\" target=\"_blank\" rel=\"noopener noreferrer\">Machu Picchu por carro<\/a> hacia la Hidroel\u00e9ctrica donde empezaremos nuestra caminata hasta llegar al pueblo de Aguas Calientes; la caminata dura 3 horas aproximadamente.\n<p>En aguas calientes nuestro gu\u00eda le llevara a su alojamiento respectivo y por la noche tendremos la cena y las indicaciones acerca de la visita de la ciudadela inca de <a href=\"http:\/\/www.donperutours.com\/es\/tours\/machu-picchu-para-peruanos-paquete-de-viajes\/\" target=\"_blank\" rel=\"noopener noreferrer\">Machu Picchu<\/a> para el d\u00eda siguiente.<\/p>\n<p>Usted puede visitar las Aguas Termales, no est\u00e1 incluido en nuestro tour.<\/p>\n<\/div>\t<\/div>\n<\/div>\n<div class=\"timeline__item\">\n\t<div class=\"timeline__item__icon-wrap\">\n\t\t<div class=\"timeline__item__icon\">\n\t\t\t<div class=\"timeline__item__icon__text\">Dia2<\/div>\n\t\t<\/div>\n\t<\/div>\n\t<div class=\"timeline__item__content padding-left\">\n\t\t<h3 class=\"timeline__item__title\">AGUAS CALIENTES - MACHU PICCHU - CUSCO<\/h3>\t\t<div class=\"timeline__item__description\"><br \/>\nAlrededor de las 4:00 am partiremos de Aguas Calientes rumbo a la ciudadela de <a href=\"https:\/\/www.donperutours.com\/es\/tours\/huayna-picchu-con-machu-picchu-en-1-dia\/\" target=\"_blank\" rel=\"noopener noreferrer\">Machu Picchu<\/a>, la caminata dura 2 horas y el objetivo de esta camina es apreciar los hermosos paisajes y ver el amanecer en Machu Picchu (Una experiencia \u00fanica que pocos viajeros disfrutan). Luego ingresaremos al santuario de Machu Picchu y tendr\u00e1s una visita guiada durante 2 horas y posteriormente podr\u00e1s visitar Machu Picchu por tu cuenta y tomar fotos para el recuerdo.\n<p>Alrededor de las 10:00 retornaremos caminado hacia el pueblo de Aguas Calientes y posteriormente a la Hidroel\u00e9ctrica, una vez llegado a este punto abordaremos el bus que nos llevara a la ciudad del Cusco.<\/p>\n<p><a href=\"https:\/\/www.gomachupicchubycar.com\/es\/tours\/machu-picchu-en-carro-2-dias-1-noche\/\" target=\"_blank\" rel=\"noopener noreferrer\">Machu Picchu en carro<\/a>, terminara alrededor de las 10:00 pm en Cusco.<\/p>\n<\/div>\t<\/div>\n<\/div>\n<\/div>\n<p>&nbsp;<\/p>\n<h2><span style=\"color: #ff0000;\">Viaje Seguro a Machu Picchu Safe Travel<\/span><\/h2>\n<p><strong>Viaja seguro a Machu Picchu<\/strong>. Contamos con todos los protocolos de Bioseguridad Covid-19.<\/p>\n<p>\u2022 Para cada tour usted debe usar barbijo y Protector facial (Obligatorio).<br \/>\n\u2022 Alcohol en gel disponible para los viajeros y el personal.<br \/>\n\u2022 Nuestro personal estar\u00e1 monitoreado diariamente para descartar el Covid-19.<br \/>\n\u2022 Desinfecci\u00f3n frecuente de los veh\u00edculos de transporte.<br \/>\n\u2022 Se exige distanciamiento social durante toda la experiencia.<br \/>\n\u2022 Grupo compartido (50%) M\u00e1ximo 10 personas.<\/p>\n<h2>Foto de Machu Picchu por Carro<\/h2>\n<p><img loading=\"lazy\" decoding=\"async\" class=\"alignnone size-full wp-image-2977\" src=\"https:\/\/www.donperutours.com\/es\/wp-content\/uploads\/2018\/05\/machu-picchu-por-carro.jpg\" alt=\"machu picchu por carro\" width=\"1080\" height=\"1350\" srcset=\"https:\/\/www.donperutours.com\/es\/wp-content\/uploads\/2018\/05\/machu-picchu-por-carro.jpg 1080w, https:\/\/www.donperutours.com\/es\/wp-content\/uploads\/2018\/05\/machu-picchu-por-carro-240x300.jpg 240w, https:\/\/www.donperutours.com\/es\/wp-content\/uploads\/2018\/05\/machu-picchu-por-carro-819x1024.jpg 819w, https:\/\/www.donperutours.com\/es\/wp-content\/uploads\/2018\/05\/machu-picchu-por-carro-768x960.jpg 768w, https:\/\/www.donperutours.com\/es\/wp-content\/uploads\/2018\/05\/machu-picchu-por-carro-600x750.jpg 600w\" sizes=\"auto, (max-width: 1080px) 100vw, 1080px\" \/><\/p>\n","protected":false},"excerpt":{"rendered":"<div class=\"padding-top text-center\"><a href=\"https:\/\/www.donperutours.com\/es\/tours\/machu-picchu-by-car-2-dias-1-noche\/\" class=\"atbtn atbtn--medium atbtn--rounded atbtn--transparent\">Read more<i class=\"atbtn__icon atbtn__icon--right fa fa-long-arrow-right\"><\/i><\/a><\/div>\n","protected":false},"featured_media":1665,"comment_status":"closed","ping_status":"closed","template":"","meta":[],"product_brand":[],"product_cat":[18],"product_tag":[23,21,37,20,44],"class_list":{"0":"post-1660","1":"product","2":"type-product","3":"status-publish","4":"has-post-thumbnail","6":"product_cat-caminatas","7":"product_tag-caminatas-en-cusco","8":"product_tag-cusco-aventuras","9":"product_tag-cusco-viajes","10":"product_tag-tours-en-cusco","11":"product_tag-trekking-cusco","12":"tour_category-cusco","14":"first","15":"instock","16":"sale","17":"shipping-taxable","18":"purchasable","19":"product-type-tour"},"aioseo_notices":[],"_links":{"self":[{"href":"https:\/\/www.donperutours.com\/es\/wp-json\/wp\/v2\/product\/1660","targetHints":{"allow":["GET"]}}],"collection":[{"href":"https:\/\/www.donperutours.com\/es\/wp-json\/wp\/v2\/product"}],"about":[{"href":"https:\/\/www.donperutours.com\/es\/wp-json\/wp\/v2\/types\/product"}],"replies":[{"embeddable":true,"href":"https:\/\/www.donperutours.com\/es\/wp-json\/wp\/v2\/comments?post=1660"}],"wp:featuredmedia":[{"embeddable":true,"href":"https:\/\/www.donperutours.com\/es\/wp-json\/wp\/v2\/media\/1665"}],"wp:attachment":[{"href":"https:\/\/www.donperutours.com\/es\/wp-json\/wp\/v2\/media?parent=1660"}],"wp:term":[{"taxonomy":"product_brand","embeddable":true,"href":"https:\/\/www.donperutours.com\/es\/wp-json\/wp\/v2\/product_brand?post=1660"},{"taxonomy":"product_cat","embeddable":true,"href":"https:\/\/www.donperutours.com\/es\/wp-json\/wp\/v2\/product_cat?post=1660"},{"taxonomy":"product_tag","embeddable":true,"href":"https:\/\/www.donperutours.com\/es\/wp-json\/wp\/v2\/product_tag?post=1660"}],"curies":[{"name":"wp","href":"https:\/\/api.w.org\/{rel}","templated":true}]}}