{"id":1618,"date":"2018-03-28T19:39:25","date_gmt":"2018-03-28T19:39:25","guid":{"rendered":"http:\/\/www.donperutours.com\/es\/?post_type=product&#038;p=1618"},"modified":"2025-04-14T08:50:31","modified_gmt":"2025-04-14T08:50:31","slug":"viaje-de-promociones-a-cusco-5d-4n","status":"publish","type":"product","link":"https:\/\/www.donperutours.com\/es\/tours\/viaje-de-promociones-a-cusco-5d-4n\/","title":{"rendered":"Viaje de Promociones Escolares a Cusco 5D\/4N"},"content":{"rendered":"<p><strong>Oferta: Viaje de Promociones a Cusco 5 D\u00edas 4 Noches<\/strong>, para delegaciones escolares a precios econ\u00f3micos. Vive una aventura m\u00e1gica en la ciudad de Cusco y conoce una de las 7 maravillas del Mundo \u201cMachu Picchu\u201d. Viaja con tu promoci\u00f3n de colegio y vive experiencias inolvidables en la ciudad del Cuzco.<\/p>\n<table style=\"height: 86px;\" width=\"240\">\n<tbody>\n<tr>\n<td style=\"background-color: #d52b1e; border-color: #ffffff; text-align: center;\"><a href=\"https:\/\/wa.me\/51936286411\"><span style=\"color: #ffffff;\">SOLICITAR PRESUPUESTO<\/span><\/a><\/td>\n<\/tr>\n<tr>\n<td style=\"border-color: #ffffff;\"><\/td>\n<\/tr>\n<\/tbody>\n<\/table>\n<h2>Itinerario Viaje de Delegaciones Escolares a Cuzco<\/h2>\n<p>5 D\u00edas \/ 4 Noches: City Tour Cusco \u2013 Valle Sagrado de los Incas \u2013 Machu Picchu &#8211; Valle Sur Cusco<\/p>\n<div class=\"panel-group accordion\" id=\"ataccordion1\"><br \/>\n\n<div class=\"panel panel-default accordion__item\">\n\t<div class=\"panel-heading accordion__item__title-wrap\">\n\t\t<h4 class=\"panel-title\">\n\t\t\t<a data-toggle=\"collapse\" data-parent=\"#ataccordion1\" href=\"#ataccordion1_1\" class=\"accordion__item__link collapsed\">Dia 1: Bienvenido a Cusco<\/a>\n\t\t<\/h4>\n\t<\/div>\n\t<div id=\"ataccordion1_1\" class=\"panel-collapse collapse\">\n\t\t<div class=\"panel-body accordion__item__content\"><br \/>\nRecepci\u00f3n en el Aeropuerto. Nuestro agente estar\u00e1 esper\u00e1ndolos en el <a href=\"https:\/\/www.donperutours.com\/es\/turismoperu\/traslado-aeropuerto-cusco-con-paradas-en-el-valle-sagrado\/\" target=\"_blank\" rel=\"noopener\">aeropuerto del Cusco<\/a> para llevarlos a su alojamiento respectivo. Aprovecharemos este d\u00eda para aclimatarnos y por la noche tendremos nuestra cena de Bienvenida.\n<p>Pernocta en Cusco<br \/>\n<\/p><\/div>\n\t<\/div>\n<\/div>\n<div class=\"panel panel-default accordion__item\">\n\t<div class=\"panel-heading accordion__item__title-wrap\">\n\t\t<h4 class=\"panel-title\">\n\t\t\t<a data-toggle=\"collapse\" data-parent=\"#ataccordion1\" href=\"#ataccordion1_2\" class=\"accordion__item__link collapsed\">Dia 2: Valle Sagrado de los Incas<\/a>\n\t\t<\/h4>\n\t<\/div>\n\t<div id=\"ataccordion1_2\" class=\"panel-collapse collapse\">\n\t\t<div class=\"panel-body accordion__item__content\"><br \/>\nEn la ma\u00f1ana (6:30 hrs) tendremos nuestro desayuno en nuestro alojamiento. Posteriormente comenzara nuestro tour por el valle sagrado de los incas, donde visitaremos el centro arqueol\u00f3gico de Chinchero, Andenes de Moray y Salinera de Maras. Posteriormente iremos a la <a href=\"https:\/\/www.trasladosaeropuertocusco.com\/traslado-urubamba-a-cusco\/\" target=\"_blank\" rel=\"noopener\">ciudad de Urubamba<\/a> para tener nuestro almuerzo Buffet. Despu\u00e9s de nuestro almuerzo visitaremos Ollantaytambo y luego nos dirigiremos a la estaci\u00f3n de tren rumbo al Pueblo Machu Picchu (Aguas Calientes).\n<p>Por la tarde pueden visitar las aguas termales (Opcional), llevar ropa de ba\u00f1o.<br \/>\nY por la noche cena.<\/p>\n<p>Pernocta en Aguas Calientes<br \/>\n<\/p><\/div>\n\t<\/div>\n<\/div>\n<div class=\"panel panel-default accordion__item\">\n\t<div class=\"panel-heading accordion__item__title-wrap\">\n\t\t<h4 class=\"panel-title\">\n\t\t\t<a data-toggle=\"collapse\" data-parent=\"#ataccordion1\" href=\"#ataccordion1_3\" class=\"accordion__item__link collapsed\">Dia 3: Machu Picchu<\/a>\n\t\t<\/h4>\n\t<\/div>\n\t<div id=\"ataccordion1_3\" class=\"panel-collapse collapse\">\n\t\t<div class=\"panel-body accordion__item__content\"><br \/>\nEn la ma\u00f1ana (7:00 hrs) tendremos nuestro desayuno en el alojamiento. Posteriormente nos dirigiremos a la estaci\u00f3n de Buses para abordar nuestro bus desde Aguas Calientes a Machu Picchu. Posteriormente visitaremos la zona arqueol\u00f3gica de <a href=\"https:\/\/www.mountainpalcoyo.com\/es\/tours\/tour-machu-picchu-en-1-dia\/\" target=\"_blank\" rel=\"noopener\">Machu Picchu<\/a> donde nuestro gu\u00eda les brindara informaci\u00f3n importante de la ciudad inca. Posteriormente abordaremos el bus de retorno desde Machu Picchu a Aguas calientes.\n<p>Por la tarde abordaremos el tren tur\u00edstico de retorno de Aguas Calientes a <a href=\"https:\/\/www.donperutours.com\/es\/turismoperu\/transporte-ollantaytambo-a-cusco\/\" target=\"_blank\" rel=\"noopener\">Ollantaytambo<\/a> y posteriormente a la ciudad del Cusco. No incluye cena.<\/p>\n<p>Pernocta en Cusco.<br \/>\n<\/p><\/div>\n\t<\/div>\n<\/div>\n<div class=\"panel panel-default accordion__item\">\n\t<div class=\"panel-heading accordion__item__title-wrap\">\n\t\t<h4 class=\"panel-title\">\n\t\t\t<a data-toggle=\"collapse\" data-parent=\"#ataccordion1\" href=\"#ataccordion1_4\" class=\"accordion__item__link collapsed\">Dia 4: Valle Sur Cusco<\/a>\n\t\t<\/h4>\n\t<\/div>\n\t<div id=\"ataccordion1_4\" class=\"panel-collapse collapse\">\n\t\t<div class=\"panel-body accordion__item__content\"><br \/>\nPor la ma\u00f1ana tendremos nuestro desayuno (7:00 hrs) en nuestro alojamiento posteriormente comenzaremos nuestro tour por el <a href=\"https:\/\/www.donperutours.com\/es\/tours\/valle-sur-cusco-tour-tipon-pikillacta-y-andahuaylillas\/\" target=\"_blank\" rel=\"noopener\">valle sur<\/a> donde visitaremos Tipon, Pikillacta y el templo de Andahuaylillas. Y por la tarde tendremos nuestro almuerzo en el poblado de Saylla (Plato a la carta) y finalmente retornaremos a Cusco.\n<p>Por la noche tendremos nuestra cena de despedida.<\/p>\n<p>Pernocta en Cusco<br \/>\n<\/p><\/div>\n\t<\/div>\n<\/div>\n<div class=\"panel panel-default accordion__item\">\n\t<div class=\"panel-heading accordion__item__title-wrap\">\n\t\t<h4 class=\"panel-title\">\n\t\t\t<a data-toggle=\"collapse\" data-parent=\"#ataccordion1\" href=\"#ataccordion1_5\" class=\"accordion__item__link collapsed\">Dia 5: Adios Cusco<\/a>\n\t\t<\/h4>\n\t<\/div>\n\t<div id=\"ataccordion1_5\" class=\"panel-collapse collapse\">\n\t\t<div class=\"panel-body accordion__item__content\"><br \/>\nA primera hora nuestro desayuno en el hotel, luego traslado al Aeropuerto, 2 horas antes de su vuelo. Fin de nuestros servicios.\n<\/div>\n\t<\/div>\n<\/div>\n<\/div>\n<h3><\/h3>\n<h3>Paquete Viaje de Promocion a Cuzco 5D\/4N<\/h3>\n<table>\n<tbody>\n<tr>\n<td style=\"border-color: #ffffff;\"><strong>INCLUYE<\/strong><\/td>\n<td style=\"border-color: #ffffff;\"><i class=\"fa fa-check icon-tick icon-tick--on\"><\/i>Recojo del aeropuerto IN\/OUT (entrada y salida)<br \/>\n<i class=\"fa fa-check icon-tick icon-tick--on\"><\/i>Todos los servicios y traslados.<br \/>\n<i class=\"fa fa-check icon-tick icon-tick--on\"><\/i>Todos los ingresos a los sitios a visitar<br \/>\n<i class=\"fa fa-check icon-tick icon-tick--on\"><\/i>Bus tur\u00edstico para cada tour.<br \/>\n<i class=\"fa fa-check icon-tick icon-tick--on\"><\/i>Gu\u00eda profesional de turismo para cada tour<br \/>\n<i class=\"fa fa-check icon-tick icon-tick--on\"><\/i>Tren Turistico<br \/>\n<i class=\"fa fa-check icon-tick icon-tick--on\"><\/i>Entrada a Machu Picchu.<br \/>\n<i class=\"fa fa-check icon-tick icon-tick--on\"><\/i>Bus de Subida y bajada a al santuario de Machu Picchu.<br \/>\n<i class=\"fa fa-check icon-tick icon-tick--on\"><\/i>03 noches de alojamiento en Cusco.<br \/>\n<i class=\"fa fa-check icon-tick icon-tick--on\"><\/i>01 noche de alojamiento en Aguas Calientes (Machu Picchu).<br \/>\n<i class=\"fa fa-check icon-tick icon-tick--on\"><\/i>04 Desayunos a partir del segundo d\u00eda.<br \/>\n<i class=\"fa fa-check icon-tick icon-tick--on\"><\/i>01 Almuerzo Buffet en Aguas Calientes<br \/>\n<i class=\"fa fa-check icon-tick icon-tick--on\"><\/i>01 Almuerzo Buffet en El Valle Sagrado de los Incas.<br \/>\n<i class=\"fa fa-check icon-tick icon-tick--on\"><\/i>01 Almuerzo en Saylla (Plato a la Carta)<br \/>\n<i class=\"fa fa-check icon-tick icon-tick--on\"><\/i>03 Cenas a partir del primer d\u00eda.<\/td>\n<\/tr>\n<tr>\n<td style=\"border-color: #ffffff;\"><strong>NO INCLUYE<\/strong><\/td>\n<td style=\"border-color: #ffffff;\"><i class=\"fa fa-times icon-tick icon-tick--off\"><\/i>Alimentaci\u00f3n no mencionada en el programa<br \/>\n<i class=\"fa fa-times icon-tick icon-tick--off\"><\/i>Entrada a las Aguas Termales en Aguas Calientes (S\/10.00 soles).<br \/>\n<i class=\"fa fa-times icon-tick icon-tick--off\"><\/i>Gastos personales<br \/>\n<i class=\"fa fa-times icon-tick icon-tick--off\"><\/i>Propinas<\/td>\n<\/tr>\n<tr>\n<td style=\"border-color: #ffffff;\"><strong>QUE LLEVAR<\/strong><\/td>\n<td style=\"border-color: #ffffff;\">\n<ul>\n<li>DNI original y vigente.<\/li>\n<li>Zapatos de trekking.<\/li>\n<li>Lentes de sol, repelente para mosquitos y bloqueador solar.<\/li>\n<li>Traje de ba\u00f1o, toalla y sandalias.<\/li>\n<li>Casaca para la noche.<\/li>\n<li>Cargadores y bater\u00edas.<\/li>\n<li>Poncho de lluvia (de octubre a marzo).<\/li>\n<li>Medicinas personales.<\/li>\n<\/ul>\n<\/td>\n<\/tr>\n<\/tbody>\n<\/table>\n<h3>Opciones adicionales al paquete: Viaje a Cusco<\/h3>\n<ul>\n<li>Con Vuelos: TU-DESTINO\/CUSCO\/TU-DESTINO<\/li>\n<li>Tours adicionales: Monta\u00f1a 7 colores, Palcoyo Monta\u00f1a de Colores, Laguna Humantay, etc.<\/li>\n<li>Monta\u00f1a Huayna Picchu<\/li>\n<li>Categoria de Hotel<\/li>\n<\/ul>\n","protected":false},"excerpt":{"rendered":"<div class=\"padding-top text-center\"><a href=\"https:\/\/www.donperutours.com\/es\/tours\/viaje-de-promociones-a-cusco-5d-4n\/\" class=\"atbtn atbtn--medium atbtn--rounded atbtn--transparent\">Read more<i class=\"atbtn__icon atbtn__icon--right fa fa-long-arrow-right\"><\/i><\/a><\/div>\n","protected":false},"featured_media":1218,"comment_status":"closed","ping_status":"closed","template":"","meta":[],"product_brand":[],"product_cat":[36],"product_tag":[21,37,45,20,19,46],"class_list":{"0":"post-1618","1":"product","2":"type-product","3":"status-publish","4":"has-post-thumbnail","6":"product_cat-aventura","7":"product_tag-cusco-aventuras","8":"product_tag-cusco-viajes","9":"product_tag-delegaciones-escolares","10":"product_tag-tours-en-cusco","11":"product_tag-turismo-en-cusco","12":"product_tag-viajes-escolares-cuzco","13":"tour_category-cusco","15":"first","16":"instock","17":"shipping-taxable","18":"purchasable","19":"product-type-tour"},"aioseo_notices":[],"_links":{"self":[{"href":"https:\/\/www.donperutours.com\/es\/wp-json\/wp\/v2\/product\/1618","targetHints":{"allow":["GET"]}}],"collection":[{"href":"https:\/\/www.donperutours.com\/es\/wp-json\/wp\/v2\/product"}],"about":[{"href":"https:\/\/www.donperutours.com\/es\/wp-json\/wp\/v2\/types\/product"}],"replies":[{"embeddable":true,"href":"https:\/\/www.donperutours.com\/es\/wp-json\/wp\/v2\/comments?post=1618"}],"wp:featuredmedia":[{"embeddable":true,"href":"https:\/\/www.donperutours.com\/es\/wp-json\/wp\/v2\/media\/1218"}],"wp:attachment":[{"href":"https:\/\/www.donperutours.com\/es\/wp-json\/wp\/v2\/media?parent=1618"}],"wp:term":[{"taxonomy":"product_brand","embeddable":true,"href":"https:\/\/www.donperutours.com\/es\/wp-json\/wp\/v2\/product_brand?post=1618"},{"taxonomy":"product_cat","embeddable":true,"href":"https:\/\/www.donperutours.com\/es\/wp-json\/wp\/v2\/product_cat?post=1618"},{"taxonomy":"product_tag","embeddable":true,"href":"https:\/\/www.donperutours.com\/es\/wp-json\/wp\/v2\/product_tag?post=1618"}],"curies":[{"name":"wp","href":"https:\/\/api.w.org\/{rel}","templated":true}]}}