{"id":1606,"date":"2018-03-21T18:37:16","date_gmt":"2018-03-21T18:37:16","guid":{"rendered":"http:\/\/www.donperutours.com\/es\/?post_type=product&#038;p=1606"},"modified":"2025-04-06T16:58:10","modified_gmt":"2025-04-06T16:58:10","slug":"tour-inti-raymi","status":"publish","type":"product","link":"https:\/\/www.donperutours.com\/es\/tours\/tour-inti-raymi\/","title":{"rendered":"Tour Inti Raymi 2025"},"content":{"rendered":"<p><strong>Tour Inti Raymi 2025<\/strong>. Ven y disfruta de una de las fiestas m\u00e1s grandes del Cusco: El <strong>Inti Raymi<\/strong> o m\u00e1s conocida como <strong>la fiesta del Sol<\/strong>. Vive una experiencia inolvidable con una de las festividades m\u00e1s importantes de la ciudad imperial del cusco. Recorre la ciudad del Cusco, la maravilla del mundo \u201c<a href=\"https:\/\/www.donperutours.com\/es\/tours\/visita-machu-picchu-desde-cusco-en-1-dia\/\">Machu Picchu<\/a>\u201d y el maravilloso espect\u00e1culo realizado en la explanada de Sacsayhuaman \u201c<strong>El Inti Raymi<\/strong>\u201d que se celebra cada 24 de junio y tiene como fin homenajear al dios Sol.<\/p>\n<h2>Itinerario Tour Inti Raymi<\/h2>\n<table style=\"height: 86px;\" width=\"240\">\n<tbody>\n<tr>\n<td style=\"background-color: #d52b1e; border-color: #ffffff; text-align: center;\"><a href=\"https:\/\/wa.me\/51936286411\"><span style=\"color: #ffffff;\">SOLICITAR PRESUPUESTO<\/span><\/a><\/td>\n<\/tr>\n<tr>\n<td style=\"border-color: #ffffff;\"><\/td>\n<\/tr>\n<\/tbody>\n<\/table>\n<h3>5 Dias \/ 4 Noches \u2013 City Tour Cusco \u2013 Valle Sagrado \u2013 Machu Picchu \u2013 Inti Raymi<\/h3>\n<div class=\"panel-group accordion\" id=\"ataccordion1\"><br \/>\n\n<div class=\"panel panel-default accordion__item\">\n\t<div class=\"panel-heading accordion__item__title-wrap\">\n\t\t<h4 class=\"panel-title\">\n\t\t\t<a data-toggle=\"collapse\" data-parent=\"#ataccordion1\" href=\"#ataccordion1_1\" class=\"accordion__item__link\">Dia 1: City Tour Cusco - 21 de Junio<\/a>\n\t\t<\/h4>\n\t<\/div>\n\t<div id=\"ataccordion1_1\" class=\"panel-collapse in\">\n\t\t<div class=\"panel-body accordion__item__content\">\n<ul>\n<li>Recojo del aeropuerto y traslado a su hotel. Recomendable llegar a primer hora a la ciudad del cusco.<\/li>\n<li>10:00 hrs comenzaremos nuestro tour por la ciudad del Cusco, donde visitaremos el Qoricancha que es tambi\u00e9n conocida como el templo del sol, posteriormente visitaremos los sitios arqueol\u00f3gicos de Sacsayhuaman, Qenqo, Puka pukara y Tambomachay.<\/li>\n<li>Alrededor de las 13:30 horas retorno a la ciudad del Cusco.<\/li>\n<\/ul>\n<\/div>\n\t<\/div>\n<\/div><br \/>\n\n<div class=\"panel panel-default accordion__item\">\n\t<div class=\"panel-heading accordion__item__title-wrap\">\n\t\t<h4 class=\"panel-title\">\n\t\t\t<a data-toggle=\"collapse\" data-parent=\"#ataccordion1\" href=\"#ataccordion1_2\" class=\"accordion__item__link collapsed\">Dia 2: Valle Sagrado de los Incas - 22 de Junio<\/a>\n\t\t<\/h4>\n\t<\/div>\n\t<div id=\"ataccordion1_2\" class=\"panel-collapse collapse\">\n\t\t<div class=\"panel-body accordion__item__content\"><br \/>\nA primera hora pasaremos a recogerlo a su Hotel, y tendremos un viaje inolvidable donde visitaremos las ruinas de Pisac. Despu\u00e9s llegaremos al pueblo de Urubamba donde tendr\u00e1 un almuerzo buffet, luego visitaremos las ruinas de Ollantaytambo.\n<p>Por la tarde abordaremos el tren en Ollantaytambo rumbo a Aguas calientes.<br \/>\nPernocte en Aguas Calientes.<br \/>\n<\/p><\/div>\n\t<\/div>\n<\/div><br \/>\n\n<div class=\"panel panel-default accordion__item\">\n\t<div class=\"panel-heading accordion__item__title-wrap\">\n\t\t<h4 class=\"panel-title\">\n\t\t\t<a data-toggle=\"collapse\" data-parent=\"#ataccordion1\" href=\"#ataccordion1_3\" class=\"accordion__item__link collapsed\">Dia 3: Machu Picchu - 23 de Junio<\/a>\n\t\t<\/h4>\n\t<\/div>\n\t<div id=\"ataccordion1_3\" class=\"panel-collapse collapse\">\n\t\t<div class=\"panel-body accordion__item__content\">\n<ul>\n<li>A primera hora despu\u00e9s del desayuno comenzaremos el tour. Abordaremos el bus en aguas calientes rumbo al <a href=\"https:\/\/www.mountainpalcoyo.com\/es\/tours\/tour-a-machu-picchu-2-dias\/\" target=\"_blank\" rel=\"noopener noreferrer\">centro arqueol\u00f3gico de Machu Picchu<\/a> donde nuestro gu\u00eda le brindara informaci\u00f3n \u00fatil sobre Machu Picchu, posteriormente usted tendr\u00e1 tiempo para recorrer el lugar y tomar fotos inolvidables de Machu Picchu, luego abordaremos el bus de regreso a Aguas Calientes. Por la tarde tomaremos el tren de regreso a Ollantaytambo y por ultimo regresaremos a la ciudad del Cusco y traslado a su hotel.<\/li>\n<\/ul>\n<\/div>\n\t<\/div>\n<\/div><br \/>\n\n<div class=\"panel panel-default accordion__item\">\n\t<div class=\"panel-heading accordion__item__title-wrap\">\n\t\t<h4 class=\"panel-title\">\n\t\t\t<a data-toggle=\"collapse\" data-parent=\"#ataccordion1\" href=\"#ataccordion1_4\" class=\"accordion__item__link collapsed\">Dia 4: Inti Raymi - 24 de Junio<\/a>\n\t\t<\/h4>\n\t<\/div>\n\t<div id=\"ataccordion1_4\" class=\"panel-collapse collapse\">\n\t\t<div class=\"panel-body accordion__item__content\">\n<ul>\n<li>7:30 horas pasaremos por su hotel con el gu\u00eda y transporte para iniciar el tour.<\/li>\n<li>8:00 visitaremos el Qoricancha para ver el inicio del Inti Raymi, primera etapa.<\/li>\n<li>10:00 visitaremos la plaza de armas del Cusco, para ver la segunda etapa del Inti Raymi.<\/li>\n<li>12:30 nos ubicaremos en Sacsayhuaman, donde se desarrollara el Inti Raymi, y disfrutaremos de la ceremonia al Dios Sol.<\/li>\n<li>Para asistir al Inti Raymi 2025 la empresa EMUFEC, brinda tribunas especiales para poder tener una mejor vista del Inti Raymi y son totalmente equipadas que cuentan con puestos de primeros auxilios y seguridad (policial), y as\u00ed poder disfrutar de la Fiesta de una manera muy c\u00f3moda y tranquila.<\/li>\n<li>Finalizada la ceremonia del Inti Raymi, retornaremos al hotel.<\/li>\n<\/ul>\n<\/div>\n\t<\/div>\n<\/div><br \/>\n\n<div class=\"panel panel-default accordion__item\">\n\t<div class=\"panel-heading accordion__item__title-wrap\">\n\t\t<h4 class=\"panel-title\">\n\t\t\t<a data-toggle=\"collapse\" data-parent=\"#ataccordion1\" href=\"#ataccordion1_5\" class=\"accordion__item__link collapsed\">Dia 5: Adios Cusco - 25 de Junio<\/a>\n\t\t<\/h4>\n\t<\/div>\n\t<div id=\"ataccordion1_5\" class=\"panel-collapse collapse\">\n\t\t<div class=\"panel-body accordion__item__content\">Despu\u00e9s de un delicioso desayuno en el Hotel, procederemos al traslado al aeropuerto del Cusco para abordar su vuelo. Fin de nuestro servicio.<\/div>\n\t<\/div>\n<\/div><br \/>\n<\/div>\n<h3>Servicios incluidos: Tour Machu Picchu y Inti Raymi<\/h3>\n<table>\n<tbody>\n<tr>\n<td><i class=\"fa fa-check icon-tick icon-tick--on\"><\/i>Traslados aeropuerto \/ hotel \/ aeropuerto<br \/>\n<i class=\"fa fa-check icon-tick icon-tick--on\"><\/i>03 noches de alojamiento en Cusco<br \/>\n<i class=\"fa fa-check icon-tick icon-tick--on\"><\/i>01 noche de alojamiento en Aguas Calientes<br \/>\n<i class=\"fa fa-check icon-tick icon-tick--on\"><\/i>Desayunos en el hotel<br \/>\n<i class=\"fa fa-check icon-tick icon-tick--on\"><\/i>Todos los ingresos a las atracciones a visitar<br \/>\n<i class=\"fa fa-check icon-tick icon-tick--on\"><\/i>Ticket de tren ida y vuela a Aguas Calientes en servicio Expedition<br \/>\n<i class=\"fa fa-check icon-tick icon-tick--on\"><\/i>Bus de subida y bajada al centro arqueol\u00f3gico de Machu Picchu<br \/>\n<i class=\"fa fa-check icon-tick icon-tick--on\"><\/i>01 almuerzo buffet en Aguas Calientes<br \/>\n<i class=\"fa fa-check icon-tick icon-tick--on\"><\/i>Gu\u00eda profesional (Espa\u00f1ol\/Ingles)<br \/>\n<i class=\"fa fa-check icon-tick icon-tick--on\"><\/i>Asistencia permanente<\/td>\n<td style=\"vertical-align: top;\"><strong>Inti Raymi 2025<\/strong>\n<p><i class=\"fa fa-check icon-tick icon-tick--on\"><\/i>Gu\u00eda y transporte tur\u00edstico<br \/>\n<i class=\"fa fa-check icon-tick icon-tick--on\"><\/i>Ingreso a la fiesta del Intiraymi 2025<br \/>\n<i class=\"fa fa-check icon-tick icon-tick--on\"><\/i>Box lunch durante la fiesta del Intiraymi 2025<br \/>\n<i class=\"fa fa-check icon-tick icon-tick--on\"><\/i>Traslado out<\/p><\/td>\n<\/tr>\n<tr>\n<td colspan=\"2\"><strong>NO incluye<\/strong>:<br \/>\n<i class=\"fa fa-times icon-tick icon-tick--off\"><\/i>Vuelos internacionales<br \/>\n<i class=\"fa fa-times icon-tick icon-tick--off\"><\/i>Alimentaci\u00f3n no mencionada en el programa<br \/>\n<i class=\"fa fa-times icon-tick icon-tick--off\"><\/i>Gastos personales<br \/>\n<i class=\"fa fa-times icon-tick icon-tick--off\"><\/i>Propinas<\/td>\n<\/tr>\n<\/tbody>\n<\/table>\n<p>&nbsp;<\/p>\n","protected":false},"excerpt":{"rendered":"<div class=\"padding-top text-center\"><a href=\"https:\/\/www.donperutours.com\/es\/tours\/tour-inti-raymi\/\" class=\"atbtn atbtn--medium atbtn--rounded atbtn--transparent\">Read more<i class=\"atbtn__icon atbtn__icon--right fa fa-long-arrow-right\"><\/i><\/a><\/div>\n","protected":false},"featured_media":1608,"comment_status":"closed","ping_status":"closed","template":"","meta":[],"product_brand":[],"product_cat":[36],"product_tag":[21,37,20,19],"class_list":{"0":"post-1606","1":"product","2":"type-product","3":"status-publish","4":"has-post-thumbnail","6":"product_cat-aventura","7":"product_tag-cusco-aventuras","8":"product_tag-cusco-viajes","9":"product_tag-tours-en-cusco","10":"product_tag-turismo-en-cusco","11":"tour_category-cusco","13":"first","14":"instock","15":"shipping-taxable","16":"purchasable","17":"product-type-tour"},"aioseo_notices":[],"_links":{"self":[{"href":"https:\/\/www.donperutours.com\/es\/wp-json\/wp\/v2\/product\/1606","targetHints":{"allow":["GET"]}}],"collection":[{"href":"https:\/\/www.donperutours.com\/es\/wp-json\/wp\/v2\/product"}],"about":[{"href":"https:\/\/www.donperutours.com\/es\/wp-json\/wp\/v2\/types\/product"}],"replies":[{"embeddable":true,"href":"https:\/\/www.donperutours.com\/es\/wp-json\/wp\/v2\/comments?post=1606"}],"wp:featuredmedia":[{"embeddable":true,"href":"https:\/\/www.donperutours.com\/es\/wp-json\/wp\/v2\/media\/1608"}],"wp:attachment":[{"href":"https:\/\/www.donperutours.com\/es\/wp-json\/wp\/v2\/media?parent=1606"}],"wp:term":[{"taxonomy":"product_brand","embeddable":true,"href":"https:\/\/www.donperutours.com\/es\/wp-json\/wp\/v2\/product_brand?post=1606"},{"taxonomy":"product_cat","embeddable":true,"href":"https:\/\/www.donperutours.com\/es\/wp-json\/wp\/v2\/product_cat?post=1606"},{"taxonomy":"product_tag","embeddable":true,"href":"https:\/\/www.donperutours.com\/es\/wp-json\/wp\/v2\/product_tag?post=1606"}],"curies":[{"name":"wp","href":"https:\/\/api.w.org\/{rel}","templated":true}]}}