{"id":1303,"date":"2017-11-02T15:04:13","date_gmt":"2017-11-02T15:04:13","guid":{"rendered":"http:\/\/www.donperutours.com\/es\/?post_type=product&#038;p=1303"},"modified":"2022-05-05T12:11:30","modified_gmt":"2022-05-05T12:11:30","slug":"maras-y-moray-1-dia","status":"publish","type":"product","link":"https:\/\/www.donperutours.com\/es\/tours\/maras-y-moray-1-dia\/","title":{"rendered":"Salinera de Maras y Andenes de Moray 1\/2 D\u00eda"},"content":{"rendered":"<p><strong>Visita las Salinera de Maras y los Andenes de Moray en medio dia<\/strong>. Tour donde podr\u00e1s visitar las salinera de Maras y las terrazas de Moray (Andenes de Moray), lugares inolvidables donde podr\u00e1s disfrutar de paisajes \u00fanicos y hermosos.<\/p>\n<h2>Salinera de Maras y Andenes de Moray<\/h2>\n<table style=\"height: 86px;\" width=\"240\">\n<tbody>\n<tr>\n<td style=\"background-color: #d52b1e; border-color: #ffffff; text-align: center;\"><a href=\"https:\/\/wa.me\/51936286411\"><span style=\"color: #ffffff;\">RESERVAR<\/span><\/a><\/td>\n<\/tr>\n<tr>\n<td style=\"border-color: #ffffff;\"><\/td>\n<\/tr>\n<\/tbody>\n<\/table>\n<p><strong>Precio por persona<\/strong>: US$ 20.00<br \/>\n<strong>Horario<\/strong>: 08:00 hrs a 14:30 hrs<br \/>\n<strong>Dificultad<\/strong>: Media baja<br \/>\n<strong>Salidas Diarias<\/strong><br \/>\n<strong>Grupo compartido<\/strong><\/p>\n<p><strong>Incluye<\/strong>:<br \/>\n<i class=\"fa fa-check icon-tick icon-tick--on\"><\/i> Recojo del Hotel \/ Airbnb \/ Hostel<br \/>\n<i class=\"fa fa-check icon-tick icon-tick--on\"><\/i> Transporte turistico<br \/>\n<i class=\"fa fa-check icon-tick icon-tick--on\"><\/i> Gu\u00eda profesional (espa\u00f1ol e ingl\u00e9s)<br \/>\n<i class=\"fa fa-check icon-tick icon-tick--on\"><\/i> Asistencia personalizada<br \/>\n<i class=\"fa fa-check icon-tick icon-tick--on\"><\/i> Drop off en el centro del Cusco.<\/p>\n<p><strong>No incluye<\/strong>:<br \/>\n<i class=\"fa fa-times icon-tick icon-tick--off\"><\/i> Boleto Turistico del Cusco<br \/>\n<i class=\"fa fa-times icon-tick icon-tick--off\"><\/i> Ticket de entrada a minas de sal (S\/. 10 por persona).<\/p>\n<p><strong>Que llevar<\/strong>:<br \/>\n\u2022 C\u00e1maras fotogr\u00e1ficas<br \/>\n\u2022 Gorro para el sol y Bloqueador solar<br \/>\n\u2022 Ropa c\u00f3moda para caminar<br \/>\n\u2022 Agua y Snack<\/p>\n<h2>Itinerario Tour Maras Moray<\/h2>\n<p>\u2022 07:30 Recojo de todos los pasajeros<br \/>\n\u2022 08:00 Viaje al norte del Cusco para visitar los <a href=\"https:\/\/www.donperutours.com\/es\/tours\/tour-salineras-de-maras-moray-y-valle-sagrado-en-1-dia\/\" target=\"_blank\" rel=\"noopener noreferrer\">Andenes de Moray y las Salinera de Maras<\/a>. En todos los atractivos turisticos a visitar usted tendra una visita guiada.<br \/>\n\u2022 14:30 Llegada y Drop off en el centro del Cusco.<\/p>\n<hr \/>\n<p><strong>Conoce m\u00e1s sobre el boleto tur\u00edstico de Cusco<\/strong><\/p>\n<p>Precio boleto tur\u00edstico integral: S\/. 130 por persona.<br \/>\nPrecio boleto tur\u00edstico parcial: S\/. 70 por persona.<\/p>\n<p>El boleto integral permite el acceso a 16 lugares de inter\u00e9s tur\u00edstico, divididos en 3 circuitos, en un per\u00edodo de 10 d\u00edas, mientras que el boleto parcial permite el acceso a los lugares de solo uno de los tres circuitos, en un per\u00edodo de 1 o 2 d\u00edas, de acuerdo al circuito seleccionado. Tarifario boleto nacional y extranjero, <a href=\"http:\/\/www.donperutours.com\/es\/turismoperu\/boleto-turistico-del-cusco\/\" target=\"_blank\" rel=\"noopener noreferrer\">haz clic aqu\u00ed<\/a>.<\/p>\n<p>Ambos boletos turisticos pueden ser adquieridos en Av. El Sol 103, en la oficina principal del Counter Central de Galer\u00edas Tur\u00edsticas.<\/p>\n<h2><span style=\"color: #ff0000;\">Viaje Seguro a Cusco Safe Travel<\/span><\/h2>\n<p>Viaja seguro a Cusco. Contamos con todos los protocolos de Bioseguridad Covid-19.<\/p>\n<p>\u2022 Para cada tour usted debe usar barbijo y Protector facial (Obligatorio).<br \/>\n\u2022 Alcohol en gel disponible para los viajeros y el personal.<br \/>\n\u2022 Nuestro personal estar\u00e1 monitoreado diariamente para descartar el Covid-19.<br \/>\n\u2022 Desinfecci\u00f3n frecuente de los veh\u00edculos de transporte.<br \/>\n\u2022 Se exige distanciamiento social durante toda la experiencia.<br \/>\n\u2022 Grupo compartido (50%) M\u00e1ximo 10 personas.<\/p>\n<h2>Foto Maras Moray<\/h2>\n<p><img loading=\"lazy\" decoding=\"async\" class=\"alignnone size-full wp-image-2928\" src=\"https:\/\/www.donperutours.com\/es\/wp-content\/uploads\/2017\/11\/salinera-de-maras.jpg\" alt=\"salinera de maras\" width=\"1080\" height=\"1080\" srcset=\"https:\/\/www.donperutours.com\/es\/wp-content\/uploads\/2017\/11\/salinera-de-maras.jpg 1080w, https:\/\/www.donperutours.com\/es\/wp-content\/uploads\/2017\/11\/salinera-de-maras-300x300.jpg 300w, https:\/\/www.donperutours.com\/es\/wp-content\/uploads\/2017\/11\/salinera-de-maras-1024x1024.jpg 1024w, https:\/\/www.donperutours.com\/es\/wp-content\/uploads\/2017\/11\/salinera-de-maras-150x150.jpg 150w, https:\/\/www.donperutours.com\/es\/wp-content\/uploads\/2017\/11\/salinera-de-maras-768x768.jpg 768w, https:\/\/www.donperutours.com\/es\/wp-content\/uploads\/2017\/11\/salinera-de-maras-600x600.jpg 600w\" sizes=\"auto, (max-width: 1080px) 100vw, 1080px\" \/><\/p>\n<p>&nbsp;<\/p>\n","protected":false},"excerpt":{"rendered":"<div class=\"padding-top text-center\"><a href=\"https:\/\/www.donperutours.com\/es\/tours\/maras-y-moray-1-dia\/\" class=\"atbtn atbtn--medium atbtn--rounded atbtn--transparent\">Read more<i class=\"atbtn__icon atbtn__icon--right fa fa-long-arrow-right\"><\/i><\/a><\/div>\n","protected":false},"featured_media":1308,"comment_status":"closed","ping_status":"closed","template":"","meta":[],"product_brand":[],"product_cat":[18],"product_tag":[21,20,19],"class_list":{"0":"post-1303","1":"product","2":"type-product","3":"status-publish","4":"has-post-thumbnail","6":"product_cat-caminatas","7":"product_tag-cusco-aventuras","8":"product_tag-tours-en-cusco","9":"product_tag-turismo-en-cusco","10":"tour_category-cusco","12":"first","13":"instock","14":"sale","15":"shipping-taxable","16":"purchasable","17":"product-type-tour"},"aioseo_notices":[],"_links":{"self":[{"href":"https:\/\/www.donperutours.com\/es\/wp-json\/wp\/v2\/product\/1303","targetHints":{"allow":["GET"]}}],"collection":[{"href":"https:\/\/www.donperutours.com\/es\/wp-json\/wp\/v2\/product"}],"about":[{"href":"https:\/\/www.donperutours.com\/es\/wp-json\/wp\/v2\/types\/product"}],"replies":[{"embeddable":true,"href":"https:\/\/www.donperutours.com\/es\/wp-json\/wp\/v2\/comments?post=1303"}],"wp:featuredmedia":[{"embeddable":true,"href":"https:\/\/www.donperutours.com\/es\/wp-json\/wp\/v2\/media\/1308"}],"wp:attachment":[{"href":"https:\/\/www.donperutours.com\/es\/wp-json\/wp\/v2\/media?parent=1303"}],"wp:term":[{"taxonomy":"product_brand","embeddable":true,"href":"https:\/\/www.donperutours.com\/es\/wp-json\/wp\/v2\/product_brand?post=1303"},{"taxonomy":"product_cat","embeddable":true,"href":"https:\/\/www.donperutours.com\/es\/wp-json\/wp\/v2\/product_cat?post=1303"},{"taxonomy":"product_tag","embeddable":true,"href":"https:\/\/www.donperutours.com\/es\/wp-json\/wp\/v2\/product_tag?post=1303"}],"curies":[{"name":"wp","href":"https:\/\/api.w.org\/{rel}","templated":true}]}}