{"id":57,"date":"2015-07-17T10:22:08","date_gmt":"2015-07-17T10:22:08","guid":{"rendered":"http:\/\/adventure-tours.themedelight.com\/?page_id=57"},"modified":"2021-07-09T16:50:43","modified_gmt":"2021-07-09T16:50:43","slug":"blog","status":"publish","type":"page","link":"https:\/\/www.donperutours.com\/es\/blog\/","title":{"rendered":"Blog: Guia de Viaje de Per\u00fa"},"content":{"rendered":"<div class=\"wpb-content-wrapper\"><p>[vc_row][vc_column][vc_column_text]<\/p>\n<h2 style=\"text-align: center;\">Viaje a Peru recomendaciones<\/h2>\n<p style=\"text-align: center;\">Blog de viajes y turismo de Per\u00fa. Tips para viajar a Cusco, Arequipa, Lima Machu Picchu y otros. Una gu\u00eda de viajes por Per\u00fa, noticias de turismo, tips y tours para tus vacaciones en Per\u00fa. \u00a1Aprovecha nuestras ofertas de viaje a Peru!<\/p>\n<h3 style=\"text-align: center;\">Blog de Viajes Per\u00fa<\/h3>\n<h3 style=\"text-align: center;\">Viaja por Per\u00fa<\/h3>\n<p>Ac\u00e1 podr\u00e1s encontrar todo lo que necesitas saber para recorrer Per\u00fa, conoce mas de tu destino turistico, recomendaciones para viajar y sobre todo informacion util para ti viajero peruano.<\/p>\n<p>&nbsp;<\/p>\n<p>[\/vc_column_text][\/vc_column][\/vc_row][vc_row][vc_column width=\u00bb1\/2&#8243;]<div class=\"last-posts\">\n<div class=\"title title--center title--underline title--decoration-bottom-center\">\n\t\t<h3 class=\"title__primary\">Ultimos Articulos<\/h3>\n<\/div>\n\t\t<div class=\"last-posts__item last-posts__item--with-images\">\n\t\t<div class=\"last-posts__item__container\">\n\t\t<a href=\"https:\/\/www.donperutours.com\/es\/turismoperu\/plan-de-viajes-a-cusco\/\" class=\"last-posts__item__image-wrap\"><img loading=\"lazy\" decoding=\"async\" width=\"1140\" height=\"530\" src=\"https:\/\/www.donperutours.com\/es\/wp-content\/uploads\/2017\/11\/sacsayhuamanviajes-1140x530.jpg\" class=\"attachment-thumb_last_posts_shortcode size-thumb_last_posts_shortcode wp-post-image\" alt=\"viajes a sacsayhuaman\" srcset=\"https:\/\/www.donperutours.com\/es\/wp-content\/uploads\/2017\/11\/sacsayhuamanviajes.jpg 1140w, https:\/\/www.donperutours.com\/es\/wp-content\/uploads\/2017\/11\/sacsayhuamanviajes-600x279.jpg 600w, https:\/\/www.donperutours.com\/es\/wp-content\/uploads\/2017\/11\/sacsayhuamanviajes-300x139.jpg 300w, https:\/\/www.donperutours.com\/es\/wp-content\/uploads\/2017\/11\/sacsayhuamanviajes-768x357.jpg 768w, https:\/\/www.donperutours.com\/es\/wp-content\/uploads\/2017\/11\/sacsayhuamanviajes-1024x476.jpg 1024w\" sizes=\"auto, (max-width: 1140px) 100vw, 1140px\" \/><\/a>\t\t\t<div class=\"last-posts__item__content\">\n\t\t\t\t<h3 class=\"last-posts__item__title\"><a href=\"https:\/\/www.donperutours.com\/es\/turismoperu\/plan-de-viajes-a-cusco\/\">Plan de Viajes a Cusco<\/a><\/h3>\n\t\t\t\t<div class=\"last-posts__item__description\">Organiza bien tu plan de Viajes a Cusco, y aqu\u00ed<\/div>\n\t\t\t\t<a href=\"https:\/\/www.donperutours.com\/es\/turismoperu\/plan-de-viajes-a-cusco\/\" class=\"atbtn atbtn--rounded atbtn--medium atbtn--light\">Continuar lectura<i class=\"atbtn__icon atbtn__icon--right fa fa-long-arrow-right\"><\/i><\/a>\n\t\t\t<\/div>\n\t\t<\/div>\n\t<\/div>\n\t\t\t<div class=\"last-posts__item last-posts__item--with-images\">\n\t\t<div class=\"last-posts__item__container\">\n\t\t<a href=\"https:\/\/www.donperutours.com\/es\/turismoperu\/palcoyo-y-vinicunca-las-montanas-de-colores-en-cusco\/\" class=\"last-posts__item__image-wrap\"><img loading=\"lazy\" decoding=\"async\" width=\"1024\" height=\"476\" src=\"https:\/\/www.donperutours.com\/es\/wp-content\/uploads\/2018\/06\/palcoyomonta\u00f1acusco.jpg\" class=\"attachment-thumb_last_posts_shortcode size-thumb_last_posts_shortcode wp-post-image\" alt=\"palcoyo monta\u00f1a cusco\" srcset=\"https:\/\/www.donperutours.com\/es\/wp-content\/uploads\/2018\/06\/palcoyomonta\u00f1acusco.jpg 1024w, https:\/\/www.donperutours.com\/es\/wp-content\/uploads\/2018\/06\/palcoyomonta\u00f1acusco-300x139.jpg 300w, https:\/\/www.donperutours.com\/es\/wp-content\/uploads\/2018\/06\/palcoyomonta\u00f1acusco-768x357.jpg 768w, https:\/\/www.donperutours.com\/es\/wp-content\/uploads\/2018\/06\/palcoyomonta\u00f1acusco-600x279.jpg 600w\" sizes=\"auto, (max-width: 1024px) 100vw, 1024px\" \/><\/a>\t\t\t<div class=\"last-posts__item__content\">\n\t\t\t\t<h3 class=\"last-posts__item__title\"><a href=\"https:\/\/www.donperutours.com\/es\/turismoperu\/palcoyo-y-vinicunca-las-montanas-de-colores-en-cusco\/\">Palcoyo y Vinicunca las monta\u00f1as de colores en Cusco<\/a><\/h3>\n\t\t\t\t<div class=\"last-posts__item__description\">Palcoyo y Vinicunca las monta\u00f1as de colores en Cusco. Una<\/div>\n\t\t\t\t<a href=\"https:\/\/www.donperutours.com\/es\/turismoperu\/palcoyo-y-vinicunca-las-montanas-de-colores-en-cusco\/\" class=\"atbtn atbtn--rounded atbtn--medium atbtn--light\">Continuar lectura<i class=\"atbtn__icon atbtn__icon--right fa fa-long-arrow-right\"><\/i><\/a>\n\t\t\t<\/div>\n\t\t<\/div>\n\t<\/div>\n\t\t\t<div class=\"last-posts__item last-posts__item--with-images\">\n\t\t<div class=\"last-posts__item__container\">\n\t\t<a href=\"https:\/\/www.donperutours.com\/es\/turismoperu\/que-lugares-se-visita-en-el-city-tour-cusco\/\" class=\"last-posts__item__image-wrap\"><img loading=\"lazy\" decoding=\"async\" width=\"1000\" height=\"530\" src=\"https:\/\/www.donperutours.com\/es\/wp-content\/uploads\/2026\/04\/city-tour-cusco.png\" class=\"attachment-thumb_last_posts_shortcode size-thumb_last_posts_shortcode wp-post-image\" alt=\"city tour cusco\" srcset=\"https:\/\/www.donperutours.com\/es\/wp-content\/uploads\/2026\/04\/city-tour-cusco.png 1000w, https:\/\/www.donperutours.com\/es\/wp-content\/uploads\/2026\/04\/city-tour-cusco-300x159.png 300w, https:\/\/www.donperutours.com\/es\/wp-content\/uploads\/2026\/04\/city-tour-cusco-768x407.png 768w, https:\/\/www.donperutours.com\/es\/wp-content\/uploads\/2026\/04\/city-tour-cusco-600x318.png 600w\" sizes=\"auto, (max-width: 1000px) 100vw, 1000px\" \/><\/a>\t\t\t<div class=\"last-posts__item__content\">\n\t\t\t\t<h3 class=\"last-posts__item__title\"><a href=\"https:\/\/www.donperutours.com\/es\/turismoperu\/que-lugares-se-visita-en-el-city-tour-cusco\/\">Que lugares se visita en el City tour Cusco<\/a><\/h3>\n\t\t\t\t<div class=\"last-posts__item__description\">Que lugares se visita en el City tour Cusco. Si<\/div>\n\t\t\t\t<a href=\"https:\/\/www.donperutours.com\/es\/turismoperu\/que-lugares-se-visita-en-el-city-tour-cusco\/\" class=\"atbtn atbtn--rounded atbtn--medium atbtn--light\">Continuar lectura<i class=\"atbtn__icon atbtn__icon--right fa fa-long-arrow-right\"><\/i><\/a>\n\t\t\t<\/div>\n\t\t<\/div>\n\t<\/div>\n\t\t\t<div class=\"last-posts__item last-posts__item--with-images\">\n\t\t<div class=\"last-posts__item__container\">\n\t\t<a href=\"https:\/\/www.donperutours.com\/es\/turismoperu\/machu-picchu-by-car\/\" class=\"last-posts__item__image-wrap\"><img loading=\"lazy\" decoding=\"async\" width=\"1000\" height=\"760\" src=\"https:\/\/www.donperutours.com\/es\/wp-content\/uploads\/2018\/05\/machupicchubybus-1000x760.jpg\" class=\"attachment-thumb_last_posts_shortcode size-thumb_last_posts_shortcode wp-post-image\" alt=\"machupicchu by bus\" \/><\/a>\t\t\t<div class=\"last-posts__item__content\">\n\t\t\t\t<h3 class=\"last-posts__item__title\"><a href=\"https:\/\/www.donperutours.com\/es\/turismoperu\/machu-picchu-by-car\/\">Machu Picchu by Car - Machu Picchu Por Carro<\/a><\/h3>\n\t\t\t\t<div class=\"last-posts__item__description\">Tour Machu Picchu en auto. Una alternativa para visitar Machu<\/div>\n\t\t\t\t<a href=\"https:\/\/www.donperutours.com\/es\/turismoperu\/machu-picchu-by-car\/\" class=\"atbtn atbtn--rounded atbtn--medium atbtn--light\">Continuar lectura<i class=\"atbtn__icon atbtn__icon--right fa fa-long-arrow-right\"><\/i><\/a>\n\t\t\t<\/div>\n\t\t<\/div>\n\t<\/div>\n\t\t\t<div class=\"last-posts__item last-posts__item--with-images\">\n\t\t<div class=\"last-posts__item__container\">\n\t\t<a href=\"https:\/\/www.donperutours.com\/es\/turismoperu\/machu-picchu-por-hidroelectrica\/\" class=\"last-posts__item__image-wrap\"><img loading=\"lazy\" decoding=\"async\" width=\"1024\" height=\"476\" src=\"https:\/\/www.donperutours.com\/es\/wp-content\/uploads\/2024\/02\/ruta-economica-a-machu-picchu.jpg\" class=\"attachment-thumb_last_posts_shortcode size-thumb_last_posts_shortcode wp-post-image\" alt=\"ruta economica a machu picchu\" srcset=\"https:\/\/www.donperutours.com\/es\/wp-content\/uploads\/2024\/02\/ruta-economica-a-machu-picchu.jpg 1024w, https:\/\/www.donperutours.com\/es\/wp-content\/uploads\/2024\/02\/ruta-economica-a-machu-picchu-300x139.jpg 300w, https:\/\/www.donperutours.com\/es\/wp-content\/uploads\/2024\/02\/ruta-economica-a-machu-picchu-768x357.jpg 768w, https:\/\/www.donperutours.com\/es\/wp-content\/uploads\/2024\/02\/ruta-economica-a-machu-picchu-600x279.jpg 600w\" sizes=\"auto, (max-width: 1024px) 100vw, 1024px\" \/><\/a>\t\t\t<div class=\"last-posts__item__content\">\n\t\t\t\t<h3 class=\"last-posts__item__title\"><a href=\"https:\/\/www.donperutours.com\/es\/turismoperu\/machu-picchu-por-hidroelectrica\/\">Machu picchu por Hidroelectrica<\/a><\/h3>\n\t\t\t\t<div class=\"last-posts__item__description\">Machu Picchu por Hidroel\u00e9ctrica es una de las formas m\u00e1s<\/div>\n\t\t\t\t<a href=\"https:\/\/www.donperutours.com\/es\/turismoperu\/machu-picchu-por-hidroelectrica\/\" class=\"atbtn atbtn--rounded atbtn--medium atbtn--light\">Continuar lectura<i class=\"atbtn__icon atbtn__icon--right fa fa-long-arrow-right\"><\/i><\/a>\n\t\t\t<\/div>\n\t\t<\/div>\n\t<\/div>\n\t\t\t<div class=\"last-posts__item last-posts__item--with-images\">\n\t\t<div class=\"last-posts__item__container\">\n\t\t<a href=\"https:\/\/www.donperutours.com\/es\/turismoperu\/tour-machu-picchu-todo-incluido\/\" class=\"last-posts__item__image-wrap\"><img loading=\"lazy\" decoding=\"async\" width=\"1024\" height=\"476\" src=\"https:\/\/www.donperutours.com\/es\/wp-content\/uploads\/2020\/09\/machupicchutodoincluido.jpg\" class=\"attachment-thumb_last_posts_shortcode size-thumb_last_posts_shortcode wp-post-image\" alt=\"machu picchu todo incluido\" srcset=\"https:\/\/www.donperutours.com\/es\/wp-content\/uploads\/2020\/09\/machupicchutodoincluido.jpg 1024w, https:\/\/www.donperutours.com\/es\/wp-content\/uploads\/2020\/09\/machupicchutodoincluido-300x139.jpg 300w, https:\/\/www.donperutours.com\/es\/wp-content\/uploads\/2020\/09\/machupicchutodoincluido-768x357.jpg 768w, https:\/\/www.donperutours.com\/es\/wp-content\/uploads\/2020\/09\/machupicchutodoincluido-600x279.jpg 600w\" sizes=\"auto, (max-width: 1024px) 100vw, 1024px\" \/><\/a>\t\t\t<div class=\"last-posts__item__content\">\n\t\t\t\t<h3 class=\"last-posts__item__title\"><a href=\"https:\/\/www.donperutours.com\/es\/turismoperu\/tour-machu-picchu-todo-incluido\/\">Tour Machu Picchu todo incluido<\/a><\/h3>\n\t\t\t\t<div class=\"last-posts__item__description\">Tour Machu Picchu todo incluido en 1 d\u00eda desde Cusco.<\/div>\n\t\t\t\t<a href=\"https:\/\/www.donperutours.com\/es\/turismoperu\/tour-machu-picchu-todo-incluido\/\" class=\"atbtn atbtn--rounded atbtn--medium atbtn--light\">Continuar lectura<i class=\"atbtn__icon atbtn__icon--right fa fa-long-arrow-right\"><\/i><\/a>\n\t\t\t<\/div>\n\t\t<\/div>\n\t<\/div>\n\t<\/div>\n[\/vc_column][vc_column width=\u00bb1\/2&#8243;]<div class=\"form-block form-block--horizontal form-block--with-title\">\n\t<div class=\"title title--center title--underline title--decoration-bottom-center\">\n\t\t<h3 class=\"title__primary\">Buscar Tour en Cusco<\/h3>\n<\/div>\n\n\t<form class=\"form-block__form\" method=\"get\" action=\"https:\/\/www.donperutours.com\/es\/\">\n\t\t<input type=\"hidden\" name=\"toursearch\" value=\"1\">\n\t\n\t\t<div class=\"row\">\n\t\t<div class=\"col-sm-10\"><div class=\"form-block__item form-block__field-width-icon\"><input type=\"text\" placeholder=\"Search Tour\" value=\"\" name=\"s\"><i class=\"td-search-1\"><\/i><\/div><\/div><div class=\"col-sm-2\"><button type=\"submit\" class=\"atbtn atbtn--primary atbtn--full-width\">Find Tours<\/button><\/div>\t\t<\/div>\n\t<\/form>\n<\/div>\n[vc_column_text]<\/p>\n<h2>Imagenes Bonitas<\/h2>\n<p>[\/vc_column_text][vc_column_text]<img loading=\"lazy\" decoding=\"async\" class=\"alignnone size-full wp-image-2781\" src=\"https:\/\/www.donperutours.com\/es\/wp-content\/uploads\/2020\/09\/vinicunca2021.jpg\" alt=\"vinicunca 2021\" width=\"1074\" height=\"1074\" srcset=\"https:\/\/www.donperutours.com\/es\/wp-content\/uploads\/2020\/09\/vinicunca2021.jpg 1074w, https:\/\/www.donperutours.com\/es\/wp-content\/uploads\/2020\/09\/vinicunca2021-300x300.jpg 300w, https:\/\/www.donperutours.com\/es\/wp-content\/uploads\/2020\/09\/vinicunca2021-1024x1024.jpg 1024w, https:\/\/www.donperutours.com\/es\/wp-content\/uploads\/2020\/09\/vinicunca2021-150x150.jpg 150w, https:\/\/www.donperutours.com\/es\/wp-content\/uploads\/2020\/09\/vinicunca2021-768x768.jpg 768w, https:\/\/www.donperutours.com\/es\/wp-content\/uploads\/2020\/09\/vinicunca2021-600x600.jpg 600w\" sizes=\"auto, (max-width: 1074px) 100vw, 1074px\" \/><\/p>\n<blockquote class=\"instagram-media\" style=\"background: #FFF; border: 0; border-radius: 3px; box-shadow: 0 0 1px 0 rgba(0,0,0,0.5),0 1px 10px 0 rgba(0,0,0,0.15); margin: 1px; max-width: 540px; min-width: 326px; padding: 0; width: calc(100% - 2px);\" data-instgrm-permalink=\"https:\/\/www.instagram.com\/p\/B6tN9WjDFp_\/?utm_source=ig_embed&amp;utm_campaign=loading\" data-instgrm-version=\"13\">\n<div style=\"padding: 16px;\">\n<p>&nbsp;<\/p>\n<div style=\"display: flex; flex-direction: row; align-items: center;\">\n<div style=\"background-color: #f4f4f4; border-radius: 50%; flex-grow: 0; height: 40px; margin-right: 14px; width: 40px;\"><\/div>\n<div style=\"display: flex; flex-direction: column; flex-grow: 1; justify-content: center;\">\n<div style=\"background-color: #f4f4f4; border-radius: 4px; flex-grow: 0; height: 14px; margin-bottom: 6px; width: 100px;\"><\/div>\n<div style=\"background-color: #f4f4f4; border-radius: 4px; flex-grow: 0; height: 14px; width: 60px;\"><\/div>\n<\/div>\n<\/div>\n<div style=\"padding: 19% 0;\"><\/div>\n<div style=\"display: block; height: 50px; margin: 0 auto 12px; width: 50px;\"><\/div>\n<div style=\"padding-top: 8px;\">\n<div style=\"color: #3897f0; font-family: Arial,sans-serif; font-size: 14px; font-style: normal; font-weight: 550; line-height: 18px;\">Ver esta publicaci\u00f3n en Instagram<\/div>\n<\/div>\n<div style=\"padding: 12.5% 0;\"><\/div>\n<div style=\"display: flex; flex-direction: row; margin-bottom: 14px; align-items: center;\">\n<div>\n<div style=\"background-color: #f4f4f4; border-radius: 50%; height: 12.5px; width: 12.5px; transform: translateX(0px) translateY(7px);\"><\/div>\n<div style=\"background-color: #f4f4f4; height: 12.5px; transform: rotate(-45deg) translateX(3px) translateY(1px); width: 12.5px; flex-grow: 0; margin-right: 14px; margin-left: 2px;\"><\/div>\n<div style=\"background-color: #f4f4f4; border-radius: 50%; height: 12.5px; width: 12.5px; transform: translateX(9px) translateY(-18px);\"><\/div>\n<\/div>\n<div style=\"margin-left: 8px;\">\n<div style=\"background-color: #f4f4f4; border-radius: 50%; flex-grow: 0; height: 20px; width: 20px;\"><\/div>\n<div style=\"width: 0; height: 0; border-top: 2px solid transparent; border-left: 6px solid #f4f4f4; border-bottom: 2px solid transparent; transform: translateX(16px) translateY(-4px) rotate(30deg);\"><\/div>\n<\/div>\n<div style=\"margin-left: auto;\">\n<div style=\"width: 0px; border-top: 8px solid #F4F4F4; border-right: 8px solid transparent; transform: translateY(16px);\"><\/div>\n<div style=\"background-color: #f4f4f4; flex-grow: 0; height: 12px; width: 16px; transform: translateY(-4px);\"><\/div>\n<div style=\"width: 0; height: 0; border-top: 8px solid #F4F4F4; border-left: 8px solid transparent; transform: translateY(-4px) translateX(8px);\"><\/div>\n<\/div>\n<\/div>\n<div style=\"display: flex; flex-direction: column; flex-grow: 1; justify-content: center; margin-bottom: 24px;\">\n<div style=\"background-color: #f4f4f4; border-radius: 4px; flex-grow: 0; height: 14px; margin-bottom: 6px; width: 224px;\"><\/div>\n<div style=\"background-color: #f4f4f4; border-radius: 4px; flex-grow: 0; height: 14px; width: 144px;\"><\/div>\n<\/div>\n<p>&nbsp;<\/p>\n<p style=\"color: #c9c8cd; font-family: Arial,sans-serif; font-size: 14px; line-height: 17px; margin-bottom: 0; margin-top: 8px; overflow: hidden; padding: 8px 0 7px; text-align: center; text-overflow: ellipsis; white-space: nowrap;\"><a style=\"color: #c9c8cd; font-family: Arial,sans-serif; font-size: 14px; font-style: normal; font-weight: normal; line-height: 17px; text-decoration: none;\" href=\"https:\/\/www.instagram.com\/p\/B6tN9WjDFp_\/?utm_source=ig_embed&amp;utm_campaign=loading\" target=\"_blank\" rel=\"noopener noreferrer\">Una publicaci\u00f3n compartida de DonPeruTours (@donperutours)<\/a><\/p>\n<\/div>\n<\/blockquote>\n<p><script async src=\"\/\/www.instagram.com\/embed.js\"><\/script><\/p>\n<blockquote class=\"instagram-media\" style=\"background: #FFF; border: 0; border-radius: 3px; box-shadow: 0 0 1px 0 rgba(0,0,0,0.5),0 1px 10px 0 rgba(0,0,0,0.15); margin: 1px; max-width: 540px; min-width: 326px; padding: 0; width: calc(100% - 2px);\" data-instgrm-permalink=\"https:\/\/www.instagram.com\/p\/CHc3ivosY0C\/?utm_source=ig_embed&amp;utm_campaign=loading\" data-instgrm-version=\"13\">\n<div style=\"padding: 16px;\">\n<p>&nbsp;<\/p>\n<div style=\"display: flex; flex-direction: row; align-items: center;\">\n<div style=\"background-color: #f4f4f4; border-radius: 50%; flex-grow: 0; height: 40px; margin-right: 14px; width: 40px;\"><\/div>\n<div style=\"display: flex; flex-direction: column; flex-grow: 1; justify-content: center;\">\n<div style=\"background-color: #f4f4f4; border-radius: 4px; flex-grow: 0; height: 14px; margin-bottom: 6px; width: 100px;\"><\/div>\n<div style=\"background-color: #f4f4f4; border-radius: 4px; flex-grow: 0; height: 14px; width: 60px;\"><\/div>\n<\/div>\n<\/div>\n<div style=\"padding: 19% 0;\"><\/div>\n<div style=\"display: block; height: 50px; margin: 0 auto 12px; width: 50px;\"><\/div>\n<div style=\"padding-top: 8px;\">\n<div style=\"color: #3897f0; font-family: Arial,sans-serif; font-size: 14px; font-style: normal; font-weight: 550; line-height: 18px;\">Ver esta publicaci\u00f3n en Instagram<\/div>\n<\/div>\n<div style=\"padding: 12.5% 0;\"><\/div>\n<div style=\"display: flex; flex-direction: row; margin-bottom: 14px; align-items: center;\">\n<div>\n<div style=\"background-color: #f4f4f4; border-radius: 50%; height: 12.5px; width: 12.5px; transform: translateX(0px) translateY(7px);\"><\/div>\n<div style=\"background-color: #f4f4f4; height: 12.5px; transform: rotate(-45deg) translateX(3px) translateY(1px); width: 12.5px; flex-grow: 0; margin-right: 14px; margin-left: 2px;\"><\/div>\n<div style=\"background-color: #f4f4f4; border-radius: 50%; height: 12.5px; width: 12.5px; transform: translateX(9px) translateY(-18px);\"><\/div>\n<\/div>\n<div style=\"margin-left: 8px;\">\n<div style=\"background-color: #f4f4f4; border-radius: 50%; flex-grow: 0; height: 20px; width: 20px;\"><\/div>\n<div style=\"width: 0; height: 0; border-top: 2px solid transparent; border-left: 6px solid #f4f4f4; border-bottom: 2px solid transparent; transform: translateX(16px) translateY(-4px) rotate(30deg);\"><\/div>\n<\/div>\n<div style=\"margin-left: auto;\">\n<div style=\"width: 0px; border-top: 8px solid #F4F4F4; border-right: 8px solid transparent; transform: translateY(16px);\"><\/div>\n<div style=\"background-color: #f4f4f4; flex-grow: 0; height: 12px; width: 16px; transform: translateY(-4px);\"><\/div>\n<div style=\"width: 0; height: 0; border-top: 8px solid #F4F4F4; border-left: 8px solid transparent; transform: translateY(-4px) translateX(8px);\"><\/div>\n<\/div>\n<\/div>\n<div style=\"display: flex; flex-direction: column; flex-grow: 1; justify-content: center; margin-bottom: 24px;\">\n<div style=\"background-color: #f4f4f4; border-radius: 4px; flex-grow: 0; height: 14px; margin-bottom: 6px; width: 224px;\"><\/div>\n<div style=\"background-color: #f4f4f4; border-radius: 4px; flex-grow: 0; height: 14px; width: 144px;\"><\/div>\n<\/div>\n<p>&nbsp;<\/p>\n<p style=\"color: #c9c8cd; font-family: Arial,sans-serif; font-size: 14px; line-height: 17px; margin-bottom: 0; margin-top: 8px; overflow: hidden; padding: 8px 0 7px; text-align: center; text-overflow: ellipsis; white-space: nowrap;\"><a style=\"color: #c9c8cd; font-family: Arial,sans-serif; font-size: 14px; font-style: normal; font-weight: normal; line-height: 17px; text-decoration: none;\" href=\"https:\/\/www.instagram.com\/p\/CHc3ivosY0C\/?utm_source=ig_embed&amp;utm_campaign=loading\" target=\"_blank\" rel=\"noopener noreferrer\">Una publicaci\u00f3n compartida de DonPeruTours (@donperutours)<\/a><\/p>\n<\/div>\n<\/blockquote>\n<p><script async src=\"\/\/www.instagram.com\/embed.js\"><\/script>[\/vc_column_text][\/vc_column][\/vc_row]<\/p>\n<\/div>","protected":false},"excerpt":{"rendered":"<div class=\"padding-top text-center\"><a href=\"https:\/\/www.donperutours.com\/es\/blog\/\" class=\"atbtn atbtn--medium atbtn--rounded atbtn--transparent\">Read more<i class=\"atbtn__icon atbtn__icon--right fa fa-long-arrow-right\"><\/i><\/a><\/div>\n","protected":false},"author":1,"featured_media":0,"parent":0,"menu_order":0,"comment_status":"open","ping_status":"open","template":"","meta":{"footnotes":""},"class_list":["post-57","page","type-page","status-publish","hentry"],"aioseo_notices":[],"amp_enabled":true,"_links":{"self":[{"href":"https:\/\/www.donperutours.com\/es\/wp-json\/wp\/v2\/pages\/57","targetHints":{"allow":["GET"]}}],"collection":[{"href":"https:\/\/www.donperutours.com\/es\/wp-json\/wp\/v2\/pages"}],"about":[{"href":"https:\/\/www.donperutours.com\/es\/wp-json\/wp\/v2\/types\/page"}],"author":[{"embeddable":true,"href":"https:\/\/www.donperutours.com\/es\/wp-json\/wp\/v2\/users\/1"}],"replies":[{"embeddable":true,"href":"https:\/\/www.donperutours.com\/es\/wp-json\/wp\/v2\/comments?post=57"}],"version-history":[{"count":0,"href":"https:\/\/www.donperutours.com\/es\/wp-json\/wp\/v2\/pages\/57\/revisions"}],"wp:attachment":[{"href":"https:\/\/www.donperutours.com\/es\/wp-json\/wp\/v2\/media?parent=57"}],"curies":[{"name":"wp","href":"https:\/\/api.w.org\/{rel}","templated":true}]}}