{"id":3057,"date":"2025-10-04T12:01:19","date_gmt":"2025-10-04T12:01:19","guid":{"rendered":"https:\/\/www.donperutours.com\/es\/?page_id=3057"},"modified":"2025-10-04T12:01:35","modified_gmt":"2025-10-04T12:01:35","slug":"comprar-entrada-a-montana-huayna-picchu","status":"publish","type":"page","link":"https:\/\/www.donperutours.com\/es\/comprar-entrada-a-montana-huayna-picchu\/","title":{"rendered":"Comprar entrada a Monta\u00f1a Huayna Picchu 2026"},"content":{"rendered":"<div class=\"wpb-content-wrapper\"><p>[vc_row][vc_column][vc_column_text]<\/p>\n<h2>Boleto Huayna Picchu 2026<\/h2>\n<p><strong>Comprar boleto a Monta\u00f1a Huayna Picchu en l\u00ednea<\/strong>. Nuestra agencia de viajes Don Peru Tours lo ayudar\u00e1 a comprar su boleto a <a href=\"https:\/\/www.mountainpalcoyo.com\/es\/tours\/huayna-picchu-en-1-dia-desde-cusco\/\" target=\"_blank\" rel=\"noopener\">Monta\u00f1a Huayna Picchu<\/a> con anticipaci\u00f3n. Su boleto ser\u00e1 entregado virtualmente via WhatsApp o si lo desea impreso en su alojamiento en Cusco.<\/p>\n<p>El ingreso a Monta\u00f1a Huayna Picchu te permitira subir a una de las monta\u00f1as mas famosas del mundo y podras recorrer la parte baja de <a href=\"https:\/\/www.cuscoairporttransport.com\/es\/tours\/tour-privado-machu-picchu-con-tren-observatory-en-1-dia\/\" target=\"_blank\" rel=\"noopener\">Machu Picchu<\/a>.<\/p>\n<p><strong>Horarios de ingreso a Monta\u00f1a Huayna Picchu<\/strong>:<br \/>\n\u2022 <strong>Primer horario<\/strong>: Machu Picchu 7:00 am primera puerta de control (Tolerancia 45 minutos)<br \/>\nMonta\u00f1a Huayna Picchu de 8:00 a 9:00 AM<\/p>\n<p>\u2022 <strong>Segundo horario<\/strong>: Machu Picchu 9:00 am primera puerta de control (Tolerancia 45 minutos)<br \/>\nMonta\u00f1a Huayna Picchu de 10:00 a 11:00 AM<\/p>\n<p>Elija uno de los 2 horarios de ingreso a Monta\u00f1a Huayna Picchu.<\/p>\n<h2>Comprar entrada a Monta\u00f1a Huayna Picchu<\/h2>\n<table style=\"height: 86px;\" width=\"240\">\n<tbody>\n<tr>\n<td style=\"background-color: #d52b1e; border-color: #ffffff; text-align: center;\"><a href=\"https:\/\/www.viator.com\/es-ES\/tours\/Sacred-Valley\/Buy-your-ticket-to-Machu-Picchu-with-Huayna-Picchu\/d4928-148154P19\"><span style=\"color: #ffffff;\">Comprar entrada Machu Picchu 2026<\/span><\/a><\/td>\n<\/tr>\n<tr>\n<td style=\"border-color: #ffffff;\"><\/td>\n<\/tr>\n<\/tbody>\n<\/table>\n<p>[\/vc_column_text][\/vc_column][\/vc_row][vc_row][vc_column width=\u00bb1\/3&#8243;][vc_column_text]<img loading=\"lazy\" decoding=\"async\" class=\"alignnone size-full wp-image-2569\" src=\"https:\/\/www.donperutours.com\/es\/wp-content\/uploads\/2020\/03\/huaynapicchufullday.jpg\" alt=\"huayna picchu full day\" width=\"1080\" height=\"1080\" srcset=\"https:\/\/www.donperutours.com\/es\/wp-content\/uploads\/2020\/03\/huaynapicchufullday.jpg 1080w, https:\/\/www.donperutours.com\/es\/wp-content\/uploads\/2020\/03\/huaynapicchufullday-300x300.jpg 300w, https:\/\/www.donperutours.com\/es\/wp-content\/uploads\/2020\/03\/huaynapicchufullday-1024x1024.jpg 1024w, https:\/\/www.donperutours.com\/es\/wp-content\/uploads\/2020\/03\/huaynapicchufullday-150x150.jpg 150w, https:\/\/www.donperutours.com\/es\/wp-content\/uploads\/2020\/03\/huaynapicchufullday-768x768.jpg 768w, https:\/\/www.donperutours.com\/es\/wp-content\/uploads\/2020\/03\/huaynapicchufullday-600x600.jpg 600w\" sizes=\"auto, (max-width: 1080px) 100vw, 1080px\" \/>[\/vc_column_text][\/vc_column][vc_column width=\u00bb1\/3&#8243;][vc_column_text]<img loading=\"lazy\" decoding=\"async\" class=\"alignnone size-full wp-image-2492\" src=\"https:\/\/www.donperutours.com\/es\/wp-content\/uploads\/2019\/08\/entradahuaynapicchu.jpg\" alt=\"entrada huaynapicchu\" width=\"800\" height=\"944\" srcset=\"https:\/\/www.donperutours.com\/es\/wp-content\/uploads\/2019\/08\/entradahuaynapicchu.jpg 800w, https:\/\/www.donperutours.com\/es\/wp-content\/uploads\/2019\/08\/entradahuaynapicchu-254x300.jpg 254w, https:\/\/www.donperutours.com\/es\/wp-content\/uploads\/2019\/08\/entradahuaynapicchu-768x906.jpg 768w, https:\/\/www.donperutours.com\/es\/wp-content\/uploads\/2019\/08\/entradahuaynapicchu-600x708.jpg 600w\" sizes=\"auto, (max-width: 800px) 100vw, 800px\" \/>[\/vc_column_text][\/vc_column][vc_column width=\u00bb1\/3&#8243;][vc_column_text]<img loading=\"lazy\" decoding=\"async\" class=\"alignnone size-full wp-image-2944\" src=\"https:\/\/www.donperutours.com\/es\/wp-content\/uploads\/2018\/08\/monta\u00f1a-huayna-picchu.jpg\" alt=\"monta\u00f1a huayna picchu\" width=\"1080\" height=\"810\" srcset=\"https:\/\/www.donperutours.com\/es\/wp-content\/uploads\/2018\/08\/monta\u00f1a-huayna-picchu.jpg 1080w, https:\/\/www.donperutours.com\/es\/wp-content\/uploads\/2018\/08\/monta\u00f1a-huayna-picchu-300x225.jpg 300w, https:\/\/www.donperutours.com\/es\/wp-content\/uploads\/2018\/08\/monta\u00f1a-huayna-picchu-1024x768.jpg 1024w, https:\/\/www.donperutours.com\/es\/wp-content\/uploads\/2018\/08\/monta\u00f1a-huayna-picchu-768x576.jpg 768w, https:\/\/www.donperutours.com\/es\/wp-content\/uploads\/2018\/08\/monta\u00f1a-huayna-picchu-600x450.jpg 600w\" sizes=\"auto, (max-width: 1080px) 100vw, 1080px\" \/>[\/vc_column_text][\/vc_column][\/vc_row][vc_row][vc_column][vc_column_text]<strong>Recomendaciones<\/strong>: Una vez realizado el pago. El agente de viajes le enviar\u00e1 un mensaje a su correo electr\u00f3nico (Correo con el que pago).<\/p>\n<p>Con la entrada a Monta\u00f1a Huayna Picchu podras visitar unicamente la parte baja de Machu Picchu y subir a la famosa monta\u00f1a Huayna Picchu. Si lo desea tambi\u00e9n tenemos un <a href=\"https:\/\/www.donperutours.com\/es\/tours\/huayna-picchu-con-machu-picchu-en-1-dia\/\" target=\"_blank\" rel=\"noopener noreferrer\">tour a Machu Picchu con Huayna Picchu en 1 d\u00eda<\/a> todo incluido desde Cusco, tambi\u00e9n <a href=\"https:\/\/www.donperutours.com\/es\/tours\/tour-machu-picchu-y-montana-huayna-picchu-en-2-dias\/\" target=\"_blank\" rel=\"noopener noreferrer\">Machu Picchu con Huayna Picchu en 2 d\u00edas<\/a> todo incluido desde Cusco.<\/p>\n<p><strong>\u00bfPor qu\u00e9 comprar con nosotros?<\/strong><\/p>\n<p>\u2022 Pagos seguros con Western Union o PayPal + 6%.<br \/>\n\u2022 Sus boletos ser\u00e1n entregados en su Hotel y \/ o Aeropuerto Internacional de Cusco.<br \/>\n\u2022 Precio del boleto <a href=\"https:\/\/www.donperutours.com\/es\/tours\/machu-picchu-y-huayna-picchu-en-3-dias-2-noches\/\" target=\"_blank\" rel=\"noopener noreferrer\">Machu Picchu con Huayna Picchu<\/a> 70 d\u00f3lares por persona.<\/p>\n<h2>Huayna Picchu<\/h2>\n<p>La monta\u00f1a <a href=\"https:\/\/www.donperutours.com\/es\/turismoperu\/montana-machu-picchu-o-montana-huayna-picchu-cual-visitar\/\">Huayna Picchu<\/a>, Wayna Picchu en quechua, (con una altitud de 2667 metros sobre el nivel del mar) forma parte de las estribaciones orientales del macizo del Salcantay, en Cusco, Per\u00fa. Forma parte de una gran formaci\u00f3n orogr\u00e1fica conocida como Batolito de Vilcabamba, en la Cordillera Central de los Andes peruanos y es conocida principalmente por ser el tel\u00f3n de fondo de la mayor\u00eda de fotograf\u00edas panor\u00e1micas de los restos arqueol\u00f3gicos incas de Machu Picchu.[\/vc_column_text][\/vc_column][\/vc_row]<\/p>\n<\/div>","protected":false},"excerpt":{"rendered":"<div class=\"padding-top text-center\"><a href=\"https:\/\/www.donperutours.com\/es\/comprar-entrada-a-montana-huayna-picchu\/\" class=\"atbtn atbtn--medium atbtn--rounded atbtn--transparent\">Read more<i class=\"atbtn__icon atbtn__icon--right fa fa-long-arrow-right\"><\/i><\/a><\/div>\n","protected":false},"author":1,"featured_media":0,"parent":0,"menu_order":0,"comment_status":"closed","ping_status":"closed","template":"","meta":{"footnotes":""},"class_list":["post-3057","page","type-page","status-publish","hentry"],"aioseo_notices":[],"amp_enabled":true,"_links":{"self":[{"href":"https:\/\/www.donperutours.com\/es\/wp-json\/wp\/v2\/pages\/3057","targetHints":{"allow":["GET"]}}],"collection":[{"href":"https:\/\/www.donperutours.com\/es\/wp-json\/wp\/v2\/pages"}],"about":[{"href":"https:\/\/www.donperutours.com\/es\/wp-json\/wp\/v2\/types\/page"}],"author":[{"embeddable":true,"href":"https:\/\/www.donperutours.com\/es\/wp-json\/wp\/v2\/users\/1"}],"replies":[{"embeddable":true,"href":"https:\/\/www.donperutours.com\/es\/wp-json\/wp\/v2\/comments?post=3057"}],"version-history":[{"count":6,"href":"https:\/\/www.donperutours.com\/es\/wp-json\/wp\/v2\/pages\/3057\/revisions"}],"predecessor-version":[{"id":4647,"href":"https:\/\/www.donperutours.com\/es\/wp-json\/wp\/v2\/pages\/3057\/revisions\/4647"}],"wp:attachment":[{"href":"https:\/\/www.donperutours.com\/es\/wp-json\/wp\/v2\/media?parent=3057"}],"curies":[{"name":"wp","href":"https:\/\/api.w.org\/{rel}","templated":true}]}}