{"id":1257,"date":"2017-09-22T15:20:44","date_gmt":"2017-09-22T15:20:44","guid":{"rendered":"http:\/\/www.donperutours.com\/es\/?page_id=1257"},"modified":"2025-10-04T10:56:52","modified_gmt":"2025-10-04T10:56:52","slug":"peru-viajes-a-peru-a-medida","status":"publish","type":"page","link":"https:\/\/www.donperutours.com\/es\/peru-viajes-a-peru-a-medida\/","title":{"rendered":"Per\u00fa &#8211; Viajes a Per\u00fa a medida"},"content":{"rendered":"<p><strong>Don Per\u00fa Tours<\/strong> te ayudara a planificar tu viaje, nuestros especialistas se adaptar\u00e1n a tus necesidades, fechas de viaje, presupuesto e intereses particulares y as\u00ed lograr viajes inolvidables.<\/p>\n<p>Creamos un viaje diferente para cada perfil: expl\u00edcanos tus intereses, tus tiempos disponibles, tus ritmos, tus gustos. Si te gusta el senderismo, la naturaleza, o la arqueolog\u00eda, la cultura, la gastronom\u00eda.<\/p>\n<p>Construye tu viaje a Per\u00fa personalizado directamente con las agencias locales colaboradoras de Don Per\u00fa Tours. Tu Viaje a Medida al mejor precio!<\/p>\n<table style=\"height: 86px;\" width=\"240\">\n<tbody>\n<tr>\n<td style=\"background-color: #d52b1e; border-color: #ffffff; text-align: center;\"><a href=\"https:\/\/wa.me\/51936286411\"><span style=\"color: #ffffff;\">Solicitar presupuesto en Linea<\/span><\/a><\/td>\n<\/tr>\n<tr>\n<td style=\"border-color: #ffffff;\"><\/td>\n<\/tr>\n<\/tbody>\n<\/table>\n","protected":false},"excerpt":{"rendered":"<div class=\"padding-top text-center\"><a href=\"https:\/\/www.donperutours.com\/es\/peru-viajes-a-peru-a-medida\/\" class=\"atbtn atbtn--medium atbtn--rounded atbtn--transparent\">Read more<i class=\"atbtn__icon atbtn__icon--right fa fa-long-arrow-right\"><\/i><\/a><\/div>\n","protected":false},"author":1,"featured_media":0,"parent":0,"menu_order":0,"comment_status":"closed","ping_status":"closed","template":"","meta":{"footnotes":""},"class_list":["post-1257","page","type-page","status-publish","hentry"],"aioseo_notices":[],"amp_enabled":true,"_links":{"self":[{"href":"https:\/\/www.donperutours.com\/es\/wp-json\/wp\/v2\/pages\/1257","targetHints":{"allow":["GET"]}}],"collection":[{"href":"https:\/\/www.donperutours.com\/es\/wp-json\/wp\/v2\/pages"}],"about":[{"href":"https:\/\/www.donperutours.com\/es\/wp-json\/wp\/v2\/types\/page"}],"author":[{"embeddable":true,"href":"https:\/\/www.donperutours.com\/es\/wp-json\/wp\/v2\/users\/1"}],"replies":[{"embeddable":true,"href":"https:\/\/www.donperutours.com\/es\/wp-json\/wp\/v2\/comments?post=1257"}],"version-history":[{"count":3,"href":"https:\/\/www.donperutours.com\/es\/wp-json\/wp\/v2\/pages\/1257\/revisions"}],"predecessor-version":[{"id":4634,"href":"https:\/\/www.donperutours.com\/es\/wp-json\/wp\/v2\/pages\/1257\/revisions\/4634"}],"wp:attachment":[{"href":"https:\/\/www.donperutours.com\/es\/wp-json\/wp\/v2\/media?parent=1257"}],"curies":[{"name":"wp","href":"https:\/\/api.w.org\/{rel}","templated":true}]}}