{"id":1213,"date":"2017-09-21T18:26:26","date_gmt":"2017-09-21T18:26:26","guid":{"rendered":"http:\/\/www.donperutours.com\/es\/?page_id=1213"},"modified":"2018-05-26T18:31:56","modified_gmt":"2018-05-26T18:31:56","slug":"privacidad","status":"publish","type":"page","link":"https:\/\/www.donperutours.com\/es\/privacidad\/","title":{"rendered":"Privacidad y Cookies"},"content":{"rendered":"<h2>Nosotros<\/h2>\n<p>En cumplimiento con lo establecido en el art\u00edculo 22.2 de la Ley de Servicios dela Sociedad de la Informaci\u00f3n y de Comercio Electr\u00f3nico (LSSI) y en adecuaci\u00f3n con la Directiva Europea 2009\/136\/CE, DonPeruTours te informa que este Sitio Web acepta el uso de cookies. Las cookies son peque\u00f1os ficheros de informaci\u00f3n que nos ayuda a facilitarte la navegaci\u00f3n y a mejorar la utilidad que nuestro sitio te reporta. Las cookies utilizadas por este sitio Web, se asocian \u00fanicamente con un usuario an\u00f3nimo y su ordenador, y no proporcionan por si mismas los datos personales del usuario, \u00a1puedes estar tranquilo!<\/p>\n<p>La p\u00e1gina web www.donperutours.com informa al cliente de la existencia de un fichero automatizado de datos de car\u00e1cter personal, cuya finalidad es realizar el mantenimiento y la gesti\u00f3n de la relaci\u00f3n comercial con el mismo.<br \/>\nLas informaciones de car\u00e1cter personal que nos facilitan en las diferentes secciones de la web (newsletter, formulario de contacto, solicitud de presupuesto de viaje) pasar\u00e1n a formar parte del fichero cuyo responsable es DonPeruTours lo cual ser\u00e1 \u00fanico y exclusivamente para la comunicaci\u00f3n con el cliente. <\/p>\n<h2>Propiedad intelectual<\/h2>\n<p>Nuestro portal contiene sus propias im\u00e1genes y de nuestros viajeros, as\u00ed como algunas se extraen de Internet, y cualquier informaci\u00f3n adicional a nuestro portal se situara con la fuente original del art\u00edculo.<br \/>\nLas im\u00e1genes que contienen este portal son extra\u00eddas directamente de:<br \/>\n\u2022 Im\u00e1genes de Google \u2013 Derechos de uso \u2013 No filtrado por licencia.<br \/>\n\u2022 Im\u00e1genes de Flickr \u2013 Se permite el uso comercial \u2013 se permite la modificaci\u00f3n o sin restricciones de derechos de autor conocidos.<br \/>\nSi cree que alguna de nuestras im\u00e1genes infringe los derechos de autor, escriba a dideseo@gmail.com y se eliminar\u00e1 inmediatamente. Debe recordarse que algunas de las im\u00e1genes se extraen de las im\u00e1genes de Google y Pinterest no filtrado por licencia.<\/p>\n<h2>\u00bfQu\u00e9 son las Cookies?<\/h2>\n<p>Las cookies constituyen una herramienta empleada por los servidores Web para almacenar y recuperar informaci\u00f3n acerca de sus visitantes.<br \/>\nNo es m\u00e1s que un fichero de texto que algunos servidores piden a nuestro navegador que escriba en nuestro disco duro, con informaci\u00f3n acerca de lo que hemos estado haciendo por susp\u00e1ginas.<br \/>\nPoseen una fecha de caducidad, que puede oscilar desde el tiempo que dure la sesi\u00f3n hasta una fecha futura especificada, a partir de la cual dejan de ser operativa.<\/p>\n<h2>Qu\u00e9 tipo de cookies Utilizamos<\/h2>\n<p><strong>Cookies de anal\u00edtica<\/strong>: cada vez que un Usuario visita una Web o Servicio, una herramienta de un proveedor externo, en nuestro caso utilizamos (Google Analytics) genera una cookie anal\u00edtica en el dispositivo del usuario. Esta cookie que s\u00f3lo se genera en la visita, servir\u00e1 en pr\u00f3ximas visitas a los servicios de nuestra portal para identificar de forma an\u00f3nima al visitante. Los objetivos principales que se persiguen son:<\/p>\n<p>\u2022 Permitir la identificaci\u00f3n an\u00f3nima de los usuarios navegantes a trav\u00e9s de la \u201cCookie\u201d (identifica navegadores y dispositivos, no personas) y por lo tanto la contabilizaci\u00f3n aproximada del n\u00famero de visitantes y su tendencia en el tiempo.<br \/>\n\u2022 Identificar de forma an\u00f3nima los contenidos m\u00e1s visitados y por lo tanto m\u00e1s atractivos para los usuarios.<br \/>\n\u2022 Saber si el usuario que est\u00e1 accediendo es nuevo o repite visita.<\/p>\n<p>Importante: Dichas cookies s\u00f3lo ser\u00e1n utilizadas con prop\u00f3sitos estad\u00edsticos a los efectos de recoger m\u00e9tricas sobre el uso de nuestro portal.<br \/>\nM\u00e1s informaci\u00f3n sobre la pol\u00edtica de privacidad de estas herramientas de anal\u00edtica en: <a href=\"https:\/\/www.google.es\/policies\/privacy\/\" target=\"_blank\" rel=\"noopener\">Google Analytics<\/a>.<\/p>\n<p><strong>Cookies de redes sociales<\/strong>: Las Cookies de redes sociales pueden almacenarse en su navegador mientras navega por nuestra portal de viaje.<br \/>\nPor ejemplo, cuando utiliza el bot\u00f3n de compartir contenidos de alguna red social o cuando visualiza contenido incrustado, como por ejemplo videos de youtube o tweets de Twitter.<br \/>\nLas empresas que generan estas cookies correspondientes a las redes sociales que utiliza esta web tienen sus propias pol\u00edticas de cookies:<\/p>\n<ul>\n<li>Puedes ver la pol\u00edtica de cookies de Twitter <a href=\"https:\/\/twitter.com\/privacy\" target=\"_blanlk\" rel=\"external\">AQU\u00cd \u2192<\/a><\/li>\n<li>Puedes ver la pol\u00edtica de cookies de Google + <a href=\"https:\/\/www.google.es\/intl\/es\/policies\/technologies\/cookies\/\" target=\"_blanlk\" rel=\"external\">AQU\u00cd \u2192<\/a><\/li>\n<li>Puedes ver la pol\u00edtica de cookies de Pinterest <a href=\"https:\/\/about.pinterest.com\/es\/privacy-policy\" target=\"_blanlk\" rel=\"external\">AQU\u00cd \u2192<\/a><\/li>\n<li>Puedes ver la pol\u00edtica de cookies de Linkedin <a href=\"https:\/\/www.linkedin.com\/legal\/cookie-policy?trk=hp-cookies\" target=\"_blanlk\" rel=\"external\">AQU\u00cd \u2192<\/a><\/li>\n<li>Puedes ver la pol\u00edtica de cookies de Facebook <a href=\"https:\/\/www.facebook.com\/help\/cookies?ref_type=sitefooter\" target=\"_blanlk\" rel=\"external\">AQU\u00cd \u2192<\/a><\/li>\n<li>Puedes ver la pol\u00edtica de cookies de Youtube <a href=\"https:\/\/www.google.es\/intl\/es\/policies\/technologies\/cookies\/\" target=\"_blanlk\" rel=\"external\">AQU\u00cd \u2192<\/a><\/li>\n<li>Puedes ver la pol\u00edtica de cookies de Instagram <a href=\"https:\/\/www.instagram.com\/legal\/cookies\/\" target=\"_blanlk\" rel=\"external\">AQU\u00cd \u2192<\/a><\/li>\n<\/ul>\n<p>Las implicaciones de privacidad estar\u00e1n en funci\u00f3n a cada red social y depender\u00e1n de la configuraci\u00f3n de privacidad que ha elegido en estas redes. En ning\u00fan caso, ni el responsable de esta web ni los anunciantes pueden obtener informaci\u00f3n personal identificable de estas cookies.<\/p>\n<h2>C\u00f3mo deshabilitar las cookies en el navegador<\/h2>\n<p>La mayor\u00eda de navegadores actualmente permiten al usuario configurar si desean aceptar cookies y cu\u00e1les de ellas. Estos ajustes normalmente se encuentra en las \u2018opciones\u2019 o \u2018Preferencias\u2019 del men\u00fa de su navegador.<\/p>\n<p>Estas son las instrucciones para configurar las cookies en los principales navegadores:<\/p>\n<p>\u2192 Chrome: Configuraci\u00f3n -&gt; Mostrar opciones avanzadas -&gt; Privacidad -&gt; Configuraci\u00f3n de contenido. Para m\u00e1s informaci\u00f3n, puede consultar el soporte de Google o la Ayuda del navegador.<br \/>\n\u2192 Firefox: Herramientas -&gt; Opciones -&gt; Privacidad -&gt; Historial -&gt; Configuraci\u00f3n Personalizada. Para m\u00e1s informaci\u00f3n, puede consultar el soporte de Mozilla o la Ayuda del navegador.<br \/>\n\u2192 Internet Explorer: Herramientas -&gt; Opciones de Internet -&gt; Privacidad -&gt; Configuraci\u00f3n. Para m\u00e1s informaci\u00f3n, puede consultar el soporte de Microsoft o la Ayuda del navegador.<br \/>\n\u2192 Safari: Preferencias -&gt; Seguridad. Para m\u00e1s informaci\u00f3n, puede consultar el soporte de Apple o la Ayuda del navegador.<\/p>\n<p>Si tienes alguna duda sobre las cookies que utilizamos en nuestros portales, puedes dirigirte a nuestra direcci\u00f3n de correo electr\u00f3nico a dideseo@gmail.com<\/p>\n<p>\u00daltima actualizaci\u00f3n: 24 Mayo 2018<\/p>\n","protected":false},"excerpt":{"rendered":"<div class=\"padding-top text-center\"><a href=\"https:\/\/www.donperutours.com\/es\/privacidad\/\" class=\"atbtn atbtn--medium atbtn--rounded atbtn--transparent\">Read more<i class=\"atbtn__icon atbtn__icon--right fa fa-long-arrow-right\"><\/i><\/a><\/div>\n","protected":false},"author":1,"featured_media":0,"parent":0,"menu_order":0,"comment_status":"closed","ping_status":"closed","template":"","meta":{"footnotes":""},"class_list":["post-1213","page","type-page","status-publish","hentry"],"aioseo_notices":[],"amp_enabled":true,"_links":{"self":[{"href":"https:\/\/www.donperutours.com\/es\/wp-json\/wp\/v2\/pages\/1213","targetHints":{"allow":["GET"]}}],"collection":[{"href":"https:\/\/www.donperutours.com\/es\/wp-json\/wp\/v2\/pages"}],"about":[{"href":"https:\/\/www.donperutours.com\/es\/wp-json\/wp\/v2\/types\/page"}],"author":[{"embeddable":true,"href":"https:\/\/www.donperutours.com\/es\/wp-json\/wp\/v2\/users\/1"}],"replies":[{"embeddable":true,"href":"https:\/\/www.donperutours.com\/es\/wp-json\/wp\/v2\/comments?post=1213"}],"version-history":[{"count":0,"href":"https:\/\/www.donperutours.com\/es\/wp-json\/wp\/v2\/pages\/1213\/revisions"}],"wp:attachment":[{"href":"https:\/\/www.donperutours.com\/es\/wp-json\/wp\/v2\/media?parent=1213"}],"curies":[{"name":"wp","href":"https:\/\/api.w.org\/{rel}","templated":true}]}}